{"id":18835,"date":"2018-02-12T17:43:45","date_gmt":"2018-02-12T17:43:45","guid":{"rendered":"https:\/\/lab-ncs.com\/corso-espressioni-facciali-fr\/"},"modified":"2023-12-27T15:31:25","modified_gmt":"2023-12-27T14:31:25","slug":"cours-analyse-scientifique-expressions-faciales-3-2","status":"publish","type":"page","link":"https:\/\/lab-ncs.com\/fr\/cours-analyse-scientifique-expressions-faciales-3-2\/","title":{"rendered":"Cours d\u2019Analyse Scientifique des Expressions Faciales"},"content":{"rendered":"<p>[vc_section el_id=&#8221;principale&#8221;][vc_row][vc_column][vc_column_text]<\/p>\n<p class=\"lead\"><header class=\"icon-heading\"><span class=\"section-header-icon icon icon-user\"><\/span><h2>Cours d\u2019Analyse Scientifique des Expressions Faciales<span><\/span><\/h2><\/header><\/p>\n<p>[\/vc_column_text][vc_column_text]<\/p>\n<p class=\"lead\"><span>Le cours en classe \u00e0 distance est pratique, intensif et complet sur les <span style=\"color: #f15a24;\"><strong>TECHNIQUES<\/strong> <\/span>et les <span style=\"color: #f15a24;\"><strong>M\u00c9THODES<\/strong> <\/span>d&#8217;analyse des expressions du visage<\/span><\/p>\n<p>[\/vc_column_text][\/vc_column][\/vc_row][vc_row][vc_column]<div id=\"ultimate-heading-837269ded194ecabb\" class=\"uvc-heading ult-adjust-bottom-margin ultimate-heading-837269ded194ecabb uvc-6501 \" data-hspacer=\"line_only\"  data-halign=\"center\" style=\"text-align:center\"><div class=\"uvc-main-heading ult-responsive\"  data-ultimate-target='.uvc-heading.ultimate-heading-837269ded194ecabb h2'  data-responsive-json-new='{\"font-size\":\"\",\"line-height\":\"\"}' ><h2 style=\"font-weight:normal;\">\u00c0 la fin, vous serez en mesure de:<\/h2><\/div><div class=\"uvc-heading-spacer line_only\" style=\"margin-top:10px;margin-bottom:36px;height:5px;\"><span class=\"uvc-headings-line\" style=\"border-style:solid;border-bottom-width:5px;border-color:#f15a24;width:100px;\"><\/span><\/div><\/div>[\/vc_column][\/vc_row][vc_row][vc_column width=&#8221;1\/4&#8243;][vc_single_image image=&#8221;12921&#8243; alignment=&#8221;center&#8221;][vc_column_text]<\/p>\n<h3>UTILISER<\/h3>\n<p>avec pr\u00e9cision l\u2019interpr\u00e9tation des expressions \u00e9motionnelles faciales[\/vc_column_text][\/vc_column][vc_column width=&#8221;1\/4&#8243;][vc_single_image image=&#8221;12922&#8243; alignment=&#8221;center&#8221;][vc_column_text]<\/p>\n<h3>APPLIQUER<\/h3>\n<p>la description objective du comportement du visage[\/vc_column_text][\/vc_column][vc_column width=&#8221;1\/4&#8243;][vc_single_image image=&#8221;12923&#8243; alignment=&#8221;center&#8221;][vc_column_text]<\/p>\n<h3>LIRE<\/h3>\n<p>les diff\u00e9rents types d\u2019expressions, \u00e0 partir des micro-expressions jusqu\u2019aux expressions subtiles[\/vc_column_text][\/vc_column][vc_column width=&#8221;1\/4&#8243;][vc_single_image image=&#8221;12941&#8243; alignment=&#8221;center&#8221;][vc_column_text]<\/p>\n<h3>ADOPTER<\/h3>\n<p>la lecture des expressions faciales dans le domaine d\u2019int\u00e9r\u00eat[\/vc_column_text][\/vc_column][\/vc_row][vc_row][vc_column]<div class=\"ult-just-icon-wrapper   vc_custom_1508950946203\"><div class=\"align-icon\" style=\"text-align:center;\">\n<a class=\"aio-tooltip 69ded194ecb1f\" href=\"#calendario\"  data-toggle=\"tooltip\" data-placement=\"\"><div class=\"aio-icon circle \" data-animation=\"fadeInDown\" data-animation-delay=\"03\" style=\"color:#f15d24;background:rgba(253,253,250,0.5);font-size:48px;display:inline-block;\">\n\t<i class=\"Defaults-chevron-down\"><\/i>\n<\/div><\/a><\/div><\/div>[\/vc_column][\/vc_row][\/vc_section][vc_section el_id=&#8221;calendario&#8221;][vc_row][vc_column][vc_column_text]<\/p>\n<p class=\"lead\"><header class=\"icon-heading\"><span class=\"section-header-icon icon icon-calendar\"><\/span><h2>Calendrier des cours<span><\/span><\/h2><\/header><\/p>\n<p>[\/vc_column_text][vc_column_text]<\/p>\n<p class=\"lead\">D\u00e9couvrez sur la carte le parcours le plus proche de vous ou consultez le calendrier annuel pour conna\u00eetre la date la plus appropri\u00e9e. Contactez-nous pour toute information<\/p>\n<p>[\/vc_column_text][vc_column_text]<\/p>\n<p>[\/vc_column_text][\/vc_column][\/vc_row][vc_row][vc_column]<div class=\"ult-just-icon-wrapper   vc_custom_1508950972397\"><div class=\"align-icon\" style=\"text-align:center;\">\n<a class=\"aio-tooltip 69ded194ecb6b\" href=\"#secondario\"  data-toggle=\"tooltip\" data-placement=\"\"><div class=\"aio-icon circle \" data-animation=\"fadeInDown\" data-animation-delay=\"03\" style=\"color:#f15d24;background:rgba(253,253,250,0.5);font-size:48px;display:inline-block;\">\n\t<i class=\"Defaults-chevron-down\"><\/i>\n<\/div><\/a><\/div><\/div>[\/vc_column][\/vc_row][\/vc_section][vc_section el_id=&#8221;secondario&#8221;][vc_row][vc_column][vc_column_text]<\/p>\n<p class=\"lead\"><header class=\"icon-heading\"><span class=\"section-header-icon icon icon-book\"><\/span><h2>Programme du cours<span><\/span><\/h2><\/header><\/p>\n<p>[\/vc_column_text][vc_column_text]<\/p>\n<p class=\"lead\">Les sujets du programme visent \u00e0 fournir au participant des comp\u00e9tences th\u00e9oriques et pratiques<\/p>\n<div class=\"cards-analisi-espress-facciali\" style=\"margin-top: 20px;\">\n<div class=\"parte-teorica-2\" style=\"display: flex; width: 100%; flex-direction: column; align-content: center; flex-wrap: wrap; padding: 20px; background-color: #fdf5e6; border: 2px solid #F15A24; border-radius: 25px;\"><strong class=\"text\" style=\"font-size: 27px; font-weight: bold; font-family: Source Sans Pro,Helvetica,Arial,sans-serif; color: #f15a24;\"><strong>Partie th\u00e9orique<\/strong><\/strong><br \/>\n<span style=\"font-size: 18px; font-family: Source Sans Pro,Helvetica,Arial,sans-serif;\"><br \/>\n<span>Explication th\u00e9orique et technique compl\u00e8te sur le fonctionnement des techniques et des m\u00e9thodes permettant de lire et d&#8217;interpr\u00e9ter de mani\u00e8re fiable les expressions faciales.<\/span><br \/>\n<\/span><\/div>\n<div class=\"esercizi-pratici-mirati\" style=\"display: flex; width: 100%; flex-direction: column; align-content: center; flex-wrap: wrap; padding: 20px; background-color: #fdf5e6; border: 2px solid #F15A24; border-radius: 25px;\"><strong class=\"text\" style=\"font-size: 27px; font-weight: bold; font-family: Source Sans Pro,Helvetica,Arial,sans-serif; color: #f15a24;\"><strong>Exercices pratiques cibl\u00e9s et test\u00e9s<\/strong><\/strong><br \/>\n<span style=\"font-size: 18px; font-family: Source Sans Pro,Helvetica,Arial,sans-serif;\"><br \/>\n<span>Au cours de la formation, de nombreux exercices d&#8217;analyse et d&#8217;interpr\u00e9tation des expressions faciales sont effectu\u00e9s pour apprendre les techniques de codage et de d\u00e9codage<\/span><br \/>\n<\/span><\/div>\n<div class=\"certificazione-2\" style=\"display: flex; width: 100%; flex-direction: column; align-content: center; flex-wrap: wrap; padding: 20px; background-color: #fdf5e6; border: 2px solid #F15A24; border-radius: 25px;\"><strong class=\"text\" style=\"font-size: 27px; font-weight: bold; font-family: Source Sans Pro,Helvetica,Arial,sans-serif; color: #f15a24;\"><strong>Certification<\/strong><\/strong><br \/>\n<span style=\"font-size: 18px; font-family: Source Sans Pro,Helvetica,Arial,sans-serif;\"><br \/>\n<span>Dans les derni\u00e8res heures du cours, un examen est effectu\u00e9 pour v\u00e9rifier l&#8217;utilisation de la m\u00e9thodologie. Cela est inclus dans le co\u00fbt du cours.<\/span><br \/>\n<\/span><\/div>\n<div class=\"docenti-qualificati\" style=\"display: flex; width: 100%; flex-direction: column; align-content: center; flex-wrap: wrap; padding: 20px; background-color: #fdf5e6; border: 2px solid #F15A24; border-radius: 25px;\"><strong class=\"text\" style=\"font-size: 27px; font-weight: bold; font-family: Source Sans Pro,Helvetica,Arial,sans-serif; color: #f15a24;\"><strong>Enseignants qualifi\u00e9s<\/strong><\/strong><br \/>\n<span style=\"font-size: 18px; font-family: Source Sans Pro,Helvetica,Arial,sans-serif;\"><br \/>\n<span>Analystes comportementaux hautement qualifi\u00e9s en analyse non verbale, avec une solide exp\u00e9rience dans le domaine des entreprises, institutionnel et priv\u00e9, et des titres acad\u00e9miques remarquables. Lisez leurs CV dans la sectio<\/span> \u00a0<a style=\"margin-left: 2px; color: #f15a24;\" href=\"https:\/\/lab-ncs.com\/fr\/qui-sommes-nous\/\">Qui sommes-nous<\/a><br \/>\n<\/span><\/div>\n<\/div>\n<p>&nbsp;<\/p>\n<p>[\/vc_column_text][\/vc_column][\/vc_row][vc_row][vc_column][vc_tta_accordion style=&#8221;flat&#8221; active_section=&#8221;1&#8243;][vc_tta_section title=&#8221;INTRODUCTION \u00c0 L\u2019ANALYSE DU COMPORTEMENT FACIAL&#8221; tab_id=&#8221;1508775272701-7b628d8a-480e&#8221;][vc_column_text]<\/p>\n<ul>\n<li>les principales fonctions de la communication non-verbale<\/li>\n<li>les formes<\/li>\n<li>les \u00e9l\u00e9ments du comportement non-verbal<\/li>\n<li>le mensonge<\/li>\n<\/ul>\n<p>[\/vc_column_text][\/vc_tta_section][vc_tta_section title=&#8221;SYST\u00c8MES SCIENTIFIQUES DE CODAGE FACIAL&#8221; tab_id=&#8221;1508775272702-69ca63d0-d24a&#8221;][vc_column_text]<\/p>\n<ul>\n<li>Comparaison des diff\u00e9rentes m\u00e9thodes d\u2019analyse<\/li>\n<li>Exercices<\/li>\n<\/ul>\n<p>[\/vc_column_text][\/vc_tta_section][vc_tta_section title=&#8221;COMPOSER ET DECOMPOSER LES EXPRESSIONS FACIALES&#8221; tab_id=&#8221;1508775440197-a0a98121-f99a&#8221;][vc_column_text]<\/p>\n<ul>\n<li>Front, sourcils, yeux. Codage des mouvements ind\u00e9pendants et en combinaison. Comment composer la liste des expressions faciales et de leurs significations.<\/li>\n<li>Rapprocher et baisser les sourcils \u2013 4, Soulever la partie interne des sourcils \u2013 1, Soulever la partie externe des sourcils \u2013 2, Soulever les paupi\u00e8res sup\u00e9rieures \u2013 5, Tension des paupi\u00e8res \u2013 7, Soulever les joues \u2013 6, Yeux ferm\u00e9s \u2013 43, Faire un clin d\u2019\u0153il \u2013 45, Fermer l\u2019oeil \u2013 46.<\/li>\n<li>Exercices sur photos et vid\u00e9os<\/li>\n<\/ul>\n<p>[\/vc_column_text][\/vc_tta_section][vc_tta_section title=&#8221;VISAGE INF\u00c9RIEUR: NEZ, BOUCHE ET MENTON&#8221; tab_id=&#8221;1508775506551-51d89801-646f&#8221;][vc_column_text]<\/p>\n<ul>\n<li>Froncer le nez \u2013 9, Soulever la l\u00e8vre sup\u00e9rieure \u2013 10, Soulever le menton \u2013 17, Baisser les coins des l\u00e8vres \u2013 15, S\u00e9parer les l\u00e8vres- 25, Baisser la mandibule \u2013 26, B\u00e2iller \u2013 27, Baisser la l\u00e8vre inf\u00e9rieure \u2013 16, Tendre les l\u00e8vres \u2013 20, Fossettes \u2013 14. Interpr\u00e9tation des mouvements ind\u00e9pendants et en combinaison.<\/li>\n<li>Exercices sur photos et vid\u00e9os<\/li>\n<\/ul>\n<ul>\n<li>Accentuer le sillon naso-labial \u2013 11, soulever les coins des l\u00e8vres \u2013 12<\/li>\n<li>Joues saillantes \u2013 13. Combinaisons.<\/li>\n<li>Froncer les l\u00e8vres -18, Etirer les l\u00e8vres vers l\u2019avant \u2013 22, Tension et fermeture des l\u00e8vres \u2013 23, Compression des l\u00e8vres \u2013 24, Introjecter les l\u00e8vres \u2013 28<\/li>\n<li>Les nuances de signification \u00e9motionnelle.<\/li>\n<li>Exercices sur photos, vid\u00e9os et observation directe<\/li>\n<\/ul>\n<p>[\/vc_column_text][\/vc_tta_section][vc_tta_section title=&#8221;INTERPR\u00c9TATION \u00c9MOTIONNELLE &#8221; tab_id=&#8221;1508775594381-a2eae5e9-1c3a&#8221;][vc_column_text]<\/p>\n<ul>\n<li>Six \u00e0 huit expressions \u00e9motionnelles de base<\/li>\n<li>\u00e9motions secondaires ou sociales<\/li>\n<li>signaux de conversation<\/li>\n<li>applications de l\u2019analyse scientifique des expressions faciales dans des secteurs sp\u00e9cifiques<\/li>\n<li>Exercices sur vid\u00e9os et observation directe<\/li>\n<\/ul>\n<p>[\/vc_column_text][\/vc_tta_section][vc_tta_section title=&#8221;EXAMEN FINAL&#8221; tab_id=&#8221;1508775718186-b89a37a6-0359&#8243;][vc_column_text]Il se compose d\u2019une \u00e9preuve pratique pour l\u2019obtention du certificat, celui-ci \u00e9tant fondamental pour l\u2019utilisation des techniques.[\/vc_column_text][\/vc_tta_section][\/vc_tta_accordion][\/vc_column][\/vc_row][vc_row][vc_column width=&#8221;1\/3&#8243;][vc_column_text]<\/p>\n<h3>ENSEIGNANTS QUALIFI\u00c9S<\/h3>\n<p>Analystes comportementaux hautement qualifi\u00e9s dans l\u2019analyse non-verbale, avec une importante exp\u00e9rience dans les entreprises, les institutions et les priv\u00e9s, et ayant des remarquables titres acad\u00e9miques. Lisez leurs CV dans la section Qui sommes nous<\/p>\n<p>[\/vc_column_text][\/vc_column][vc_column width=&#8221;1\/3&#8243;][vc_column_text]<\/p>\n<h3>GARANTIE<\/h3>\n<p>Nous garantissons l\u2019apprentissage de l\u2019individu, c\u2019est pourquoi nous acceptons un maximum de 15 personnes par cours.[\/vc_column_text][\/vc_column][vc_column width=&#8221;1\/3&#8243;][vc_column_text]<\/p>\n<h3>CO\u00dbT<\/h3>\n<p>Le co\u00fbt du cours est de 450 euros Des places \u00e0 prix r\u00e9duit de 360 euros sont disponibles pour chaque cours, \u00e9crivez-nous pour en v\u00e9rifier la disponibilit\u00e9. Nous allons vous donner une r\u00e9ponse imm\u00e9diate dans un d\u00e9lai maximal de 12 heures.[\/vc_column_text][\/vc_column][\/vc_row][vc_row][vc_column]<div class=\"ult-just-icon-wrapper   vc_custom_1508950998030\"><div class=\"align-icon\" style=\"text-align:center;\">\n<a class=\"aio-tooltip 69ded194ecb95\" href=\"#principale\"  data-toggle=\"tooltip\" data-placement=\"top\"><div class=\"aio-icon none \" data-animation=\"fadeInUp\" data-animation-delay=\"03\" style=\"color:#f15d24;font-size:36px;display:inline-block;\">\n\t<i class=\"Defaults-chevron-up\"><\/i>\n<\/div><\/a><script>\r\n\t\t\t\t\tjQuery(function () {\r\n\t\t\t\t\t\tjQuery(\".69ded194ecb95\").bsf_tooltip(\"hide\");\r\n\t\t\t\t\t})\r\n\t\t\t\t<\/script><\/div><\/div>[\/vc_column][\/vc_row][\/vc_section]<\/p>\n","protected":false},"excerpt":{"rendered":"<p>[vc_section el_id=&#8221;principale&#8221;][vc_row][vc_column][vc_column_text] [\/vc_column_text][vc_column_text] Le cours en classe \u00e0 distance est pratique, intensif et complet sur les TECHNIQUES et les M\u00c9THODES d&#8217;analyse des expressions du visage [\/vc_column_text][\/vc_column][\/vc_row][vc_row][vc_column][\/vc_column][\/vc_row][vc_row][vc_column width=&#8221;1\/4&#8243;][vc_single_image image=&#8221;12921&#8243; alignment=&#8221;center&#8221;][vc_column_text] UTILISER avec pr\u00e9cision l\u2019interpr\u00e9tation des expressions \u00e9motionnelles faciales[\/vc_column_text][\/vc_column][vc_column width=&#8221;1\/4&#8243;][vc_single_image image=&#8221;12922&#8243; alignment=&#8221;center&#8221;][vc_column_text] APPLIQUER la description objective du comportement du visage[\/vc_column_text][\/vc_column][vc_column width=&#8221;1\/4&#8243;][vc_single_image image=&#8221;12923&#8243; alignment=&#8221;center&#8221;][vc_column_text] LIRE les diff\u00e9rents types &hellip; <a href=\"https:\/\/lab-ncs.com\/fr\/cours-analyse-scientifique-expressions-faciales-3-2\/\" class=\"more-link\">Continue reading<span class=\"screen-reader-text\"> &#8220;Cours d\u2019Analyse Scientifique des Expressions Faciales&#8221;<\/span><\/a><\/p>\n","protected":false},"author":1,"featured_media":0,"parent":0,"menu_order":0,"comment_status":"closed","ping_status":"closed","template":"","meta":{"om_disable_all_campaigns":false},"aioseo_notices":[],"yoast_head":"<!-- This site is optimized with the Yoast SEO plugin v18.6 - https:\/\/yoast.com\/wordpress\/plugins\/seo\/ -->\n<title>Cours d\u2019Analyse Scientifique des Expressions Faciales - NeuroComScience, Laboratorio di analisi comportamentale - Comunicazione non verbale.<\/title>\n<meta name=\"robots\" content=\"index, follow, max-snippet:-1, max-image-preview:large, max-video-preview:-1\" \/>\n<link rel=\"canonical\" href=\"https:\/\/lab-ncs.com\/fr\/cours-analyse-scientifique-expressions-faciales-3-2\/\" \/>\n<meta property=\"og:locale\" content=\"fr_FR\" \/>\n<meta property=\"og:type\" content=\"article\" \/>\n<meta property=\"og:title\" content=\"Cours d\u2019Analyse Scientifique des Expressions Faciales - NeuroComScience, Laboratorio di analisi comportamentale - Comunicazione non verbale.\" \/>\n<meta property=\"og:description\" content=\"[vc_section el_id=&#8221;principale&#8221;][vc_row][vc_column][vc_column_text] [\/vc_column_text][vc_column_text] Le cours en classe \u00e0 distance est pratique, intensif et complet sur les TECHNIQUES et les M\u00c9THODES d&#8217;analyse des expressions du visage [\/vc_column_text][\/vc_column][\/vc_row][vc_row][vc_column][\/vc_column][\/vc_row][vc_row][vc_column width=&#8221;1\/4&#8243;][vc_single_image image=&#8221;12921&#8243; alignment=&#8221;center&#8221;][vc_column_text] UTILISER avec pr\u00e9cision l\u2019interpr\u00e9tation des expressions \u00e9motionnelles faciales[\/vc_column_text][\/vc_column][vc_column width=&#8221;1\/4&#8243;][vc_single_image image=&#8221;12922&#8243; alignment=&#8221;center&#8221;][vc_column_text] APPLIQUER la description objective du comportement du visage[\/vc_column_text][\/vc_column][vc_column width=&#8221;1\/4&#8243;][vc_single_image image=&#8221;12923&#8243; alignment=&#8221;center&#8221;][vc_column_text] LIRE les diff\u00e9rents types &hellip; Continue reading &quot;Cours d\u2019Analyse Scientifique des Expressions Faciales&quot;\" \/>\n<meta property=\"og:url\" content=\"https:\/\/lab-ncs.com\/fr\/cours-analyse-scientifique-expressions-faciales-3-2\/\" \/>\n<meta property=\"og:site_name\" content=\"NeuroComScience, Laboratorio di analisi comportamentale - Comunicazione non verbale.\" \/>\n<meta property=\"article:modified_time\" content=\"2023-12-27T14:31:25+00:00\" \/>\n<meta name=\"twitter:label1\" content=\"Dur\u00e9e de lecture estim\u00e9e\" \/>\n\t<meta name=\"twitter:data1\" content=\"4 minutes\" \/>\n<script type=\"application\/ld+json\" class=\"yoast-schema-graph\">{\"@context\":\"https:\/\/schema.org\",\"@graph\":[{\"@type\":\"WebSite\",\"@id\":\"https:\/\/lab-ncs.com\/#website\",\"url\":\"https:\/\/lab-ncs.com\/\",\"name\":\"NeuroComScience, Laboratorio di analisi comportamentale - Comunicazione non verbale.\",\"description\":\"Analisi delle espressioni facciali\",\"potentialAction\":[{\"@type\":\"SearchAction\",\"target\":{\"@type\":\"EntryPoint\",\"urlTemplate\":\"https:\/\/lab-ncs.com\/?s={search_term_string}\"},\"query-input\":\"required name=search_term_string\"}],\"inLanguage\":\"fr-FR\"},{\"@type\":\"WebPage\",\"@id\":\"https:\/\/lab-ncs.com\/fr\/cours-analyse-scientifique-expressions-faciales-3-2\/#webpage\",\"url\":\"https:\/\/lab-ncs.com\/fr\/cours-analyse-scientifique-expressions-faciales-3-2\/\",\"name\":\"Cours d\u2019Analyse Scientifique des Expressions Faciales - NeuroComScience, Laboratorio di analisi comportamentale - Comunicazione non verbale.\",\"isPartOf\":{\"@id\":\"https:\/\/lab-ncs.com\/#website\"},\"datePublished\":\"2018-02-12T17:43:45+00:00\",\"dateModified\":\"2023-12-27T14:31:25+00:00\",\"breadcrumb\":{\"@id\":\"https:\/\/lab-ncs.com\/fr\/cours-analyse-scientifique-expressions-faciales-3-2\/#breadcrumb\"},\"inLanguage\":\"fr-FR\",\"potentialAction\":[{\"@type\":\"ReadAction\",\"target\":[\"https:\/\/lab-ncs.com\/fr\/cours-analyse-scientifique-expressions-faciales-3-2\/\"]}]},{\"@type\":\"BreadcrumbList\",\"@id\":\"https:\/\/lab-ncs.com\/fr\/cours-analyse-scientifique-expressions-faciales-3-2\/#breadcrumb\",\"itemListElement\":[{\"@type\":\"ListItem\",\"position\":1,\"name\":\"Home\",\"item\":\"https:\/\/lab-ncs.com\/fr\/\"},{\"@type\":\"ListItem\",\"position\":2,\"name\":\"Cours d\u2019Analyse Scientifique des Expressions Faciales\"}]}]}<\/script>\n<!-- \/ Yoast SEO plugin. -->","yoast_head_json":{"title":"Cours d\u2019Analyse Scientifique des Expressions Faciales - NeuroComScience, Laboratorio di analisi comportamentale - Comunicazione non verbale.","robots":{"index":"index","follow":"follow","max-snippet":"max-snippet:-1","max-image-preview":"max-image-preview:large","max-video-preview":"max-video-preview:-1"},"canonical":"https:\/\/lab-ncs.com\/fr\/cours-analyse-scientifique-expressions-faciales-3-2\/","og_locale":"fr_FR","og_type":"article","og_title":"Cours d\u2019Analyse Scientifique des Expressions Faciales - NeuroComScience, Laboratorio di analisi comportamentale - Comunicazione non verbale.","og_description":"[vc_section el_id=&#8221;principale&#8221;][vc_row][vc_column][vc_column_text] [\/vc_column_text][vc_column_text] Le cours en classe \u00e0 distance est pratique, intensif et complet sur les TECHNIQUES et les M\u00c9THODES d&#8217;analyse des expressions du visage [\/vc_column_text][\/vc_column][\/vc_row][vc_row][vc_column][\/vc_column][\/vc_row][vc_row][vc_column width=&#8221;1\/4&#8243;][vc_single_image image=&#8221;12921&#8243; alignment=&#8221;center&#8221;][vc_column_text] UTILISER avec pr\u00e9cision l\u2019interpr\u00e9tation des expressions \u00e9motionnelles faciales[\/vc_column_text][\/vc_column][vc_column width=&#8221;1\/4&#8243;][vc_single_image image=&#8221;12922&#8243; alignment=&#8221;center&#8221;][vc_column_text] APPLIQUER la description objective du comportement du visage[\/vc_column_text][\/vc_column][vc_column width=&#8221;1\/4&#8243;][vc_single_image image=&#8221;12923&#8243; alignment=&#8221;center&#8221;][vc_column_text] LIRE les diff\u00e9rents types &hellip; Continue reading \"Cours d\u2019Analyse Scientifique des Expressions Faciales\"","og_url":"https:\/\/lab-ncs.com\/fr\/cours-analyse-scientifique-expressions-faciales-3-2\/","og_site_name":"NeuroComScience, Laboratorio di analisi comportamentale - Comunicazione non verbale.","article_modified_time":"2023-12-27T14:31:25+00:00","twitter_misc":{"Dur\u00e9e de lecture estim\u00e9e":"4 minutes"},"schema":{"@context":"https:\/\/schema.org","@graph":[{"@type":"WebSite","@id":"https:\/\/lab-ncs.com\/#website","url":"https:\/\/lab-ncs.com\/","name":"NeuroComScience, Laboratorio di analisi comportamentale - Comunicazione non verbale.","description":"Analisi delle espressioni facciali","potentialAction":[{"@type":"SearchAction","target":{"@type":"EntryPoint","urlTemplate":"https:\/\/lab-ncs.com\/?s={search_term_string}"},"query-input":"required name=search_term_string"}],"inLanguage":"fr-FR"},{"@type":"WebPage","@id":"https:\/\/lab-ncs.com\/fr\/cours-analyse-scientifique-expressions-faciales-3-2\/#webpage","url":"https:\/\/lab-ncs.com\/fr\/cours-analyse-scientifique-expressions-faciales-3-2\/","name":"Cours d\u2019Analyse Scientifique des Expressions Faciales - NeuroComScience, Laboratorio di analisi comportamentale - Comunicazione non verbale.","isPartOf":{"@id":"https:\/\/lab-ncs.com\/#website"},"datePublished":"2018-02-12T17:43:45+00:00","dateModified":"2023-12-27T14:31:25+00:00","breadcrumb":{"@id":"https:\/\/lab-ncs.com\/fr\/cours-analyse-scientifique-expressions-faciales-3-2\/#breadcrumb"},"inLanguage":"fr-FR","potentialAction":[{"@type":"ReadAction","target":["https:\/\/lab-ncs.com\/fr\/cours-analyse-scientifique-expressions-faciales-3-2\/"]}]},{"@type":"BreadcrumbList","@id":"https:\/\/lab-ncs.com\/fr\/cours-analyse-scientifique-expressions-faciales-3-2\/#breadcrumb","itemListElement":[{"@type":"ListItem","position":1,"name":"Home","item":"https:\/\/lab-ncs.com\/fr\/"},{"@type":"ListItem","position":2,"name":"Cours d\u2019Analyse Scientifique des Expressions Faciales"}]}]}},"_links":{"self":[{"href":"https:\/\/lab-ncs.com\/fr\/wp-json\/wp\/v2\/pages\/18835"}],"collection":[{"href":"https:\/\/lab-ncs.com\/fr\/wp-json\/wp\/v2\/pages"}],"about":[{"href":"https:\/\/lab-ncs.com\/fr\/wp-json\/wp\/v2\/types\/page"}],"author":[{"embeddable":true,"href":"https:\/\/lab-ncs.com\/fr\/wp-json\/wp\/v2\/users\/1"}],"replies":[{"embeddable":true,"href":"https:\/\/lab-ncs.com\/fr\/wp-json\/wp\/v2\/comments?post=18835"}],"version-history":[{"count":4,"href":"https:\/\/lab-ncs.com\/fr\/wp-json\/wp\/v2\/pages\/18835\/revisions"}],"predecessor-version":[{"id":34253,"href":"https:\/\/lab-ncs.com\/fr\/wp-json\/wp\/v2\/pages\/18835\/revisions\/34253"}],"wp:attachment":[{"href":"https:\/\/lab-ncs.com\/fr\/wp-json\/wp\/v2\/media?parent=18835"}],"curies":[{"name":"wp","href":"https:\/\/api.w.org\/{rel}","templated":true}]}}