{"id":13023,"date":"2017-04-14T14:04:50","date_gmt":"2017-04-14T14:04:50","guid":{"rendered":"https:\/\/lab-ncs.com\/livres-et-articles\/"},"modified":"2023-12-18T23:16:07","modified_gmt":"2023-12-18T22:16:07","slug":"livres-et-articles","status":"publish","type":"page","link":"https:\/\/lab-ncs.com\/fr\/livres-et-articles\/","title":{"rendered":"Livres et articles"},"content":{"rendered":"<p>[vc_row][vc_column][vc_column_text]<header class=\"icon-heading\"><span class=\"section-header-icon icon icon-book\"><\/span><h2>Livres et articles<span><\/span><\/h2><\/header><\/p>\n<div class=\"col-to-row grid-1of4\" style=\"flex-wrap: nowrap;\">\n<div class=\"item item-gutter\"><img loading=\"lazy\" class=\"aligncenter wp-image-9570\" src=\"https:\/\/lab-ncs.com\/wp-content\/uploads\/2016\/10\/ncs-copertina-ti-leggo-in-volto.jpg\" alt=\"Copertina del libro &quot;Ti leggo in volto&quot;.\" width=\"300\" height=\"429\" srcset=\"https:\/\/lab-ncs.com\/wp-content\/uploads\/2016\/10\/ncs-copertina-ti-leggo-in-volto.jpg 403w, https:\/\/lab-ncs.com\/wp-content\/uploads\/2016\/10\/ncs-copertina-ti-leggo-in-volto-210x300.jpg 210w, https:\/\/lab-ncs.com\/wp-content\/uploads\/2016\/10\/ncs-copertina-ti-leggo-in-volto-768x1099.jpg 768w, https:\/\/lab-ncs.com\/wp-content\/uploads\/2016\/10\/ncs-copertina-ti-leggo-in-volto-716x1024.jpg 716w, https:\/\/lab-ncs.com\/wp-content\/uploads\/2016\/10\/ncs-copertina-ti-leggo-in-volto-1200x1717.jpg 1200w\" sizes=\"(max-width: 300px) 85vw, 300px\" \/><\/div>\n<div>\n<h3><span>Je te lis sur le visage<\/span><\/h3>\n<p>Jasna Legi\u0161a (2015). <strong>Je te lis sur le visage,<\/strong> Armando Editore. Il s\u2019agit d\u2019un manuel en italien qui d\u00e9crit les techniques d&#8217;analyse scientifique des expressions faciales.<\/p>\n<p>Qu\u2019est-ce que nous communiquons quand nous remuons le nez? Pourquoi fron\u00e7ons-nous le front? Un manuel qui est facile \u00e0 lire, tr\u00e8s agr\u00e9able pour ceux qui veulent approfondir les connaissances scientifiques sur les expressions faciales li\u00e9es aux \u00e9motions, communes \u00e0 tous les \u00eatres humains. Une pratique qui remonte \u00e0 la seconde moiti\u00e9 du XIXe si\u00e8cle, pleine de diff\u00e9rentes th\u00e9ories et m\u00e9thodes qu\u2019au fil des ann\u00e9es ont \u00e9t\u00e9 d\u00e9velopp\u00e9es par un certain nombre d&#8217;universitaires et de chercheurs. Le livre est accompagn\u00e9 d&#8217;une s\u00e9rie de photographies de soutien pour la compr\u00e9hension des expressions faciales \u00e0 d\u00e9coder au cas par cas. <strong>\u00a0<\/strong><\/p>\n<p><strong>Jasna Legi\u0161a<\/strong> &#8211; directeur du laboratoire d\u2019analyse comportementale NeuroComScience &#8211; introduit en Italie certaines applications des techniques scientifiques d\u2019analyse non-verbale, y compris leur l&#8217;insertion dans le domaine de l&#8217;enqu\u00eate et de la s\u00e9lection du personnel. On peut \u00a0<a href=\"http:\/\/www.armando.it\/ti-leggo-in-volto\" target=\"_blank\" rel=\"noopener\">acheter le livre en ligne<\/a>\u00a0ou dans toutes les librairies qui d\u00e9tiennent Armando Editore, <a href=\"https:\/\/www.amazon.it\/dp\/8866778591\" target=\"_blank\" rel=\"noopener\">sur Amazon,<\/a> et dans notre laboratoire.<\/p>\n<\/div>\n<\/div>\n<h3><span>Analyse des expressions \u00e9motionnelles du visage<\/span><\/h3>\n<p>Jasna Legi\u0161a &amp; Jessica Vascotto (2015). Dans\u00a0<strong>Osvaldo Sponzilli, Semeiotica medica comparata,<\/strong> Nuova Ipsa Editore. Un texte sur la lecture des expressions faciales des \u00e9motions de base, ins\u00e9r\u00e9 dans le manuel de s\u00e9miologie m\u00e9dicale compar\u00e9e pour illustrer la reconnaissance non-verbale de la peur, la joie, la col\u00e8re, le d\u00e9go\u00fbt, la surprise et la tristesse.<\/p>\n<h3><span>R\u00e9ponses \u00e9motionnelles aux odeurs chez les enfants atteints d&#8217;autisme de haut niveau: excitation autonome, comportement facial et mesures d&#8217;auto-\u00e9valuation<\/span><\/h3>\n<p>Jasna Legi\u0161a, Luc Marlier, Enzo Kermol &amp; Daniel Messinger (2012). Journal of Autism and Developmental Disorders. Une recherche publi\u00e9e dans la plus importante revue scientifique internationale <strong>sur l\u2019autisme.<\/strong> L&#8217;objectif de l&#8217;\u00e9tude est de fournir une meilleure compr\u00e9hension de la communication non-verbale dans l&#8217;autisme. Les auteurs ont compar\u00e9 les r\u00e9ponses physiologiques et comportementales des enfants avec autisme de haut niveau et des enfants sans troubles du d\u00e9veloppement, en r\u00e9ponse \u00e0 divers types d&#8217;odeurs. Les r\u00e9sultats montrent que les r\u00e9ponses physiologiques (changements de la fr\u00e9quence cardiaque, la respiration, la conductance de peau) et les r\u00e9ponses du comportement facial co\u00efncident entre les deux groupes. Au contraire, la perception subjective explicit\u00e9e dans les r\u00e9ponses verbales diff\u00e8re entre ces groupes.<\/p>\n<h3><span>Expressions faciales diff\u00e9rentielles aux odeurs h\u00e9dontiquement contrast\u00e9es chez les nouveau-n\u00e9s pr\u00e9matur\u00e9s<\/span><\/h3>\n<p>Luc Marlier, Christophe Gaugler, Jasna Leghissa, Thierry Pebayle National Center of Scientific Research, and University of Strasbourg, France. La communication non-verbale chez les nourrissons pr\u00e9matur\u00e9s entre les 22 et 26 semaines de gestation a \u00e9t\u00e9 peu \u00e9tudi\u00e9e. Jasna Leghissa avec le Centre de recherche nationale de Strasbourg ont men\u00e9 des exp\u00e9riences analysant les expressions faciales lors de l\u2019exposition \u00e0 diff\u00e9rents types de stimuli olfactifs. Les chercheurs ont relev\u00e9 que <strong>les m\u00eames contractions faciales<\/strong> de d\u00e9go\u00fbt et de la douleur apparaissent dans le visage d\u2019un enfant et d\u2019un adulte. Ils ont \u00e9galement remarqu\u00e9 la pr\u00e9sence de sourires, mais ils semblent appara\u00eetre moins syst\u00e9matiquement en r\u00e9ponse aux stimuli.<\/p>\n<h3><span>Variation, indiquant que les mod\u00e8les de r\u00e9ponses faciales ne sont pas st\u00e9r\u00e9otyp\u00e9s \u00e0 cet \u00e2ge pr\u00e9coce<\/span><\/h3>\n<p>Luc Marlier, Christophe Gaugler, Jasna Leghissa, Thierry Pebayle National Center of Scientific Research, and University of Strasbourg, France. Autre recherche sur la communication non-verbale chez les pr\u00e9matur\u00e9s.<\/p>\n<h3><span>V\u00e9rification de la perception \u00e9motionnelle de stimuli audiovisuels \u00e0 travers le Facial Action Coding System et les mesures physiologiques<\/span><\/h3>\n<p>Jasna Leghissa &amp; Enzo Kermol (2009). M\u00e9tis, 16, 1, 135-151.<\/p>\n<p>Cette recherche a pour objectif principal <strong>l&#8217;analyse des expressions faciales,<\/strong> des r\u00e9actions physiologiques et de l&#8217;\u00e9valuation subjective de l&#8217;\u00e9motion en r\u00e9ponse \u00e0 des stimuli audiovisuels avec un contenu \u00e9motionnel. 11 hommes et 10 femmes \u00e2g\u00e9s entre 22 et 32 \u200b\u200bans ont \u00e9t\u00e9 individuellement t\u00e9moins \u00e0 la vision de trois sc\u00e8nes de filmes, confortablement assis dans un fauteuil plac\u00e9 \u00e0 environ un m\u00e8tre et demi de l&#8217;\u00e9cran.<\/p>\n<p>Dans la chambre insonoris\u00e9e, divis\u00e9e en deux par un s\u00e9parateur, une cam\u00e9ra vid\u00e9o a \u00e9t\u00e9 plac\u00e9e \u00e0 c\u00f4t\u00e9 de l&#8217;\u00e9cran, qui a enregistr\u00e9 la visage du sujet de mani\u00e8re frontale pendant le monitorage de son rythme cardiaque et de sa r\u00e9sistance \u00e9lectrique de la peau, par des \u00e9lectrodes fix\u00e9es \u00e0 l&#8217;\u00e9quipement situ\u00e9 derri\u00e8re le s\u00e9parateur. L&#8217;analyse des expressions faciales, a \u00e9t\u00e9 calcul\u00e9e selon la m\u00e9thode du <strong>Facial Action Coding System,<\/strong> en tenant compte de toutes les unit\u00e9s d&#8217;action (UA), leur dur\u00e9e et leur intensit\u00e9.<\/p>\n<p>Les r\u00e9sultats de l&#8217;exp\u00e9rience ont montr\u00e9 que des Unit\u00e9s d&#8217;Action sp\u00e9cifiques apparues sur les visages des sujets, l\u2019allure des r\u00e9ponses physiologiques et des r\u00e9ponses de l&#8217;\u00e9valuation subjective caract\u00e9risent chacune des trois sc\u00e8nes, ce qui laisse supposer l&#8217;existence <strong>d&#8217;\u00e9motions partag\u00e9es<\/strong> au cours de la vision filmique. Des diff\u00e9rences significatives entre les hommes et les femmes quant aux mouvements du visage et aux r\u00e9ponses physiologiques se sont v\u00e9rifi\u00e9es.<\/p>\n<h3>La Perception et l\u2019expression \u00e9motionnelle dans les troubles du spectre autistique<\/h3>\n<p>Sujet: <strong>communication non-verbale dans l&#8217;autisme,<\/strong> Jasna Legi\u0161a.<\/p>\n<p>Le but de l&#8217;\u00e9tude \u00e9tait de d\u00e9finir la nature de la perception et l&#8217;expression \u00e9motionnelle en analysant dans deux \u00e9tudes diff\u00e9rentes les r\u00e9actions physiologiques, comportementales et verbales en r\u00e9ponse \u00e0 divers types de stimuli sensoriels. Des stimuli visuels ont \u00e9t\u00e9 utilis\u00e9s dans les deux \u00e9tudes.<\/p>\n<p>L&#8217;analyse montre que les enfants autistes <strong>accordent plus d&#8217;attention<\/strong> aux images \u00e9tant accompagn\u00e9es par du son par rapport aux enfants appartenant au groupe contr\u00f4le. Telles diff\u00e9rences pourraient \u00eatre une cons\u00e9quence des difficult\u00e9s des personnes atteintes d&#8217;autisme \u00e0 int\u00e9grer et \u00e9laborer l&#8217;information auditive et visuelle. Il a \u00e9t\u00e9 \u00e9galement remarqu\u00e9 que les <strong>expressions \u00e9motionnelles du visage des enfants atteints d&#8217;autisme<\/strong> peuvent \u00eatre moins claires en raison d&#8217;une moindre fr\u00e9quence de mouvements musculaires et de leur moindre intensit\u00e9 et dur\u00e9e dans certaines parties du visage. En outre, il y a une fr\u00e9quence plus \u00e9lev\u00e9e de diff\u00e9rences individuelles du comportement facial, tels que des spasmes h\u00e9myfaciaux et \u00a0asym\u00e9trie du comportement facial.[\/vc_column_text][\/vc_column][\/vc_row]<\/p>\n","protected":false},"excerpt":{"rendered":"<p>[vc_row][vc_column][vc_column_text] Je te lis sur le visage Jasna Legi\u0161a (2015). Je te lis sur le visage, Armando Editore. Il s\u2019agit d\u2019un manuel en italien qui d\u00e9crit les techniques d&#8217;analyse scientifique des expressions faciales. Qu\u2019est-ce que nous communiquons quand nous remuons le nez? Pourquoi fron\u00e7ons-nous le front? Un manuel qui est facile \u00e0 lire, tr\u00e8s agr\u00e9able &hellip; <a href=\"https:\/\/lab-ncs.com\/fr\/livres-et-articles\/\" class=\"more-link\">Continue reading<span class=\"screen-reader-text\"> &#8220;Livres et articles&#8221;<\/span><\/a><\/p>\n","protected":false},"author":2,"featured_media":0,"parent":0,"menu_order":0,"comment_status":"closed","ping_status":"closed","template":"page-templates\/page-right-sidebar.php","meta":{"om_disable_all_campaigns":false},"aioseo_notices":[],"yoast_head":"<!-- This site is optimized with the Yoast SEO plugin v18.6 - https:\/\/yoast.com\/wordpress\/plugins\/seo\/ -->\n<title>Livres et articles - NeuroComScience, Laboratorio di analisi comportamentale - Comunicazione non verbale.<\/title>\n<meta name=\"robots\" content=\"index, follow, max-snippet:-1, max-image-preview:large, max-video-preview:-1\" \/>\n<link rel=\"canonical\" href=\"https:\/\/lab-ncs.com\/fr\/livres-et-articles\/\" \/>\n<meta property=\"og:locale\" content=\"fr_FR\" \/>\n<meta property=\"og:type\" content=\"article\" \/>\n<meta property=\"og:title\" content=\"Livres et articles - NeuroComScience, Laboratorio di analisi comportamentale - Comunicazione non verbale.\" \/>\n<meta property=\"og:description\" content=\"[vc_row][vc_column][vc_column_text] Je te lis sur le visage Jasna Legi\u0161a (2015). Je te lis sur le visage, Armando Editore. Il s\u2019agit d\u2019un manuel en italien qui d\u00e9crit les techniques d&#8217;analyse scientifique des expressions faciales. Qu\u2019est-ce que nous communiquons quand nous remuons le nez? Pourquoi fron\u00e7ons-nous le front? Un manuel qui est facile \u00e0 lire, tr\u00e8s agr\u00e9able &hellip; Continue reading &quot;Livres et articles&quot;\" \/>\n<meta property=\"og:url\" content=\"https:\/\/lab-ncs.com\/fr\/livres-et-articles\/\" \/>\n<meta property=\"og:site_name\" content=\"NeuroComScience, Laboratorio di analisi comportamentale - Comunicazione non verbale.\" \/>\n<meta property=\"article:modified_time\" content=\"2023-12-18T22:16:07+00:00\" \/>\n<meta property=\"og:image\" content=\"https:\/\/lab-ncs.com\/wp-content\/uploads\/2016\/10\/ncs-copertina-ti-leggo-in-volto.jpg\" \/>\n<meta name=\"twitter:label1\" content=\"Dur\u00e9e de lecture estim\u00e9e\" \/>\n\t<meta name=\"twitter:data1\" content=\"5 minutes\" \/>\n<script type=\"application\/ld+json\" class=\"yoast-schema-graph\">{\"@context\":\"https:\/\/schema.org\",\"@graph\":[{\"@type\":\"WebSite\",\"@id\":\"https:\/\/lab-ncs.com\/#website\",\"url\":\"https:\/\/lab-ncs.com\/\",\"name\":\"NeuroComScience, Laboratorio di analisi comportamentale - Comunicazione non verbale.\",\"description\":\"Analisi delle espressioni facciali\",\"potentialAction\":[{\"@type\":\"SearchAction\",\"target\":{\"@type\":\"EntryPoint\",\"urlTemplate\":\"https:\/\/lab-ncs.com\/?s={search_term_string}\"},\"query-input\":\"required name=search_term_string\"}],\"inLanguage\":\"fr-FR\"},{\"@type\":\"ImageObject\",\"@id\":\"https:\/\/lab-ncs.com\/fr\/livres-et-articles\/#primaryimage\",\"inLanguage\":\"fr-FR\",\"url\":\"https:\/\/lab-ncs.com\/wp-content\/uploads\/2016\/10\/ncs-copertina-ti-leggo-in-volto.jpg\",\"contentUrl\":\"https:\/\/lab-ncs.com\/wp-content\/uploads\/2016\/10\/ncs-copertina-ti-leggo-in-volto.jpg\",\"width\":403,\"height\":576,\"caption\":\"Tecniche e metodi di analisi scientifica delle espressioni facciali.\"},{\"@type\":\"WebPage\",\"@id\":\"https:\/\/lab-ncs.com\/fr\/livres-et-articles\/#webpage\",\"url\":\"https:\/\/lab-ncs.com\/fr\/livres-et-articles\/\",\"name\":\"Livres et articles - NeuroComScience, Laboratorio di analisi comportamentale - Comunicazione non verbale.\",\"isPartOf\":{\"@id\":\"https:\/\/lab-ncs.com\/#website\"},\"primaryImageOfPage\":{\"@id\":\"https:\/\/lab-ncs.com\/fr\/livres-et-articles\/#primaryimage\"},\"datePublished\":\"2017-04-14T14:04:50+00:00\",\"dateModified\":\"2023-12-18T22:16:07+00:00\",\"breadcrumb\":{\"@id\":\"https:\/\/lab-ncs.com\/fr\/livres-et-articles\/#breadcrumb\"},\"inLanguage\":\"fr-FR\",\"potentialAction\":[{\"@type\":\"ReadAction\",\"target\":[\"https:\/\/lab-ncs.com\/fr\/livres-et-articles\/\"]}]},{\"@type\":\"BreadcrumbList\",\"@id\":\"https:\/\/lab-ncs.com\/fr\/livres-et-articles\/#breadcrumb\",\"itemListElement\":[{\"@type\":\"ListItem\",\"position\":1,\"name\":\"Home\",\"item\":\"https:\/\/lab-ncs.com\/fr\/\"},{\"@type\":\"ListItem\",\"position\":2,\"name\":\"Livres et articles\"}]}]}<\/script>\n<!-- \/ Yoast SEO plugin. -->","yoast_head_json":{"title":"Livres et articles - NeuroComScience, Laboratorio di analisi comportamentale - Comunicazione non verbale.","robots":{"index":"index","follow":"follow","max-snippet":"max-snippet:-1","max-image-preview":"max-image-preview:large","max-video-preview":"max-video-preview:-1"},"canonical":"https:\/\/lab-ncs.com\/fr\/livres-et-articles\/","og_locale":"fr_FR","og_type":"article","og_title":"Livres et articles - NeuroComScience, Laboratorio di analisi comportamentale - Comunicazione non verbale.","og_description":"[vc_row][vc_column][vc_column_text] Je te lis sur le visage Jasna Legi\u0161a (2015). Je te lis sur le visage, Armando Editore. Il s\u2019agit d\u2019un manuel en italien qui d\u00e9crit les techniques d&#8217;analyse scientifique des expressions faciales. Qu\u2019est-ce que nous communiquons quand nous remuons le nez? Pourquoi fron\u00e7ons-nous le front? Un manuel qui est facile \u00e0 lire, tr\u00e8s agr\u00e9able &hellip; Continue reading \"Livres et articles\"","og_url":"https:\/\/lab-ncs.com\/fr\/livres-et-articles\/","og_site_name":"NeuroComScience, Laboratorio di analisi comportamentale - Comunicazione non verbale.","article_modified_time":"2023-12-18T22:16:07+00:00","og_image":[{"url":"https:\/\/lab-ncs.com\/wp-content\/uploads\/2016\/10\/ncs-copertina-ti-leggo-in-volto.jpg"}],"twitter_misc":{"Dur\u00e9e de lecture estim\u00e9e":"5 minutes"},"schema":{"@context":"https:\/\/schema.org","@graph":[{"@type":"WebSite","@id":"https:\/\/lab-ncs.com\/#website","url":"https:\/\/lab-ncs.com\/","name":"NeuroComScience, Laboratorio di analisi comportamentale - Comunicazione non verbale.","description":"Analisi delle espressioni facciali","potentialAction":[{"@type":"SearchAction","target":{"@type":"EntryPoint","urlTemplate":"https:\/\/lab-ncs.com\/?s={search_term_string}"},"query-input":"required name=search_term_string"}],"inLanguage":"fr-FR"},{"@type":"ImageObject","@id":"https:\/\/lab-ncs.com\/fr\/livres-et-articles\/#primaryimage","inLanguage":"fr-FR","url":"https:\/\/lab-ncs.com\/wp-content\/uploads\/2016\/10\/ncs-copertina-ti-leggo-in-volto.jpg","contentUrl":"https:\/\/lab-ncs.com\/wp-content\/uploads\/2016\/10\/ncs-copertina-ti-leggo-in-volto.jpg","width":403,"height":576,"caption":"Tecniche e metodi di analisi scientifica delle espressioni facciali."},{"@type":"WebPage","@id":"https:\/\/lab-ncs.com\/fr\/livres-et-articles\/#webpage","url":"https:\/\/lab-ncs.com\/fr\/livres-et-articles\/","name":"Livres et articles - NeuroComScience, Laboratorio di analisi comportamentale - Comunicazione non verbale.","isPartOf":{"@id":"https:\/\/lab-ncs.com\/#website"},"primaryImageOfPage":{"@id":"https:\/\/lab-ncs.com\/fr\/livres-et-articles\/#primaryimage"},"datePublished":"2017-04-14T14:04:50+00:00","dateModified":"2023-12-18T22:16:07+00:00","breadcrumb":{"@id":"https:\/\/lab-ncs.com\/fr\/livres-et-articles\/#breadcrumb"},"inLanguage":"fr-FR","potentialAction":[{"@type":"ReadAction","target":["https:\/\/lab-ncs.com\/fr\/livres-et-articles\/"]}]},{"@type":"BreadcrumbList","@id":"https:\/\/lab-ncs.com\/fr\/livres-et-articles\/#breadcrumb","itemListElement":[{"@type":"ListItem","position":1,"name":"Home","item":"https:\/\/lab-ncs.com\/fr\/"},{"@type":"ListItem","position":2,"name":"Livres et articles"}]}]}},"_links":{"self":[{"href":"https:\/\/lab-ncs.com\/fr\/wp-json\/wp\/v2\/pages\/13023"}],"collection":[{"href":"https:\/\/lab-ncs.com\/fr\/wp-json\/wp\/v2\/pages"}],"about":[{"href":"https:\/\/lab-ncs.com\/fr\/wp-json\/wp\/v2\/types\/page"}],"author":[{"embeddable":true,"href":"https:\/\/lab-ncs.com\/fr\/wp-json\/wp\/v2\/users\/2"}],"replies":[{"embeddable":true,"href":"https:\/\/lab-ncs.com\/fr\/wp-json\/wp\/v2\/comments?post=13023"}],"version-history":[{"count":2,"href":"https:\/\/lab-ncs.com\/fr\/wp-json\/wp\/v2\/pages\/13023\/revisions"}],"predecessor-version":[{"id":34084,"href":"https:\/\/lab-ncs.com\/fr\/wp-json\/wp\/v2\/pages\/13023\/revisions\/34084"}],"wp:attachment":[{"href":"https:\/\/lab-ncs.com\/fr\/wp-json\/wp\/v2\/media?parent=13023"}],"curies":[{"name":"wp","href":"https:\/\/api.w.org\/{rel}","templated":true}]}}