{"id":12996,"date":"2017-01-28T07:43:01","date_gmt":"2017-04-11T17:46:18","guid":{"rendered":"https:\/\/lab-ncs.com\/conventions\/"},"modified":"2018-03-14T14:26:42","modified_gmt":"2018-03-14T14:26:42","slug":"conventions","status":"publish","type":"page","link":"https:\/\/lab-ncs.com\/fr\/conventions\/","title":{"rendered":"Partenariats"},"content":{"rendered":"<table>\n<tbody>\n<tr>\n<td width=\"326\">\n<a href=\"http:\/\/lab-ncs.com\/wp-content\/uploads\/2015\/08\/universita-di-trieste.png\"><img loading=\"lazy\" class=\" wp-image-7738 alignleft\" src=\"http:\/\/lab-ncs.com\/wp-content\/uploads\/2015\/08\/universita-di-trieste.png\" alt=\"universita di trieste\" width=\"281\" height=\"234\" srcset=\"https:\/\/lab-ncs.com\/wp-content\/uploads\/2015\/08\/universita-di-trieste.png 246w, https:\/\/lab-ncs.com\/wp-content\/uploads\/2015\/08\/universita-di-trieste-150x125.png 150w\" sizes=\"(max-width: 281px) 85vw, 281px\" \/><\/a><\/td>\n<td width=\"326\"><span style=\"color: #4b5658;\"><span style=\"font-family: 'Source Sans Pro', serif;\"><span style=\"font-size: large;\">NeuroComScience a pass\u00e9 un accord avec l&#8217;Universit\u00e9 de Trieste, en particulier avec le D\u00e9partement des Sciences de la Vie. L&#8217;objet de la collaboration est le d\u00e9veloppement conjoint de projets de recherche exp\u00e9rimentale. NeuroComScience offre aux \u00e9tudiants des exp\u00e9riences pratiques en laboratoire et une collaboration dans le d\u00e9veloppement de th\u00e8ses. <\/span><\/span><\/span><span style=\"color: #4b5658;\"><span style=\"font-family: 'Source Sans Pro', serif;\"><span style=\"font-size: large;\">Des \u00e9tudiants m\u00e9ritants ont \u00e9t\u00e9 soutenus financi\u00e8rement dans le S.H.A.R.M. &#8220;Soutenir les ressources humaines dans la recherche et la mobilit\u00e9&#8221;(\u201cSupporting Human Assets in Research and Mobility\u201d).<\/span><\/span><\/span><span> <\/span><\/td>\n<\/tr>\n<tr>\n<td width=\"326\">\u00a0<a href=\"http:\/\/lab-ncs.com\/wp-content\/uploads\/2015\/08\/area.jpg\"><img loading=\"lazy\" class=\" size-full wp-image-7749 alignleft\" src=\"http:\/\/lab-ncs.com\/wp-content\/uploads\/2015\/08\/area.jpg\" alt=\"area\" width=\"212\" height=\"79\" srcset=\"https:\/\/lab-ncs.com\/wp-content\/uploads\/2015\/08\/area.jpg 212w, https:\/\/lab-ncs.com\/wp-content\/uploads\/2015\/08\/area-150x56.jpg 150w\" sizes=\"(max-width: 212px) 85vw, 212px\" \/><\/a><\/td>\n<td width=\"326\"><span style=\"color: #4b5658;\"><span style=\"font-family: 'Source Sans Pro', serif;\"><span style=\"font-size: large;\">Area Science Park est un organisme national de recherche publique du premier niveau, dans lequel pr\u00e8s de deux cents laboratoires sont situ\u00e9s, publics et priv\u00e9s. NeuroComScience poss\u00e8de un laboratoire dans le parc, dans la succursale de Gorizia.<\/span><\/span><\/span><\/td>\n<\/tr>\n<tr>\n<td width=\"326\"><span style=\"color: #4b5658;\"><span style=\"font-family: 'Source Sans Pro', serif;\"><span style=\"font-size: large;\">NeuroComScience a d\u00e9velopp\u00e9 le r\u00e9seau de partenariat avec diff\u00e9rentes entreprises et entit\u00e9s publiques<\/span><\/span><\/span><\/td>\n<td width=\"326\"><\/td>\n<\/tr>\n<tr>\n<td style=\"text-align: left;\" width=\"326\">\u00a0<img loading=\"lazy\" class=\" wp-image-7827 alignleft\" src=\"http:\/\/lab-ncs.com\/wp-content\/uploads\/2015\/08\/Marchio-group-300x244.jpg\" alt=\"Marchio group\" width=\"139\" height=\"114\" srcset=\"https:\/\/lab-ncs.com\/wp-content\/uploads\/2015\/08\/Marchio-group-300x244.jpg 300w, https:\/\/lab-ncs.com\/wp-content\/uploads\/2015\/08\/Marchio-group-150x122.jpg 150w, https:\/\/lab-ncs.com\/wp-content\/uploads\/2015\/08\/Marchio-group.jpg 441w\" sizes=\"(max-width: 139px) 85vw, 139px\" \/><\/td>\n<td style=\"text-align: left;\" width=\"326\"><span style=\"color: #4b5658;\"><span style=\"font-family: 'Source Sans Pro', serif;\"><span style=\"font-size: large;\">Le S.I.C.S. est une Agence d&#8217;Enqu\u00eate Priv\u00e9e qui op\u00e8re \u00e0 l&#8217;\u00e9chelle nationale et internationale dans le domaine de la S\u00e9curit\u00e9 Personnelle. Les enqu\u00eateurs ont \u00e9t\u00e9 form\u00e9s dans notre laboratoire. Par la suite, une collaboration a \u00e9t\u00e9 d\u00e9velopp\u00e9e dans le domaine de la formation.<\/span><\/span><\/span><\/p>\n<p>.\u00a0http:\/\/www.sics6.com\/sics6\/<\/td>\n<\/tr>\n<tr>\n<td width=\"326\">\u00a0<img loading=\"lazy\" class=\" wp-image-7831 alignleft\" src=\"http:\/\/lab-ncs.com\/wp-content\/uploads\/2015\/08\/psymind-300x86.jpg\" alt=\"psymind\" width=\"325\" height=\"93\" srcset=\"https:\/\/lab-ncs.com\/wp-content\/uploads\/2015\/08\/psymind-300x86.jpg 300w, https:\/\/lab-ncs.com\/wp-content\/uploads\/2015\/08\/psymind-615x177.jpg 615w, https:\/\/lab-ncs.com\/wp-content\/uploads\/2015\/08\/psymind-150x43.jpg 150w, https:\/\/lab-ncs.com\/wp-content\/uploads\/2015\/08\/psymind-600x172.jpg 600w, https:\/\/lab-ncs.com\/wp-content\/uploads\/2015\/08\/psymind.jpg 940w\" sizes=\"(max-width: 325px) 85vw, 325px\" \/><\/td>\n<td width=\"326\"><span style=\"color: #4b5658;\"><span style=\"font-family: 'Source Sans Pro', serif;\"><span style=\"font-size: large;\">L&#8217;\u00e9tude de la psychologie, orient\u00e9e vers l&#8217;hypnose et la pleine conscience de dr. Alessandro Calderoni r\u00e9alise des activit\u00e9s int\u00e9ressantes pr\u00e8s de Milan. Avec cette r\u00e9alit\u00e9 NeuroComScience a \u00e9tabli une relation d&#8217;amiti\u00e9 et de collaboration.<\/span><\/span><\/span><\/p>\n<p>http:\/\/www.psymind.it\/<\/td>\n<\/tr>\n<tr>\n<td width=\"326\">\u00a0<a href=\"http:\/\/lab-ncs.com\/wp-content\/uploads\/2015\/08\/cirri.jpg\"><img loading=\"lazy\" class=\" wp-image-8118 alignleft\" src=\"http:\/\/lab-ncs.com\/wp-content\/uploads\/2015\/08\/cirri-300x150.jpg\" alt=\"cirri\" width=\"332\" height=\"166\" srcset=\"https:\/\/lab-ncs.com\/wp-content\/uploads\/2015\/08\/cirri-300x150.jpg 300w, https:\/\/lab-ncs.com\/wp-content\/uploads\/2015\/08\/cirri-615x308.jpg 615w, https:\/\/lab-ncs.com\/wp-content\/uploads\/2015\/08\/cirri-150x75.jpg 150w, https:\/\/lab-ncs.com\/wp-content\/uploads\/2015\/08\/cirri-600x300.jpg 600w, https:\/\/lab-ncs.com\/wp-content\/uploads\/2015\/08\/cirri.jpg 945w\" sizes=\"(max-width: 332px) 85vw, 332px\" \/><\/a><\/td>\n<td width=\"326\"><span style=\"color: #4b5658;\"><span style=\"font-family: 'Source Sans Pro', serif;\"><span style=\"font-size: large;\">Le cabinet Avv. Lorenzo Cirri offre un excellent service en mati\u00e8re de droit de la famille et de travail dans la ville de Florence. NeuroComScience a d\u00e9velopp\u00e9 une collaboration avec le studio o\u00f9 la formation avanc\u00e9e des techniques d&#8217;analyse du comportement non-verbal est \u00e9galement tenue.<\/span><\/span><\/span><\/p>\n<p><span style=\"font-family: inherit; font-size: inherit;\">www.avvocatofirenze.it<\/span><\/td>\n<\/tr>\n<tr>\n<td width=\"326\"><\/td>\n<td width=\"326\"><\/td>\n<\/tr>\n<\/tbody>\n<\/table>\n<p>&nbsp;<\/p>\n<p>Liens int\u00e9ressants<\/p>\n<table>\n<tbody>\n<tr>\n<td width=\"326\"><a href=\"http:\/\/www.psicologi-psicoterapeuti.it\/\" target=\"_blank\" rel=\"noopener\">\u00a0http:\/\/www.psicologi-psicoterapeuti.it\/<\/a><\/td>\n<td width=\"326\"><span style=\"color: #4b5658;\"><span style=\"font-family: 'Source Sans Pro', serif;\"><span style=\"font-size: large;\">C&#8217;est un site avec une longue liste de psychologues psychoth\u00e9rapeutes, m\u00e9decins psychoth\u00e9rapeutes, psychiatres et psychanalystes, qui sont autoris\u00e9s \u00e0 pratiquer la psychoth\u00e9rapie \u00e0 partir de leurs ordres respectifs.<\/span><\/span><\/span><\/td>\n<\/tr>\n<tr>\n<td width=\"326\">\u00a0<a href=\"http:\/\/www.cenaf.it\/\">http:\/\/www.cenaf.it\/<\/a><a href=\"http:\/\/lab-ncs.com\/wp-content\/uploads\/2015\/08\/11.jpg\"><img loading=\"lazy\" class=\"alignnone wp-image-8212\" src=\"http:\/\/lab-ncs.com\/wp-content\/uploads\/2015\/08\/11-300x150.jpg\" alt=\"1\" width=\"206\" height=\"103\" srcset=\"https:\/\/lab-ncs.com\/wp-content\/uploads\/2015\/08\/11.jpg 300w, https:\/\/lab-ncs.com\/wp-content\/uploads\/2015\/08\/11-150x75.jpg 150w\" sizes=\"(max-width: 206px) 85vw, 206px\" \/><\/a><\/td>\n<td width=\"326\"><span style=\"color: #4b5658;\"><span style=\"font-family: 'Source Sans Pro', serif;\"><span style=\"font-size: large;\">Le CENAF, Centre National d&#8217;Enseignement Sup\u00e9rieur, organise des formations sur les questions li\u00e9es \u00e0 la m\u00e9diation familiale, la psychodynamique des relations familiales, la psychologie sociale, la psychologie juridique, la psychologie \u00e9ducative, la sociologie de la famille, la psychologie de l&#8217;\u00e9ducation et psychologie du d\u00e9veloppement<\/span><\/span><\/span><strong><span style=\"color: #4b5658;\"><span style=\"font-family: 'Source Sans Pro', serif;\"><span style=\"font-size: large;\"><span>.<\/span><\/span><\/span><\/span><\/strong><\/td>\n<\/tr>\n<tr>\n<td width=\"326\">\u00a0<a href=\"http:\/\/www.psicologofeltre.it\">http:\/\/www.psicologofeltre.it<\/a><\/td>\n<td width=\"326\"><span style=\"color: #4b5658;\"><span style=\"font-family: 'Source Sans Pro', serif;\"><span style=\"font-size: large;\">Psychologie et Psychoth\u00e9rapie Studio Dr. Gilla Comiotto propose des services de psychoth\u00e9rapie, de conseil et de soutien psychologique destin\u00e9s \u00e0 l&#8217;individu, au couple, \u00e0 la famille, sur diff\u00e9rents types d&#8217;inconfort, de probl\u00e8mes ou de difficult\u00e9s.<\/span><\/span><\/span><\/td>\n<\/tr>\n<tr>\n<td width=\"326\">\u00a0<a class=\"\" href=\"http:\/\/www.psicologidelbenessere.it\/\" target=\"_blank\" rel=\"noopener noreferrer\">www.psicologidelbenessere.it<\/a><a href=\"http:\/\/lab-ncs.com\/wp-content\/uploads\/2015\/08\/1.png\"><img loading=\"lazy\" class=\"alignnone wp-image-8188\" src=\"http:\/\/lab-ncs.com\/wp-content\/uploads\/2015\/08\/1-300x69.png\" alt=\"1\" width=\"191\" height=\"44\" srcset=\"https:\/\/lab-ncs.com\/wp-content\/uploads\/2015\/08\/1.png 300w, https:\/\/lab-ncs.com\/wp-content\/uploads\/2015\/08\/1-150x35.png 150w\" sizes=\"(max-width: 191px) 85vw, 191px\" \/><\/a><\/td>\n<td width=\"326\"><span style=\"color: #4b5658;\"><span style=\"font-family: 'Source Sans Pro', serif;\"><span style=\"font-size: large;\">PsicologiDelBenessere est un groupe de psychologues situ\u00e9 en Lombardie, qui op\u00e8re principalement dans les domaines cliniques et juridiques.<\/span><\/span><\/span><\/td>\n<\/tr>\n<tr>\n<td width=\"326\">\u00a0www.mentesport.net<br \/>\n<a href=\"http:\/\/lab-ncs.com\/wp-content\/uploads\/2015\/08\/mente-e-sport.png\"><img loading=\"lazy\" class=\"alignnone wp-image-8229\" src=\"http:\/\/lab-ncs.com\/wp-content\/uploads\/2015\/08\/mente-e-sport-300x118.png\" alt=\"mente e sport\" width=\"181\" height=\"71\" srcset=\"https:\/\/lab-ncs.com\/wp-content\/uploads\/2015\/08\/mente-e-sport-300x118.png 300w, https:\/\/lab-ncs.com\/wp-content\/uploads\/2015\/08\/mente-e-sport-615x242.png 615w, https:\/\/lab-ncs.com\/wp-content\/uploads\/2015\/08\/mente-e-sport-150x59.png 150w, https:\/\/lab-ncs.com\/wp-content\/uploads\/2015\/08\/mente-e-sport-600x236.png 600w, https:\/\/lab-ncs.com\/wp-content\/uploads\/2015\/08\/mente-e-sport.png 798w\" sizes=\"(max-width: 181px) 85vw, 181px\" \/><\/a><\/td>\n<td width=\"326\"><span style=\"color: #4b5658;\"><span style=\"font-family: 'Source Sans Pro', serif;\"><span style=\"font-size: large;\">Esprit &amp; Sport propose des parcours pour les athl\u00e8tes, l&#8217;\u00e9quipe, les entra\u00eeneurs, les g\u00e9rants, les parents, con\u00e7us en fonction des r\u00f4les qu&#8217;ils jouent et des dynamiques psychologiques qui les caract\u00e9risent.<\/span><\/span><\/span><\/td>\n<\/tr>\n<tr>\n<td width=\"326\"><\/td>\n<td width=\"326\"><\/td>\n<\/tr>\n<tr>\n<td width=\"326\"><\/td>\n<td width=\"326\"><\/td>\n<\/tr>\n<tr>\n<td width=\"326\"><\/td>\n<td width=\"326\"><\/td>\n<\/tr>\n<\/tbody>\n<\/table>\n","protected":false},"excerpt":{"rendered":"<p>NeuroComScience a pass\u00e9 un accord avec l&#8217;Universit\u00e9 de Trieste, en particulier avec le D\u00e9partement des Sciences de la Vie. L&#8217;objet de la collaboration est le d\u00e9veloppement conjoint de projets de recherche exp\u00e9rimentale. NeuroComScience offre aux \u00e9tudiants des exp\u00e9riences pratiques en laboratoire et une collaboration dans le d\u00e9veloppement de th\u00e8ses. Des \u00e9tudiants m\u00e9ritants ont \u00e9t\u00e9 soutenus &hellip; <a href=\"https:\/\/lab-ncs.com\/fr\/conventions\/\" class=\"more-link\">Continue reading<span class=\"screen-reader-text\"> &#8220;Partenariats&#8221;<\/span><\/a><\/p>\n","protected":false},"author":2,"featured_media":13006,"parent":0,"menu_order":0,"comment_status":"closed","ping_status":"closed","template":"","meta":{"om_disable_all_campaigns":false,"_mi_skip_tracking":false},"aioseo_notices":[],"yoast_head":"<!-- This site is optimized with the Yoast SEO plugin v18.6 - https:\/\/yoast.com\/wordpress\/plugins\/seo\/ -->\n<title>Partenariats - NeuroComScience, Laboratorio di analisi comportamentale - Comunicazione non verbale.<\/title>\n<meta name=\"robots\" content=\"index, follow, max-snippet:-1, max-image-preview:large, max-video-preview:-1\" \/>\n<link rel=\"canonical\" href=\"https:\/\/lab-ncs.com\/fr\/conventions\/\" \/>\n<meta property=\"og:locale\" content=\"fr_FR\" \/>\n<meta property=\"og:type\" content=\"article\" \/>\n<meta property=\"og:title\" content=\"Partenariats - NeuroComScience, Laboratorio di analisi comportamentale - Comunicazione non verbale.\" \/>\n<meta property=\"og:description\" content=\"NeuroComScience a pass\u00e9 un accord avec l&#8217;Universit\u00e9 de Trieste, en particulier avec le D\u00e9partement des Sciences de la Vie. L&#8217;objet de la collaboration est le d\u00e9veloppement conjoint de projets de recherche exp\u00e9rimentale. NeuroComScience offre aux \u00e9tudiants des exp\u00e9riences pratiques en laboratoire et une collaboration dans le d\u00e9veloppement de th\u00e8ses. Des \u00e9tudiants m\u00e9ritants ont \u00e9t\u00e9 soutenus &hellip; Continue reading &quot;Partenariats&quot;\" \/>\n<meta property=\"og:url\" content=\"https:\/\/lab-ncs.com\/fr\/conventions\/\" \/>\n<meta property=\"og:site_name\" content=\"NeuroComScience, Laboratorio di analisi comportamentale - Comunicazione non verbale.\" \/>\n<meta property=\"article:modified_time\" content=\"2018-03-14T14:26:42+00:00\" \/>\n<meta property=\"og:image\" content=\"https:\/\/lab-ncs.com\/wp-content\/uploads\/2013\/11\/personale.png\" \/>\n\t<meta property=\"og:image:width\" content=\"300\" \/>\n\t<meta property=\"og:image:height\" content=\"100\" \/>\n\t<meta property=\"og:image:type\" content=\"image\/png\" \/>\n<meta name=\"twitter:label1\" content=\"Dur\u00e9e de lecture estim\u00e9e\" \/>\n\t<meta name=\"twitter:data1\" content=\"2 minutes\" \/>\n<script type=\"application\/ld+json\" class=\"yoast-schema-graph\">{\"@context\":\"https:\/\/schema.org\",\"@graph\":[{\"@type\":\"WebSite\",\"@id\":\"https:\/\/lab-ncs.com\/#website\",\"url\":\"https:\/\/lab-ncs.com\/\",\"name\":\"NeuroComScience, Laboratorio di analisi comportamentale - Comunicazione non verbale.\",\"description\":\"Analisi delle espressioni facciali\",\"potentialAction\":[{\"@type\":\"SearchAction\",\"target\":{\"@type\":\"EntryPoint\",\"urlTemplate\":\"https:\/\/lab-ncs.com\/?s={search_term_string}\"},\"query-input\":\"required name=search_term_string\"}],\"inLanguage\":\"fr-FR\"},{\"@type\":\"ImageObject\",\"@id\":\"https:\/\/lab-ncs.com\/fr\/conventions\/#primaryimage\",\"inLanguage\":\"fr-FR\",\"url\":\"https:\/\/lab-ncs.com\/wp-content\/uploads\/2013\/11\/personale.png\",\"contentUrl\":\"https:\/\/lab-ncs.com\/wp-content\/uploads\/2013\/11\/personale.png\",\"width\":300,\"height\":100},{\"@type\":\"WebPage\",\"@id\":\"https:\/\/lab-ncs.com\/fr\/conventions\/#webpage\",\"url\":\"https:\/\/lab-ncs.com\/fr\/conventions\/\",\"name\":\"Partenariats - NeuroComScience, Laboratorio di analisi comportamentale - Comunicazione non verbale.\",\"isPartOf\":{\"@id\":\"https:\/\/lab-ncs.com\/#website\"},\"primaryImageOfPage\":{\"@id\":\"https:\/\/lab-ncs.com\/fr\/conventions\/#primaryimage\"},\"datePublished\":\"2017-04-11T17:46:18+00:00\",\"dateModified\":\"2018-03-14T14:26:42+00:00\",\"breadcrumb\":{\"@id\":\"https:\/\/lab-ncs.com\/fr\/conventions\/#breadcrumb\"},\"inLanguage\":\"fr-FR\",\"potentialAction\":[{\"@type\":\"ReadAction\",\"target\":[\"https:\/\/lab-ncs.com\/fr\/conventions\/\"]}]},{\"@type\":\"BreadcrumbList\",\"@id\":\"https:\/\/lab-ncs.com\/fr\/conventions\/#breadcrumb\",\"itemListElement\":[{\"@type\":\"ListItem\",\"position\":1,\"name\":\"Home\",\"item\":\"https:\/\/lab-ncs.com\/fr\/\"},{\"@type\":\"ListItem\",\"position\":2,\"name\":\"Partenariats\"}]}]}<\/script>\n<!-- \/ Yoast SEO plugin. -->","yoast_head_json":{"title":"Partenariats - NeuroComScience, Laboratorio di analisi comportamentale - Comunicazione non verbale.","robots":{"index":"index","follow":"follow","max-snippet":"max-snippet:-1","max-image-preview":"max-image-preview:large","max-video-preview":"max-video-preview:-1"},"canonical":"https:\/\/lab-ncs.com\/fr\/conventions\/","og_locale":"fr_FR","og_type":"article","og_title":"Partenariats - NeuroComScience, Laboratorio di analisi comportamentale - Comunicazione non verbale.","og_description":"NeuroComScience a pass\u00e9 un accord avec l&#8217;Universit\u00e9 de Trieste, en particulier avec le D\u00e9partement des Sciences de la Vie. L&#8217;objet de la collaboration est le d\u00e9veloppement conjoint de projets de recherche exp\u00e9rimentale. NeuroComScience offre aux \u00e9tudiants des exp\u00e9riences pratiques en laboratoire et une collaboration dans le d\u00e9veloppement de th\u00e8ses. Des \u00e9tudiants m\u00e9ritants ont \u00e9t\u00e9 soutenus &hellip; Continue reading \"Partenariats\"","og_url":"https:\/\/lab-ncs.com\/fr\/conventions\/","og_site_name":"NeuroComScience, Laboratorio di analisi comportamentale - Comunicazione non verbale.","article_modified_time":"2018-03-14T14:26:42+00:00","og_image":[{"width":300,"height":100,"url":"https:\/\/lab-ncs.com\/wp-content\/uploads\/2013\/11\/personale.png","type":"image\/png"}],"twitter_misc":{"Dur\u00e9e de lecture estim\u00e9e":"2 minutes"},"schema":{"@context":"https:\/\/schema.org","@graph":[{"@type":"WebSite","@id":"https:\/\/lab-ncs.com\/#website","url":"https:\/\/lab-ncs.com\/","name":"NeuroComScience, Laboratorio di analisi comportamentale - Comunicazione non verbale.","description":"Analisi delle espressioni facciali","potentialAction":[{"@type":"SearchAction","target":{"@type":"EntryPoint","urlTemplate":"https:\/\/lab-ncs.com\/?s={search_term_string}"},"query-input":"required name=search_term_string"}],"inLanguage":"fr-FR"},{"@type":"ImageObject","@id":"https:\/\/lab-ncs.com\/fr\/conventions\/#primaryimage","inLanguage":"fr-FR","url":"https:\/\/lab-ncs.com\/wp-content\/uploads\/2013\/11\/personale.png","contentUrl":"https:\/\/lab-ncs.com\/wp-content\/uploads\/2013\/11\/personale.png","width":300,"height":100},{"@type":"WebPage","@id":"https:\/\/lab-ncs.com\/fr\/conventions\/#webpage","url":"https:\/\/lab-ncs.com\/fr\/conventions\/","name":"Partenariats - NeuroComScience, Laboratorio di analisi comportamentale - Comunicazione non verbale.","isPartOf":{"@id":"https:\/\/lab-ncs.com\/#website"},"primaryImageOfPage":{"@id":"https:\/\/lab-ncs.com\/fr\/conventions\/#primaryimage"},"datePublished":"2017-04-11T17:46:18+00:00","dateModified":"2018-03-14T14:26:42+00:00","breadcrumb":{"@id":"https:\/\/lab-ncs.com\/fr\/conventions\/#breadcrumb"},"inLanguage":"fr-FR","potentialAction":[{"@type":"ReadAction","target":["https:\/\/lab-ncs.com\/fr\/conventions\/"]}]},{"@type":"BreadcrumbList","@id":"https:\/\/lab-ncs.com\/fr\/conventions\/#breadcrumb","itemListElement":[{"@type":"ListItem","position":1,"name":"Home","item":"https:\/\/lab-ncs.com\/fr\/"},{"@type":"ListItem","position":2,"name":"Partenariats"}]}]}},"_links":{"self":[{"href":"https:\/\/lab-ncs.com\/fr\/wp-json\/wp\/v2\/pages\/12996"}],"collection":[{"href":"https:\/\/lab-ncs.com\/fr\/wp-json\/wp\/v2\/pages"}],"about":[{"href":"https:\/\/lab-ncs.com\/fr\/wp-json\/wp\/v2\/types\/page"}],"author":[{"embeddable":true,"href":"https:\/\/lab-ncs.com\/fr\/wp-json\/wp\/v2\/users\/2"}],"replies":[{"embeddable":true,"href":"https:\/\/lab-ncs.com\/fr\/wp-json\/wp\/v2\/comments?post=12996"}],"version-history":[{"count":1,"href":"https:\/\/lab-ncs.com\/fr\/wp-json\/wp\/v2\/pages\/12996\/revisions"}],"predecessor-version":[{"id":19729,"href":"https:\/\/lab-ncs.com\/fr\/wp-json\/wp\/v2\/pages\/12996\/revisions\/19729"}],"wp:featuredmedia":[{"embeddable":true,"href":"https:\/\/lab-ncs.com\/fr\/wp-json\/wp\/v2\/media\/13006"}],"wp:attachment":[{"href":"https:\/\/lab-ncs.com\/fr\/wp-json\/wp\/v2\/media?parent=12996"}],"curies":[{"name":"wp","href":"https:\/\/api.w.org\/{rel}","templated":true}]}}