{"id":12985,"date":"2016-10-01T09:47:33","date_gmt":"2016-10-01T09:47:33","guid":{"rendered":"https:\/\/lab-ncs.com\/points-dexcellence\/"},"modified":"2018-02-21T15:32:00","modified_gmt":"2018-02-21T15:32:00","slug":"point-dexcellence","status":"publish","type":"page","link":"https:\/\/lab-ncs.com\/fr\/","title":{"rendered":"Point d&#8217;Excellence"},"content":{"rendered":"<p class=\"lead\">NeuroComScience a remport\u00e9 en 2013 le <strong>premier prix<\/strong> pour le projet de recherche qui est en cours de r\u00e9alisation \u00e0 technoAREA re\u00e7u par le D\u00e9partement de recherche de Trieste et par la Chambre de Commerce de Gorizia.<\/p>\n<p class=\"lead\"><strong>NeuroComScience<\/strong>\u00a0est le point de r\u00e9f\u00e9rence en Italie\u00a0 pour les techniques d&#8217;analyse comportementale, avec une forte sp\u00e9cialisation dans l&#8217;analyse non-verbale dans le cadre professionnel.<\/p>\n","protected":false},"excerpt":{"rendered":"<p>NeuroComScience a remport\u00e9 en 2013 le premier prix pour le projet de recherche qui est en cours de r\u00e9alisation \u00e0 technoAREA re\u00e7u par le D\u00e9partement de recherche de Trieste et par la Chambre de Commerce de Gorizia. NeuroComScience\u00a0est le point de r\u00e9f\u00e9rence en Italie\u00a0 pour les techniques d&#8217;analyse comportementale, avec une forte sp\u00e9cialisation dans l&#8217;analyse &hellip; <a href=\"https:\/\/lab-ncs.com\/fr\/\" class=\"more-link\">Continue reading<span class=\"screen-reader-text\"> &#8220;Point d&#8217;Excellence&#8221;<\/span><\/a><\/p>\n","protected":false},"author":2,"featured_media":0,"parent":0,"menu_order":0,"comment_status":"closed","ping_status":"closed","template":"","meta":{"om_disable_all_campaigns":false,"_mi_skip_tracking":false},"aioseo_notices":[],"yoast_head":"<!-- This site is optimized with the Yoast SEO plugin v18.6 - https:\/\/yoast.com\/wordpress\/plugins\/seo\/ -->\n<title>NeuroComScience, Laboratorio di analisi comportamentale - Comunicazione non verbale.<\/title>\n<meta name=\"description\" content=\"Techniques et m\u00e9thodes d\u2019analyse du comportement non-verbal\" \/>\n<meta name=\"robots\" content=\"index, follow, max-snippet:-1, max-image-preview:large, max-video-preview:-1\" \/>\n<link rel=\"canonical\" href=\"https:\/\/lab-ncs.com\/fr\/\" \/>\n<meta property=\"og:locale\" content=\"fr_FR\" \/>\n<meta property=\"og:type\" content=\"article\" \/>\n<meta property=\"og:title\" content=\"Cours d\u2019Analyse Scientifique des Expressions Faciales\" \/>\n<meta property=\"og:description\" content=\"Techniques et m\u00e9thodes d\u2019analyse du comportement non-verbal: 7 \u2013 8 octobre 2017 \u00e0 Bruxelles 4 \u2013 5 novembre 2017 \u00e0 Gen\u00e8ve\" \/>\n<meta property=\"og:url\" content=\"https:\/\/lab-ncs.com\/fr\/\" \/>\n<meta property=\"og:site_name\" content=\"NeuroComScience, Laboratorio di analisi comportamentale - Comunicazione non verbale.\" \/>\n<meta property=\"article:modified_time\" content=\"2018-02-21T15:32:00+00:00\" \/>\n<meta property=\"og:image\" content=\"https:\/\/lab-ncs.com\/wp-content\/uploads\/2016\/10\/facebook-6-1.jpg\" \/>\n<script type=\"application\/ld+json\" class=\"yoast-schema-graph\">{\"@context\":\"https:\/\/schema.org\",\"@graph\":[{\"@type\":\"WebSite\",\"@id\":\"https:\/\/lab-ncs.com\/#website\",\"url\":\"https:\/\/lab-ncs.com\/\",\"name\":\"NeuroComScience, Laboratorio di analisi comportamentale - Comunicazione non verbale.\",\"description\":\"Analisi delle espressioni facciali\",\"potentialAction\":[{\"@type\":\"SearchAction\",\"target\":{\"@type\":\"EntryPoint\",\"urlTemplate\":\"https:\/\/lab-ncs.com\/?s={search_term_string}\"},\"query-input\":\"required name=search_term_string\"}],\"inLanguage\":\"fr-FR\"},{\"@type\":\"ImageObject\",\"@id\":\"https:\/\/lab-ncs.com\/fr\/#primaryimage\",\"inLanguage\":\"fr-FR\",\"url\":\"\",\"contentUrl\":\"\"},{\"@type\":\"WebPage\",\"@id\":\"https:\/\/lab-ncs.com\/fr\/#webpage\",\"url\":\"https:\/\/lab-ncs.com\/fr\/\",\"name\":\"NeuroComScience, Laboratorio di analisi comportamentale - Comunicazione non verbale.\",\"isPartOf\":{\"@id\":\"https:\/\/lab-ncs.com\/#website\"},\"datePublished\":\"2016-10-01T09:47:33+00:00\",\"dateModified\":\"2018-02-21T15:32:00+00:00\",\"description\":\"Techniques et m\u00e9thodes d\u2019analyse du comportement non-verbal\",\"breadcrumb\":{\"@id\":\"https:\/\/lab-ncs.com\/fr\/#breadcrumb\"},\"inLanguage\":\"fr-FR\",\"potentialAction\":[{\"@type\":\"ReadAction\",\"target\":[\"https:\/\/lab-ncs.com\/fr\/\"]}]},{\"@type\":\"BreadcrumbList\",\"@id\":\"https:\/\/lab-ncs.com\/fr\/#breadcrumb\",\"itemListElement\":[{\"@type\":\"ListItem\",\"position\":1,\"name\":\"Home\",\"item\":\"https:\/\/lab-ncs.com\/fr\/\"},{\"@type\":\"ListItem\",\"position\":2,\"name\":\"Point d&rsquo;Excellence\"}]}]}<\/script>\n<!-- \/ Yoast SEO plugin. -->","yoast_head_json":{"title":"NeuroComScience, Laboratorio di analisi comportamentale - Comunicazione non verbale.","description":"Techniques et m\u00e9thodes d\u2019analyse du comportement non-verbal","robots":{"index":"index","follow":"follow","max-snippet":"max-snippet:-1","max-image-preview":"max-image-preview:large","max-video-preview":"max-video-preview:-1"},"canonical":"https:\/\/lab-ncs.com\/fr\/","og_locale":"fr_FR","og_type":"article","og_title":"Cours d\u2019Analyse Scientifique des Expressions Faciales","og_description":"Techniques et m\u00e9thodes d\u2019analyse du comportement non-verbal: 7 \u2013 8 octobre 2017 \u00e0 Bruxelles 4 \u2013 5 novembre 2017 \u00e0 Gen\u00e8ve","og_url":"https:\/\/lab-ncs.com\/fr\/","og_site_name":"NeuroComScience, Laboratorio di analisi comportamentale - Comunicazione non verbale.","article_modified_time":"2018-02-21T15:32:00+00:00","og_image":[{"url":"https:\/\/lab-ncs.com\/wp-content\/uploads\/2016\/10\/facebook-6-1.jpg"}],"schema":{"@context":"https:\/\/schema.org","@graph":[{"@type":"WebSite","@id":"https:\/\/lab-ncs.com\/#website","url":"https:\/\/lab-ncs.com\/","name":"NeuroComScience, Laboratorio di analisi comportamentale - Comunicazione non verbale.","description":"Analisi delle espressioni facciali","potentialAction":[{"@type":"SearchAction","target":{"@type":"EntryPoint","urlTemplate":"https:\/\/lab-ncs.com\/?s={search_term_string}"},"query-input":"required name=search_term_string"}],"inLanguage":"fr-FR"},{"@type":"ImageObject","@id":"https:\/\/lab-ncs.com\/fr\/#primaryimage","inLanguage":"fr-FR","url":"","contentUrl":""},{"@type":"WebPage","@id":"https:\/\/lab-ncs.com\/fr\/#webpage","url":"https:\/\/lab-ncs.com\/fr\/","name":"NeuroComScience, Laboratorio di analisi comportamentale - Comunicazione non verbale.","isPartOf":{"@id":"https:\/\/lab-ncs.com\/#website"},"datePublished":"2016-10-01T09:47:33+00:00","dateModified":"2018-02-21T15:32:00+00:00","description":"Techniques et m\u00e9thodes d\u2019analyse du comportement non-verbal","breadcrumb":{"@id":"https:\/\/lab-ncs.com\/fr\/#breadcrumb"},"inLanguage":"fr-FR","potentialAction":[{"@type":"ReadAction","target":["https:\/\/lab-ncs.com\/fr\/"]}]},{"@type":"BreadcrumbList","@id":"https:\/\/lab-ncs.com\/fr\/#breadcrumb","itemListElement":[{"@type":"ListItem","position":1,"name":"Home","item":"https:\/\/lab-ncs.com\/fr\/"},{"@type":"ListItem","position":2,"name":"Point d&rsquo;Excellence"}]}]}},"_links":{"self":[{"href":"https:\/\/lab-ncs.com\/fr\/wp-json\/wp\/v2\/pages\/12985"}],"collection":[{"href":"https:\/\/lab-ncs.com\/fr\/wp-json\/wp\/v2\/pages"}],"about":[{"href":"https:\/\/lab-ncs.com\/fr\/wp-json\/wp\/v2\/types\/page"}],"author":[{"embeddable":true,"href":"https:\/\/lab-ncs.com\/fr\/wp-json\/wp\/v2\/users\/2"}],"replies":[{"embeddable":true,"href":"https:\/\/lab-ncs.com\/fr\/wp-json\/wp\/v2\/comments?post=12985"}],"version-history":[{"count":1,"href":"https:\/\/lab-ncs.com\/fr\/wp-json\/wp\/v2\/pages\/12985\/revisions"}],"predecessor-version":[{"id":18999,"href":"https:\/\/lab-ncs.com\/fr\/wp-json\/wp\/v2\/pages\/12985\/revisions\/18999"}],"wp:attachment":[{"href":"https:\/\/lab-ncs.com\/fr\/wp-json\/wp\/v2\/media?parent=12985"}],"curies":[{"name":"wp","href":"https:\/\/api.w.org\/{rel}","templated":true}]}}