{"id":12968,"date":"2016-10-01T12:59:28","date_gmt":"2017-04-11T16:58:59","guid":{"rendered":"https:\/\/lab-ncs.com\/progetti-di-ricerca\/"},"modified":"2017-04-11T17:03:56","modified_gmt":"2017-04-11T17:03:56","slug":"projets-de-recherche","status":"publish","type":"page","link":"https:\/\/lab-ncs.com\/fr\/projets-de-recherche\/","title":{"rendered":"Projets de recherche"},"content":{"rendered":"<header class=\"icon-heading\"><span class=\"section-header-icon icon icon-light-bulb\"><\/span><h2>Recherche scientifique<span><\/span><\/h2><\/header>\n<p class=\"lead\">NeuroComScience d\u00e9veloppe des projets de <strong>recherche exp\u00e9rimentale<\/strong> sur l&#8217;interpr\u00e9tation du comportement humain <strong>utile<\/strong> pour l&#8217;application sur le terrain, dans les entreprises, les institutions et pour les professionnels. La structure collabore avec diverses <strong>Universit\u00e9s<\/strong> italiennes pour des projets exp\u00e9rimentaux et il est conventionn\u00e9 avec l&#8217;Universit\u00e9 de Trieste-D\u00e9partement des Sciences de la Vie. NeuroComScience suit le d\u00e9roulement de th\u00e8ses universitaires et finance les bourses de recherche postdoctorale.<\/p>\n<p class=\"lead\">L\u2019organisation dispose d&#8217;un laboratoire de recherche \u00e9quip\u00e9 d\u2019une cabine d&#8217;observation, de micro cam\u00e9ras, de cam\u00e9ras vid\u00e9o et d\u2019instruments de mesure des changements physiologiques. En 2013, il a remport\u00e9 le premier prix pour le projet de recherche r\u00e9alis\u00e9 \u00e0 technoAREA de Gorizia.<\/p>\n<header class=\"icon-heading\"><span class=\"section-header-icon icon icon-cog\"><\/span><h2>Projets en cours<span><\/span><\/h2><\/header>\n<div class=\"container container-narrow\">\n<div class=\"row\">\n<div class=\"item item-gutter\">\n<h3>Recherche &#8220;ANALYSE DU VISAGE ET DU CORPS DANS LE RECRUTEMENT&#8221;<\/h3>\n<p>Outils innovants pour l&#8217;entrevue de s\u00e9lection du personnel en vue d&#8217;obtenir pour le s\u00e9lectionneur une plus grande pr\u00e9cision dans la pr\u00e9diction du comportement du candidat au travail.\n<\/p><\/div>\n<div class=\"item\">\n<h3>Projet de recherche &#8220;ANALYSE DU COMPORTEMENT NON-VERBAL DANS LE T\u00c9MOIGNAGE&#8221;<\/h3>\n<p>Recherche sur les indicateurs comportementaux de mensonge pour les enqu\u00eateurs. Sur tel projet, une bourse de doctorat a \u00e9t\u00e9 financ\u00e9e de 2016 \u00e0 2019.\n<\/p><\/div>\n<\/div>\n<div class=\"row\">\n<div class=\"item item-gutter\">\n<h3>Outil BODY CODING SYSTEM (BCS)<\/h3>\n<p>Techniques et m\u00e9thodes de pointe pour une description et interpr\u00e9tation syst\u00e9matique du langage corporel.\n<\/p><\/div>\n<div class=\"item\">\n<h3>Projet &#8220;TROUBLES DU SPECTRE AUTISTIQUE ET COMMUNICATION NON-VERBALE&#8221;<\/h3>\n<p>D\u00e9veloppement de nouvelles m\u00e9thodes d&#8217;intervention pour am\u00e9liorer le comportement et la sph\u00e8re relationnelle des enfants et des adolescents atteints de troubles du spectre autistique.\n<\/p><\/div>\n<\/div>\n<\/div>\n","protected":false},"excerpt":{"rendered":"<p>NeuroComScience d\u00e9veloppe des projets de recherche exp\u00e9rimentale sur l&#8217;interpr\u00e9tation du comportement humain utile pour l&#8217;application sur le terrain, dans les entreprises, les institutions et pour les professionnels. La structure collabore avec diverses Universit\u00e9s italiennes pour des projets exp\u00e9rimentaux et il est conventionn\u00e9 avec l&#8217;Universit\u00e9 de Trieste-D\u00e9partement des Sciences de la Vie. NeuroComScience suit le d\u00e9roulement &hellip; <a href=\"https:\/\/lab-ncs.com\/fr\/projets-de-recherche\/\" class=\"more-link\">Continue reading<span class=\"screen-reader-text\"> &#8220;Projets de recherche&#8221;<\/span><\/a><\/p>\n","protected":false},"author":2,"featured_media":0,"parent":0,"menu_order":0,"comment_status":"closed","ping_status":"closed","template":"page-templates\/page-right-sidebar.php","meta":{"om_disable_all_campaigns":false},"aioseo_notices":[],"yoast_head":"<!-- This site is optimized with the Yoast SEO plugin v18.6 - https:\/\/yoast.com\/wordpress\/plugins\/seo\/ -->\n<title>Projets de recherche - NeuroComScience, Laboratorio di analisi comportamentale - Comunicazione non verbale.<\/title>\n<meta name=\"robots\" content=\"index, follow, max-snippet:-1, max-image-preview:large, max-video-preview:-1\" \/>\n<link rel=\"canonical\" href=\"https:\/\/lab-ncs.com\/fr\/projets-de-recherche\/\" \/>\n<meta property=\"og:locale\" content=\"fr_FR\" \/>\n<meta property=\"og:type\" content=\"article\" \/>\n<meta property=\"og:title\" content=\"Projets de recherche - NeuroComScience, Laboratorio di analisi comportamentale - Comunicazione non verbale.\" \/>\n<meta property=\"og:description\" content=\"NeuroComScience d\u00e9veloppe des projets de recherche exp\u00e9rimentale sur l&#8217;interpr\u00e9tation du comportement humain utile pour l&#8217;application sur le terrain, dans les entreprises, les institutions et pour les professionnels. La structure collabore avec diverses Universit\u00e9s italiennes pour des projets exp\u00e9rimentaux et il est conventionn\u00e9 avec l&#8217;Universit\u00e9 de Trieste-D\u00e9partement des Sciences de la Vie. NeuroComScience suit le d\u00e9roulement &hellip; Continue reading &quot;Projets de recherche&quot;\" \/>\n<meta property=\"og:url\" content=\"https:\/\/lab-ncs.com\/fr\/projets-de-recherche\/\" \/>\n<meta property=\"og:site_name\" content=\"NeuroComScience, Laboratorio di analisi comportamentale - Comunicazione non verbale.\" \/>\n<meta property=\"article:modified_time\" content=\"2017-04-11T17:03:56+00:00\" \/>\n<meta name=\"twitter:label1\" content=\"Dur\u00e9e de lecture estim\u00e9e\" \/>\n\t<meta name=\"twitter:data1\" content=\"1 minute\" \/>\n<script type=\"application\/ld+json\" class=\"yoast-schema-graph\">{\"@context\":\"https:\/\/schema.org\",\"@graph\":[{\"@type\":\"WebSite\",\"@id\":\"https:\/\/lab-ncs.com\/#website\",\"url\":\"https:\/\/lab-ncs.com\/\",\"name\":\"NeuroComScience, Laboratorio di analisi comportamentale - Comunicazione non verbale.\",\"description\":\"Analisi delle espressioni facciali\",\"potentialAction\":[{\"@type\":\"SearchAction\",\"target\":{\"@type\":\"EntryPoint\",\"urlTemplate\":\"https:\/\/lab-ncs.com\/?s={search_term_string}\"},\"query-input\":\"required name=search_term_string\"}],\"inLanguage\":\"fr-FR\"},{\"@type\":\"WebPage\",\"@id\":\"https:\/\/lab-ncs.com\/fr\/projets-de-recherche\/#webpage\",\"url\":\"https:\/\/lab-ncs.com\/fr\/projets-de-recherche\/\",\"name\":\"Projets de recherche - NeuroComScience, Laboratorio di analisi comportamentale - Comunicazione non verbale.\",\"isPartOf\":{\"@id\":\"https:\/\/lab-ncs.com\/#website\"},\"datePublished\":\"2017-04-11T16:58:59+00:00\",\"dateModified\":\"2017-04-11T17:03:56+00:00\",\"breadcrumb\":{\"@id\":\"https:\/\/lab-ncs.com\/fr\/projets-de-recherche\/#breadcrumb\"},\"inLanguage\":\"fr-FR\",\"potentialAction\":[{\"@type\":\"ReadAction\",\"target\":[\"https:\/\/lab-ncs.com\/fr\/projets-de-recherche\/\"]}]},{\"@type\":\"BreadcrumbList\",\"@id\":\"https:\/\/lab-ncs.com\/fr\/projets-de-recherche\/#breadcrumb\",\"itemListElement\":[{\"@type\":\"ListItem\",\"position\":1,\"name\":\"Home\",\"item\":\"https:\/\/lab-ncs.com\/fr\/\"},{\"@type\":\"ListItem\",\"position\":2,\"name\":\"Projets de recherche\"}]}]}<\/script>\n<!-- \/ Yoast SEO plugin. -->","yoast_head_json":{"title":"Projets de recherche - NeuroComScience, Laboratorio di analisi comportamentale - Comunicazione non verbale.","robots":{"index":"index","follow":"follow","max-snippet":"max-snippet:-1","max-image-preview":"max-image-preview:large","max-video-preview":"max-video-preview:-1"},"canonical":"https:\/\/lab-ncs.com\/fr\/projets-de-recherche\/","og_locale":"fr_FR","og_type":"article","og_title":"Projets de recherche - NeuroComScience, Laboratorio di analisi comportamentale - Comunicazione non verbale.","og_description":"NeuroComScience d\u00e9veloppe des projets de recherche exp\u00e9rimentale sur l&#8217;interpr\u00e9tation du comportement humain utile pour l&#8217;application sur le terrain, dans les entreprises, les institutions et pour les professionnels. La structure collabore avec diverses Universit\u00e9s italiennes pour des projets exp\u00e9rimentaux et il est conventionn\u00e9 avec l&#8217;Universit\u00e9 de Trieste-D\u00e9partement des Sciences de la Vie. NeuroComScience suit le d\u00e9roulement &hellip; Continue reading \"Projets de recherche\"","og_url":"https:\/\/lab-ncs.com\/fr\/projets-de-recherche\/","og_site_name":"NeuroComScience, Laboratorio di analisi comportamentale - Comunicazione non verbale.","article_modified_time":"2017-04-11T17:03:56+00:00","twitter_misc":{"Dur\u00e9e de lecture estim\u00e9e":"1 minute"},"schema":{"@context":"https:\/\/schema.org","@graph":[{"@type":"WebSite","@id":"https:\/\/lab-ncs.com\/#website","url":"https:\/\/lab-ncs.com\/","name":"NeuroComScience, Laboratorio di analisi comportamentale - Comunicazione non verbale.","description":"Analisi delle espressioni facciali","potentialAction":[{"@type":"SearchAction","target":{"@type":"EntryPoint","urlTemplate":"https:\/\/lab-ncs.com\/?s={search_term_string}"},"query-input":"required name=search_term_string"}],"inLanguage":"fr-FR"},{"@type":"WebPage","@id":"https:\/\/lab-ncs.com\/fr\/projets-de-recherche\/#webpage","url":"https:\/\/lab-ncs.com\/fr\/projets-de-recherche\/","name":"Projets de recherche - NeuroComScience, Laboratorio di analisi comportamentale - Comunicazione non verbale.","isPartOf":{"@id":"https:\/\/lab-ncs.com\/#website"},"datePublished":"2017-04-11T16:58:59+00:00","dateModified":"2017-04-11T17:03:56+00:00","breadcrumb":{"@id":"https:\/\/lab-ncs.com\/fr\/projets-de-recherche\/#breadcrumb"},"inLanguage":"fr-FR","potentialAction":[{"@type":"ReadAction","target":["https:\/\/lab-ncs.com\/fr\/projets-de-recherche\/"]}]},{"@type":"BreadcrumbList","@id":"https:\/\/lab-ncs.com\/fr\/projets-de-recherche\/#breadcrumb","itemListElement":[{"@type":"ListItem","position":1,"name":"Home","item":"https:\/\/lab-ncs.com\/fr\/"},{"@type":"ListItem","position":2,"name":"Projets de recherche"}]}]}},"_links":{"self":[{"href":"https:\/\/lab-ncs.com\/fr\/wp-json\/wp\/v2\/pages\/12968"}],"collection":[{"href":"https:\/\/lab-ncs.com\/fr\/wp-json\/wp\/v2\/pages"}],"about":[{"href":"https:\/\/lab-ncs.com\/fr\/wp-json\/wp\/v2\/types\/page"}],"author":[{"embeddable":true,"href":"https:\/\/lab-ncs.com\/fr\/wp-json\/wp\/v2\/users\/2"}],"replies":[{"embeddable":true,"href":"https:\/\/lab-ncs.com\/fr\/wp-json\/wp\/v2\/comments?post=12968"}],"version-history":[{"count":0,"href":"https:\/\/lab-ncs.com\/fr\/wp-json\/wp\/v2\/pages\/12968\/revisions"}],"wp:attachment":[{"href":"https:\/\/lab-ncs.com\/fr\/wp-json\/wp\/v2\/media?parent=12968"}],"curies":[{"name":"wp","href":"https:\/\/api.w.org\/{rel}","templated":true}]}}