{"id":12946,"date":"2017-04-11T16:21:45","date_gmt":"2017-04-11T16:21:45","guid":{"rendered":"https:\/\/lab-ncs.com\/master\/"},"modified":"2023-12-22T22:48:52","modified_gmt":"2023-12-22T21:48:52","slug":"master-2","status":"publish","type":"page","link":"https:\/\/lab-ncs.com\/fr\/master-2\/","title":{"rendered":"Master"},"content":{"rendered":"<p>[vc_row][vc_column][vc_column_text]<header class=\"icon-heading\"><span class=\"section-header-icon icon icon-graduation-cap\"><\/span><h2>Master en Analyse comportementale.<\/p>\n<p style=\"text-align: center;\">Techniques et m\u00e9thodes scientifiques d&#8217;analyse verbale et non verbale<span><\/span><\/h2><\/header><\/p>\n<div class=\"col\">\n<p style=\"text-align: left;\">[\/vc_column_text][\/vc_column][\/vc_row][vc_row][vc_column]<div id=\"ultimate-heading-868069d629590fb59\" class=\"uvc-heading ult-adjust-bottom-margin ultimate-heading-868069d629590fb59 uvc-9862 \" data-hspacer=\"line_only\"  data-halign=\"center\" style=\"text-align:center\"><div class=\"uvc-main-heading ult-responsive\"  data-ultimate-target='.uvc-heading.ultimate-heading-868069d629590fb59 h2'  data-responsive-json-new='{\"font-size\":\"\",\"line-height\":\"\"}' ><h2 style=\"font-weight:normal;\"><span>\u00c0 la fin, vous serez capable de...<\/span><\/h2><\/div><div class=\"uvc-heading-spacer line_only\" style=\"margin-top:10px; margin-bottom:36px;height:5px;\"><span class=\"uvc-headings-line\" style=\"border-style:solid;border-bottom-width:5px;border-color:#f15a24;width:100px;\"><\/span><\/div><\/div>[\/vc_column][\/vc_row][vc_row][vc_column width=&#8221;1\/4&#8243;][vc_single_image image=&#8221;12921&#8243; alignment=&#8221;center&#8221;][vc_column_text]<\/p>\n<h3 style=\"text-align: left;\"><span>COMPRENDRE<\/span><\/h3>\n<p><span>avec plus de pr\u00e9cision et de rapidit\u00e9 les personnes gr\u00e2ce \u00e0 la lecture scientifique du comportement verbal et non verbal<\/span>[\/vc_column_text][\/vc_column][vc_column width=&#8221;1\/4&#8243;][vc_single_image image=&#8221;12922&#8243; alignment=&#8221;center&#8221;][vc_column_text]<\/p>\n<h3 style=\"text-align: left;\"><span>INTERPR\u00c9TER<\/span><\/h3>\n<p><span>de mani\u00e8re ad\u00e9quate le &#8220;non-dit&#8221; gr\u00e2ce \u00e0 l&#8217;utilisation de techniques et m\u00e9thodes d&#8217;analyse non verbale<\/span>[\/vc_column_text][\/vc_column][vc_column width=&#8221;1\/4&#8243;][vc_single_image image=&#8221;12923&#8243; alignment=&#8221;center&#8221;][vc_column_text]<\/p>\n<h3 style=\"text-align: left;\"><span>LIRE<\/span><\/h3>\n<p><span>avec objectivit\u00e9 scientifique les significations de tous les canaux : expressions faciales, gestes, postures, aspects non verbaux de la voix, l&#8217;utilisation des mots<\/span>[\/vc_column_text][\/vc_column][vc_column width=&#8221;1\/4&#8243;][vc_single_image image=&#8221;12941&#8243; alignment=&#8221;center&#8221;][vc_column_text]<\/p>\n<h3 style=\"text-align: left;\"><span>UTILISER<\/span><\/h3>\n<p><span>les techniques et m\u00e9thodes d&#8217;analyse comportementale dans diff\u00e9rents domaines d&#8217;application<\/span>[\/vc_column_text][\/vc_column][\/vc_row][vc_row][vc_column]<div class=\"ult-just-icon-wrapper   vc_custom_1508950946203\"><div class=\"align-icon\" style=\"text-align:center;\">\n<a class=\"aio-tooltip 69d629590fbc5\" href=\"#calendario\"  data-toggle=\"tooltip\" data-placement=\"\"><div class=\"aio-icon circle \" data-animation=\"fadeInDown\" data-animation-delay=\"03\" style=\"color:#f15d24;background:rgba(253,253,250,0.5);font-size:48px;display:inline-block;\">\n\t<i class=\"Defaults-chevron-down\"><\/i>\n<\/div><\/a><\/div><\/div>[\/vc_column][\/vc_row][vc_section el_id=&#8221;calendario&#8221;][vc_row][vc_column][vc_column_text]<\/p>\n<div class=\"cards\">\n<div class=\"esercizi-pratici\" style=\"display: flex; width: 100%; flex-direction: column; align-content: center; flex-wrap: wrap; padding: 20px; background-color: #fdf5e6; border-radius: 25px;\"><strong class=\"text\" style=\"font-size: 27px; font-weight: bold; font-family: Source Sans Pro,Helvetica,Arial,sans-serif; color: #f15a24;\"><span>Exercices pratiques cibl\u00e9s et test\u00e9s<\/span><\/strong><br \/>\n<span style=\"font-size: 18px; font-family: Source Sans Pro,Helvetica,Arial,sans-serif;\"><span>Pendant les formations, de nombreux exercices d&#8217;analyse et d&#8217;interpr\u00e9tation du comportement sont r\u00e9alis\u00e9s.<\/span><\/span><\/div>\n<div class=\"applicazioni-pratiche\" style=\"display: flex; width: 100%; flex-direction: column; align-content: center; flex-wrap: wrap; padding: 20px; background-color: #fdf5e6; border-radius: 25px;\"><strong class=\"text\" style=\"font-size: 23px; font-weight: bold; font-family: Source Sans Pro,Helvetica,Arial,sans-serif; color: #f15a24;\"><span>Applications pratiques dans des domaines sp\u00e9cifiques<\/span><\/strong><br \/>\n<span style=\"font-size: 18px; margin-top: -30px; font-family: Source Sans Pro,Helvetica,Arial,sans-serif;\"><br \/>\n<span>\u00c0 la fin du programme et apr\u00e8s avoir r\u00e9ussi les examens, le dipl\u00f4m\u00e9 du Master est capable d&#8217;appliquer les techniques et m\u00e9thodes d&#8217;analyse comportementale dans un domaine sp\u00e9cifique choisi tel que le secteur d&#8217;entreprise (ressources humaines, s\u00e9lection du personnel, \u00e9valuation, leadership, coaching, neuromarketing), \u00e9ducatif (d\u00e9veloppement personnel, comp\u00e9tences relationnelles), juridique (investigation), \u00e9ducatif et clinique (probl\u00e8mes relationnels et comportementaux chez les enfants-adolescents-adultes, autisme).<\/span><br \/>\n<\/span><\/div>\n<div class=\"certificazione\" style=\"display: flex; width: 100%; flex-direction: column; align-content: center; flex-wrap: wrap; padding: 20px; background-color: #fdf5e6; border-radius: 25px;\"><strong class=\"text\" style=\"font-size: 27px; font-weight: bold; font-family: Source Sans Pro,Helvetica,Arial,sans-serif; color: #f15a24;\"><span>Certification &#8211; attestation<\/span><\/strong><br \/>\n<span style=\"font-size: 18px; font-family: Source Sans Pro,Helvetica,Arial,sans-serif;\"><span>Pendant les cours, des examens sont r\u00e9alis\u00e9s pour v\u00e9rifier l&#8217;utilisation des diff\u00e9rentes techniques et m\u00e9thodologies (incluses dans le co\u00fbt du cours).<\/span><\/span><\/div>\n<div class=\"parte-teorica\" style=\"display: flex; width: 100%; flex-direction: column; align-content: center; flex-wrap: wrap; padding: 20px; background-color: #fdf5e6; border-radius: 25px;\"><strong class=\"text\" style=\"font-size: 27px; font-weight: bold; line-height: 27px; font-family: Source Sans Pro,Helvetica,Arial,sans-serif; color: #f15a24;\"><span>Partie th\u00e9orique scientifique<\/span><\/strong><br \/>\n<span style=\"font-size: 18px; font-family: Source Sans Pro,Helvetica,Arial,sans-serif;\"><span>Explication compl\u00e8te th\u00e9orique et technique sur le fonctionnement des techniques et des m\u00e9thodes.<\/span><\/span><\/div>\n<\/div>\n<p>&nbsp;<\/p>\n<h3 class=\"underline-text-animation\" style=\"text-align: center;\"><em>&#8220;<span>Si vous voulez comprendre une personne, observez son comportement<\/span>&#8220;<\/em><\/h3>\n<p>&nbsp;<\/p>\n<\/div>\n<div class=\"col\">\n<ul>\n<li><span>4 formations de 8 heures chacune<\/span><\/li>\n<li>1 <span>le\u00e7on magistrale<\/span><\/li>\n<li><span>Exercices sur une plateforme d\u00e9di\u00e9e, photos et vid\u00e9os pour l&#8217;analyse comportementale<\/span><\/li>\n<li><span>Pratique en ligne : 1 fois par mois pendant 2 heures avec l&#8217;enseignant pendant 10 mois<\/span><\/li>\n<li><span>Examens de v\u00e9rification des techniques et m\u00e9thodes d&#8217;analyse pendant les formations<\/span><\/li>\n<\/ul>\n<div class=\"row\">\n<div class=\"item item-gutter\">\n<h3>Module 1<\/h3>\n<ul>\n<li><span>Techniques et m\u00e9thodologies d&#8217;analyse des expressions faciales.<\/span><\/li>\n<li><span>Objectifs: le participant sera capable d&#8217;appliquer les techniques de codage facial.<\/span><\/li>\n<li><span>EXAMEN de V\u00c9RIFICATION de l&#8217;utilisation des techniques d&#8217;analyse faciale qui aura lieu dans les derni\u00e8res heures du cours.<\/span><\/li>\n<\/ul>\n<\/div>\n<div><img loading=\"lazy\" class=\"alignnone size-full wp-image-25447\" style=\"margin-top: 10%; padding: 5%;\" src=\"https:\/\/lab-ncs.com\/wp-content\/uploads\/2023\/07\/t2-04-150x150-1.png\" alt=\"\" width=\"150\" height=\"150\" srcset=\"https:\/\/lab-ncs.com\/wp-content\/uploads\/2023\/07\/t2-04-150x150-1.png 150w, https:\/\/lab-ncs.com\/wp-content\/uploads\/2023\/07\/t2-04-150x150-1-100x100.png 100w\" sizes=\"(max-width: 150px) 85vw, 150px\" \/><\/div>\n<\/div>\n<div class=\"row\">\n<div class=\"item item-gutter\">\n<h3>Module 2<\/h3>\n<ul>\n<li><span>Syst\u00e8mes d&#8217;analyse du comportement gestuel moteur<\/span><\/li>\n<li><span>Objectifs : le participant sera capable d&#8217;int\u00e9grer la lecture du visage et du corps. Il sera capable d&#8217;analyser le comportement gestuel moteur avec des techniques professionnelles.<\/span><\/li>\n<li><span>EXAMEN de V\u00c9RIFICATION de l&#8217;utilisation des techniques d&#8217;analyse gestuelle motrice.<\/span><\/li>\n<\/ul>\n<\/div>\n<div><img loading=\"lazy\" class=\"alignnone size-full wp-image-25447\" style=\"margin-top: 30%; padding: 5%;\" src=\"https:\/\/lab-ncs.com\/wp-content\/uploads\/2023\/07\/t2-04-150x150-1.png\" alt=\"\" width=\"150\" height=\"150\" srcset=\"https:\/\/lab-ncs.com\/wp-content\/uploads\/2023\/07\/t2-04-150x150-1.png 150w, https:\/\/lab-ncs.com\/wp-content\/uploads\/2023\/07\/t2-04-150x150-1-100x100.png 100w\" sizes=\"(max-width: 150px) 85vw, 150px\" \/><\/div>\n<\/div>\n<div class=\"row\">\n<div class=\"item item-gutter\">\n<h3>Module 3<\/h3>\n<ul>\n<li><span>Proc\u00e9dures d&#8217;analyse vid\u00e9o et d&#8217;observation comportementale directe.<\/span><\/li>\n<li><span>Objectifs: formation intensive o\u00f9 le participant apprendra les outils d&#8217;analyse vid\u00e9o et les lignes directrices pour l&#8217;observation directe.<\/span><\/li>\n<\/ul>\n<\/div>\n<div><img loading=\"lazy\" class=\"alignnone size-full wp-image-25447\" style=\"margin-top: 10%; padding: 5%;\" src=\"https:\/\/lab-ncs.com\/wp-content\/uploads\/2023\/07\/t2-04-150x150-1.png\" alt=\"\" width=\"150\" height=\"150\" srcset=\"https:\/\/lab-ncs.com\/wp-content\/uploads\/2023\/07\/t2-04-150x150-1.png 150w, https:\/\/lab-ncs.com\/wp-content\/uploads\/2023\/07\/t2-04-150x150-1-100x100.png 100w\" sizes=\"(max-width: 150px) 85vw, 150px\" \/><\/div>\n<\/div>\n<div class=\"row\">\n<div class=\"item item-gutter\">\n<h3>Module 4<\/h3>\n<ul>\n<li><span>Proc\u00e9dures d&#8217;observation comportementale directe avanc\u00e9es et applications dans des secteurs sp\u00e9cifiques.<\/span><\/li>\n<li><span>Objectifs: le participant sera capable d&#8217;appliquer des techniques avanc\u00e9es dans un secteur sp\u00e9cifique : enqu\u00eate, entreprise, clinique et \u00e9ducation.<\/span><\/li>\n<li><span>EXAMEN de V\u00c9RIFICATION de l&#8217;utilisation des techniques d&#8217;observation directe du comportement non verbal.<\/span><\/li>\n<\/ul>\n<\/div>\n<div><img loading=\"lazy\" class=\"alignnone size-full wp-image-25447\" style=\"margin-top: 25%; padding: 5%;\" src=\"https:\/\/lab-ncs.com\/wp-content\/uploads\/2023\/07\/t2-04-150x150-1.png\" alt=\"\" width=\"150\" height=\"150\" srcset=\"https:\/\/lab-ncs.com\/wp-content\/uploads\/2023\/07\/t2-04-150x150-1.png 150w, https:\/\/lab-ncs.com\/wp-content\/uploads\/2023\/07\/t2-04-150x150-1-100x100.png 100w\" sizes=\"(max-width: 150px) 85vw, 150px\" \/><\/div>\n<\/div>\n<div class=\"row\">\n<div class=\"item item-gutter\">\n<h3>Module 5<\/h3>\n<ul>\n<li><span>Techniques et m\u00e9thodes d&#8217;analyse verbale.<\/span><\/li>\n<li><span>Le\u00e7on magistrale avec l&#8217;un des plus grands experts mondiaux du domaine.<\/span><\/li>\n<li><span>Objectifs : permettre au participant de rencontrer et de s&#8217;entretenir avec des experts internationaux.<\/span><\/li>\n<\/ul>\n<\/div>\n<div><img loading=\"lazy\" class=\"alignnone size-full wp-image-25447\" style=\"margin-top: 10%; padding: 5%;\" src=\"https:\/\/lab-ncs.com\/wp-content\/uploads\/2023\/07\/t2-04-150x150-1.png\" alt=\"\" width=\"150\" height=\"150\" srcset=\"https:\/\/lab-ncs.com\/wp-content\/uploads\/2023\/07\/t2-04-150x150-1.png 150w, https:\/\/lab-ncs.com\/wp-content\/uploads\/2023\/07\/t2-04-150x150-1-100x100.png 100w\" sizes=\"(max-width: 150px) 85vw, 150px\" \/><\/div>\n<\/div>\n<\/div>\n<header class=\"icon-heading\"><span class=\"section-header-icon icon icon-list\"><\/span><h2>Caract\u00e9ristiques<span><\/span><\/h2><\/header>\n<h3><span>Certifications &#8211; attestations<\/span><\/h3>\n<p><span>Pendant les 4 formations, des examens seront effectu\u00e9s pour v\u00e9rifier la comp\u00e9tence dans diverses techniques et m\u00e9thodologies d&#8217;analyse non verbale.<\/span><\/p>\n<h3><span>Exercices pratiques d&#8217;analyse<\/span><\/h3>\n<p><span>En plus des nombreux exercices pratiques effectu\u00e9s pendant les modules d&#8217;enseignement, les participants ont la possibilit\u00e9 de participer \u00e0 des exercices supervis\u00e9s par l&#8217;enseignant pour perfectionner et automatiser l&#8217;analyse. De plus, les inscrits au master ont acc\u00e8s gratuitement aux exercices sur la plateforme, o\u00f9 ils trouvent une s\u00e9rie de vid\u00e9os, de photos cod\u00e9es et d\u00e9cod\u00e9es par des analystes exp\u00e9riment\u00e9s.<\/span><\/p>\n<h3><span>Supervision<\/span><\/h3>\n<p><span>Le participant aura un tuteur p\u00e9dagogique de r\u00e9f\u00e9rence pour les aspects et les probl\u00e8mes li\u00e9s au parcours et \u00e0 son exp\u00e9rience dans la pratique de l&#8217;analyse.<\/span><\/p>\n<h3><span>Enseignants<\/span><\/h3>\n<p><span>NeuroComScience est leader en Italie dans ce secteur. Les enseignants sont des analystes comportementaux hautement sp\u00e9cialis\u00e9s, avec des titres acad\u00e9miques notables et une grande exp\u00e9rience sur le terrain.<\/span> <span>Voir les CV sur la page <a href=\"https:\/\/lab-ncs.com\/fr\/qui-sommes-nous\/\">Qui sommes-nous<\/a><\/span><\/p>\n<header class=\"icon-heading\"><span class=\"section-header-icon icon icon-price-ribbon\"><\/span><h2>Garantie<span><\/span><\/h2><\/header>\n<p style=\"font-size: 18px;\"><span>Chaque participant est suivi individuellement, et \u00e0 la fin du master, il poss\u00e8de une excellente pr\u00e9paration sur les techniques et les m\u00e9thodes. Le dipl\u00f4m\u00e9 du Master est capable de r\u00e9aliser des interpr\u00e9tations fiables du comportement, de reconna\u00eetre la signification des expressions faciales, gestuelles motrices et paraverbales.<\/span><\/p>\n<p style=\"text-align: center;\"><a style=\"font-size: 18px;\" href=\"https:\/\/lab-ncs.com\/testimonianze\/\" target=\"_blank\" rel=\"noopener\">Lisez les t\u00e9moignages des participants<\/a><\/p>\n<p style=\"font-size: 18px;\"><span>Des entreprises et organisations importantes choisissent NeuroComScience, parmi lesquelles BMW, Cameo, Trelleborg, Gi group, Exs Italia<\/span><\/p>\n<h3><span>LIEU<\/span><\/h3>\n<p><span>&#x1f449; LE MASTER SE D\u00c9ROULE \u00c0 DISTANCE. L&#8217;enseignant se connecte avec les participants.<\/span><\/p>\n<p><span style=\"color: #f15a24; font-size: 2.7rem; font-style: inherit; font-weight: 600;\"><br \/>\nDATES<\/span><\/p>\n<p style=\"text-align: left;\"><span>Pour le calendrier des formations, <a href=\"mailto:segreteria@lab-ncs.com\">\u00e9crivez-nous<\/a>. Nous vous r\u00e9pondrons imm\u00e9diatement en vous envoyant le calendrier des modules et en vous aidant \u00e0 atteindre au mieux vos objectifs. Il est conseill\u00e9 de laisser votre num\u00e9ro de t\u00e9l\u00e9phone pour une assistance encore plus efficace<\/span>.[\/vc_column_text][\/vc_column][\/vc_row]<\/p>\n","protected":false},"excerpt":{"rendered":"<p>[vc_row][vc_column][vc_column_text] [\/vc_column_text][\/vc_column][\/vc_row][vc_row][vc_column][\/vc_column][\/vc_row][vc_row][vc_column width=&#8221;1\/4&#8243;][vc_single_image image=&#8221;12921&#8243; alignment=&#8221;center&#8221;][vc_column_text] COMPRENDRE avec plus de pr\u00e9cision et de rapidit\u00e9 les personnes gr\u00e2ce \u00e0 la lecture scientifique du comportement verbal et non verbal[\/vc_column_text][\/vc_column][vc_column width=&#8221;1\/4&#8243;][vc_single_image image=&#8221;12922&#8243; alignment=&#8221;center&#8221;][vc_column_text] INTERPR\u00c9TER de mani\u00e8re ad\u00e9quate le &#8220;non-dit&#8221; gr\u00e2ce \u00e0 l&#8217;utilisation de techniques et m\u00e9thodes d&#8217;analyse non verbale[\/vc_column_text][\/vc_column][vc_column width=&#8221;1\/4&#8243;][vc_single_image image=&#8221;12923&#8243; alignment=&#8221;center&#8221;][vc_column_text] LIRE avec objectivit\u00e9 scientifique les significations de &hellip; <a href=\"https:\/\/lab-ncs.com\/fr\/master-2\/\" class=\"more-link\">Continue reading<span class=\"screen-reader-text\"> &#8220;Master&#8221;<\/span><\/a><\/p>\n","protected":false},"author":2,"featured_media":0,"parent":0,"menu_order":0,"comment_status":"closed","ping_status":"closed","template":"page-templates\/page-right-sidebar.php","meta":{"om_disable_all_campaigns":false,"_mi_skip_tracking":false},"aioseo_notices":[],"yoast_head":"<!-- This site is optimized with the Yoast SEO plugin v18.6 - https:\/\/yoast.com\/wordpress\/plugins\/seo\/ -->\n<title>Master NeuroComScience<\/title>\n<meta name=\"robots\" content=\"index, follow, max-snippet:-1, max-image-preview:large, max-video-preview:-1\" \/>\n<link rel=\"canonical\" href=\"https:\/\/lab-ncs.com\/fr\/master-2\/\" \/>\n<meta property=\"og:locale\" content=\"fr_FR\" \/>\n<meta property=\"og:type\" content=\"article\" \/>\n<meta property=\"og:title\" content=\"Master NeuroComScience\" \/>\n<meta property=\"og:description\" content=\"[vc_row][vc_column][vc_column_text] [\/vc_column_text][\/vc_column][\/vc_row][vc_row][vc_column][\/vc_column][\/vc_row][vc_row][vc_column width=&#8221;1\/4&#8243;][vc_single_image image=&#8221;12921&#8243; alignment=&#8221;center&#8221;][vc_column_text] COMPRENDRE avec plus de pr\u00e9cision et de rapidit\u00e9 les personnes gr\u00e2ce \u00e0 la lecture scientifique du comportement verbal et non verbal[\/vc_column_text][\/vc_column][vc_column width=&#8221;1\/4&#8243;][vc_single_image image=&#8221;12922&#8243; alignment=&#8221;center&#8221;][vc_column_text] INTERPR\u00c9TER de mani\u00e8re ad\u00e9quate le &#8220;non-dit&#8221; gr\u00e2ce \u00e0 l&#8217;utilisation de techniques et m\u00e9thodes d&#8217;analyse non verbale[\/vc_column_text][\/vc_column][vc_column width=&#8221;1\/4&#8243;][vc_single_image image=&#8221;12923&#8243; alignment=&#8221;center&#8221;][vc_column_text] LIRE avec objectivit\u00e9 scientifique les significations de &hellip; Continue reading &quot;Master&quot;\" \/>\n<meta property=\"og:url\" content=\"https:\/\/lab-ncs.com\/fr\/master-2\/\" \/>\n<meta property=\"og:site_name\" content=\"NeuroComScience, Laboratorio di analisi comportamentale - Comunicazione non verbale.\" \/>\n<meta property=\"article:modified_time\" content=\"2023-12-22T21:48:52+00:00\" \/>\n<meta property=\"og:image\" content=\"https:\/\/lab-ncs.com\/wp-content\/uploads\/2018\/05\/master.jpg\" \/>\n<meta name=\"twitter:label1\" content=\"Dur\u00e9e de lecture estim\u00e9e\" \/>\n\t<meta name=\"twitter:data1\" content=\"6 minutes\" \/>\n<script type=\"application\/ld+json\" class=\"yoast-schema-graph\">{\"@context\":\"https:\/\/schema.org\",\"@graph\":[{\"@type\":\"WebSite\",\"@id\":\"https:\/\/lab-ncs.com\/#website\",\"url\":\"https:\/\/lab-ncs.com\/\",\"name\":\"NeuroComScience, Laboratorio di analisi comportamentale - Comunicazione non verbale.\",\"description\":\"Analisi delle espressioni facciali\",\"potentialAction\":[{\"@type\":\"SearchAction\",\"target\":{\"@type\":\"EntryPoint\",\"urlTemplate\":\"https:\/\/lab-ncs.com\/?s={search_term_string}\"},\"query-input\":\"required name=search_term_string\"}],\"inLanguage\":\"fr-FR\"},{\"@type\":\"ImageObject\",\"@id\":\"https:\/\/lab-ncs.com\/fr\/master-2\/#primaryimage\",\"inLanguage\":\"fr-FR\",\"url\":\"\",\"contentUrl\":\"\"},{\"@type\":\"WebPage\",\"@id\":\"https:\/\/lab-ncs.com\/fr\/master-2\/#webpage\",\"url\":\"https:\/\/lab-ncs.com\/fr\/master-2\/\",\"name\":\"Master NeuroComScience\",\"isPartOf\":{\"@id\":\"https:\/\/lab-ncs.com\/#website\"},\"primaryImageOfPage\":{\"@id\":\"https:\/\/lab-ncs.com\/fr\/master-2\/#primaryimage\"},\"datePublished\":\"2017-04-11T16:21:45+00:00\",\"dateModified\":\"2023-12-22T21:48:52+00:00\",\"breadcrumb\":{\"@id\":\"https:\/\/lab-ncs.com\/fr\/master-2\/#breadcrumb\"},\"inLanguage\":\"fr-FR\",\"potentialAction\":[{\"@type\":\"ReadAction\",\"target\":[\"https:\/\/lab-ncs.com\/fr\/master-2\/\"]}]},{\"@type\":\"BreadcrumbList\",\"@id\":\"https:\/\/lab-ncs.com\/fr\/master-2\/#breadcrumb\",\"itemListElement\":[{\"@type\":\"ListItem\",\"position\":1,\"name\":\"Home\",\"item\":\"https:\/\/lab-ncs.com\/fr\/\"},{\"@type\":\"ListItem\",\"position\":2,\"name\":\"Master\"}]}]}<\/script>\n<!-- \/ Yoast SEO plugin. -->","yoast_head_json":{"title":"Master NeuroComScience","robots":{"index":"index","follow":"follow","max-snippet":"max-snippet:-1","max-image-preview":"max-image-preview:large","max-video-preview":"max-video-preview:-1"},"canonical":"https:\/\/lab-ncs.com\/fr\/master-2\/","og_locale":"fr_FR","og_type":"article","og_title":"Master NeuroComScience","og_description":"[vc_row][vc_column][vc_column_text] [\/vc_column_text][\/vc_column][\/vc_row][vc_row][vc_column][\/vc_column][\/vc_row][vc_row][vc_column width=&#8221;1\/4&#8243;][vc_single_image image=&#8221;12921&#8243; alignment=&#8221;center&#8221;][vc_column_text] COMPRENDRE avec plus de pr\u00e9cision et de rapidit\u00e9 les personnes gr\u00e2ce \u00e0 la lecture scientifique du comportement verbal et non verbal[\/vc_column_text][\/vc_column][vc_column width=&#8221;1\/4&#8243;][vc_single_image image=&#8221;12922&#8243; alignment=&#8221;center&#8221;][vc_column_text] INTERPR\u00c9TER de mani\u00e8re ad\u00e9quate le &#8220;non-dit&#8221; gr\u00e2ce \u00e0 l&#8217;utilisation de techniques et m\u00e9thodes d&#8217;analyse non verbale[\/vc_column_text][\/vc_column][vc_column width=&#8221;1\/4&#8243;][vc_single_image image=&#8221;12923&#8243; alignment=&#8221;center&#8221;][vc_column_text] LIRE avec objectivit\u00e9 scientifique les significations de &hellip; Continue reading \"Master\"","og_url":"https:\/\/lab-ncs.com\/fr\/master-2\/","og_site_name":"NeuroComScience, Laboratorio di analisi comportamentale - Comunicazione non verbale.","article_modified_time":"2023-12-22T21:48:52+00:00","og_image":[{"url":"https:\/\/lab-ncs.com\/wp-content\/uploads\/2018\/05\/master.jpg"}],"twitter_misc":{"Dur\u00e9e de lecture estim\u00e9e":"6 minutes"},"schema":{"@context":"https:\/\/schema.org","@graph":[{"@type":"WebSite","@id":"https:\/\/lab-ncs.com\/#website","url":"https:\/\/lab-ncs.com\/","name":"NeuroComScience, Laboratorio di analisi comportamentale - Comunicazione non verbale.","description":"Analisi delle espressioni facciali","potentialAction":[{"@type":"SearchAction","target":{"@type":"EntryPoint","urlTemplate":"https:\/\/lab-ncs.com\/?s={search_term_string}"},"query-input":"required name=search_term_string"}],"inLanguage":"fr-FR"},{"@type":"ImageObject","@id":"https:\/\/lab-ncs.com\/fr\/master-2\/#primaryimage","inLanguage":"fr-FR","url":"","contentUrl":""},{"@type":"WebPage","@id":"https:\/\/lab-ncs.com\/fr\/master-2\/#webpage","url":"https:\/\/lab-ncs.com\/fr\/master-2\/","name":"Master NeuroComScience","isPartOf":{"@id":"https:\/\/lab-ncs.com\/#website"},"primaryImageOfPage":{"@id":"https:\/\/lab-ncs.com\/fr\/master-2\/#primaryimage"},"datePublished":"2017-04-11T16:21:45+00:00","dateModified":"2023-12-22T21:48:52+00:00","breadcrumb":{"@id":"https:\/\/lab-ncs.com\/fr\/master-2\/#breadcrumb"},"inLanguage":"fr-FR","potentialAction":[{"@type":"ReadAction","target":["https:\/\/lab-ncs.com\/fr\/master-2\/"]}]},{"@type":"BreadcrumbList","@id":"https:\/\/lab-ncs.com\/fr\/master-2\/#breadcrumb","itemListElement":[{"@type":"ListItem","position":1,"name":"Home","item":"https:\/\/lab-ncs.com\/fr\/"},{"@type":"ListItem","position":2,"name":"Master"}]}]}},"_links":{"self":[{"href":"https:\/\/lab-ncs.com\/fr\/wp-json\/wp\/v2\/pages\/12946"}],"collection":[{"href":"https:\/\/lab-ncs.com\/fr\/wp-json\/wp\/v2\/pages"}],"about":[{"href":"https:\/\/lab-ncs.com\/fr\/wp-json\/wp\/v2\/types\/page"}],"author":[{"embeddable":true,"href":"https:\/\/lab-ncs.com\/fr\/wp-json\/wp\/v2\/users\/2"}],"replies":[{"embeddable":true,"href":"https:\/\/lab-ncs.com\/fr\/wp-json\/wp\/v2\/comments?post=12946"}],"version-history":[{"count":4,"href":"https:\/\/lab-ncs.com\/fr\/wp-json\/wp\/v2\/pages\/12946\/revisions"}],"predecessor-version":[{"id":34183,"href":"https:\/\/lab-ncs.com\/fr\/wp-json\/wp\/v2\/pages\/12946\/revisions\/34183"}],"wp:attachment":[{"href":"https:\/\/lab-ncs.com\/fr\/wp-json\/wp\/v2\/media?parent=12946"}],"curies":[{"name":"wp","href":"https:\/\/api.w.org\/{rel}","templated":true}]}}