{"id":12940,"date":"2016-10-01T07:42:23","date_gmt":"2017-04-11T16:08:04","guid":{"rendered":"https:\/\/lab-ncs.com\/corso-espressioni-dei-gesti\/"},"modified":"2018-02-14T09:11:17","modified_gmt":"2018-02-14T09:11:17","slug":"cours-expressions-gestes","status":"publish","type":"page","link":"https:\/\/lab-ncs.com\/fr\/cours-expressions-gestes\/","title":{"rendered":"Cours d&#8217;Analyse Scientifique des Expressions des Gestes"},"content":{"rendered":"<header class=\"icon-heading\"><span class=\"section-header-icon icon icon-hand\"><\/span><h2>Cours d&#8217;Analyse Scientifique des Expressions des Gestes<span><\/span><\/h2><\/header>\n<p class=\"lead\">Dans ce cours avanc\u00e9, nous allons discuter: le d\u00e9codage facial avanc\u00e9, l&#8217;analyse du comportement moteur-gestuel, les proc\u00e9dures d&#8217;analyse vid\u00e9o et l&#8217;observation directe. Le cours est pratique et intensif \u00e0 la fin duquel les participants seront en mesure de:<\/p>\n<div class=\"row\" style=\"margin-top: 9rem;\">\n<div class=\"item item-gutter col cross-axis-centered\">\n<div><img loading=\"lazy\" class=\"alignnone size-full wp-image-9191\" src=\"https:\/\/lab-ncs.com\/wp-content\/uploads\/2016\/10\/t2-01.png\" alt=\"t1-01\" width=\"184\" height=\"184\" \/><\/div>\n<div>\n<h3 style=\"text-align: center;\">UTILISER<\/h3>\n<p style=\"text-align: center;\">les sch\u00e9mas d&#8217;interpr\u00e9tation hautement fiables pour lire les \u00e9motions du visage et du corps;<\/p>\n<\/div>\n<\/div>\n<div class=\"item item-gutter col cross-axis-centered\">\n<div><img loading=\"lazy\" class=\"alignnone size-full wp-image-9192\" src=\"https:\/\/lab-ncs.com\/wp-content\/uploads\/2016\/10\/t2-02.png\" alt=\"t1-02\" width=\"184\" height=\"184\" \/><\/div>\n<div>\n<h3 style=\"text-align: center;\">APPLIQUER<\/h3>\n<p style=\"text-align: center;\">les techniques du langage du corps Body Coding System, qui comprend la classification et l&#8217;interpr\u00e9tation des mouvements;<\/p>\n<\/div>\n<\/div>\n<div class=\"item item-gutter col cross-axis-centered\">\n<div><img loading=\"lazy\" class=\"alignnone size-full wp-image-9193\" src=\"https:\/\/lab-ncs.com\/wp-content\/uploads\/2016\/10\/t2-03.png\" alt=\"t1-03\" width=\"184\" height=\"184\" \/><\/div>\n<div>\n<h3 style=\"text-align: center;\">INT\u00c9GRER<\/h3>\n<p style=\"text-align: center;\">les sch\u00e9mas d&#8217;interpr\u00e9tation des signaux du visage, moteur-gestuels et les aspects non-verbaux du parl\u00e9;<\/p>\n<\/div>\n<\/div>\n<div class=\"item item-gutter col cross-axis-centered\">\n<div><img loading=\"lazy\" class=\"alignnone wp-image-9346 size-full\" src=\"https:\/\/lab-ncs.com\/wp-content\/uploads\/2016\/10\/t2-04-1.png\" width=\"188\" height=\"188\" \/><\/div>\n<div>\n<h3 style=\"text-align: center;\">ADOPTER<\/h3>\n<p style=\"text-align: center;\">les lignes directrices et les protocoles pour l&#8217;application des techniques et la reconnaissance des mensonges.<\/p>\n<\/div>\n<\/div>\n<\/div>\n<header class=\"icon-heading\"><span class=\"section-header-icon icon icon-book\"><\/span><h2>Programme du cours<span><\/span><\/h2><\/header>\n<p>&nbsp;<\/p>\n<div class=\"col-to-row\">\n<div class=\"item item-gutter\">\n<h3>Technique ISFE<\/h3>\n<ul>\n<li>Structurer les sch\u00e9mas d&#8217;interpr\u00e9tation du comportement facial de haute fiabilit\u00e9<\/li>\n<li>Classer les mouvements dans des cat\u00e9gories li\u00e9es au degr\u00e9 de fiabilit\u00e9<\/li>\n<li>Diff\u00e9rencier les signaux de conversation de ceux qui sont li\u00e9s \u00e0 des \u00e9motions au cours de conversations<\/li>\n<li>Adopter une structure d&#8217;interpr\u00e9tation pour les expressions complexes<\/li>\n<li>Exercices avec toutes sortes d&#8217;expressions subtiles, expressions \u00e9touff\u00e9es et micro expressions en appliquant des sch\u00e9mas d&#8217;interpr\u00e9tation dans les techniques<\/li>\n<li>Examen: analyse de photos et vid\u00e9os avec l&#8217;utilisation des techniques ISFE<\/li>\n<\/ul>\n<\/div>\n<div class=\"item item-gutter\">\n<h3>Technique Body Coding System (BCS)<\/h3>\n<ul>\n<li>Identifier les unit\u00e9s du comportement moteur-gestuel<\/li>\n<li>Analyser les canaux du comportement moteur-gestuel<\/li>\n<li>Identifier les micromouvements \u00e9motionnels universels<\/li>\n<li>Identifier les fa\u00e7ons de penser \u00e0 partir d&#8217;une analyse des illustrateurs<\/li>\n<li>Exercices pour l&#8217;identification et l&#8217;interpr\u00e9tation du comportement moteur-gestuel et postural<\/li>\n<li>Examen: analyse des photos et des vid\u00e9os avec l&#8217;utilisation de la technique Body Coding System<\/li>\n<li>Int\u00e9gration des canaux non-verbaux et des lignes directrices pour la proc\u00e9dure d&#8217;analyse<\/li>\n<li>Int\u00e9grer les informations provenant de diff\u00e9rents canaux non-verbaux<\/li>\n<li>Comparer l&#8217;analyse verbale et non-verbale<\/li>\n<li>Reconna\u00eetre les contradictions<\/li>\n<li>Mettre en place la structure de l&#8217;analyse vid\u00e9o pour reconna\u00eetre la fiabilit\u00e9 des d\u00e9clarations<\/li>\n<li>Adopter des mesures pour l&#8217;observation directe<\/li>\n<\/ul>\n<\/div>\n<div class=\"item\">\n<h3>GARANTIE<\/h3>\n<p>Nous garantissons l&#8217;apprentissage de l&#8217;individu, c\u2019est pourquoi nous acceptons <strong>un maximum de 15 personnes<\/strong> par cours.<\/p>\n<h3>ENSEIGNANTS QUALIFI\u00c9S<\/h3>\n<p>Analystes du comportement non-verbal hautement qualifi\u00e9s avec une importante exp\u00e9rience dans le domaine et ayant des remarquables titres acad\u00e9miques. <a href=\"https:\/\/lab-ncs.com\/fr\/qui-sommes-nous\/\" target=\"_blank\" rel=\"noopener\">Qui sommes-nous<\/a><\/p>\n<\/div>\n<\/div>\n<p class=\"lead\"><strong>LIEU<\/strong><br \/>\nLes si\u00e8ges:<br \/>\n<strong>BELGIQUE<\/strong>: Bruxelles<br \/>\n<strong>FRANCE<\/strong>: Paris, Lyon, Marseille, Strasbourg<br \/>\n<strong>ITALY:<\/strong> Roma, Milano, Padova, Bologna, Bari, Firenze, Trieste, Udine, Torino, Catania, Palermo<br \/>\n<strong>SWISS:<\/strong> Geneva, Lugano<\/p>\n","protected":false},"excerpt":{"rendered":"<p>Dans ce cours avanc\u00e9, nous allons discuter: le d\u00e9codage facial avanc\u00e9, l&#8217;analyse du comportement moteur-gestuel, les proc\u00e9dures d&#8217;analyse vid\u00e9o et l&#8217;observation directe. Le cours est pratique et intensif \u00e0 la fin duquel les participants seront en mesure de: UTILISER les sch\u00e9mas d&#8217;interpr\u00e9tation hautement fiables pour lire les \u00e9motions du visage et du corps; APPLIQUER les &hellip; <a href=\"https:\/\/lab-ncs.com\/fr\/cours-expressions-gestes\/\" class=\"more-link\">Continue reading<span class=\"screen-reader-text\"> &#8220;Cours d&#8217;Analyse Scientifique des Expressions des Gestes&#8221;<\/span><\/a><\/p>\n","protected":false},"author":1,"featured_media":0,"parent":0,"menu_order":0,"comment_status":"closed","ping_status":"closed","template":"","meta":{"om_disable_all_campaigns":false},"aioseo_notices":[],"yoast_head":"<!-- This site is optimized with the Yoast SEO plugin v18.6 - https:\/\/yoast.com\/wordpress\/plugins\/seo\/ -->\n<title>Cours d&#039;Analyse Scientifique des Expressions des Gestes - NeuroComScience, Laboratorio di analisi comportamentale - Comunicazione non verbale.<\/title>\n<meta name=\"robots\" content=\"index, follow, max-snippet:-1, max-image-preview:large, max-video-preview:-1\" \/>\n<link rel=\"canonical\" href=\"https:\/\/lab-ncs.com\/fr\/cours-expressions-gestes\/\" \/>\n<meta property=\"og:locale\" content=\"fr_FR\" \/>\n<meta property=\"og:type\" content=\"article\" \/>\n<meta property=\"og:title\" content=\"Cours d&#039;Analyse Scientifique des Expressions des Gestes - NeuroComScience, Laboratorio di analisi comportamentale - Comunicazione non verbale.\" \/>\n<meta property=\"og:description\" content=\"Dans ce cours avanc\u00e9, nous allons discuter: le d\u00e9codage facial avanc\u00e9, l&#8217;analyse du comportement moteur-gestuel, les proc\u00e9dures d&#8217;analyse vid\u00e9o et l&#8217;observation directe. Le cours est pratique et intensif \u00e0 la fin duquel les participants seront en mesure de: UTILISER les sch\u00e9mas d&#8217;interpr\u00e9tation hautement fiables pour lire les \u00e9motions du visage et du corps; APPLIQUER les &hellip; Continue reading &quot;Cours d&#8217;Analyse Scientifique des Expressions des Gestes&quot;\" \/>\n<meta property=\"og:url\" content=\"https:\/\/lab-ncs.com\/fr\/cours-expressions-gestes\/\" \/>\n<meta property=\"og:site_name\" content=\"NeuroComScience, Laboratorio di analisi comportamentale - Comunicazione non verbale.\" \/>\n<meta property=\"article:modified_time\" content=\"2018-02-14T09:11:17+00:00\" \/>\n<meta property=\"og:image\" content=\"https:\/\/lab-ncs.com\/wp-content\/uploads\/2016\/10\/t2-01.png\" \/>\n<meta name=\"twitter:label1\" content=\"Dur\u00e9e de lecture estim\u00e9e\" \/>\n\t<meta name=\"twitter:data1\" content=\"2 minutes\" \/>\n<script type=\"application\/ld+json\" class=\"yoast-schema-graph\">{\"@context\":\"https:\/\/schema.org\",\"@graph\":[{\"@type\":\"WebSite\",\"@id\":\"https:\/\/lab-ncs.com\/#website\",\"url\":\"https:\/\/lab-ncs.com\/\",\"name\":\"NeuroComScience, Laboratorio di analisi comportamentale - Comunicazione non verbale.\",\"description\":\"Analisi delle espressioni facciali\",\"potentialAction\":[{\"@type\":\"SearchAction\",\"target\":{\"@type\":\"EntryPoint\",\"urlTemplate\":\"https:\/\/lab-ncs.com\/?s={search_term_string}\"},\"query-input\":\"required name=search_term_string\"}],\"inLanguage\":\"fr-FR\"},{\"@type\":\"ImageObject\",\"@id\":\"https:\/\/lab-ncs.com\/fr\/cours-expressions-gestes\/#primaryimage\",\"inLanguage\":\"fr-FR\",\"url\":\"https:\/\/lab-ncs.com\/wp-content\/uploads\/2016\/10\/t2-01.png\",\"contentUrl\":\"https:\/\/lab-ncs.com\/wp-content\/uploads\/2016\/10\/t2-01.png\",\"width\":188,\"height\":188},{\"@type\":\"WebPage\",\"@id\":\"https:\/\/lab-ncs.com\/fr\/cours-expressions-gestes\/#webpage\",\"url\":\"https:\/\/lab-ncs.com\/fr\/cours-expressions-gestes\/\",\"name\":\"Cours d'Analyse Scientifique des Expressions des Gestes - NeuroComScience, Laboratorio di analisi comportamentale - Comunicazione non verbale.\",\"isPartOf\":{\"@id\":\"https:\/\/lab-ncs.com\/#website\"},\"primaryImageOfPage\":{\"@id\":\"https:\/\/lab-ncs.com\/fr\/cours-expressions-gestes\/#primaryimage\"},\"datePublished\":\"2017-04-11T16:08:04+00:00\",\"dateModified\":\"2018-02-14T09:11:17+00:00\",\"breadcrumb\":{\"@id\":\"https:\/\/lab-ncs.com\/fr\/cours-expressions-gestes\/#breadcrumb\"},\"inLanguage\":\"fr-FR\",\"potentialAction\":[{\"@type\":\"ReadAction\",\"target\":[\"https:\/\/lab-ncs.com\/fr\/cours-expressions-gestes\/\"]}]},{\"@type\":\"BreadcrumbList\",\"@id\":\"https:\/\/lab-ncs.com\/fr\/cours-expressions-gestes\/#breadcrumb\",\"itemListElement\":[{\"@type\":\"ListItem\",\"position\":1,\"name\":\"Home\",\"item\":\"https:\/\/lab-ncs.com\/fr\/\"},{\"@type\":\"ListItem\",\"position\":2,\"name\":\"Cours d&rsquo;Analyse Scientifique des Expressions des Gestes\"}]}]}<\/script>\n<!-- \/ Yoast SEO plugin. -->","yoast_head_json":{"title":"Cours d'Analyse Scientifique des Expressions des Gestes - NeuroComScience, Laboratorio di analisi comportamentale - Comunicazione non verbale.","robots":{"index":"index","follow":"follow","max-snippet":"max-snippet:-1","max-image-preview":"max-image-preview:large","max-video-preview":"max-video-preview:-1"},"canonical":"https:\/\/lab-ncs.com\/fr\/cours-expressions-gestes\/","og_locale":"fr_FR","og_type":"article","og_title":"Cours d'Analyse Scientifique des Expressions des Gestes - NeuroComScience, Laboratorio di analisi comportamentale - Comunicazione non verbale.","og_description":"Dans ce cours avanc\u00e9, nous allons discuter: le d\u00e9codage facial avanc\u00e9, l&#8217;analyse du comportement moteur-gestuel, les proc\u00e9dures d&#8217;analyse vid\u00e9o et l&#8217;observation directe. Le cours est pratique et intensif \u00e0 la fin duquel les participants seront en mesure de: UTILISER les sch\u00e9mas d&#8217;interpr\u00e9tation hautement fiables pour lire les \u00e9motions du visage et du corps; APPLIQUER les &hellip; Continue reading \"Cours d&#8217;Analyse Scientifique des Expressions des Gestes\"","og_url":"https:\/\/lab-ncs.com\/fr\/cours-expressions-gestes\/","og_site_name":"NeuroComScience, Laboratorio di analisi comportamentale - Comunicazione non verbale.","article_modified_time":"2018-02-14T09:11:17+00:00","og_image":[{"url":"https:\/\/lab-ncs.com\/wp-content\/uploads\/2016\/10\/t2-01.png"}],"twitter_misc":{"Dur\u00e9e de lecture estim\u00e9e":"2 minutes"},"schema":{"@context":"https:\/\/schema.org","@graph":[{"@type":"WebSite","@id":"https:\/\/lab-ncs.com\/#website","url":"https:\/\/lab-ncs.com\/","name":"NeuroComScience, Laboratorio di analisi comportamentale - Comunicazione non verbale.","description":"Analisi delle espressioni facciali","potentialAction":[{"@type":"SearchAction","target":{"@type":"EntryPoint","urlTemplate":"https:\/\/lab-ncs.com\/?s={search_term_string}"},"query-input":"required name=search_term_string"}],"inLanguage":"fr-FR"},{"@type":"ImageObject","@id":"https:\/\/lab-ncs.com\/fr\/cours-expressions-gestes\/#primaryimage","inLanguage":"fr-FR","url":"https:\/\/lab-ncs.com\/wp-content\/uploads\/2016\/10\/t2-01.png","contentUrl":"https:\/\/lab-ncs.com\/wp-content\/uploads\/2016\/10\/t2-01.png","width":188,"height":188},{"@type":"WebPage","@id":"https:\/\/lab-ncs.com\/fr\/cours-expressions-gestes\/#webpage","url":"https:\/\/lab-ncs.com\/fr\/cours-expressions-gestes\/","name":"Cours d'Analyse Scientifique des Expressions des Gestes - NeuroComScience, Laboratorio di analisi comportamentale - Comunicazione non verbale.","isPartOf":{"@id":"https:\/\/lab-ncs.com\/#website"},"primaryImageOfPage":{"@id":"https:\/\/lab-ncs.com\/fr\/cours-expressions-gestes\/#primaryimage"},"datePublished":"2017-04-11T16:08:04+00:00","dateModified":"2018-02-14T09:11:17+00:00","breadcrumb":{"@id":"https:\/\/lab-ncs.com\/fr\/cours-expressions-gestes\/#breadcrumb"},"inLanguage":"fr-FR","potentialAction":[{"@type":"ReadAction","target":["https:\/\/lab-ncs.com\/fr\/cours-expressions-gestes\/"]}]},{"@type":"BreadcrumbList","@id":"https:\/\/lab-ncs.com\/fr\/cours-expressions-gestes\/#breadcrumb","itemListElement":[{"@type":"ListItem","position":1,"name":"Home","item":"https:\/\/lab-ncs.com\/fr\/"},{"@type":"ListItem","position":2,"name":"Cours d&rsquo;Analyse Scientifique des Expressions des Gestes"}]}]}},"_links":{"self":[{"href":"https:\/\/lab-ncs.com\/fr\/wp-json\/wp\/v2\/pages\/12940"}],"collection":[{"href":"https:\/\/lab-ncs.com\/fr\/wp-json\/wp\/v2\/pages"}],"about":[{"href":"https:\/\/lab-ncs.com\/fr\/wp-json\/wp\/v2\/types\/page"}],"author":[{"embeddable":true,"href":"https:\/\/lab-ncs.com\/fr\/wp-json\/wp\/v2\/users\/1"}],"replies":[{"embeddable":true,"href":"https:\/\/lab-ncs.com\/fr\/wp-json\/wp\/v2\/comments?post=12940"}],"version-history":[{"count":3,"href":"https:\/\/lab-ncs.com\/fr\/wp-json\/wp\/v2\/pages\/12940\/revisions"}],"predecessor-version":[{"id":18866,"href":"https:\/\/lab-ncs.com\/fr\/wp-json\/wp\/v2\/pages\/12940\/revisions\/18866"}],"wp:attachment":[{"href":"https:\/\/lab-ncs.com\/fr\/wp-json\/wp\/v2\/media?parent=12940"}],"curies":[{"name":"wp","href":"https:\/\/api.w.org\/{rel}","templated":true}]}}