{"id":12920,"date":"2016-10-01T10:12:45","date_gmt":"2017-04-07T15:56:08","guid":{"rendered":"https:\/\/lab-ncs.com\/corso-espressioni-facciali\/"},"modified":"2018-02-23T08:37:44","modified_gmt":"2018-02-23T08:37:44","slug":"cours-analyse-scientifique-expressions-faciales-2-2-2","status":"publish","type":"page","link":"https:\/\/lab-ncs.com\/fr\/cours-analyse-scientifique-expressions-faciales-2-2-2\/","title":{"rendered":"Cours d&#8217;Analyse Scientifique des Expressions Faciales"},"content":{"rendered":"<header class=\"icon-heading\"><span class=\"section-header-icon icon icon-user\"><\/span><h2>Cours d&#8217;Analyse Scientifique des Expressions Faciales<span><\/span><\/h2><\/header>\n<h2 style=\"text-align: center;\">\u00c0 la fin, vous serez en mesure de:<\/h2>\n<div class=\"col-to-row\" style=\"margin-top: 9rem;\">\n<div class=\"item item-gutter col cross-axis-centered\">\n<div><img loading=\"lazy\" class=\"alignnone wp-image-9464 size-full\" src=\"https:\/\/lab-ncs.com\/wp-content\/uploads\/2016\/10\/t1-01.png\" width=\"188\" height=\"188\" \/><\/div>\n<div>\n<h3 style=\"text-align: center;\">UTILISER<\/h3>\n<p style=\"text-align: center;\">avec pr\u00e9cision l\u2019interpr\u00e9tation des expressions \u00e9motionnelles faciales<\/p>\n<\/div>\n<\/div>\n<div class=\"item item-gutter col cross-axis-centered\">\n<div><img loading=\"lazy\" class=\"alignnone wp-image-9463 size-full\" src=\"https:\/\/lab-ncs.com\/wp-content\/uploads\/2016\/10\/t1-02.png\" width=\"188\" height=\"188\" \/><\/div>\n<div>\n<h3 style=\"text-align: center;\">APPLIQUER<\/h3>\n<p style=\"text-align: center;\">la description objective du comportement du visage;<\/p>\n<\/div>\n<\/div>\n<div class=\"item item-gutter col cross-axis-centered\">\n<div><img loading=\"lazy\" class=\"alignnone wp-image-9462 size-full\" src=\"https:\/\/lab-ncs.com\/wp-content\/uploads\/2016\/10\/t1-03.png\" width=\"188\" height=\"188\" \/><\/div>\n<div>\n<h3 style=\"text-align: center;\">LIRE<\/h3>\n<p style=\"text-align: center;\">les diff\u00e9rents types d&#8217;expressions, \u00e0 partir des micro-expressions jusqu\u2019aux expressions subtiles;<\/p>\n<\/div>\n<\/div>\n<div class=\"item item-gutter col cross-axis-centered\">\n<div><img loading=\"lazy\" class=\"alignnone wp-image-9346 size-full\" src=\"https:\/\/lab-ncs.com\/wp-content\/uploads\/2016\/10\/t2-04.png\" width=\"188\" height=\"188\" srcset=\"https:\/\/lab-ncs.com\/wp-content\/uploads\/2016\/10\/t2-04.png 188w, https:\/\/lab-ncs.com\/wp-content\/uploads\/2016\/10\/t2-04-100x100.png 100w, https:\/\/lab-ncs.com\/wp-content\/uploads\/2016\/10\/t2-04-150x150.png 150w\" sizes=\"(max-width: 188px) 85vw, 188px\" \/><\/div>\n<div>\n<h3 style=\"text-align: center;\">ADOPTER<\/h3>\n<p style=\"text-align: center;\">la lecture des expressions faciales dans le domaine d&#8217;int\u00e9r\u00eat.<\/p>\n<\/div>\n<\/div>\n<\/div>\n<div id=\"call-us\" class=\"training-cta-col\">\n<header class=\"icon-heading\"><span class=\"section-header-icon icon icon-old-phone\"><\/span><h2>Parlez-nous<span><\/span><\/h2><\/header>\n<p class=\"lead\">Appelez et recevez imm\u00e9diatement toutes les informations sur les cours et les activit\u00e9s de NeuroComScience.<\/p>\n<p><a class=\"btn btn-primary\" title=\"Appelez NeuroComScience\" href=\"tel:+393397089388\"><span class=\"icon icon-old-phone\"><\/span> Contactez-Nous<br \/>\n<\/a><\/p>\n<\/div>\n<header class=\"icon-heading\"><span class=\"section-header-icon icon icon-calendar\"><\/span><h2>Calendrier des cours<span><\/span><\/h2><\/header>\n<h3 style=\"text-align: center;\">19 th &#8211; 20th May 2018 MARSEILLE<\/h3>\n<p>[vc_column_text]<br \/>\n[calendarizeit defaultview=&#8221;rhc_gmap&#8221; gmap_zoom=&#8221;5&#8243; gmap_geolocated=&#8221;1&#8243; gmap_default_lat=&#8221;41.9097306&#8243; gmap_default_lng=&#8221;10.2947545&#8243; rhc_year]<\/p>\n<p>[\/vc_column_text][vc_row][vc_column]<div class=\"ult-just-icon-wrapper   vc_custom_1508950972397\"><div class=\"align-icon\" style=\"text-align:center;\">\n<a class=\"aio-tooltip 69f0afb4b105c\" href=\"#secondario\"  data-toggle=\"tooltip\" data-placement=\"\"><div class=\"aio-icon circle \" data-animation=\"fadeInDown\" data-animation-delay=\"03\" style=\"color:#f15d24;background:rgba(253,253,250,0.5);font-size:48px;display:inline-block;\">\n\t<i class=\"Defaults-chevron-down\"><\/i>\n<\/div><\/a><\/div><\/div>[\/vc_column][\/vc_row][vc_section el_id=&#8221;secondario&#8221;][vc_row][vc_column][vc_column_text]<\/p>\n<p>&nbsp;<\/p>\n<header class=\"icon-heading\"><span class=\"section-header-icon icon icon-book\"><\/span><h2>Programme du cours<span><\/span><\/h2><\/header>\n<p>&nbsp;<\/p>\n<div class=\"col-to-row\">\n<div class=\"item item-gutter\">\n<h3>INTRODUCTION \u00c0 L\u2019ANALYSE DU COMPORTEMENT FACIAL<\/h3>\n<ul>\n<li>les principales fonctions de la communication non-verbale<\/li>\n<li>les formes<\/li>\n<li>les \u00e9l\u00e9ments du comportement non-verbal<\/li>\n<li>le mensonge<\/li>\n<\/ul>\n<h3>SYST\u00c8MES SCIENTIFIQUES DE CODAGE FACIAL<\/h3>\n<ul>\n<li>Comparaison des diff\u00e9rentes m\u00e9thodes d&#8217;analyse<\/li>\n<li>Exercices<\/li>\n<\/ul>\n<h3>COMPOSER ET DECOMPOSER LES EXPRESSIONS FACIALES<\/h3>\n<ul>\n<li>Front, sourcils, yeux. Codage des mouvements ind\u00e9pendants et en combinaison. Comment composer la liste des expressions faciales et de leurs significations.<\/li>\n<li>Rapprocher et baisser les sourcils &#8211; 4, Soulever la partie interne des sourcils \u2013 1, Soulever la partie externe des sourcils \u2013 2, Soulever les paupi\u00e8res sup\u00e9rieures &#8211; 5, Tension des paupi\u00e8res &#8211; 7, Soulever les joues \u2013 6, Yeux ferm\u00e9s &#8211; 43, Faire un clin d&#8217;\u0153il &#8211; 45, Fermer l\u2019oeil &#8211; 46.<\/li>\n<li>Exercices sur photos et vid\u00e9os<\/li>\n<\/ul>\n<h3>VISAGE INF\u00c9RIEUR: NEZ, BOUCHE ET MENTON.<\/h3>\n<ul>\n<li>Froncer le nez \u2013 9, Soulever la l\u00e8vre sup\u00e9rieure &#8211; 10, Soulever le menton &#8211; 17, Baisser les coins des l\u00e8vres \u2013 15, S\u00e9parer les l\u00e8vres- 25, Baisser la mandibule &#8211; 26, B\u00e2iller \u2013 27, Baisser la l\u00e8vre inf\u00e9rieure \u2013 16, Tendre les l\u00e8vres &#8211; 20, Fossettes &#8211; 14. Interpr\u00e9tation des mouvements ind\u00e9pendants et en combinaison.<\/li>\n<li>Exercices sur photos et vid\u00e9os<\/li>\n<\/ul>\n<\/div>\n<div class=\"item item-gutter\">\n<h4>LES JOUES ET LES L\u00c8VRES<\/h4>\n<ul>\n<li>Accentuer le sillon naso-labial &#8211; 11, soulever les coins des l\u00e8vres &#8211; 12<\/li>\n<li>Joues saillantes &#8211; 13. Combinaisons.<\/li>\n<li>Froncer les l\u00e8vres -18, Etirer les l\u00e8vres vers l\u2019avant &#8211; 22, Tension et fermeture des l\u00e8vres &#8211; 23, Compression des l\u00e8vres &#8211; 24, Introjecter les l\u00e8vres &#8211; 28<\/li>\n<li>Les nuances de signification \u00e9motionnelle.<\/li>\n<li>Exercices sur photos, vid\u00e9os et observation directe<\/li>\n<\/ul>\n<h3>INTERPR\u00c9TATION \u00c9MOTIONNELLE<\/h3>\n<ul>\n<li>Six \u00e0 huit expressions \u00e9motionnelles de base<\/li>\n<li>\u00e9motions secondaires ou sociales<\/li>\n<li>signaux de conversation<\/li>\n<li>applications de l&#8217;analyse scientifique des expressions faciales dans des secteurs sp\u00e9cifiques<\/li>\n<li>Exercices sur vid\u00e9os et observation directe<\/li>\n<\/ul>\n<h3>EXAMEN FINAL<\/h3>\n<ul>\n<li>Il se compose d&#8217;une \u00e9preuve pratique pour l\u2019obtention du certificat, celui-ci \u00e9tant fondamental pour l&#8217;utilisation des techniques<\/li>\n<\/ul>\n<\/div>\n<div class=\"item\">\n<h3>GARANTIE<\/h3>\n<p>Nous garantissons l&#8217;apprentissage de l&#8217;individu, c\u2019est pourquoi nous acceptons un <strong>maximum de 15 personnes<\/strong> par cours.<\/p>\n<h3>ENSEIGNANTS QUALIFI\u00c9S<\/h3>\n<p>Analystes comportementaux hautement qualifi\u00e9s dans l&#8217;analyse non-verbale, avec une importante exp\u00e9rience dans les entreprises, les institutions et les priv\u00e9s, et ayant des remarquables titres acad\u00e9miques. Lisez leurs CV dans la section <a href=\"https:\/\/lab-ncs.com\/fr\/qui-sommes-nous\/\">Qui sommes nous<\/a><\/p>\n<h3>CO\u00dbT<\/h3>\n<p>Le co\u00fbt du cours est de 450 euros (TVA incluse). Des places \u00e0 prix r\u00e9duit de 360 euros (TVA incluse) sont disponibles pour chaque cours, \u00e9crivez-nous pour en v\u00e9rifier la disponibilit\u00e9. Nous allons vous donner une r\u00e9ponse imm\u00e9diate dans un d\u00e9lai maximal de 12 heures.<\/p>\n<\/div>\n<\/div>\n","protected":false},"excerpt":{"rendered":"<p>\u00c0 la fin, vous serez en mesure de: UTILISER avec pr\u00e9cision l\u2019interpr\u00e9tation des expressions \u00e9motionnelles faciales APPLIQUER la description objective du comportement du visage; LIRE les diff\u00e9rents types d&#8217;expressions, \u00e0 partir des micro-expressions jusqu\u2019aux expressions subtiles; ADOPTER la lecture des expressions faciales dans le domaine d&#8217;int\u00e9r\u00eat. Appelez et recevez imm\u00e9diatement toutes les informations sur les &hellip; <a href=\"https:\/\/lab-ncs.com\/fr\/cours-analyse-scientifique-expressions-faciales-2-2-2\/\" class=\"more-link\">Continue reading<span class=\"screen-reader-text\"> &#8220;Cours d&#8217;Analyse Scientifique des Expressions Faciales&#8221;<\/span><\/a><\/p>\n","protected":false},"author":1,"featured_media":12931,"parent":0,"menu_order":0,"comment_status":"closed","ping_status":"closed","template":"","meta":{"om_disable_all_campaigns":false},"aioseo_notices":[],"yoast_head":"<!-- This site is optimized with the Yoast SEO plugin v18.6 - https:\/\/yoast.com\/wordpress\/plugins\/seo\/ -->\n<title>Cours-analyse-scientifique-expressions-faciales<\/title>\n<meta name=\"description\" content=\"NeuroComScience est un centre de recherche, de formation et d\u2019activit\u00e9s de conseils en analyse comportementale, sp\u00e9cialis\u00e9 dans la communication non-verbale.\" \/>\n<meta name=\"robots\" content=\"index, follow, max-snippet:-1, max-image-preview:large, max-video-preview:-1\" \/>\n<link rel=\"canonical\" href=\"https:\/\/lab-ncs.com\/fr\/cours-analyse-scientifique-expressions-faciales-2-2-2\/\" \/>\n<meta property=\"og:locale\" content=\"fr_FR\" \/>\n<meta property=\"og:type\" content=\"article\" \/>\n<meta property=\"og:title\" content=\"Cours-analyse-scientifique-expressions-faciales\" \/>\n<meta property=\"og:description\" content=\"NeuroComScience est un centre de recherche, de formation et d\u2019activit\u00e9s de conseils en analyse comportementale, sp\u00e9cialis\u00e9 dans la communication non-verbale.\" \/>\n<meta property=\"og:url\" content=\"https:\/\/lab-ncs.com\/fr\/cours-analyse-scientifique-expressions-faciales-2-2-2\/\" \/>\n<meta property=\"og:site_name\" content=\"NeuroComScience, Laboratorio di analisi comportamentale - Comunicazione non verbale.\" \/>\n<meta property=\"article:modified_time\" content=\"2018-02-23T08:37:44+00:00\" \/>\n<meta property=\"og:image\" content=\"https:\/\/lab-ncs.com\/wp-content\/uploads\/2016\/10\/france-1.jpg\" \/>\n<meta name=\"twitter:label1\" content=\"Dur\u00e9e de lecture estim\u00e9e\" \/>\n\t<meta name=\"twitter:data1\" content=\"3 minutes\" \/>\n<script type=\"application\/ld+json\" class=\"yoast-schema-graph\">{\"@context\":\"https:\/\/schema.org\",\"@graph\":[{\"@type\":\"WebSite\",\"@id\":\"https:\/\/lab-ncs.com\/#website\",\"url\":\"https:\/\/lab-ncs.com\/\",\"name\":\"NeuroComScience, Laboratorio di analisi comportamentale - Comunicazione non verbale.\",\"description\":\"Analisi delle espressioni facciali\",\"potentialAction\":[{\"@type\":\"SearchAction\",\"target\":{\"@type\":\"EntryPoint\",\"urlTemplate\":\"https:\/\/lab-ncs.com\/?s={search_term_string}\"},\"query-input\":\"required name=search_term_string\"}],\"inLanguage\":\"fr-FR\"},{\"@type\":\"ImageObject\",\"@id\":\"https:\/\/lab-ncs.com\/fr\/cours-analyse-scientifique-expressions-faciales-2-2-2\/#primaryimage\",\"inLanguage\":\"fr-FR\",\"url\":\"\",\"contentUrl\":\"\"},{\"@type\":\"WebPage\",\"@id\":\"https:\/\/lab-ncs.com\/fr\/cours-analyse-scientifique-expressions-faciales-2-2-2\/#webpage\",\"url\":\"https:\/\/lab-ncs.com\/fr\/cours-analyse-scientifique-expressions-faciales-2-2-2\/\",\"name\":\"Cours-analyse-scientifique-expressions-faciales\",\"isPartOf\":{\"@id\":\"https:\/\/lab-ncs.com\/#website\"},\"primaryImageOfPage\":{\"@id\":\"https:\/\/lab-ncs.com\/fr\/cours-analyse-scientifique-expressions-faciales-2-2-2\/#primaryimage\"},\"datePublished\":\"2017-04-07T15:56:08+00:00\",\"dateModified\":\"2018-02-23T08:37:44+00:00\",\"description\":\"NeuroComScience est un centre de recherche, de formation et d\u2019activit\u00e9s de conseils en analyse comportementale, sp\u00e9cialis\u00e9 dans la communication non-verbale.\",\"breadcrumb\":{\"@id\":\"https:\/\/lab-ncs.com\/fr\/cours-analyse-scientifique-expressions-faciales-2-2-2\/#breadcrumb\"},\"inLanguage\":\"fr-FR\",\"potentialAction\":[{\"@type\":\"ReadAction\",\"target\":[\"https:\/\/lab-ncs.com\/fr\/cours-analyse-scientifique-expressions-faciales-2-2-2\/\"]}]},{\"@type\":\"BreadcrumbList\",\"@id\":\"https:\/\/lab-ncs.com\/fr\/cours-analyse-scientifique-expressions-faciales-2-2-2\/#breadcrumb\",\"itemListElement\":[{\"@type\":\"ListItem\",\"position\":1,\"name\":\"Home\",\"item\":\"https:\/\/lab-ncs.com\/fr\/\"},{\"@type\":\"ListItem\",\"position\":2,\"name\":\"Cours d&rsquo;Analyse Scientifique des Expressions Faciales\"}]}]}<\/script>\n<!-- \/ Yoast SEO plugin. -->","yoast_head_json":{"title":"Cours-analyse-scientifique-expressions-faciales","description":"NeuroComScience est un centre de recherche, de formation et d\u2019activit\u00e9s de conseils en analyse comportementale, sp\u00e9cialis\u00e9 dans la communication non-verbale.","robots":{"index":"index","follow":"follow","max-snippet":"max-snippet:-1","max-image-preview":"max-image-preview:large","max-video-preview":"max-video-preview:-1"},"canonical":"https:\/\/lab-ncs.com\/fr\/cours-analyse-scientifique-expressions-faciales-2-2-2\/","og_locale":"fr_FR","og_type":"article","og_title":"Cours-analyse-scientifique-expressions-faciales","og_description":"NeuroComScience est un centre de recherche, de formation et d\u2019activit\u00e9s de conseils en analyse comportementale, sp\u00e9cialis\u00e9 dans la communication non-verbale.","og_url":"https:\/\/lab-ncs.com\/fr\/cours-analyse-scientifique-expressions-faciales-2-2-2\/","og_site_name":"NeuroComScience, Laboratorio di analisi comportamentale - Comunicazione non verbale.","article_modified_time":"2018-02-23T08:37:44+00:00","og_image":[{"url":"https:\/\/lab-ncs.com\/wp-content\/uploads\/2016\/10\/france-1.jpg"}],"twitter_misc":{"Dur\u00e9e de lecture estim\u00e9e":"3 minutes"},"schema":{"@context":"https:\/\/schema.org","@graph":[{"@type":"WebSite","@id":"https:\/\/lab-ncs.com\/#website","url":"https:\/\/lab-ncs.com\/","name":"NeuroComScience, Laboratorio di analisi comportamentale - Comunicazione non verbale.","description":"Analisi delle espressioni facciali","potentialAction":[{"@type":"SearchAction","target":{"@type":"EntryPoint","urlTemplate":"https:\/\/lab-ncs.com\/?s={search_term_string}"},"query-input":"required name=search_term_string"}],"inLanguage":"fr-FR"},{"@type":"ImageObject","@id":"https:\/\/lab-ncs.com\/fr\/cours-analyse-scientifique-expressions-faciales-2-2-2\/#primaryimage","inLanguage":"fr-FR","url":"","contentUrl":""},{"@type":"WebPage","@id":"https:\/\/lab-ncs.com\/fr\/cours-analyse-scientifique-expressions-faciales-2-2-2\/#webpage","url":"https:\/\/lab-ncs.com\/fr\/cours-analyse-scientifique-expressions-faciales-2-2-2\/","name":"Cours-analyse-scientifique-expressions-faciales","isPartOf":{"@id":"https:\/\/lab-ncs.com\/#website"},"primaryImageOfPage":{"@id":"https:\/\/lab-ncs.com\/fr\/cours-analyse-scientifique-expressions-faciales-2-2-2\/#primaryimage"},"datePublished":"2017-04-07T15:56:08+00:00","dateModified":"2018-02-23T08:37:44+00:00","description":"NeuroComScience est un centre de recherche, de formation et d\u2019activit\u00e9s de conseils en analyse comportementale, sp\u00e9cialis\u00e9 dans la communication non-verbale.","breadcrumb":{"@id":"https:\/\/lab-ncs.com\/fr\/cours-analyse-scientifique-expressions-faciales-2-2-2\/#breadcrumb"},"inLanguage":"fr-FR","potentialAction":[{"@type":"ReadAction","target":["https:\/\/lab-ncs.com\/fr\/cours-analyse-scientifique-expressions-faciales-2-2-2\/"]}]},{"@type":"BreadcrumbList","@id":"https:\/\/lab-ncs.com\/fr\/cours-analyse-scientifique-expressions-faciales-2-2-2\/#breadcrumb","itemListElement":[{"@type":"ListItem","position":1,"name":"Home","item":"https:\/\/lab-ncs.com\/fr\/"},{"@type":"ListItem","position":2,"name":"Cours d&rsquo;Analyse Scientifique des Expressions Faciales"}]}]}},"_links":{"self":[{"href":"https:\/\/lab-ncs.com\/fr\/wp-json\/wp\/v2\/pages\/12920"}],"collection":[{"href":"https:\/\/lab-ncs.com\/fr\/wp-json\/wp\/v2\/pages"}],"about":[{"href":"https:\/\/lab-ncs.com\/fr\/wp-json\/wp\/v2\/types\/page"}],"author":[{"embeddable":true,"href":"https:\/\/lab-ncs.com\/fr\/wp-json\/wp\/v2\/users\/1"}],"replies":[{"embeddable":true,"href":"https:\/\/lab-ncs.com\/fr\/wp-json\/wp\/v2\/comments?post=12920"}],"version-history":[{"count":3,"href":"https:\/\/lab-ncs.com\/fr\/wp-json\/wp\/v2\/pages\/12920\/revisions"}],"predecessor-version":[{"id":19106,"href":"https:\/\/lab-ncs.com\/fr\/wp-json\/wp\/v2\/pages\/12920\/revisions\/19106"}],"wp:featuredmedia":[{"embeddable":true,"href":"https:\/\/lab-ncs.com\/fr\/wp-json\/wp\/v2\/media\/12931"}],"wp:attachment":[{"href":"https:\/\/lab-ncs.com\/fr\/wp-json\/wp\/v2\/media?parent=12920"}],"curies":[{"name":"wp","href":"https:\/\/api.w.org\/{rel}","templated":true}]}}