{"id":12912,"date":"2016-10-02T09:43:10","date_gmt":"2016-10-02T07:43:10","guid":{"rendered":"https:\/\/lab-ncs.com\/application\/"},"modified":"2023-12-18T23:30:51","modified_gmt":"2023-12-18T22:30:51","slug":"applications","status":"publish","type":"page","link":"https:\/\/lab-ncs.com\/fr\/applications\/","title":{"rendered":"Applications"},"content":{"rendered":"<header class=\"icon-heading\"><span class=\"section-header-icon icon icon-eye\"><\/span><h2>Domaines d&#8217;application<span><\/span><\/h2><\/header>\n<p class=\"lead\"><span>Activit\u00e9s aupr\u00e8s d&#8217;importantes r\u00e9alit\u00e9s d&#8217;entreprises et institutionnelles. La mission de la structure est de proposer des techniques et m\u00e9thodes innovantes d&#8217;analyse de la communication non verbale, <strong>scientifiquement valid\u00e9es<\/strong>. Elles apportent en effet des avantages aux structures en termes de <strong>pr\u00e9cision<\/strong> et <strong>d&#8217;\u00e9conomie de ressources<\/strong>. Les demandes de consultation d&#8217;analyse vid\u00e9o, d&#8217;observation directe et de formation proviennent de divers domaines :<\/span><\/p>\n<div class=\"page-feature col-to-row cross-axis-centered nowrap grid-1of3\">\n<div class=\"item item-gutter\"><img loading=\"lazy\" class=\"aligncenter wp-image-12913 size-thumbnail\" src=\"https:\/\/lab-ncs.com\/wp-content\/uploads\/2016\/10\/ncs-criminologia-150x150.jpg\" alt=\"NCS Criminologia\" width=\"150\" height=\"150\"><\/div>\n<div>\n<h3><span>S\u00e9lection du personnel<\/span><\/h3>\n<p><span>Permet de comprendre avec plus de pr\u00e9cision le candidat et d&#8217;anticiper son comportement futur sur le lieu de travail. Nous effectuons des consultations dans les soci\u00e9t\u00e9s de s\u00e9lection sp\u00e9cialis\u00e9es dans le top et le middle management, ainsi que dans les entreprises italiennes et \u00e9trang\u00e8res. Nous avons \u00e9labor\u00e9 des lignes directrices et des proc\u00e9dures sp\u00e9cifiques pour cette application.<\/span><\/p>\n<\/div>\n<\/div>\n<div class=\"page-feature col-to-row cross-axis-centered nowrap grid-1of3\">\n<div class=\"item item-gutter\"><img loading=\"lazy\" class=\"aligncenter wp-image-12915 size-thumbnail\" src=\"https:\/\/lab-ncs.com\/wp-content\/uploads\/2016\/10\/ncs-selezione-personale-150x150.jpg\" alt=\"NCS Selezione del personale\" width=\"150\" height=\"150\"><\/div>\n<div>\n<h3><span>Motivation des collaborateurs<\/span><\/h3>\n<p><span>Changer l&#8217;attitude mentale du collaborateur pour le bien-\u00eatre et une plus grande productivit\u00e9 \u00e0 travers l&#8217;utilisation des expressions verbales et non verbales. Gr\u00e2ce \u00e0 la m\u00e9thodologie NeuroComScience, des r\u00e9sultats sont obtenus en tr\u00e8s peu de temps.<\/span><\/p>\n<\/div>\n<\/div>\n<div class=\"page-feature col-to-row cross-axis-centered nowrap grid-1of3\">\n<div class=\"item item-gutter\"><img loading=\"lazy\" class=\"aligncenter wp-image-12914 size-thumbnail\" src=\"https:\/\/lab-ncs.com\/wp-content\/uploads\/2016\/10\/ncs-leadership-150x150.jpg\" width=\"150\" height=\"150\"><\/div>\n<div>\n<h3><span>Criminologique<\/span><\/h3>\n<p><span>V\u00e9rification de la fiabilit\u00e9 des d\u00e9clarations, d\u00e9tection de comportements incoh\u00e9rents lors de l&#8217;entretien, de l&#8217;interview, de l&#8217;interrogatoire. Figures qui s&#8217;adressent : enqu\u00eateurs, avocats et particuliers.<\/span><\/p>\n<\/div>\n<\/div>\n<h3><span>Et de plus&#8230;<\/span><\/h3>\n<ul>\n<li><strong>Neuromarketing,<\/strong> <span>pour augmenter l&#8217;impact \u00e9motionnel des produits \u00e0 introduire sur le march\u00e9. Nous effectuons des analyses pour les soci\u00e9t\u00e9s leaders dans les recherches de march\u00e9.<\/span><\/li>\n<li><strong>Leadership,<\/strong>des outils qui permettent d&#8217;augmenter le consensus. Nous sommes sollicit\u00e9s par des managers mais aussi par des politiciens qui souhaitent optimiser la communication persuasive, le consensus et la n\u00e9gociation.<\/li>\n<li><span><strong>Vente et n\u00e9gociation<\/strong>, D\u00e9velopper les capacit\u00e9s relationnelles qui permettent d&#8217;augmenter les r\u00e9sultats.<\/span><\/li>\n<li><strong>Domaine clinique et \u00e9ducatif<\/strong><\/li>\n<li><strong>\u00c9cole de renforcement \u00e9motionnel<\/strong><\/li>\n<li><strong>Entra\u00eenement mental<\/strong><\/li>\n<\/ul>\n","protected":false},"excerpt":{"rendered":"<p>Activit\u00e9s aupr\u00e8s d&#8217;importantes r\u00e9alit\u00e9s d&#8217;entreprises et institutionnelles. La mission de la structure est de proposer des techniques et m\u00e9thodes innovantes d&#8217;analyse de la communication non verbale, scientifiquement valid\u00e9es. Elles apportent en effet des avantages aux structures en termes de pr\u00e9cision et d&#8217;\u00e9conomie de ressources. Les demandes de consultation d&#8217;analyse vid\u00e9o, d&#8217;observation directe et de formation &hellip; <a href=\"https:\/\/lab-ncs.com\/fr\/applications\/\" class=\"more-link\">Continue reading<span class=\"screen-reader-text\"> &#8220;Applications&#8221;<\/span><\/a><\/p>\n","protected":false},"author":2,"featured_media":0,"parent":0,"menu_order":0,"comment_status":"closed","ping_status":"closed","template":"page-templates\/page-right-sidebar.php","meta":{"om_disable_all_campaigns":false},"aioseo_notices":[],"yoast_head":"<!-- This site is optimized with the Yoast SEO plugin v18.6 - https:\/\/yoast.com\/wordpress\/plugins\/seo\/ -->\n<title>Applications - NeuroComScience, Laboratorio di analisi comportamentale - Comunicazione non verbale.<\/title>\n<meta name=\"robots\" content=\"index, follow, max-snippet:-1, max-image-preview:large, max-video-preview:-1\" \/>\n<link rel=\"canonical\" href=\"https:\/\/lab-ncs.com\/fr\/applications\/\" \/>\n<meta property=\"og:locale\" content=\"fr_FR\" \/>\n<meta property=\"og:type\" content=\"article\" \/>\n<meta property=\"og:title\" content=\"Applications - NeuroComScience, Laboratorio di analisi comportamentale - Comunicazione non verbale.\" \/>\n<meta property=\"og:description\" content=\"Activit\u00e9s aupr\u00e8s d&#8217;importantes r\u00e9alit\u00e9s d&#8217;entreprises et institutionnelles. La mission de la structure est de proposer des techniques et m\u00e9thodes innovantes d&#8217;analyse de la communication non verbale, scientifiquement valid\u00e9es. Elles apportent en effet des avantages aux structures en termes de pr\u00e9cision et d&#8217;\u00e9conomie de ressources. Les demandes de consultation d&#8217;analyse vid\u00e9o, d&#8217;observation directe et de formation &hellip; Continue reading &quot;Applications&quot;\" \/>\n<meta property=\"og:url\" content=\"https:\/\/lab-ncs.com\/fr\/applications\/\" \/>\n<meta property=\"og:site_name\" content=\"NeuroComScience, Laboratorio di analisi comportamentale - Comunicazione non verbale.\" \/>\n<meta property=\"article:modified_time\" content=\"2023-12-18T22:30:51+00:00\" \/>\n<meta property=\"og:image\" content=\"https:\/\/lab-ncs.com\/wp-content\/uploads\/2016\/10\/ncs-criminologia-150x150.jpg\" \/>\n<meta name=\"twitter:label1\" content=\"Dur\u00e9e de lecture estim\u00e9e\" \/>\n\t<meta name=\"twitter:data1\" content=\"3 minutes\" \/>\n<script type=\"application\/ld+json\" class=\"yoast-schema-graph\">{\"@context\":\"https:\/\/schema.org\",\"@graph\":[{\"@type\":\"WebSite\",\"@id\":\"https:\/\/lab-ncs.com\/#website\",\"url\":\"https:\/\/lab-ncs.com\/\",\"name\":\"NeuroComScience, Laboratorio di analisi comportamentale - Comunicazione non verbale.\",\"description\":\"Analisi delle espressioni facciali\",\"potentialAction\":[{\"@type\":\"SearchAction\",\"target\":{\"@type\":\"EntryPoint\",\"urlTemplate\":\"https:\/\/lab-ncs.com\/?s={search_term_string}\"},\"query-input\":\"required name=search_term_string\"}],\"inLanguage\":\"fr-FR\"},{\"@type\":\"ImageObject\",\"@id\":\"https:\/\/lab-ncs.com\/fr\/applications\/#primaryimage\",\"inLanguage\":\"fr-FR\",\"url\":\"https:\/\/lab-ncs.com\/wp-content\/uploads\/2016\/10\/ncs-criminologia.jpg\",\"contentUrl\":\"https:\/\/lab-ncs.com\/wp-content\/uploads\/2016\/10\/ncs-criminologia.jpg\",\"width\":244,\"height\":244,\"caption\":\"NCS Criminologia\"},{\"@type\":\"WebPage\",\"@id\":\"https:\/\/lab-ncs.com\/fr\/applications\/#webpage\",\"url\":\"https:\/\/lab-ncs.com\/fr\/applications\/\",\"name\":\"Applications - NeuroComScience, Laboratorio di analisi comportamentale - Comunicazione non verbale.\",\"isPartOf\":{\"@id\":\"https:\/\/lab-ncs.com\/#website\"},\"primaryImageOfPage\":{\"@id\":\"https:\/\/lab-ncs.com\/fr\/applications\/#primaryimage\"},\"datePublished\":\"2016-10-02T07:43:10+00:00\",\"dateModified\":\"2023-12-18T22:30:51+00:00\",\"breadcrumb\":{\"@id\":\"https:\/\/lab-ncs.com\/fr\/applications\/#breadcrumb\"},\"inLanguage\":\"fr-FR\",\"potentialAction\":[{\"@type\":\"ReadAction\",\"target\":[\"https:\/\/lab-ncs.com\/fr\/applications\/\"]}]},{\"@type\":\"BreadcrumbList\",\"@id\":\"https:\/\/lab-ncs.com\/fr\/applications\/#breadcrumb\",\"itemListElement\":[{\"@type\":\"ListItem\",\"position\":1,\"name\":\"Home\",\"item\":\"https:\/\/lab-ncs.com\/fr\/\"},{\"@type\":\"ListItem\",\"position\":2,\"name\":\"Applications\"}]}]}<\/script>\n<!-- \/ Yoast SEO plugin. -->","yoast_head_json":{"title":"Applications - NeuroComScience, Laboratorio di analisi comportamentale - Comunicazione non verbale.","robots":{"index":"index","follow":"follow","max-snippet":"max-snippet:-1","max-image-preview":"max-image-preview:large","max-video-preview":"max-video-preview:-1"},"canonical":"https:\/\/lab-ncs.com\/fr\/applications\/","og_locale":"fr_FR","og_type":"article","og_title":"Applications - NeuroComScience, Laboratorio di analisi comportamentale - Comunicazione non verbale.","og_description":"Activit\u00e9s aupr\u00e8s d&#8217;importantes r\u00e9alit\u00e9s d&#8217;entreprises et institutionnelles. La mission de la structure est de proposer des techniques et m\u00e9thodes innovantes d&#8217;analyse de la communication non verbale, scientifiquement valid\u00e9es. Elles apportent en effet des avantages aux structures en termes de pr\u00e9cision et d&#8217;\u00e9conomie de ressources. Les demandes de consultation d&#8217;analyse vid\u00e9o, d&#8217;observation directe et de formation &hellip; Continue reading \"Applications\"","og_url":"https:\/\/lab-ncs.com\/fr\/applications\/","og_site_name":"NeuroComScience, Laboratorio di analisi comportamentale - Comunicazione non verbale.","article_modified_time":"2023-12-18T22:30:51+00:00","og_image":[{"url":"https:\/\/lab-ncs.com\/wp-content\/uploads\/2016\/10\/ncs-criminologia-150x150.jpg"}],"twitter_misc":{"Dur\u00e9e de lecture estim\u00e9e":"3 minutes"},"schema":{"@context":"https:\/\/schema.org","@graph":[{"@type":"WebSite","@id":"https:\/\/lab-ncs.com\/#website","url":"https:\/\/lab-ncs.com\/","name":"NeuroComScience, Laboratorio di analisi comportamentale - Comunicazione non verbale.","description":"Analisi delle espressioni facciali","potentialAction":[{"@type":"SearchAction","target":{"@type":"EntryPoint","urlTemplate":"https:\/\/lab-ncs.com\/?s={search_term_string}"},"query-input":"required name=search_term_string"}],"inLanguage":"fr-FR"},{"@type":"ImageObject","@id":"https:\/\/lab-ncs.com\/fr\/applications\/#primaryimage","inLanguage":"fr-FR","url":"https:\/\/lab-ncs.com\/wp-content\/uploads\/2016\/10\/ncs-criminologia.jpg","contentUrl":"https:\/\/lab-ncs.com\/wp-content\/uploads\/2016\/10\/ncs-criminologia.jpg","width":244,"height":244,"caption":"NCS Criminologia"},{"@type":"WebPage","@id":"https:\/\/lab-ncs.com\/fr\/applications\/#webpage","url":"https:\/\/lab-ncs.com\/fr\/applications\/","name":"Applications - NeuroComScience, Laboratorio di analisi comportamentale - Comunicazione non verbale.","isPartOf":{"@id":"https:\/\/lab-ncs.com\/#website"},"primaryImageOfPage":{"@id":"https:\/\/lab-ncs.com\/fr\/applications\/#primaryimage"},"datePublished":"2016-10-02T07:43:10+00:00","dateModified":"2023-12-18T22:30:51+00:00","breadcrumb":{"@id":"https:\/\/lab-ncs.com\/fr\/applications\/#breadcrumb"},"inLanguage":"fr-FR","potentialAction":[{"@type":"ReadAction","target":["https:\/\/lab-ncs.com\/fr\/applications\/"]}]},{"@type":"BreadcrumbList","@id":"https:\/\/lab-ncs.com\/fr\/applications\/#breadcrumb","itemListElement":[{"@type":"ListItem","position":1,"name":"Home","item":"https:\/\/lab-ncs.com\/fr\/"},{"@type":"ListItem","position":2,"name":"Applications"}]}]}},"_links":{"self":[{"href":"https:\/\/lab-ncs.com\/fr\/wp-json\/wp\/v2\/pages\/12912"}],"collection":[{"href":"https:\/\/lab-ncs.com\/fr\/wp-json\/wp\/v2\/pages"}],"about":[{"href":"https:\/\/lab-ncs.com\/fr\/wp-json\/wp\/v2\/types\/page"}],"author":[{"embeddable":true,"href":"https:\/\/lab-ncs.com\/fr\/wp-json\/wp\/v2\/users\/2"}],"replies":[{"embeddable":true,"href":"https:\/\/lab-ncs.com\/fr\/wp-json\/wp\/v2\/comments?post=12912"}],"version-history":[{"count":3,"href":"https:\/\/lab-ncs.com\/fr\/wp-json\/wp\/v2\/pages\/12912\/revisions"}],"predecessor-version":[{"id":34087,"href":"https:\/\/lab-ncs.com\/fr\/wp-json\/wp\/v2\/pages\/12912\/revisions\/34087"}],"wp:attachment":[{"href":"https:\/\/lab-ncs.com\/fr\/wp-json\/wp\/v2\/media?parent=12912"}],"curies":[{"name":"wp","href":"https:\/\/api.w.org\/{rel}","templated":true}]}}