{"id":12903,"date":"2016-10-01T14:59:17","date_gmt":"2017-04-07T15:18:10","guid":{"rendered":"https:\/\/lab-ncs.com\/iscrizione-ai-corsi-base\/"},"modified":"2018-02-26T16:24:30","modified_gmt":"2018-02-26T16:24:30","slug":"inscription-au-cours-de-base","status":"publish","type":"page","link":"https:\/\/lab-ncs.com\/fr\/inscription-au-cours-de-base\/","title":{"rendered":"Inscription au Cours d&#8217;Analyse Scientifique des Expressions Faciales"},"content":{"rendered":"<header class=\"icon-heading\"><span class=\"section-header-icon icon icon-edit\"><\/span><h2>Inscription au Cours d&#8217;Analyse Scientifique des Expressions Faciales<span><\/span><\/h2><\/header>\n<div role=\"form\" class=\"wpcf7\" id=\"wpcf7-f12902-o1\" lang=\"it-IT\" dir=\"ltr\">\n<div class=\"screen-reader-response\"><p role=\"status\" aria-live=\"polite\" aria-atomic=\"true\"><\/p> <ul><\/ul><\/div>\n<form action=\"\/fr\/wp-json\/wp\/v2\/pages\/12903#wpcf7-f12902-o1\" method=\"post\" class=\"wpcf7-form init\" novalidate=\"novalidate\" data-status=\"init\">\n<div style=\"display: none;\">\n<input type=\"hidden\" name=\"_wpcf7\" value=\"12902\" \/>\n<input type=\"hidden\" name=\"_wpcf7_version\" value=\"5.6\" \/>\n<input type=\"hidden\" name=\"_wpcf7_locale\" value=\"it_IT\" \/>\n<input type=\"hidden\" name=\"_wpcf7_unit_tag\" value=\"wpcf7-f12902-o1\" \/>\n<input type=\"hidden\" name=\"_wpcf7_container_post\" value=\"0\" \/>\n<input type=\"hidden\" name=\"_wpcf7_posted_data_hash\" value=\"\" \/>\n<\/div>\n<p class=\"half half_first\">Lieu du cours*<br \/>\n    <span class=\"wpcf7-form-control-wrap\" data-name=\"text-635\"><input type=\"text\" name=\"text-635\" value=\"\" size=\"40\" class=\"wpcf7-form-control wpcf7-text wpcf7-validates-as-required\" aria-required=\"true\" aria-invalid=\"false\" placeholder=\"p. ex. Bruxelles ...\" \/><\/span> <\/p>\n<p class=\"half half_last\">Date du cours*<br \/>\n    <span class=\"wpcf7-form-control-wrap\" data-name=\"text-510\"><input type=\"text\" name=\"text-510\" value=\"\" size=\"40\" class=\"wpcf7-form-control wpcf7-text wpcf7-validates-as-required\" aria-required=\"true\" aria-invalid=\"false\" \/><\/span> <\/p>\n<p class=\"half half_first\">Lieu de naissance *<br \/>\n    <span class=\"wpcf7-form-control-wrap\" data-name=\"text-145\"><input type=\"text\" name=\"text-145\" value=\"\" size=\"40\" class=\"wpcf7-form-control wpcf7-text wpcf7-validates-as-required\" aria-required=\"true\" aria-invalid=\"false\" placeholder=\"N\u00e9 \u00e0\" \/><\/span> <\/p>\n<p class=\"half half_last\">Date de naissance  *<br \/>\n   <span class=\"wpcf7-form-control-wrap\" data-name=\"text-611\"><input type=\"text\" name=\"text-611\" value=\"\" size=\"40\" class=\"wpcf7-form-control wpcf7-text wpcf7-validates-as-required\" aria-required=\"true\" aria-invalid=\"false\" placeholder=\"jj\/mm\/aaaa\" \/><\/span> <\/p>\n<p class=\"half half_first\">Nom et pr\u00e9nom \u2013 nom de la soci\u00e9t\u00e9 (si n\u00e9cessaire) *<br \/>\n    <span class=\"wpcf7-form-control-wrap\" data-name=\"your-name\"><input type=\"text\" name=\"your-name\" value=\"\" size=\"40\" class=\"wpcf7-form-control wpcf7-text wpcf7-validates-as-required\" aria-required=\"true\" aria-invalid=\"false\" placeholder=\"Nom et pr\u00e9nom\" \/><\/span> <\/p>\n<p class=\"half half_last\">Num\u00e9ro national *<br \/>\n    <span class=\"wpcf7-form-control-wrap\" data-name=\"text-474\"><input type=\"text\" name=\"text-474\" value=\"\" size=\"40\" class=\"wpcf7-form-control wpcf7-text wpcf7-validates-as-required\" aria-required=\"true\" aria-invalid=\"false\" placeholder=\"Num\u00e9ro national\" \/><\/span> <\/p>\n<p >Profession *<br \/>\n    <span class=\"wpcf7-form-control-wrap\" data-name=\"text-906\"><input type=\"text\" name=\"text-906\" value=\"\" size=\"40\" class=\"wpcf7-form-control wpcf7-text wpcf7-validates-as-required\" aria-required=\"true\" aria-invalid=\"false\" placeholder=\"Profession\" \/><\/span> <\/p>\n<p>R\u00e9sidence *<\/p>\n<p class=\"half half_first\">\n      <span class=\"wpcf7-form-control-wrap\" data-name=\"text-534\"><input type=\"text\" name=\"text-534\" value=\"\" size=\"40\" class=\"wpcf7-form-control wpcf7-text wpcf7-validates-as-required\" aria-required=\"true\" aria-invalid=\"false\" placeholder=\"Municipalit\u00e9\" \/><\/span> <span class=\"wpcf7-form-control-wrap\" data-name=\"text-32\"><input type=\"text\" name=\"text-32\" value=\"\" size=\"40\" class=\"wpcf7-form-control wpcf7-text wpcf7-validates-as-required\" aria-required=\"true\" aria-invalid=\"false\" placeholder=\"Adresse\" \/><\/span> <\/p>\n<p class=\"half half_last\">\n<span class=\"wpcf7-form-control-wrap\" data-name=\"text-286\"><input type=\"text\" name=\"text-286\" value=\"\" size=\"40\" class=\"wpcf7-form-control wpcf7-text wpcf7-validates-as-required cap\" aria-required=\"true\" aria-invalid=\"false\" placeholder=\"CAP\" \/><\/span> <span class=\"wpcf7-form-control-wrap\" data-name=\"text-278\"><input type=\"text\" name=\"text-278\" value=\"\" size=\"40\" class=\"wpcf7-form-control wpcf7-text wpcf7-validates-as-required provincia\" aria-required=\"true\" aria-invalid=\"false\" placeholder=\"Province\" \/><\/span><\/p>\n<p class=\"half half_first\">T\u00e9l\u00e9phone *<br \/>\n    <span class=\"wpcf7-form-control-wrap\" data-name=\"tel-983\"><input type=\"tel\" name=\"tel-983\" value=\"\" size=\"40\" class=\"wpcf7-form-control wpcf7-text wpcf7-tel wpcf7-validates-as-required wpcf7-validates-as-tel\" aria-required=\"true\" aria-invalid=\"false\" \/><\/span> <\/p>\n<p class=\"half half_last\">Adresse mail*<br \/>\n    <span class=\"wpcf7-form-control-wrap\" data-name=\"your-email\"><input type=\"email\" name=\"your-email\" value=\"\" size=\"40\" class=\"wpcf7-form-control wpcf7-text wpcf7-email wpcf7-validates-as-required wpcf7-validates-as-email\" aria-required=\"true\" aria-invalid=\"false\" \/><\/span> <\/p>\n<p>Donn\u00e9es pour la facturation (si n\u00e9cessaire) *<br \/>\n   <span class=\"wpcf7-form-control-wrap\" data-name=\"textarea-320\"><textarea name=\"textarea-320\" cols=\"40\" rows=\"10\" class=\"wpcf7-form-control wpcf7-textarea\" aria-invalid=\"false\" placeholder=\"Nom de la soci\u00e9t\u00e9 - TVA\"><\/textarea><\/span><\/p>\n<p>[recaptcha]<\/p>\n<p>En remplissant et en soumettant ce formulaire, vous acceptez le traitement des donn\u00e9es personnelles (d\u00e9cret-loi 196\/2003)<\/p>\n<p><input type=\"submit\" value=\"INSCRIVEZ-VOUS AU COURS\" class=\"wpcf7-form-control has-spinner wpcf7-submit\" \/><\/p>\n<div class=\"wpcf7-response-output\" aria-hidden=\"true\"><\/div><\/form><\/div>\n<p>Veuillez remplir le formulaire ci-dessous pour conna\u00eetre les d\u00e9tails de votre offre:<\/p>\n<p><strong>IBAN:IT70A0100512400000000001256<\/strong><br \/>\n<strong>BIC\/SWIFT: BNLIITRRGOX<\/strong><\/p>\n<ul>\n<li>intestat a NeuroComScience<\/li>\n<li>BANCA NAZIONALE DEL LAVORO\u00a0&#8211; \u00a0Italy-Gorizia<\/li>\n<li>Indiquez comme causalit\u00e9: le nom, le nom du membre du cours et le cours choisi.<\/li>\n<\/ul>\n<p>S&#8217;il y a un emp\u00eachement \u00e0 suivre le cours apr\u00e8s le paiement, il peut \u00eatre utilis\u00e9 pour un cours ult\u00e9rieur chez NeuroComScience au cours des deux ann\u00e9es suivantes.<br \/>\n<span><\/span><span>S&#8217;il y a un emp\u00eachement \u00e0 suivre le cours apr\u00e8s le paiement, il peut \u00eatre utilis\u00e9 pour un cours ult\u00e9rieur chez NeuroComScience au cours des deux ann\u00e9es suivantes.<br \/>\nLe r\u00e8glement NCS stipule que si le nombre de 10 membres n&#8217;est pas atteint, le cours sera r\u00e9alis\u00e9 en coexistence avec l&#8217;enseignant \u00e0 travers une plateforme sp\u00e9cifique. Cela repr\u00e9sente une opportunit\u00e9, celle d&#8217;\u00eatre suivi individuellement, en t\u00eate-\u00e0-t\u00eate avec l&#8217;enseignant. Ce service co\u00fbte 588 euros, mais pour garantir la satisfaction du client, NCS n&#8217;exigera pas de frais suppl\u00e9mentaires<\/span><\/p>\n<p>&nbsp;<\/p>\n","protected":false},"excerpt":{"rendered":"<p>Veuillez remplir le formulaire ci-dessous pour conna\u00eetre les d\u00e9tails de votre offre: IBAN:IT70A0100512400000000001256 BIC\/SWIFT: BNLIITRRGOX intestat a NeuroComScience BANCA NAZIONALE DEL LAVORO\u00a0&#8211; \u00a0Italy-Gorizia Indiquez comme causalit\u00e9: le nom, le nom du membre du cours et le cours choisi. S&#8217;il y a un emp\u00eachement \u00e0 suivre le cours apr\u00e8s le paiement, il peut \u00eatre utilis\u00e9 pour &hellip; <a href=\"https:\/\/lab-ncs.com\/fr\/inscription-au-cours-de-base\/\" class=\"more-link\">Continue reading<span class=\"screen-reader-text\"> &#8220;Inscription au Cours d&#8217;Analyse Scientifique des Expressions Faciales&#8221;<\/span><\/a><\/p>\n","protected":false},"author":2,"featured_media":0,"parent":0,"menu_order":0,"comment_status":"closed","ping_status":"closed","template":"","meta":{"om_disable_all_campaigns":false},"aioseo_notices":[],"yoast_head":"<!-- This site is optimized with the Yoast SEO plugin v18.6 - https:\/\/yoast.com\/wordpress\/plugins\/seo\/ -->\n<title>Inscription au Cours d&#039;Analyse Scientifique des Expressions Faciales - NeuroComScience, Laboratorio di analisi comportamentale - Comunicazione non verbale.<\/title>\n<meta name=\"robots\" content=\"index, follow, max-snippet:-1, max-image-preview:large, max-video-preview:-1\" \/>\n<link rel=\"canonical\" href=\"https:\/\/lab-ncs.com\/fr\/inscription-au-cours-de-base\/\" \/>\n<meta property=\"og:locale\" content=\"fr_FR\" \/>\n<meta property=\"og:type\" content=\"article\" \/>\n<meta property=\"og:title\" content=\"Inscription au Cours d&#039;Analyse Scientifique des Expressions Faciales - NeuroComScience, Laboratorio di analisi comportamentale - Comunicazione non verbale.\" \/>\n<meta property=\"og:description\" content=\"Veuillez remplir le formulaire ci-dessous pour conna\u00eetre les d\u00e9tails de votre offre: IBAN:IT70A0100512400000000001256 BIC\/SWIFT: BNLIITRRGOX intestat a NeuroComScience BANCA NAZIONALE DEL LAVORO\u00a0&#8211; \u00a0Italy-Gorizia Indiquez comme causalit\u00e9: le nom, le nom du membre du cours et le cours choisi. S&#8217;il y a un emp\u00eachement \u00e0 suivre le cours apr\u00e8s le paiement, il peut \u00eatre utilis\u00e9 pour &hellip; Continue reading &quot;Inscription au Cours d&#8217;Analyse Scientifique des Expressions Faciales&quot;\" \/>\n<meta property=\"og:url\" content=\"https:\/\/lab-ncs.com\/fr\/inscription-au-cours-de-base\/\" \/>\n<meta property=\"og:site_name\" content=\"NeuroComScience, Laboratorio di analisi comportamentale - Comunicazione non verbale.\" \/>\n<meta property=\"article:modified_time\" content=\"2018-02-26T16:24:30+00:00\" \/>\n<meta name=\"twitter:label1\" content=\"Dur\u00e9e de lecture estim\u00e9e\" \/>\n\t<meta name=\"twitter:data1\" content=\"1 minute\" \/>\n<script type=\"application\/ld+json\" class=\"yoast-schema-graph\">{\"@context\":\"https:\/\/schema.org\",\"@graph\":[{\"@type\":\"WebSite\",\"@id\":\"https:\/\/lab-ncs.com\/#website\",\"url\":\"https:\/\/lab-ncs.com\/\",\"name\":\"NeuroComScience, Laboratorio di analisi comportamentale - Comunicazione non verbale.\",\"description\":\"Analisi delle espressioni facciali\",\"potentialAction\":[{\"@type\":\"SearchAction\",\"target\":{\"@type\":\"EntryPoint\",\"urlTemplate\":\"https:\/\/lab-ncs.com\/?s={search_term_string}\"},\"query-input\":\"required name=search_term_string\"}],\"inLanguage\":\"fr-FR\"},{\"@type\":\"WebPage\",\"@id\":\"https:\/\/lab-ncs.com\/fr\/inscription-au-cours-de-base\/#webpage\",\"url\":\"https:\/\/lab-ncs.com\/fr\/inscription-au-cours-de-base\/\",\"name\":\"Inscription au Cours d'Analyse Scientifique des Expressions Faciales - NeuroComScience, Laboratorio di analisi comportamentale - Comunicazione non verbale.\",\"isPartOf\":{\"@id\":\"https:\/\/lab-ncs.com\/#website\"},\"datePublished\":\"2017-04-07T15:18:10+00:00\",\"dateModified\":\"2018-02-26T16:24:30+00:00\",\"breadcrumb\":{\"@id\":\"https:\/\/lab-ncs.com\/fr\/inscription-au-cours-de-base\/#breadcrumb\"},\"inLanguage\":\"fr-FR\",\"potentialAction\":[{\"@type\":\"ReadAction\",\"target\":[\"https:\/\/lab-ncs.com\/fr\/inscription-au-cours-de-base\/\"]}]},{\"@type\":\"BreadcrumbList\",\"@id\":\"https:\/\/lab-ncs.com\/fr\/inscription-au-cours-de-base\/#breadcrumb\",\"itemListElement\":[{\"@type\":\"ListItem\",\"position\":1,\"name\":\"Home\",\"item\":\"https:\/\/lab-ncs.com\/fr\/\"},{\"@type\":\"ListItem\",\"position\":2,\"name\":\"Inscription au Cours d&rsquo;Analyse Scientifique des Expressions Faciales\"}]}]}<\/script>\n<!-- \/ Yoast SEO plugin. -->","yoast_head_json":{"title":"Inscription au Cours d'Analyse Scientifique des Expressions Faciales - NeuroComScience, Laboratorio di analisi comportamentale - Comunicazione non verbale.","robots":{"index":"index","follow":"follow","max-snippet":"max-snippet:-1","max-image-preview":"max-image-preview:large","max-video-preview":"max-video-preview:-1"},"canonical":"https:\/\/lab-ncs.com\/fr\/inscription-au-cours-de-base\/","og_locale":"fr_FR","og_type":"article","og_title":"Inscription au Cours d'Analyse Scientifique des Expressions Faciales - NeuroComScience, Laboratorio di analisi comportamentale - Comunicazione non verbale.","og_description":"Veuillez remplir le formulaire ci-dessous pour conna\u00eetre les d\u00e9tails de votre offre: IBAN:IT70A0100512400000000001256 BIC\/SWIFT: BNLIITRRGOX intestat a NeuroComScience BANCA NAZIONALE DEL LAVORO\u00a0&#8211; \u00a0Italy-Gorizia Indiquez comme causalit\u00e9: le nom, le nom du membre du cours et le cours choisi. S&#8217;il y a un emp\u00eachement \u00e0 suivre le cours apr\u00e8s le paiement, il peut \u00eatre utilis\u00e9 pour &hellip; Continue reading \"Inscription au Cours d&#8217;Analyse Scientifique des Expressions Faciales\"","og_url":"https:\/\/lab-ncs.com\/fr\/inscription-au-cours-de-base\/","og_site_name":"NeuroComScience, Laboratorio di analisi comportamentale - Comunicazione non verbale.","article_modified_time":"2018-02-26T16:24:30+00:00","twitter_misc":{"Dur\u00e9e de lecture estim\u00e9e":"1 minute"},"schema":{"@context":"https:\/\/schema.org","@graph":[{"@type":"WebSite","@id":"https:\/\/lab-ncs.com\/#website","url":"https:\/\/lab-ncs.com\/","name":"NeuroComScience, Laboratorio di analisi comportamentale - Comunicazione non verbale.","description":"Analisi delle espressioni facciali","potentialAction":[{"@type":"SearchAction","target":{"@type":"EntryPoint","urlTemplate":"https:\/\/lab-ncs.com\/?s={search_term_string}"},"query-input":"required name=search_term_string"}],"inLanguage":"fr-FR"},{"@type":"WebPage","@id":"https:\/\/lab-ncs.com\/fr\/inscription-au-cours-de-base\/#webpage","url":"https:\/\/lab-ncs.com\/fr\/inscription-au-cours-de-base\/","name":"Inscription au Cours d'Analyse Scientifique des Expressions Faciales - NeuroComScience, Laboratorio di analisi comportamentale - Comunicazione non verbale.","isPartOf":{"@id":"https:\/\/lab-ncs.com\/#website"},"datePublished":"2017-04-07T15:18:10+00:00","dateModified":"2018-02-26T16:24:30+00:00","breadcrumb":{"@id":"https:\/\/lab-ncs.com\/fr\/inscription-au-cours-de-base\/#breadcrumb"},"inLanguage":"fr-FR","potentialAction":[{"@type":"ReadAction","target":["https:\/\/lab-ncs.com\/fr\/inscription-au-cours-de-base\/"]}]},{"@type":"BreadcrumbList","@id":"https:\/\/lab-ncs.com\/fr\/inscription-au-cours-de-base\/#breadcrumb","itemListElement":[{"@type":"ListItem","position":1,"name":"Home","item":"https:\/\/lab-ncs.com\/fr\/"},{"@type":"ListItem","position":2,"name":"Inscription au Cours d&rsquo;Analyse Scientifique des Expressions Faciales"}]}]}},"_links":{"self":[{"href":"https:\/\/lab-ncs.com\/fr\/wp-json\/wp\/v2\/pages\/12903"}],"collection":[{"href":"https:\/\/lab-ncs.com\/fr\/wp-json\/wp\/v2\/pages"}],"about":[{"href":"https:\/\/lab-ncs.com\/fr\/wp-json\/wp\/v2\/types\/page"}],"author":[{"embeddable":true,"href":"https:\/\/lab-ncs.com\/fr\/wp-json\/wp\/v2\/users\/2"}],"replies":[{"embeddable":true,"href":"https:\/\/lab-ncs.com\/fr\/wp-json\/wp\/v2\/comments?post=12903"}],"version-history":[{"count":3,"href":"https:\/\/lab-ncs.com\/fr\/wp-json\/wp\/v2\/pages\/12903\/revisions"}],"predecessor-version":[{"id":19329,"href":"https:\/\/lab-ncs.com\/fr\/wp-json\/wp\/v2\/pages\/12903\/revisions\/19329"}],"wp:attachment":[{"href":"https:\/\/lab-ncs.com\/fr\/wp-json\/wp\/v2\/media?parent=12903"}],"curies":[{"name":"wp","href":"https:\/\/api.w.org\/{rel}","templated":true}]}}