{"id":12791,"date":"2016-10-01T12:09:12","date_gmt":"2016-10-01T12:09:12","guid":{"rendered":"https:\/\/lab-ncs.com\/qui-sommes-nous\/"},"modified":"2018-02-13T09:01:18","modified_gmt":"2018-02-13T09:01:18","slug":"qui-sommes-nous","status":"publish","type":"page","link":"https:\/\/lab-ncs.com\/fr\/qui-sommes-nous\/","title":{"rendered":"Qui sommes-nous"},"content":{"rendered":"<header class=\"icon-heading\"><span class=\"section-header-icon icon icon-users\"><\/span><h2>L&#8217;\u00c9quipe NCS<span><\/span><\/h2><\/header>\n<p class=\"lead\">NeuroComScience est un centre de recherche, de formation et d\u2019activit\u00e9s de conseils en <strong>analyse comportementale,<\/strong> sp\u00e9cialis\u00e9 dans la communication non-verbale. Des institutions et entreprises importantes s\u2019adressent \u00e0 NeuroComScience afin d\u2019appliquer des m\u00e9thodes et des techniques scientifiques d&#8217;interpr\u00e9tation du comportement humain pour en tirer des avantages en termes de <strong>pr\u00e9cision, \u00e9conomie du temps et des ressources.<\/strong><\/p>\n<p class=\"lead\">NeuroComScience d\u00e9veloppe la majorit\u00e9 des applications dans ces domaines:<\/p>\n<ol>\n<li class=\"lead\"><strong>Entreprise:<\/strong> recrutement, motivation des employ\u00e9s, \u00e9valuation du personnel et de l\u2019environnement de travail, leadership, neuromarketing. Exemples de certains clients qui se sont adress\u00e9s \u00e0 NCS: G Group \u2013 ExsItalia (recrutement), Acad\u00e9mie BCC (secteur bancaire), Doxa (\u00e9tudes de march\u00e9), ARU (recrutement), Trelleborg (multinationale dans le secteur industriel), Autamarocchi (transport)<\/li>\n<li class=\"lead\"><strong>S\u00e9curit\u00e9:<\/strong> identification des comportements mena\u00e7ant la s\u00e9curit\u00e9 publique; r\u00e9cup\u00e9ration des informations du comportement dans des entrevues d&#8217;enqu\u00eate. Exemple de certains clients qui se sont adress\u00e9s \u00e0 NCS: Police &#8211; Minist\u00e8re de l&#8217;Int\u00e9rieur, Militaires &#8211; Minist\u00e8re de la D\u00e9fense<\/li>\n<li class=\"lead\"><strong>Educatif et clinique:<\/strong> entra\u00eenement mental pour les enfants ayant des difficult\u00e9s relationnelles, des troubles du spectre de l&#8217;autisme, les enfants sans troubles du d\u00e9veloppement avec des performances faibles \u00e0 l&#8217;\u00e9cole; entra\u00eenement mental pour les parents.<\/li>\n<\/ol>\n<header class=\"icon-heading\"><span class=\"section-header-icon icon icon-light-bulb\"><\/span><h2>\u00c9nergie, Connaissance, Force<span><\/span><\/h2><\/header>\n<p class=\"lead\">NeuroComScience a remport\u00e9 en 2013 le <strong>premier prix<\/strong> pour le projet de recherche qui est en cours de r\u00e9alisation \u00e0 technoAREA re\u00e7u par le D\u00e9partement de recherche de Trieste et par la Chambre de Commerce de Gorizia.<\/p>\n<p class=\"lead\">Le <strong>laboratoire NCS<\/strong> m\u00e8ne des exp\u00e9riences et des applications de haut niveau \u00e9tant \u00e9quip\u00e9 d\u2019une cabine d&#8217;observation, de micro cam\u00e9ras, de cam\u00e9ras vid\u00e9o et d\u2019instruments de mesure des changements physiologiques. Il offre des conseils et des formations tout au long de la p\u00e9ninsule Italienne, ainsi qu&#8217;\u00e0 l&#8217;\u00e9tranger. La propri\u00e9t\u00e9 a un accord avec l&#8217;Universit\u00e9 de Trieste, D\u00e9partement des Sciences de la Vie, pour la recherche exp\u00e9rimentale et pour le financement des subventions de recherche.<\/p>\n<header class=\"icon-heading\"><span class=\"section-header-icon icon icon-user\"><\/span><h2>Fondateur et Administrateur de NeuroComscience<span><\/span><\/h2><\/header>\n<div class=\"col-to-row grid-1of4\" style=\"flex-wrap: nowrap;\">\n<div class=\"item item-gutter\"><img loading=\"lazy\" class=\"size-full wp-image-12821\" src=\"https:\/\/lab-ncs.com\/wp-content\/uploads\/2013\/11\/jasna-legisa-1.jpg\" alt=\"Jasna Legi\u0161a\" width=\"244\" height=\"244\" srcset=\"https:\/\/lab-ncs.com\/wp-content\/uploads\/2013\/11\/jasna-legisa-1.jpg 244w, https:\/\/lab-ncs.com\/wp-content\/uploads\/2013\/11\/jasna-legisa-1-100x100.jpg 100w\" sizes=\"(max-width: 244px) 85vw, 244px\" \/><\/div>\n<div>\n<h3>Jasna Legi\u0161a<\/h3>\n<p><strong>Analyste comportementale dans le secteur des entreprises et des institutions,<\/strong> elle introduit en Italie une application scientifique des techniques d&#8217;analyse non-verbale qui sont maintenant utilis\u00e9es par de nombreux professionnels, entreprises et institutions. Elle a conduit la premi\u00e8re application de l&#8217;analyse scientifique du comportement facial et moteur-gestuel en Italie pendant les interrogatoires et entretiens dans le cadre d\u2019enq\u00fbete. Dans le domaine des entreprises, elle offre des conseils dans la s\u00e9lection du personnel, l&#8217;\u00e9valuation du personnel et la motivation des employ\u00e9s dans des grandes entreprises italiennes, \u00e9trang\u00e8res et multinationales.<\/p>\n<\/div>\n<\/div>\n<p><strong>Chercheuse:<\/strong> elle effectue de la recherche exp\u00e9rimentale en concevant des nouvelles m\u00e9thodes et techniques. Parmi ses publications on retrouve le premier texte en italien d\u00e9di\u00e9 aux techniques scientifiques d&#8217;analyse des expressions faciales, Ti leggo in volto. De 2007 \u00e0 2012, elle a collabor\u00e9 avec le D\u00e9partement de Neurosciences du Centre National de la Recherche Scientifique (CNRS) \u00e0 Strasbourg.<\/p>\n<p><strong>Professeur d\u2019universit\u00e9 et ma\u00eetre de conf\u00e9rence:<\/strong> elle a \u00e9t\u00e9 conf\u00e9renci\u00e8re dans plusieurs Universit\u00e9s. En particulier, elle a \u00e9t\u00e9 professeur adjoint au D\u00e9partement des Sciences M\u00e9dicales, Universit\u00e9 de Trieste 2010-2013; Universit\u00e9 de Salento, dans le domaine du Master projet Khira, en 2015; dans le Master en analyse comportementale et sciences appliqu\u00e9es \u00e0 l&#8217;Intelligence \u00e0 l\u2019Universit\u00e9 des Etudes Link Campus, en 2015. Elle est co-directrice de th\u00e8ses pour les Masters en psychologie \u00e0 l&#8217;Universit\u00e9 de Trieste.<\/p>\n<p><strong>Formation acad\u00e9mique:<\/strong> Doctorat en m\u00e9decine avec orientation psychologique \u00e0 l&#8217;Universit\u00e9 de Trieste; Master en psychologie de la personnalit\u00e9 \u00e0 l&#8217;Universit\u00e9 de Ljubljana; Bachelier en Sciences de la Communication \u00e0 l&#8217;Universit\u00e9 de Trieste; Cours de sp\u00e9cialisation postuniversitaires d&#8217;analyse comportementale et s\u00e9jours \u00e0 l&#8217;\u00e9tranger avec les majeurs experts en analyse non-verbale.<br \/>\n<header class=\"icon-heading\"><span class=\"section-header-icon icon icon-user\"><\/span><h2>Analystes et enseignants<span><\/span><\/h2><\/header><\/p>\n<h3>Dr Jessica Vascotto<\/h3>\n<p>Dipl\u00f4m\u00e9e en psychologie \u00e0 l&#8217;Universit\u00e9 de Trieste, elle effectue un doctorat dans le projet de convention entre NeuroComScience et l&#8217;Universit\u00e9 de Trieste. Elle a conduit une longue p\u00e9riode d&#8217;analyse de vid\u00e9os sur le comportement non-verbal pendant laquelle elle a approfondi diff\u00e9rents domaines, du neuromarketing \u00e0 la s\u00e9lection du personnel, jusqu&#8217;au champ des investigations pour v\u00e9rifier la fiabilit\u00e9 de l\u2019information. Elle a particip\u00e9 \u00e0 l&#8217;\u00e9laboration de nouveaux outils et techniques d&#8217;analyse non-verbale, y compris le comportement moteur-gestuel: Body Coding System.<br \/>\n<header class=\"icon-heading\"><span class=\"section-header-icon icon icon-users\"><\/span><h2>Analystes et Enseignants, collaborateurs professionnels<span><\/span><\/h2><\/header><\/p>\n<div class=\"col-to-row\">\n<div class=\"item item-gutter\">\n<h3>Dr Biljana Banjac<\/h3>\n<p>Analyste comportementale, titulaire du dipl\u00f4me de Master Behavioural Analyst . Elle est titulaire du dipl\u00f4me de Bachelier en Sciences Psychologiques.<\/p>\n<\/div>\n<div class=\"item item-gutter\">\n<h3>Dr Valentina Comiti<\/h3>\n<p>Analyste du comportement, sp\u00e9cialis\u00e9e dans la psychologie criminelle et d&#8217;enqu\u00eate.\u00a0 Elle a fait un Master dans l&#8217;analyse scientifique du comportement non-verbal \u00e0 NeuroComScience qui lui a permis de se sp\u00e9cialiser dans l&#8217;analyse non-verbale et de travailler dans ce champ.<\/p>\n<\/div>\n<\/div>\n<div class=\"col-to-row\"><\/div>\n<div class=\"col-to-row\">\n<div class=\"item item-gutter\">\n<h3>Dr Domenico Buono<\/h3>\n<p>Juriste, criminologue, il a approfondi l&#8217;\u00e9tude de l&#8217;analyse non-verbale, en particulier l&#8217;analyse des expressions faciales. Son domaine d&#8217;application est celui d\u2019enqu\u00eate criminologique l\u00e9gale. Il collabore avec NeuroComScience pour les activit\u00e9s d&#8217;enseignement dans la zone de la ville de Naples.<\/p>\n<h3>Dr Ludovica Pampaloni<\/h3>\n<p>Dipl\u00f4m\u00e9e en droit, elle a approfondi l&#8217;analyse non-verbale dans divers domaines, notamment dans l&#8217;enqu\u00eate criminologique pour assurer la fiabilit\u00e9 de l&#8217;information.<\/p>\n<\/div>\n<p>&nbsp;<\/p>\n<p>&nbsp;<\/p>\n<div class=\"item item-gutter\">\n<h3>Dr Patrizio Caini<\/h3>\n<p>Titulaire d\u2019un doctorat dans le domaine biom\u00e9dical \u00e0 l&#8217;Universit\u00e9 de Florence, il s\u2019occupe des neurosciences en effectuant des activit\u00e9s de recherche en mati\u00e8re de fronti\u00e8res. Apr\u00e8s un Master en analyse \u00e9motionnelle du visage et du corps chez NeuroComScience, il a commenc\u00e9 \u00e0 travailler avec l\u2019\u00e9tablissement.<\/p>\n<p>&nbsp;<\/p>\n<h3>Dr Silvia Fasciano<\/h3>\n<p>Psychologue, elle a collabor\u00e9 \u00e0 des projets de recherche \u00e0 l&#8217;Universit\u00e9 des Etudes &#8216;Kore&#8217; d&#8217;Enna. Le th\u00e8me de ses recherches est l&#8217;application de la reconnaissance des expressions \u00e9motionnelles non-verbales dans le secteur clinique et m\u00e9dico-l\u00e9gal. Les travaux ont \u00e9t\u00e9 pr\u00e9sent\u00e9s \u00e0 des congr\u00e8s et \u00e0 des revues scientifiques majeures telles que Clinical Neuropsychiatry. Elle poss\u00e8de une grande exp\u00e9rience de l&#8217;application du comportement non-verbal avec les patients souffrant de troubles de la personnalit\u00e9.<\/p>\n<p>&nbsp;<\/p>\n<\/div>\n<\/div>\n","protected":false},"excerpt":{"rendered":"<p>NeuroComScience est un centre de recherche, de formation et d\u2019activit\u00e9s de conseils en analyse comportementale, sp\u00e9cialis\u00e9 dans la communication non-verbale. Des institutions et entreprises importantes s\u2019adressent \u00e0 NeuroComScience afin d\u2019appliquer des m\u00e9thodes et des techniques scientifiques d&#8217;interpr\u00e9tation du comportement humain pour en tirer des avantages en termes de pr\u00e9cision, \u00e9conomie du temps et des ressources. &hellip; <a href=\"https:\/\/lab-ncs.com\/fr\/qui-sommes-nous\/\" class=\"more-link\">Continue reading<span class=\"screen-reader-text\"> &#8220;Qui sommes-nous&#8221;<\/span><\/a><\/p>\n","protected":false},"author":1,"featured_media":0,"parent":0,"menu_order":0,"comment_status":"closed","ping_status":"closed","template":"page-templates\/page-right-sidebar.php","meta":{"om_disable_all_campaigns":false,"_mi_skip_tracking":false},"aioseo_notices":[],"yoast_head":"<!-- This site is optimized with the Yoast SEO plugin v18.6 - https:\/\/yoast.com\/wordpress\/plugins\/seo\/ -->\n<title>Qui sommes-nous - NeuroComScience, Laboratorio di analisi comportamentale - Comunicazione non verbale.<\/title>\n<meta name=\"robots\" content=\"index, follow, max-snippet:-1, max-image-preview:large, max-video-preview:-1\" \/>\n<link rel=\"canonical\" href=\"https:\/\/lab-ncs.com\/fr\/qui-sommes-nous\/\" \/>\n<meta property=\"og:locale\" content=\"fr_FR\" \/>\n<meta property=\"og:type\" content=\"article\" \/>\n<meta property=\"og:title\" content=\"Qui sommes-nous - NeuroComScience, Laboratorio di analisi comportamentale - Comunicazione non verbale.\" \/>\n<meta property=\"og:description\" content=\"NeuroComScience est un centre de recherche, de formation et d\u2019activit\u00e9s de conseils en analyse comportementale, sp\u00e9cialis\u00e9 dans la communication non-verbale. Des institutions et entreprises importantes s\u2019adressent \u00e0 NeuroComScience afin d\u2019appliquer des m\u00e9thodes et des techniques scientifiques d&#8217;interpr\u00e9tation du comportement humain pour en tirer des avantages en termes de pr\u00e9cision, \u00e9conomie du temps et des ressources. &hellip; Continue reading &quot;Qui sommes-nous&quot;\" \/>\n<meta property=\"og:url\" content=\"https:\/\/lab-ncs.com\/fr\/qui-sommes-nous\/\" \/>\n<meta property=\"og:site_name\" content=\"NeuroComScience, Laboratorio di analisi comportamentale - Comunicazione non verbale.\" \/>\n<meta property=\"article:modified_time\" content=\"2018-02-13T09:01:18+00:00\" \/>\n<meta property=\"og:image\" content=\"https:\/\/lab-ncs.com\/wp-content\/uploads\/2013\/11\/jasna-legisa-1.jpg\" \/>\n<meta name=\"twitter:label1\" content=\"Dur\u00e9e de lecture estim\u00e9e\" \/>\n\t<meta name=\"twitter:data1\" content=\"5 minutes\" \/>\n<script type=\"application\/ld+json\" class=\"yoast-schema-graph\">{\"@context\":\"https:\/\/schema.org\",\"@graph\":[{\"@type\":\"WebSite\",\"@id\":\"https:\/\/lab-ncs.com\/#website\",\"url\":\"https:\/\/lab-ncs.com\/\",\"name\":\"NeuroComScience, Laboratorio di analisi comportamentale - Comunicazione non verbale.\",\"description\":\"Analisi delle espressioni facciali\",\"potentialAction\":[{\"@type\":\"SearchAction\",\"target\":{\"@type\":\"EntryPoint\",\"urlTemplate\":\"https:\/\/lab-ncs.com\/?s={search_term_string}\"},\"query-input\":\"required name=search_term_string\"}],\"inLanguage\":\"fr-FR\"},{\"@type\":\"ImageObject\",\"@id\":\"https:\/\/lab-ncs.com\/fr\/qui-sommes-nous\/#primaryimage\",\"inLanguage\":\"fr-FR\",\"url\":\"https:\/\/lab-ncs.com\/wp-content\/uploads\/2013\/11\/jasna-legisa-1.jpg\",\"contentUrl\":\"https:\/\/lab-ncs.com\/wp-content\/uploads\/2013\/11\/jasna-legisa-1.jpg\",\"width\":244,\"height\":244,\"caption\":\"Jasna Legi\u0161a\"},{\"@type\":\"WebPage\",\"@id\":\"https:\/\/lab-ncs.com\/fr\/qui-sommes-nous\/#webpage\",\"url\":\"https:\/\/lab-ncs.com\/fr\/qui-sommes-nous\/\",\"name\":\"Qui sommes-nous - NeuroComScience, Laboratorio di analisi comportamentale - Comunicazione non verbale.\",\"isPartOf\":{\"@id\":\"https:\/\/lab-ncs.com\/#website\"},\"primaryImageOfPage\":{\"@id\":\"https:\/\/lab-ncs.com\/fr\/qui-sommes-nous\/#primaryimage\"},\"datePublished\":\"2016-10-01T12:09:12+00:00\",\"dateModified\":\"2018-02-13T09:01:18+00:00\",\"breadcrumb\":{\"@id\":\"https:\/\/lab-ncs.com\/fr\/qui-sommes-nous\/#breadcrumb\"},\"inLanguage\":\"fr-FR\",\"potentialAction\":[{\"@type\":\"ReadAction\",\"target\":[\"https:\/\/lab-ncs.com\/fr\/qui-sommes-nous\/\"]}]},{\"@type\":\"BreadcrumbList\",\"@id\":\"https:\/\/lab-ncs.com\/fr\/qui-sommes-nous\/#breadcrumb\",\"itemListElement\":[{\"@type\":\"ListItem\",\"position\":1,\"name\":\"Home\",\"item\":\"https:\/\/lab-ncs.com\/fr\/\"},{\"@type\":\"ListItem\",\"position\":2,\"name\":\"Qui sommes-nous\"}]}]}<\/script>\n<!-- \/ Yoast SEO plugin. -->","yoast_head_json":{"title":"Qui sommes-nous - NeuroComScience, Laboratorio di analisi comportamentale - Comunicazione non verbale.","robots":{"index":"index","follow":"follow","max-snippet":"max-snippet:-1","max-image-preview":"max-image-preview:large","max-video-preview":"max-video-preview:-1"},"canonical":"https:\/\/lab-ncs.com\/fr\/qui-sommes-nous\/","og_locale":"fr_FR","og_type":"article","og_title":"Qui sommes-nous - NeuroComScience, Laboratorio di analisi comportamentale - Comunicazione non verbale.","og_description":"NeuroComScience est un centre de recherche, de formation et d\u2019activit\u00e9s de conseils en analyse comportementale, sp\u00e9cialis\u00e9 dans la communication non-verbale. Des institutions et entreprises importantes s\u2019adressent \u00e0 NeuroComScience afin d\u2019appliquer des m\u00e9thodes et des techniques scientifiques d&#8217;interpr\u00e9tation du comportement humain pour en tirer des avantages en termes de pr\u00e9cision, \u00e9conomie du temps et des ressources. &hellip; Continue reading \"Qui sommes-nous\"","og_url":"https:\/\/lab-ncs.com\/fr\/qui-sommes-nous\/","og_site_name":"NeuroComScience, Laboratorio di analisi comportamentale - Comunicazione non verbale.","article_modified_time":"2018-02-13T09:01:18+00:00","og_image":[{"url":"https:\/\/lab-ncs.com\/wp-content\/uploads\/2013\/11\/jasna-legisa-1.jpg"}],"twitter_misc":{"Dur\u00e9e de lecture estim\u00e9e":"5 minutes"},"schema":{"@context":"https:\/\/schema.org","@graph":[{"@type":"WebSite","@id":"https:\/\/lab-ncs.com\/#website","url":"https:\/\/lab-ncs.com\/","name":"NeuroComScience, Laboratorio di analisi comportamentale - Comunicazione non verbale.","description":"Analisi delle espressioni facciali","potentialAction":[{"@type":"SearchAction","target":{"@type":"EntryPoint","urlTemplate":"https:\/\/lab-ncs.com\/?s={search_term_string}"},"query-input":"required name=search_term_string"}],"inLanguage":"fr-FR"},{"@type":"ImageObject","@id":"https:\/\/lab-ncs.com\/fr\/qui-sommes-nous\/#primaryimage","inLanguage":"fr-FR","url":"https:\/\/lab-ncs.com\/wp-content\/uploads\/2013\/11\/jasna-legisa-1.jpg","contentUrl":"https:\/\/lab-ncs.com\/wp-content\/uploads\/2013\/11\/jasna-legisa-1.jpg","width":244,"height":244,"caption":"Jasna Legi\u0161a"},{"@type":"WebPage","@id":"https:\/\/lab-ncs.com\/fr\/qui-sommes-nous\/#webpage","url":"https:\/\/lab-ncs.com\/fr\/qui-sommes-nous\/","name":"Qui sommes-nous - NeuroComScience, Laboratorio di analisi comportamentale - Comunicazione non verbale.","isPartOf":{"@id":"https:\/\/lab-ncs.com\/#website"},"primaryImageOfPage":{"@id":"https:\/\/lab-ncs.com\/fr\/qui-sommes-nous\/#primaryimage"},"datePublished":"2016-10-01T12:09:12+00:00","dateModified":"2018-02-13T09:01:18+00:00","breadcrumb":{"@id":"https:\/\/lab-ncs.com\/fr\/qui-sommes-nous\/#breadcrumb"},"inLanguage":"fr-FR","potentialAction":[{"@type":"ReadAction","target":["https:\/\/lab-ncs.com\/fr\/qui-sommes-nous\/"]}]},{"@type":"BreadcrumbList","@id":"https:\/\/lab-ncs.com\/fr\/qui-sommes-nous\/#breadcrumb","itemListElement":[{"@type":"ListItem","position":1,"name":"Home","item":"https:\/\/lab-ncs.com\/fr\/"},{"@type":"ListItem","position":2,"name":"Qui sommes-nous"}]}]}},"_links":{"self":[{"href":"https:\/\/lab-ncs.com\/fr\/wp-json\/wp\/v2\/pages\/12791"}],"collection":[{"href":"https:\/\/lab-ncs.com\/fr\/wp-json\/wp\/v2\/pages"}],"about":[{"href":"https:\/\/lab-ncs.com\/fr\/wp-json\/wp\/v2\/types\/page"}],"author":[{"embeddable":true,"href":"https:\/\/lab-ncs.com\/fr\/wp-json\/wp\/v2\/users\/1"}],"replies":[{"embeddable":true,"href":"https:\/\/lab-ncs.com\/fr\/wp-json\/wp\/v2\/comments?post=12791"}],"version-history":[{"count":1,"href":"https:\/\/lab-ncs.com\/fr\/wp-json\/wp\/v2\/pages\/12791\/revisions"}],"predecessor-version":[{"id":18851,"href":"https:\/\/lab-ncs.com\/fr\/wp-json\/wp\/v2\/pages\/12791\/revisions\/18851"}],"wp:attachment":[{"href":"https:\/\/lab-ncs.com\/fr\/wp-json\/wp\/v2\/media?parent=12791"}],"curies":[{"name":"wp","href":"https:\/\/api.w.org\/{rel}","templated":true}]}}