{"id":19095,"date":"2018-02-23T07:11:03","date_gmt":"2018-02-23T07:11:03","guid":{"rendered":"https:\/\/lab-ncs.com\/punto-di-eccellenza\/"},"modified":"2018-03-13T09:01:25","modified_gmt":"2018-03-13T09:01:25","slug":"punto-di-eccellenza","status":"publish","type":"page","link":"https:\/\/lab-ncs.com\/es\/","title":{"rendered":"ES &#8211; Punto de excelencia"},"content":{"rendered":"<p class=\"lead\">ES &#8211; El Laboratorio <strong>NeuroComScience<\/strong> gan\u00f3 el primer premio de investigaci\u00f3n, innovaci\u00f3n y consultor\u00eda en an\u00e1lisis de comportamiento en la realizaci\u00f3n del proyecto en el Centro de Ciencia del Parque Cient\u00edfico AREA.<\/p>\n<p class=\"lead\">En Italia, <strong>NeuroComScience<\/strong> es el punto de referencia para las t\u00e9cnicas de an\u00e1lisis del comportamiento, con una fuerte especializaci\u00f3n en el an\u00e1lisis profesional no verbal<\/p>\n","protected":false},"excerpt":{"rendered":"<p>ES &#8211; El Laboratorio NeuroComScience gan\u00f3 el primer premio de investigaci\u00f3n, innovaci\u00f3n y consultor\u00eda en an\u00e1lisis de comportamiento en la realizaci\u00f3n del proyecto en el Centro de Ciencia del Parque Cient\u00edfico AREA. En Italia, NeuroComScience es el punto de referencia para las t\u00e9cnicas de an\u00e1lisis del comportamiento, con una fuerte especializaci\u00f3n en el an\u00e1lisis profesional &hellip; <a href=\"https:\/\/lab-ncs.com\/es\/\" class=\"more-link\">Continue reading<span class=\"screen-reader-text\"> &#8220;ES &#8211; Punto de excelencia&#8221;<\/span><\/a><\/p>\n","protected":false},"author":2,"featured_media":0,"parent":0,"menu_order":0,"comment_status":"closed","ping_status":"closed","template":"","meta":{"om_disable_all_campaigns":false,"_mi_skip_tracking":false},"aioseo_notices":[],"yoast_head":"<!-- This site is optimized with the Yoast SEO plugin v18.6 - https:\/\/yoast.com\/wordpress\/plugins\/seo\/ -->\n<title>NeuroComScience, Laboratorio di analisi comportamentale - Comunicazione non verbale.<\/title>\n<meta name=\"robots\" content=\"index, follow, max-snippet:-1, max-image-preview:large, max-video-preview:-1\" \/>\n<link rel=\"canonical\" href=\"https:\/\/lab-ncs.com\/es\/\" \/>\n<meta property=\"og:locale\" content=\"es_ES\" \/>\n<meta property=\"og:type\" content=\"article\" \/>\n<meta property=\"og:title\" content=\"NeuroComScience, Laboratorio di analisi comportamentale - Comunicazione non verbale.\" \/>\n<meta property=\"og:description\" content=\"ES &#8211; El Laboratorio NeuroComScience gan\u00f3 el primer premio de investigaci\u00f3n, innovaci\u00f3n y consultor\u00eda en an\u00e1lisis de comportamiento en la realizaci\u00f3n del proyecto en el Centro de Ciencia del Parque Cient\u00edfico AREA. En Italia, NeuroComScience es el punto de referencia para las t\u00e9cnicas de an\u00e1lisis del comportamiento, con una fuerte especializaci\u00f3n en el an\u00e1lisis profesional &hellip; Continue reading &quot;ES &#8211; Punto de excelencia&quot;\" \/>\n<meta property=\"og:url\" content=\"https:\/\/lab-ncs.com\/es\/\" \/>\n<meta property=\"og:site_name\" content=\"NeuroComScience, Laboratorio di analisi comportamentale - Comunicazione non verbale.\" \/>\n<meta property=\"article:modified_time\" content=\"2018-03-13T09:01:25+00:00\" \/>\n<script type=\"application\/ld+json\" class=\"yoast-schema-graph\">{\"@context\":\"https:\/\/schema.org\",\"@graph\":[{\"@type\":\"WebSite\",\"@id\":\"https:\/\/lab-ncs.com\/#website\",\"url\":\"https:\/\/lab-ncs.com\/\",\"name\":\"NeuroComScience, Laboratorio di analisi comportamentale - Comunicazione non verbale.\",\"description\":\"Analisi delle espressioni facciali\",\"potentialAction\":[{\"@type\":\"SearchAction\",\"target\":{\"@type\":\"EntryPoint\",\"urlTemplate\":\"https:\/\/lab-ncs.com\/?s={search_term_string}\"},\"query-input\":\"required name=search_term_string\"}],\"inLanguage\":\"es\"},{\"@type\":\"WebPage\",\"@id\":\"https:\/\/lab-ncs.com\/es\/#webpage\",\"url\":\"https:\/\/lab-ncs.com\/es\/\",\"name\":\"NeuroComScience, Laboratorio di analisi comportamentale - Comunicazione non verbale.\",\"isPartOf\":{\"@id\":\"https:\/\/lab-ncs.com\/#website\"},\"datePublished\":\"2018-02-23T07:11:03+00:00\",\"dateModified\":\"2018-03-13T09:01:25+00:00\",\"breadcrumb\":{\"@id\":\"https:\/\/lab-ncs.com\/es\/#breadcrumb\"},\"inLanguage\":\"es\",\"potentialAction\":[{\"@type\":\"ReadAction\",\"target\":[\"https:\/\/lab-ncs.com\/es\/\"]}]},{\"@type\":\"BreadcrumbList\",\"@id\":\"https:\/\/lab-ncs.com\/es\/#breadcrumb\",\"itemListElement\":[{\"@type\":\"ListItem\",\"position\":1,\"name\":\"Home\",\"item\":\"https:\/\/lab-ncs.com\/es\/\"},{\"@type\":\"ListItem\",\"position\":2,\"name\":\"ES &#8211; Punto de excelencia\"}]}]}<\/script>\n<!-- \/ Yoast SEO plugin. -->","yoast_head_json":{"title":"NeuroComScience, Laboratorio di analisi comportamentale - Comunicazione non verbale.","robots":{"index":"index","follow":"follow","max-snippet":"max-snippet:-1","max-image-preview":"max-image-preview:large","max-video-preview":"max-video-preview:-1"},"canonical":"https:\/\/lab-ncs.com\/es\/","og_locale":"es_ES","og_type":"article","og_title":"NeuroComScience, Laboratorio di analisi comportamentale - Comunicazione non verbale.","og_description":"ES &#8211; El Laboratorio NeuroComScience gan\u00f3 el primer premio de investigaci\u00f3n, innovaci\u00f3n y consultor\u00eda en an\u00e1lisis de comportamiento en la realizaci\u00f3n del proyecto en el Centro de Ciencia del Parque Cient\u00edfico AREA. En Italia, NeuroComScience es el punto de referencia para las t\u00e9cnicas de an\u00e1lisis del comportamiento, con una fuerte especializaci\u00f3n en el an\u00e1lisis profesional &hellip; Continue reading \"ES &#8211; Punto de excelencia\"","og_url":"https:\/\/lab-ncs.com\/es\/","og_site_name":"NeuroComScience, Laboratorio di analisi comportamentale - Comunicazione non verbale.","article_modified_time":"2018-03-13T09:01:25+00:00","schema":{"@context":"https:\/\/schema.org","@graph":[{"@type":"WebSite","@id":"https:\/\/lab-ncs.com\/#website","url":"https:\/\/lab-ncs.com\/","name":"NeuroComScience, Laboratorio di analisi comportamentale - Comunicazione non verbale.","description":"Analisi delle espressioni facciali","potentialAction":[{"@type":"SearchAction","target":{"@type":"EntryPoint","urlTemplate":"https:\/\/lab-ncs.com\/?s={search_term_string}"},"query-input":"required name=search_term_string"}],"inLanguage":"es"},{"@type":"WebPage","@id":"https:\/\/lab-ncs.com\/es\/#webpage","url":"https:\/\/lab-ncs.com\/es\/","name":"NeuroComScience, Laboratorio di analisi comportamentale - Comunicazione non verbale.","isPartOf":{"@id":"https:\/\/lab-ncs.com\/#website"},"datePublished":"2018-02-23T07:11:03+00:00","dateModified":"2018-03-13T09:01:25+00:00","breadcrumb":{"@id":"https:\/\/lab-ncs.com\/es\/#breadcrumb"},"inLanguage":"es","potentialAction":[{"@type":"ReadAction","target":["https:\/\/lab-ncs.com\/es\/"]}]},{"@type":"BreadcrumbList","@id":"https:\/\/lab-ncs.com\/es\/#breadcrumb","itemListElement":[{"@type":"ListItem","position":1,"name":"Home","item":"https:\/\/lab-ncs.com\/es\/"},{"@type":"ListItem","position":2,"name":"ES &#8211; Punto de excelencia"}]}]}},"_links":{"self":[{"href":"https:\/\/lab-ncs.com\/es\/wp-json\/wp\/v2\/pages\/19095"}],"collection":[{"href":"https:\/\/lab-ncs.com\/es\/wp-json\/wp\/v2\/pages"}],"about":[{"href":"https:\/\/lab-ncs.com\/es\/wp-json\/wp\/v2\/types\/page"}],"author":[{"embeddable":true,"href":"https:\/\/lab-ncs.com\/es\/wp-json\/wp\/v2\/users\/2"}],"replies":[{"embeddable":true,"href":"https:\/\/lab-ncs.com\/es\/wp-json\/wp\/v2\/comments?post=19095"}],"version-history":[{"count":2,"href":"https:\/\/lab-ncs.com\/es\/wp-json\/wp\/v2\/pages\/19095\/revisions"}],"predecessor-version":[{"id":19578,"href":"https:\/\/lab-ncs.com\/es\/wp-json\/wp\/v2\/pages\/19095\/revisions\/19578"}],"wp:attachment":[{"href":"https:\/\/lab-ncs.com\/es\/wp-json\/wp\/v2\/media?parent=19095"}],"curies":[{"name":"wp","href":"https:\/\/api.w.org\/{rel}","templated":true}]}}