{"id":19063,"date":"2018-02-22T11:13:03","date_gmt":"2018-02-22T11:13:03","guid":{"rendered":"https:\/\/lab-ncs.com\/curso-de-expresiones-faciales-2\/"},"modified":"2018-02-22T11:15:09","modified_gmt":"2018-02-22T11:15:09","slug":"curso-de-expresiones-faciales-2","status":"publish","type":"page","link":"https:\/\/lab-ncs.com\/es\/curso-de-expresiones-faciales-2\/","title":{"rendered":"Curso de expresiones faciales (sustituto)"},"content":{"rendered":"<h2 style=\"text-align: center;\"><header class=\"icon-heading\"><span class=\"section-header-icon icon icon-user\"><\/span><h2>Curso de An\u00e1lisis Cient\u00edfico de las expresiones faciales<span><\/span><\/h2><\/header><br \/>\nAl final ser\u00e1s capaz de:<\/h2>\n<div class=\"col-to-row\" style=\"margin-top: 9rem;\">\n<div class=\"item item-gutter col cross-axis-centered\">\n<div><img loading=\"lazy\" class=\"alignnone wp-image-9464 size-full\" src=\"https:\/\/lab-ncs.com\/wp-content\/uploads\/2016\/10\/t1-01.png\" width=\"188\" height=\"188\" \/><\/div>\n<div>\n<h3 style=\"text-align: center;\">UTILIZAR<\/h3>\n<p style=\"text-align: center;\">con precisi\u00f3n la interpretci\u00f3n de las expresiones emocionales del rostro.<\/p>\n<\/div>\n<\/div>\n<div class=\"item item-gutter col cross-axis-centered\">\n<div><img loading=\"lazy\" class=\"alignnone wp-image-9463 size-full\" src=\"https:\/\/lab-ncs.com\/wp-content\/uploads\/2016\/10\/t1-02.png\" width=\"188\" height=\"188\" \/><\/div>\n<div>\n<h3 style=\"text-align: center;\">APLICAR<\/h3>\n<p style=\"text-align: center;\">la descripci\u00f3n objetiva del comportamiento facial;<\/p>\n<\/div>\n<\/div>\n<div class=\"item item-gutter col cross-axis-centered\">\n<div><img loading=\"lazy\" class=\"alignnone wp-image-9462 size-full\" src=\"https:\/\/lab-ncs.com\/wp-content\/uploads\/2016\/10\/t1-03.png\" width=\"188\" height=\"188\" \/><\/div>\n<div>\n<h3 style=\"text-align: center;\">LEER<\/h3>\n<p style=\"text-align: center;\">varios tipos de expresiones, de las expresiones micro a las expresiones sutiles;<\/p>\n<\/div>\n<\/div>\n<div class=\"item item-gutter col cross-axis-centered\">\n<div><img loading=\"lazy\" class=\"alignnone wp-image-9346 size-full\" src=\"https:\/\/lab-ncs.com\/wp-content\/uploads\/2016\/10\/t2-04.png\" width=\"188\" height=\"188\" srcset=\"https:\/\/lab-ncs.com\/wp-content\/uploads\/2016\/10\/t2-04.png 188w, https:\/\/lab-ncs.com\/wp-content\/uploads\/2016\/10\/t2-04-100x100.png 100w, https:\/\/lab-ncs.com\/wp-content\/uploads\/2016\/10\/t2-04-150x150.png 150w\" sizes=\"(max-width: 188px) 85vw, 188px\" \/><\/div>\n<div>\n<h3 style=\"text-align: center;\">ADOPTAR<\/h3>\n<p style=\"text-align: center;\">la lectura de las expresiones faciales en el contexto de inter\u00e9s.<\/p>\n<\/div>\n<\/div>\n<\/div>\n<div id=\"call-us\" class=\"training-cta-col\">\n<header class=\"icon-heading\">\n<h2>Cont\u00e1ctanos<br \/>\n<span><\/span><\/h2>\n<\/header>\n<p class=\"lead\">Estamos aqu\u00ed para ti. Cont\u00e1ctanos para cualquier informaci\u00f3n sobre nuestros cursos y nuestras actividades.<\/p>\n<p><a class=\"btn btn-primary\" title=\"Chiama NeuroComScience\" href=\"tel:+393397089388\"><span class=\"icon icon-old-phone\"><\/span>Cont\u00e1ctanos<\/a><\/p>\n<p>&nbsp;<\/p>\n<\/div>\n<p><header class=\"icon-heading\"><span class=\"section-header-icon icon icon-calendar\"><\/span><h2>Calendario de cursos<span><\/span><\/h2><\/header><br \/>\n[mapplic id=&#8221;9&#8243;]<br \/>\n<header class=\"icon-heading\"><span class=\"section-header-icon icon icon-book\"><\/span><h2>PROGRAMA DEL CURSO<span><\/span><\/h2><\/header><\/p>\n<div class=\"col-to-row\">\n<div class=\"item item-gutter\">\n<h3>INTRODUCCI\u00d3N AL COMPORTAMIENTO FACIAL<\/h3>\n<ul>\n<li>Las principales funciones de la comunicaci\u00f3n no verbal<\/li>\n<li>Las formas<\/li>\n<li>Los elementos de la conducta no verbal<\/li>\n<li>Las mentiras<\/li>\n<\/ul>\n<h3>Sistemas cient\u00edficos de Codificaci\u00f3n Facial<\/h3>\n<ul>\n<li>M\u00e9todos de an\u00e1lisis comparado<\/li>\n<li>Ejercicios<\/li>\n<\/ul>\n<h3>DESCOMPONER Y RECOMPONER LAS Expresiones faciales<\/h3>\n<ul>\n<li>La frente, las cejas, los ojos. Codificaci\u00f3n de movimientos independientes y en combinaci\u00f3n. C\u00f3mo armar una lista de las mejores expresiones faciales y lo que significan.<\/li>\n<li>Acercar y bajar las cejas &#8211; 4, levantar la parte interior de la frente &#8211; 1, Levantar la parte exterior de la frente &#8211; 2, Levantar los p\u00e1rpados superiores &#8211; 5, Cerrar los p\u00e1rpados &#8211; 7, levantar las mejillas &#8211; 6 Ojos Cerrados &#8211; 43, Parpadear &#8211; 45, Cerrar un ojo &#8211; 46.<\/li>\n<li>Tutoriales con fotos y v\u00eddeos<\/li>\n<\/ul>\n<h3>LA CARA INFERIOR: NARIZ, BOCA Y BARBILLA<\/h3>\n<ul>\n<li>Arrugar la nariz &#8211; 9 Levantar el labio superior &#8211; 10, -17 Levantar la barbilla, bajar las esquinas inferiores de los labios &#8211; 15 separar los labios &#8211; 25, bajar la mand\u00edbula &#8211; 26, Bostezar &#8211; 27 Bajar el labio inferior &#8211; 16, Apretar los labios &#8211; 20, Hoyuelos &#8211; 14. La interpretaci\u00f3n de los movimientos y combinaciones individuales.<\/li>\n<li>Tutoriales con fotos y v\u00eddeos<\/li>\n<\/ul>\n<\/div>\n<div class=\"item item-gutter\">\n<h4>LAS MEJILLAS Y EL LABIO<\/h4>\n<ul>\n<li>Acentuar el pliegue nasolabial &#8211; 11, Elevar las comisuras de los labios &#8211; 12<\/li>\n<li>Mejillas prominentes &#8211; 13. Combinaciones.<\/li>\n<li>Corrugar los labios -18, Arrugar los labios &#8211; 22, Tensi\u00f3n y cierre del labio- 23, presi\u00f3n de los labios- 24, chupar los labios \u2013 28<\/li>\n<li>Los matices de significado emocional.<\/li>\n<li>Fotos de tutoriales, videos y observaci\u00f3n directa<\/li>\n<\/ul>\n<h3>Interpretaci\u00f3n emocional<\/h3>\n<ul>\n<li>De seis a ocho expresiones emocionales b\u00e1sicas<\/li>\n<li>Emociones secundarias o sociales<\/li>\n<li>Se\u00f1ales de conversaci\u00f3n<\/li>\n<li>Aplicaciones de an\u00e1lisis cient\u00edficos de las expresiones faciales en sectores espec\u00edficos<\/li>\n<li>Tutoriales en v\u00eddeo, y observaci\u00f3n directa<\/li>\n<\/ul>\n<h3>EXAMEN FINAL<\/h3>\n<ul>\n<li>Consiste en una prueba pr\u00e1ctica de an\u00e1lisis para la <strong>certificaci\u00f3n<\/strong> de vital importancia para el uso de las t\u00e9cnica<\/li>\n<\/ul>\n<\/div>\n<div class=\"item\">\n<h3>GARANT\u00cdA<\/h3>\n<p>Garantizamos el aprendizaje del individuo, por lo que se acepta un <strong>m\u00e1ximo de 25 personas<\/strong> por curso.<\/p>\n<h3>PROFESORES CUALIFICADOS<\/h3>\n<p>Analistas del comportamiento altamente cualificados en el an\u00e1lisis no verbal, con una fuerte experiencia en empresas, instituciones y privados, y considerables t\u00edtulos acad\u00e9micos.<br \/>\nLee su CV en <a href=\"https:\/\/lab-ncs.com\/es\/el-equipo-de-ncs\/\">Sobre Nosotros<\/a><\/p>\n<h3>PRECIO<\/h3>\n<p>305 \u20ac (IVA incluido). Hay algunas plazas con precio preferencial para cada curso, Escr\u00edbenos para verificar la disponibilidad de plazas de precios subvencionados. Le antenderemos inmediatamente (m\u00e1ximo 12 horas)<\/p>\n<\/div>\n<\/div>\n","protected":false},"excerpt":{"rendered":"<p>Al final ser\u00e1s capaz de: UTILIZAR con precisi\u00f3n la interpretci\u00f3n de las expresiones emocionales del rostro. APLICAR la descripci\u00f3n objetiva del comportamiento facial; LEER varios tipos de expresiones, de las expresiones micro a las expresiones sutiles; ADOPTAR la lectura de las expresiones faciales en el contexto de inter\u00e9s. Cont\u00e1ctanos Estamos aqu\u00ed para ti. Cont\u00e1ctanos para &hellip; <a href=\"https:\/\/lab-ncs.com\/es\/curso-de-expresiones-faciales-2\/\" class=\"more-link\">Continue reading<span class=\"screen-reader-text\"> &#8220;Curso de expresiones faciales (sustituto)&#8221;<\/span><\/a><\/p>\n","protected":false},"author":1,"featured_media":19076,"parent":0,"menu_order":0,"comment_status":"closed","ping_status":"closed","template":"","meta":{"om_disable_all_campaigns":false},"aioseo_notices":[],"yoast_head":"<!-- This site is optimized with the Yoast SEO plugin v18.6 - https:\/\/yoast.com\/wordpress\/plugins\/seo\/ -->\n<title>Curso de expresiones faciales (sustituto) - NeuroComScience, Laboratorio di analisi comportamentale - Comunicazione non verbale.<\/title>\n<meta name=\"robots\" content=\"index, follow, max-snippet:-1, max-image-preview:large, max-video-preview:-1\" \/>\n<link rel=\"canonical\" href=\"https:\/\/lab-ncs.com\/es\/curso-de-expresiones-faciales-2\/\" \/>\n<meta property=\"og:locale\" content=\"es_ES\" \/>\n<meta property=\"og:type\" content=\"article\" \/>\n<meta property=\"og:title\" content=\"Curso de expresiones faciales (sustituto) - NeuroComScience, Laboratorio di analisi comportamentale - Comunicazione non verbale.\" \/>\n<meta property=\"og:description\" content=\"Al final ser\u00e1s capaz de: UTILIZAR con precisi\u00f3n la interpretci\u00f3n de las expresiones emocionales del rostro. APLICAR la descripci\u00f3n objetiva del comportamiento facial; LEER varios tipos de expresiones, de las expresiones micro a las expresiones sutiles; ADOPTAR la lectura de las expresiones faciales en el contexto de inter\u00e9s. Cont\u00e1ctanos Estamos aqu\u00ed para ti. Cont\u00e1ctanos para &hellip; Continue reading &quot;Curso de expresiones faciales (sustituto)&quot;\" \/>\n<meta property=\"og:url\" content=\"https:\/\/lab-ncs.com\/es\/curso-de-expresiones-faciales-2\/\" \/>\n<meta property=\"og:site_name\" content=\"NeuroComScience, Laboratorio di analisi comportamentale - Comunicazione non verbale.\" \/>\n<meta property=\"article:modified_time\" content=\"2018-02-22T11:15:09+00:00\" \/>\n<meta property=\"og:image\" content=\"https:\/\/lab-ncs.com\/wp-content\/uploads\/2014\/11\/1jpg.jpg\" \/>\n\t<meta property=\"og:image:width\" content=\"480\" \/>\n\t<meta property=\"og:image:height\" content=\"480\" \/>\n\t<meta property=\"og:image:type\" content=\"image\/jpeg\" \/>\n<meta name=\"twitter:label1\" content=\"Tiempo de lectura\" \/>\n\t<meta name=\"twitter:data1\" content=\"3 minutos\" \/>\n<script type=\"application\/ld+json\" class=\"yoast-schema-graph\">{\"@context\":\"https:\/\/schema.org\",\"@graph\":[{\"@type\":\"WebSite\",\"@id\":\"https:\/\/lab-ncs.com\/#website\",\"url\":\"https:\/\/lab-ncs.com\/\",\"name\":\"NeuroComScience, Laboratorio di analisi comportamentale - Comunicazione non verbale.\",\"description\":\"Analisi delle espressioni facciali\",\"potentialAction\":[{\"@type\":\"SearchAction\",\"target\":{\"@type\":\"EntryPoint\",\"urlTemplate\":\"https:\/\/lab-ncs.com\/?s={search_term_string}\"},\"query-input\":\"required name=search_term_string\"}],\"inLanguage\":\"es\"},{\"@type\":\"ImageObject\",\"@id\":\"https:\/\/lab-ncs.com\/es\/curso-de-expresiones-faciales-2\/#primaryimage\",\"inLanguage\":\"es\",\"url\":\"https:\/\/lab-ncs.com\/wp-content\/uploads\/2014\/11\/1jpg.jpg\",\"contentUrl\":\"https:\/\/lab-ncs.com\/wp-content\/uploads\/2014\/11\/1jpg.jpg\",\"width\":480,\"height\":480},{\"@type\":\"WebPage\",\"@id\":\"https:\/\/lab-ncs.com\/es\/curso-de-expresiones-faciales-2\/#webpage\",\"url\":\"https:\/\/lab-ncs.com\/es\/curso-de-expresiones-faciales-2\/\",\"name\":\"Curso de expresiones faciales (sustituto) - NeuroComScience, Laboratorio di analisi comportamentale - Comunicazione non verbale.\",\"isPartOf\":{\"@id\":\"https:\/\/lab-ncs.com\/#website\"},\"primaryImageOfPage\":{\"@id\":\"https:\/\/lab-ncs.com\/es\/curso-de-expresiones-faciales-2\/#primaryimage\"},\"datePublished\":\"2018-02-22T11:13:03+00:00\",\"dateModified\":\"2018-02-22T11:15:09+00:00\",\"breadcrumb\":{\"@id\":\"https:\/\/lab-ncs.com\/es\/curso-de-expresiones-faciales-2\/#breadcrumb\"},\"inLanguage\":\"es\",\"potentialAction\":[{\"@type\":\"ReadAction\",\"target\":[\"https:\/\/lab-ncs.com\/es\/curso-de-expresiones-faciales-2\/\"]}]},{\"@type\":\"BreadcrumbList\",\"@id\":\"https:\/\/lab-ncs.com\/es\/curso-de-expresiones-faciales-2\/#breadcrumb\",\"itemListElement\":[{\"@type\":\"ListItem\",\"position\":1,\"name\":\"Home\",\"item\":\"https:\/\/lab-ncs.com\/es\/\"},{\"@type\":\"ListItem\",\"position\":2,\"name\":\"Curso de expresiones faciales (sustituto)\"}]}]}<\/script>\n<!-- \/ Yoast SEO plugin. -->","yoast_head_json":{"title":"Curso de expresiones faciales (sustituto) - NeuroComScience, Laboratorio di analisi comportamentale - Comunicazione non verbale.","robots":{"index":"index","follow":"follow","max-snippet":"max-snippet:-1","max-image-preview":"max-image-preview:large","max-video-preview":"max-video-preview:-1"},"canonical":"https:\/\/lab-ncs.com\/es\/curso-de-expresiones-faciales-2\/","og_locale":"es_ES","og_type":"article","og_title":"Curso de expresiones faciales (sustituto) - NeuroComScience, Laboratorio di analisi comportamentale - Comunicazione non verbale.","og_description":"Al final ser\u00e1s capaz de: UTILIZAR con precisi\u00f3n la interpretci\u00f3n de las expresiones emocionales del rostro. APLICAR la descripci\u00f3n objetiva del comportamiento facial; LEER varios tipos de expresiones, de las expresiones micro a las expresiones sutiles; ADOPTAR la lectura de las expresiones faciales en el contexto de inter\u00e9s. Cont\u00e1ctanos Estamos aqu\u00ed para ti. Cont\u00e1ctanos para &hellip; Continue reading \"Curso de expresiones faciales (sustituto)\"","og_url":"https:\/\/lab-ncs.com\/es\/curso-de-expresiones-faciales-2\/","og_site_name":"NeuroComScience, Laboratorio di analisi comportamentale - Comunicazione non verbale.","article_modified_time":"2018-02-22T11:15:09+00:00","og_image":[{"width":480,"height":480,"url":"https:\/\/lab-ncs.com\/wp-content\/uploads\/2014\/11\/1jpg.jpg","type":"image\/jpeg"}],"twitter_misc":{"Tiempo de lectura":"3 minutos"},"schema":{"@context":"https:\/\/schema.org","@graph":[{"@type":"WebSite","@id":"https:\/\/lab-ncs.com\/#website","url":"https:\/\/lab-ncs.com\/","name":"NeuroComScience, Laboratorio di analisi comportamentale - Comunicazione non verbale.","description":"Analisi delle espressioni facciali","potentialAction":[{"@type":"SearchAction","target":{"@type":"EntryPoint","urlTemplate":"https:\/\/lab-ncs.com\/?s={search_term_string}"},"query-input":"required name=search_term_string"}],"inLanguage":"es"},{"@type":"ImageObject","@id":"https:\/\/lab-ncs.com\/es\/curso-de-expresiones-faciales-2\/#primaryimage","inLanguage":"es","url":"https:\/\/lab-ncs.com\/wp-content\/uploads\/2014\/11\/1jpg.jpg","contentUrl":"https:\/\/lab-ncs.com\/wp-content\/uploads\/2014\/11\/1jpg.jpg","width":480,"height":480},{"@type":"WebPage","@id":"https:\/\/lab-ncs.com\/es\/curso-de-expresiones-faciales-2\/#webpage","url":"https:\/\/lab-ncs.com\/es\/curso-de-expresiones-faciales-2\/","name":"Curso de expresiones faciales (sustituto) - NeuroComScience, Laboratorio di analisi comportamentale - Comunicazione non verbale.","isPartOf":{"@id":"https:\/\/lab-ncs.com\/#website"},"primaryImageOfPage":{"@id":"https:\/\/lab-ncs.com\/es\/curso-de-expresiones-faciales-2\/#primaryimage"},"datePublished":"2018-02-22T11:13:03+00:00","dateModified":"2018-02-22T11:15:09+00:00","breadcrumb":{"@id":"https:\/\/lab-ncs.com\/es\/curso-de-expresiones-faciales-2\/#breadcrumb"},"inLanguage":"es","potentialAction":[{"@type":"ReadAction","target":["https:\/\/lab-ncs.com\/es\/curso-de-expresiones-faciales-2\/"]}]},{"@type":"BreadcrumbList","@id":"https:\/\/lab-ncs.com\/es\/curso-de-expresiones-faciales-2\/#breadcrumb","itemListElement":[{"@type":"ListItem","position":1,"name":"Home","item":"https:\/\/lab-ncs.com\/es\/"},{"@type":"ListItem","position":2,"name":"Curso de expresiones faciales (sustituto)"}]}]}},"_links":{"self":[{"href":"https:\/\/lab-ncs.com\/es\/wp-json\/wp\/v2\/pages\/19063"}],"collection":[{"href":"https:\/\/lab-ncs.com\/es\/wp-json\/wp\/v2\/pages"}],"about":[{"href":"https:\/\/lab-ncs.com\/es\/wp-json\/wp\/v2\/types\/page"}],"author":[{"embeddable":true,"href":"https:\/\/lab-ncs.com\/es\/wp-json\/wp\/v2\/users\/1"}],"replies":[{"embeddable":true,"href":"https:\/\/lab-ncs.com\/es\/wp-json\/wp\/v2\/comments?post=19063"}],"version-history":[{"count":1,"href":"https:\/\/lab-ncs.com\/es\/wp-json\/wp\/v2\/pages\/19063\/revisions"}],"predecessor-version":[{"id":19077,"href":"https:\/\/lab-ncs.com\/es\/wp-json\/wp\/v2\/pages\/19063\/revisions\/19077"}],"wp:featuredmedia":[{"embeddable":true,"href":"https:\/\/lab-ncs.com\/es\/wp-json\/wp\/v2\/media\/19076"}],"wp:attachment":[{"href":"https:\/\/lab-ncs.com\/es\/wp-json\/wp\/v2\/media?parent=19063"}],"curies":[{"name":"wp","href":"https:\/\/api.w.org\/{rel}","templated":true}]}}