{"id":19040,"date":"2018-02-22T11:09:56","date_gmt":"2018-02-22T11:09:56","guid":{"rendered":"https:\/\/lab-ncs.com\/curso-de-expresiones-faciales\/"},"modified":"2018-03-13T09:33:39","modified_gmt":"2018-03-13T09:33:39","slug":"curso-de-expresiones-faciales-3","status":"publish","type":"page","link":"https:\/\/lab-ncs.com\/es\/curso-de-expresiones-faciales-3\/","title":{"rendered":"Curso de expresiones faciales"},"content":{"rendered":"<p>[vc_section el_id=&#8221;principale&#8221;][vc_row][vc_column][vc_column_text]<\/p>\n<p class=\"lead\"><header class=\"icon-heading\"><span class=\"section-header-icon icon icon-user\"><\/span><h2>Curso de An\u00e1lisis Cient\u00edfico de las expresiones faciales<span><\/span><\/h2><\/header><\/p>\n<p>[\/vc_column_text][vc_column_text]<\/p>\n<p class=\"lead\">El curso es pr\u00e1ctico, intensivo y completo sobre las t\u00e9cnicas y m\u00e9todos de an\u00e1lisis de expresiones faciales.<\/p>\n<p>[\/vc_column_text][\/vc_column][\/vc_row][vc_row][vc_column]<div id=\"ultimate-heading-421469d5dbd406416\" class=\"uvc-heading ult-adjust-bottom-margin ultimate-heading-421469d5dbd406416 uvc-1084 \" data-hspacer=\"line_only\"  data-halign=\"center\" style=\"text-align:center\"><div class=\"uvc-main-heading ult-responsive\"  data-ultimate-target='.uvc-heading.ultimate-heading-421469d5dbd406416 h2'  data-responsive-json-new='{\"font-size\":\"\",\"line-height\":\"\"}' ><h2 style=\"font-weight:normal;\">Al final ser\u00e1s capaz de...<\/h2><\/div><div class=\"uvc-heading-spacer line_only\" style=\"margin-top:10px;margin-bottom:36px;height:5px;\"><span class=\"uvc-headings-line\" style=\"border-style:solid;border-bottom-width:5px;border-color:#f15a24;width:100px;\"><\/span><\/div><\/div>[\/vc_column][\/vc_row][vc_row][vc_column width=&#8221;1\/4&#8243;][vc_single_image image=&#8221;9191&#8243; alignment=&#8221;center&#8221;][vc_column_text]<\/p>\n<h3 style=\"text-align: center;\">UTILIZAR<\/h3>\n<p>con precisi\u00f3n la interpretci\u00f3n de las expresiones emocionales del rostro.[\/vc_column_text][\/vc_column][vc_column width=&#8221;1\/4&#8243;][vc_single_image image=&#8221;9192&#8243; alignment=&#8221;center&#8221;][vc_column_text]<\/p>\n<h3 style=\"text-align: center;\">APLICAR<\/h3>\n<p>la descripci\u00f3n objetiva del comportamiento facial;[\/vc_column_text][\/vc_column][vc_column width=&#8221;1\/4&#8243;][vc_single_image image=&#8221;9193&#8243; alignment=&#8221;center&#8221;][vc_column_text]<\/p>\n<h3 style=\"text-align: center;\">LEER<\/h3>\n<p>varios tipos de expresiones, de las expresiones micro a las expresiones sutiles;.<\/p>\n<p>[\/vc_column_text][\/vc_column][vc_column width=&#8221;1\/4&#8243;][vc_single_image image=&#8221;9346&#8243; alignment=&#8221;center&#8221;][vc_column_text]<\/p>\n<h3 style=\"text-align: center;\">ADOPTAR<\/h3>\n<p>la lectura de las expresiones faciales en el contexto de inter\u00e9s.[\/vc_column_text][\/vc_column][\/vc_row][vc_row][vc_column]<div class=\"ult-just-icon-wrapper   vc_custom_1508950946203\"><div class=\"align-icon\" style=\"text-align:center;\">\n<a class=\"aio-tooltip 69d5dbd40645f\" href=\"#calendario\"  data-toggle=\"tooltip\" data-placement=\"\"><div class=\"aio-icon circle \" data-animation=\"fadeInDown\" data-animation-delay=\"03\" style=\"color:#f15d24;background:rgba(253,253,250,0.5);font-size:48px;display:inline-block;\">\n\t<i class=\"Defaults-chevron-down\"><\/i>\n<\/div><\/a><\/div><\/div>[\/vc_column][\/vc_row][\/vc_section][vc_section el_id=&#8221;calendario&#8221;][vc_row][vc_column][vc_column_text]<\/p>\n<p class=\"lead\"><header class=\"icon-heading\"><span class=\"section-header-icon icon icon-calendar\"><\/span><h2>Calendario de cursos<span><\/span><\/h2><\/header><\/p>\n<p>[\/vc_column_text][vc_column_text]<\/p>\n<p class=\"lead\">Descubre en el mapa el curso m\u00e1s cercano o consulta el calendario anual para conocer la fecha m\u00e1s conveniente.  Cont\u00e1ctenos para cualquier informaci\u00f3n.<\/p>\n<p>[\/vc_column_text][vc_column_text]<br \/>\n[calendarizeit defaultview=&#8221;rhc_gmap&#8221; gmap_zoom=&#8221;5&#8243; gmap_geolocated=&#8221;1&#8243; gmap_default_lat=&#8221;41.9097306&#8243; gmap_default_lng=&#8221;10.2947545&#8243; rhc_year]<\/p>\n<p>[\/vc_column_text][\/vc_column][\/vc_row][vc_row][vc_column]<div class=\"ult-just-icon-wrapper   vc_custom_1508950972397\"><div class=\"align-icon\" style=\"text-align:center;\">\n<a class=\"aio-tooltip 69d5dbd406492\" href=\"#secondario\"  data-toggle=\"tooltip\" data-placement=\"\"><div class=\"aio-icon circle \" data-animation=\"fadeInDown\" data-animation-delay=\"03\" style=\"color:#f15d24;background:rgba(253,253,250,0.5);font-size:48px;display:inline-block;\">\n\t<i class=\"Defaults-chevron-down\"><\/i>\n<\/div><\/a><\/div><\/div>[\/vc_column][\/vc_row][\/vc_section][vc_section el_id=&#8221;secondario&#8221;][vc_row][vc_column][vc_column_text]<\/p>\n<p class=\"lead\"><header class=\"icon-heading\"><span class=\"section-header-icon icon icon-book\"><\/span><h2>PROGRAMA DEL CURSO<span><\/span><\/h2><\/header><\/p>\n<p>[\/vc_column_text][vc_column_text]<\/p>\n<p class=\"lead\">Los temas del programa tienen como objetivo proporcionar al participante competencias te\u00f3ricas y pr\u00e1cticas.<\/p>\n<p>[\/vc_column_text][\/vc_column][\/vc_row][vc_row][vc_column][vc_tta_accordion style=&#8221;flat&#8221; active_section=&#8221;1&#8243;][vc_tta_section title=&#8221;INTRODUCCI\u00d3N AL COMPORTAMIENTO FACIAL&#8221; tab_id=&#8221;1508775272701-7b628d8a-480e&#8221;][vc_column_text]<\/p>\n<ul>\n<li>Las principales funciones de la comunicaci\u00f3n no verbal<\/li>\n<li>Las formas<\/li>\n<li>Los elementos de la conducta no verbal<\/li>\n<li>Las mentiras<\/li>\n<\/ul>\n<p>[\/vc_column_text][\/vc_tta_section][vc_tta_section title=&#8221;Sistemas cient\u00edficos de Codificaci\u00f3n Facial&#8221; tab_id=&#8221;1508775272702-69ca63d0-d24a&#8221;][vc_column_text]<\/p>\n<ul>\n<li>M\u00e9todos de an\u00e1lisis comparado<\/li>\n<li>Ejercicios<\/li>\n<\/ul>\n<p>[\/vc_column_text][\/vc_tta_section][vc_tta_section title=&#8221;RECONOCIMIENTO E INTERPRETACI\u00d3N DE CADA MOVIMIENTO FACIAL&#8221; tab_id=&#8221;1508775440197-a0a98121-f99a&#8221;][vc_column_text]<\/p>\n<ul>\n<li>La frente, las cejas, los ojos. Codificaci\u00f3n de movimientos independientes y en combinaci\u00f3n. C\u00f3mo armar una lista de las mejores expresiones faciales y lo que significan.<\/li>\n<li>Acercar y bajar las cejas &#8211; 4, levantar la parte interior de la frente &#8211; 1, Levantar la parte exterior de la frente &#8211; 2, Levantar los p\u00e1rpados superiores &#8211; 5, Cerrar los p\u00e1rpados &#8211; 7, levantar las mejillas &#8211; 6 Ojos Cerrados &#8211; 43, Parpadear &#8211; 45, Cerrar un ojo &#8211; 46.<\/li>\n<li>Tutoriales con fotos y v\u00eddeos<\/li>\n<\/ul>\n<p>[\/vc_column_text][\/vc_tta_section][vc_tta_section title=&#8221;LAS MEJILLAS Y EL LABIO&#8221; tab_id=&#8221;1508775506551-51d89801-646f&#8221;][vc_column_text]<\/p>\n<ul>\n<li>Arrugar la nariz &#8211; 9 Levantar el labio superior &#8211; 10, -17 Levantar la barbilla, bajar las esquinas inferiores de los labios &#8211; 15 separar los labios &#8211; 25, bajar la mand\u00edbula &#8211; 26, Bostezar &#8211; 27 Bajar el labio inferior &#8211; 16, Apretar los labios &#8211; 20, Hoyuelos &#8211; 14. La interpretaci\u00f3n de los movimientos y combinaciones individuales.<\/li>\n<li>Tutoriales con fotos y v\u00eddeos<\/li>\n<\/ul>\n<h4>LAS MEJILLAS Y EL LABIO<\/h4>\n<ul>\n<li>Acentuar el pliegue nasolabial &#8211; 11, Elevar las comisuras de los labios &#8211; 12<\/li>\n<li>Mejillas prominentes &#8211; 13. Combinaciones.<\/li>\n<li>Corrugar los labios -18, Arrugar los labios &#8211; 22, Tensi\u00f3n y cierre del labio- 23, presi\u00f3n de los labios- 24, chupar los labios \u2013 28<\/li>\n<li>Los matices de significado emocional.<\/li>\n<li>Fotos de tutoriales, videos y observaci\u00f3n directa<\/li>\n<\/ul>\n<p>[\/vc_column_text][\/vc_tta_section][vc_tta_section title=&#8221;INTERPRETACI\u00d3N DE EXPRESIONES FACIALES COMPLEJAS&#8221; tab_id=&#8221;1508775594381-a2eae5e9-1c3a&#8221;][vc_column_text]<\/p>\n<ul>\n<li>De seis a ocho expresiones emocionales b\u00e1sicas<\/li>\n<li>Emociones secundarias o sociales<\/li>\n<li>Se\u00f1ales de conversaci\u00f3n<\/li>\n<li>Aplicaciones de an\u00e1lisis cient\u00edficos de las expresiones faciales en sectores espec\u00edficos<\/li>\n<li>Tutoriales en v\u00eddeo, y observaci\u00f3n directa<\/li>\n<\/ul>\n<p>[\/vc_column_text][\/vc_tta_section][vc_tta_section title=&#8221;EXAMEN FINAL&#8221; tab_id=&#8221;1508775718186-b89a37a6-0359&#8243;][vc_column_text]Consiste en una prueba pr\u00e1ctica de an\u00e1lisis para la certificaci\u00f3n de vital importancia para el uso de las t\u00e9cnica[\/vc_column_text][\/vc_tta_section][\/vc_tta_accordion][\/vc_column][\/vc_row][vc_row][vc_column width=&#8221;1\/3&#8243;][vc_column_text]<\/p>\n<h3>PROFESORES CUALIFICADOS<\/h3>\n<p>Analistas del comportamiento altamente cualificados en el an\u00e1lisis no verbal, con una fuerte experiencia en empresas, instituciones y privados, y considerables t\u00edtulos acad\u00e9micos. Lee su CV en\u00a0\u00a0<a href=\"https:\/\/lab-ncs.com\/es\/el-equipo-de-ncs\/\">Sobre Nosotros<\/a><\/p>\n<p>[\/vc_column_text][\/vc_column][vc_column width=&#8221;1\/3&#8243;][vc_column_text]<\/p>\n<h3>GARANT\u00cdA<\/h3>\n<p>Garantizamos el aprendizaje del individuo, por lo que se acepta un<strong> m\u00e1ximo de 25 personas<\/strong> por curso.[\/vc_column_text][\/vc_column][vc_column width=&#8221;1\/3&#8243;][vc_column_text]<\/p>\n<h3>PRECIO<\/h3>\n<p>305 \u20ac (IVA incluido). Hay algunas plazas con precio preferencial para cada curso, Escr\u00edbenos para verificar la disponibilidad de plazas de precios subvencionados. Le antenderemos inmediatamente (m\u00e1ximo 12 horas). <a href=\"mailto:segreteria@lab-ncs.com\" target=\"_blank\" rel=\"noopener\">Escr\u00edbenos<\/a>[\/vc_column_text][\/vc_column][\/vc_row][vc_row][vc_column]<div class=\"ult-just-icon-wrapper   vc_custom_1508950998030\"><div class=\"align-icon\" style=\"text-align:center;\">\n<a class=\"aio-tooltip 69d5dbd4064b0\" href=\"#principale\"  data-toggle=\"tooltip\" data-placement=\"top\"><div class=\"aio-icon none \" data-animation=\"fadeInUp\" data-animation-delay=\"03\" style=\"color:#f15d24;font-size:36px;display:inline-block;\">\n\t<i class=\"Defaults-chevron-up\"><\/i>\n<\/div><\/a><script>\r\n\t\t\t\t\tjQuery(function () {\r\n\t\t\t\t\t\tjQuery(\".69d5dbd4064b0\").bsf_tooltip(\"hide\");\r\n\t\t\t\t\t})\r\n\t\t\t\t<\/script><\/div><\/div>[\/vc_column][\/vc_row][\/vc_section]<\/p>\n","protected":false},"excerpt":{"rendered":"<p>[vc_section el_id=&#8221;principale&#8221;][vc_row][vc_column][vc_column_text] [\/vc_column_text][vc_column_text] El curso es pr\u00e1ctico, intensivo y completo sobre las t\u00e9cnicas y m\u00e9todos de an\u00e1lisis de expresiones faciales. [\/vc_column_text][\/vc_column][\/vc_row][vc_row][vc_column][\/vc_column][\/vc_row][vc_row][vc_column width=&#8221;1\/4&#8243;][vc_single_image image=&#8221;9191&#8243; alignment=&#8221;center&#8221;][vc_column_text] UTILIZAR con precisi\u00f3n la interpretci\u00f3n de las expresiones emocionales del rostro.[\/vc_column_text][\/vc_column][vc_column width=&#8221;1\/4&#8243;][vc_single_image image=&#8221;9192&#8243; alignment=&#8221;center&#8221;][vc_column_text] APLICAR la descripci\u00f3n objetiva del comportamiento facial;[\/vc_column_text][\/vc_column][vc_column width=&#8221;1\/4&#8243;][vc_single_image image=&#8221;9193&#8243; alignment=&#8221;center&#8221;][vc_column_text] LEER varios tipos de expresiones, de las &hellip; <a href=\"https:\/\/lab-ncs.com\/es\/curso-de-expresiones-faciales-3\/\" class=\"more-link\">Continue reading<span class=\"screen-reader-text\"> &#8220;Curso de expresiones faciales&#8221;<\/span><\/a><\/p>\n","protected":false},"author":1,"featured_media":0,"parent":0,"menu_order":0,"comment_status":"closed","ping_status":"closed","template":"","meta":{"om_disable_all_campaigns":false,"_mi_skip_tracking":false},"aioseo_notices":[],"yoast_head":"<!-- This site is optimized with the Yoast SEO plugin v18.6 - https:\/\/yoast.com\/wordpress\/plugins\/seo\/ -->\n<title>Curso de expresiones faciales - NeuroComScience, Laboratorio di analisi comportamentale - Comunicazione non verbale.<\/title>\n<meta name=\"robots\" content=\"index, follow, max-snippet:-1, max-image-preview:large, max-video-preview:-1\" \/>\n<link rel=\"canonical\" href=\"https:\/\/lab-ncs.com\/es\/curso-de-expresiones-faciales-3\/\" \/>\n<meta property=\"og:locale\" content=\"es_ES\" \/>\n<meta property=\"og:type\" content=\"article\" \/>\n<meta property=\"og:title\" content=\"Curso de expresiones faciales - NeuroComScience, Laboratorio di analisi comportamentale - Comunicazione non verbale.\" \/>\n<meta property=\"og:description\" content=\"[vc_section el_id=&#8221;principale&#8221;][vc_row][vc_column][vc_column_text] [\/vc_column_text][vc_column_text] El curso es pr\u00e1ctico, intensivo y completo sobre las t\u00e9cnicas y m\u00e9todos de an\u00e1lisis de expresiones faciales. [\/vc_column_text][\/vc_column][\/vc_row][vc_row][vc_column][\/vc_column][\/vc_row][vc_row][vc_column width=&#8221;1\/4&#8243;][vc_single_image image=&#8221;9191&#8243; alignment=&#8221;center&#8221;][vc_column_text] UTILIZAR con precisi\u00f3n la interpretci\u00f3n de las expresiones emocionales del rostro.[\/vc_column_text][\/vc_column][vc_column width=&#8221;1\/4&#8243;][vc_single_image image=&#8221;9192&#8243; alignment=&#8221;center&#8221;][vc_column_text] APLICAR la descripci\u00f3n objetiva del comportamiento facial;[\/vc_column_text][\/vc_column][vc_column width=&#8221;1\/4&#8243;][vc_single_image image=&#8221;9193&#8243; alignment=&#8221;center&#8221;][vc_column_text] LEER varios tipos de expresiones, de las &hellip; Continue reading &quot;Curso de expresiones faciales&quot;\" \/>\n<meta property=\"og:url\" content=\"https:\/\/lab-ncs.com\/es\/curso-de-expresiones-faciales-3\/\" \/>\n<meta property=\"og:site_name\" content=\"NeuroComScience, Laboratorio di analisi comportamentale - Comunicazione non verbale.\" \/>\n<meta property=\"article:modified_time\" content=\"2018-03-13T09:33:39+00:00\" \/>\n<meta name=\"twitter:label1\" content=\"Tiempo de lectura\" \/>\n\t<meta name=\"twitter:data1\" content=\"5 minutos\" \/>\n<script type=\"application\/ld+json\" class=\"yoast-schema-graph\">{\"@context\":\"https:\/\/schema.org\",\"@graph\":[{\"@type\":\"WebSite\",\"@id\":\"https:\/\/lab-ncs.com\/#website\",\"url\":\"https:\/\/lab-ncs.com\/\",\"name\":\"NeuroComScience, Laboratorio di analisi comportamentale - Comunicazione non verbale.\",\"description\":\"Analisi delle espressioni facciali\",\"potentialAction\":[{\"@type\":\"SearchAction\",\"target\":{\"@type\":\"EntryPoint\",\"urlTemplate\":\"https:\/\/lab-ncs.com\/?s={search_term_string}\"},\"query-input\":\"required name=search_term_string\"}],\"inLanguage\":\"es\"},{\"@type\":\"WebPage\",\"@id\":\"https:\/\/lab-ncs.com\/es\/curso-de-expresiones-faciales-3\/#webpage\",\"url\":\"https:\/\/lab-ncs.com\/es\/curso-de-expresiones-faciales-3\/\",\"name\":\"Curso de expresiones faciales - NeuroComScience, Laboratorio di analisi comportamentale - Comunicazione non verbale.\",\"isPartOf\":{\"@id\":\"https:\/\/lab-ncs.com\/#website\"},\"datePublished\":\"2018-02-22T11:09:56+00:00\",\"dateModified\":\"2018-03-13T09:33:39+00:00\",\"breadcrumb\":{\"@id\":\"https:\/\/lab-ncs.com\/es\/curso-de-expresiones-faciales-3\/#breadcrumb\"},\"inLanguage\":\"es\",\"potentialAction\":[{\"@type\":\"ReadAction\",\"target\":[\"https:\/\/lab-ncs.com\/es\/curso-de-expresiones-faciales-3\/\"]}]},{\"@type\":\"BreadcrumbList\",\"@id\":\"https:\/\/lab-ncs.com\/es\/curso-de-expresiones-faciales-3\/#breadcrumb\",\"itemListElement\":[{\"@type\":\"ListItem\",\"position\":1,\"name\":\"Home\",\"item\":\"https:\/\/lab-ncs.com\/es\/\"},{\"@type\":\"ListItem\",\"position\":2,\"name\":\"Curso de expresiones faciales\"}]}]}<\/script>\n<!-- \/ Yoast SEO plugin. -->","yoast_head_json":{"title":"Curso de expresiones faciales - NeuroComScience, Laboratorio di analisi comportamentale - Comunicazione non verbale.","robots":{"index":"index","follow":"follow","max-snippet":"max-snippet:-1","max-image-preview":"max-image-preview:large","max-video-preview":"max-video-preview:-1"},"canonical":"https:\/\/lab-ncs.com\/es\/curso-de-expresiones-faciales-3\/","og_locale":"es_ES","og_type":"article","og_title":"Curso de expresiones faciales - NeuroComScience, Laboratorio di analisi comportamentale - Comunicazione non verbale.","og_description":"[vc_section el_id=&#8221;principale&#8221;][vc_row][vc_column][vc_column_text] [\/vc_column_text][vc_column_text] El curso es pr\u00e1ctico, intensivo y completo sobre las t\u00e9cnicas y m\u00e9todos de an\u00e1lisis de expresiones faciales. [\/vc_column_text][\/vc_column][\/vc_row][vc_row][vc_column][\/vc_column][\/vc_row][vc_row][vc_column width=&#8221;1\/4&#8243;][vc_single_image image=&#8221;9191&#8243; alignment=&#8221;center&#8221;][vc_column_text] UTILIZAR con precisi\u00f3n la interpretci\u00f3n de las expresiones emocionales del rostro.[\/vc_column_text][\/vc_column][vc_column width=&#8221;1\/4&#8243;][vc_single_image image=&#8221;9192&#8243; alignment=&#8221;center&#8221;][vc_column_text] APLICAR la descripci\u00f3n objetiva del comportamiento facial;[\/vc_column_text][\/vc_column][vc_column width=&#8221;1\/4&#8243;][vc_single_image image=&#8221;9193&#8243; alignment=&#8221;center&#8221;][vc_column_text] LEER varios tipos de expresiones, de las &hellip; Continue reading \"Curso de expresiones faciales\"","og_url":"https:\/\/lab-ncs.com\/es\/curso-de-expresiones-faciales-3\/","og_site_name":"NeuroComScience, Laboratorio di analisi comportamentale - Comunicazione non verbale.","article_modified_time":"2018-03-13T09:33:39+00:00","twitter_misc":{"Tiempo de lectura":"5 minutos"},"schema":{"@context":"https:\/\/schema.org","@graph":[{"@type":"WebSite","@id":"https:\/\/lab-ncs.com\/#website","url":"https:\/\/lab-ncs.com\/","name":"NeuroComScience, Laboratorio di analisi comportamentale - Comunicazione non verbale.","description":"Analisi delle espressioni facciali","potentialAction":[{"@type":"SearchAction","target":{"@type":"EntryPoint","urlTemplate":"https:\/\/lab-ncs.com\/?s={search_term_string}"},"query-input":"required name=search_term_string"}],"inLanguage":"es"},{"@type":"WebPage","@id":"https:\/\/lab-ncs.com\/es\/curso-de-expresiones-faciales-3\/#webpage","url":"https:\/\/lab-ncs.com\/es\/curso-de-expresiones-faciales-3\/","name":"Curso de expresiones faciales - NeuroComScience, Laboratorio di analisi comportamentale - Comunicazione non verbale.","isPartOf":{"@id":"https:\/\/lab-ncs.com\/#website"},"datePublished":"2018-02-22T11:09:56+00:00","dateModified":"2018-03-13T09:33:39+00:00","breadcrumb":{"@id":"https:\/\/lab-ncs.com\/es\/curso-de-expresiones-faciales-3\/#breadcrumb"},"inLanguage":"es","potentialAction":[{"@type":"ReadAction","target":["https:\/\/lab-ncs.com\/es\/curso-de-expresiones-faciales-3\/"]}]},{"@type":"BreadcrumbList","@id":"https:\/\/lab-ncs.com\/es\/curso-de-expresiones-faciales-3\/#breadcrumb","itemListElement":[{"@type":"ListItem","position":1,"name":"Home","item":"https:\/\/lab-ncs.com\/es\/"},{"@type":"ListItem","position":2,"name":"Curso de expresiones faciales"}]}]}},"_links":{"self":[{"href":"https:\/\/lab-ncs.com\/es\/wp-json\/wp\/v2\/pages\/19040"}],"collection":[{"href":"https:\/\/lab-ncs.com\/es\/wp-json\/wp\/v2\/pages"}],"about":[{"href":"https:\/\/lab-ncs.com\/es\/wp-json\/wp\/v2\/types\/page"}],"author":[{"embeddable":true,"href":"https:\/\/lab-ncs.com\/es\/wp-json\/wp\/v2\/users\/1"}],"replies":[{"embeddable":true,"href":"https:\/\/lab-ncs.com\/es\/wp-json\/wp\/v2\/comments?post=19040"}],"version-history":[{"count":3,"href":"https:\/\/lab-ncs.com\/es\/wp-json\/wp\/v2\/pages\/19040\/revisions"}],"predecessor-version":[{"id":19589,"href":"https:\/\/lab-ncs.com\/es\/wp-json\/wp\/v2\/pages\/19040\/revisions\/19589"}],"wp:attachment":[{"href":"https:\/\/lab-ncs.com\/es\/wp-json\/wp\/v2\/media?parent=19040"}],"curies":[{"name":"wp","href":"https:\/\/api.w.org\/{rel}","templated":true}]}}