{"id":19037,"date":"2018-02-22T11:05:07","date_gmt":"2018-02-22T11:05:07","guid":{"rendered":"https:\/\/lab-ncs.com\/curso-de-expresiones-de-los-gestos\/"},"modified":"2018-02-22T11:05:07","modified_gmt":"2018-02-22T11:05:07","slug":"curso-de-expresiones-de-los-gestos","status":"publish","type":"page","link":"https:\/\/lab-ncs.com\/es\/curso-de-expresiones-de-los-gestos\/","title":{"rendered":"Curso de expresiones de los gestos"},"content":{"rendered":"<header class=\"icon-heading\"><span class=\"section-header-icon icon icon-hand\"><\/span><h2>Curso de An\u00e1lisis Cient\u00edfico de Expresiones DE gestos<span><\/span><\/h2><\/header>\n<p class=\"lead\">En este curso avanzado vamos a tratar: la decodificaci\u00f3n facial avanzada, an\u00e1lisis del comportamiento gestual, los procedimientos de an\u00e1lisis de v\u00eddeo y la observaci\u00f3n directa. El curso es pr\u00e1ctico e intensivo, despu\u00e9s de lo cual los participantes ser\u00e1n capaces de:<\/p>\n<div class=\"row\" style=\"margin-top: 9rem;\">\n<div class=\"item item-gutter col cross-axis-centered\">\n<div><img loading=\"lazy\" class=\"alignnone size-full wp-image-9191\" src=\"https:\/\/lab-ncs.com\/wp-content\/uploads\/2016\/10\/t2-01.png\" alt=\"t1-01\" width=\"184\" height=\"184\" \/><\/div>\n<div>\n<h3 style=\"text-align: center;\">UTILIZAR<\/h3>\n<p style=\"text-align: center;\">esquemas de interpretaci\u00f3n altamente fiables para leer las emociones de la cara y el cuerpo;<\/p>\n<\/div>\n<\/div>\n<div class=\"item item-gutter col cross-axis-centered\">\n<div><img loading=\"lazy\" class=\"alignnone size-full wp-image-9192\" src=\"https:\/\/lab-ncs.com\/wp-content\/uploads\/2016\/10\/t2-02.png\" alt=\"t1-02\" width=\"184\" height=\"184\" \/><\/div>\n<div>\n<h3 style=\"text-align: center;\">APLICAR<\/h3>\n<p style=\"text-align: center;\">t\u00e9cnicas del lenguaje del cuerpo Body Coding System, que incluye la clasificaci\u00f3n y la interpretaci\u00f3n de los movimientos;<\/p>\n<\/div>\n<\/div>\n<div class=\"item item-gutter col cross-axis-centered\">\n<div><img loading=\"lazy\" class=\"alignnone size-full wp-image-9193\" src=\"https:\/\/lab-ncs.com\/wp-content\/uploads\/2016\/10\/t2-03.png\" alt=\"t1-03\" width=\"184\" height=\"184\" \/><\/div>\n<div>\n<h3 style=\"text-align: center;\">INTEGRAR<\/h3>\n<p style=\"text-align: center;\">los esquemas de interpretaci\u00f3n de las se\u00f1ales faciales, gestos y aspectos no verbales de la voz;<\/p>\n<\/div>\n<\/div>\n<div class=\"item item-gutter col cross-axis-centered\">\n<div><img loading=\"lazy\" class=\"alignnone wp-image-9346 size-full\" src=\"https:\/\/lab-ncs.com\/wp-content\/uploads\/2016\/10\/t2-04-1.png\" width=\"188\" height=\"188\" \/><\/div>\n<div>\n<h3 style=\"text-align: center;\">TOMAR<\/h3>\n<p style=\"text-align: center;\">directrices y protocolos para la aplicaci\u00f3n de las t\u00e9cnicas y el reconocimiento de la mentira.<\/p>\n<\/div>\n<\/div>\n<\/div>\n<p><header class=\"icon-heading\"><span class=\"section-header-icon icon icon-calendar\"><\/span><h2>Calendario de cursos<span><\/span><\/h2><\/header><br \/>\n[mapplic id=&#8221;13&#8243;]<br \/>\n<header class=\"icon-heading\"><span class=\"section-header-icon icon icon-book\"><\/span><h2>PROGRAMA DEL CURSO<span><\/span><\/h2><\/header><\/p>\n<div class=\"col-to-row\">\n<div class=\"item item-gutter\">\n<h3>T\u00e9cnica ISFE<\/h3>\n<ul>\n<li>Estructurar esquemas de interpretaci\u00f3n del comportamiento facial con m\u00e1xima fiabilidad<\/li>\n<li>Clasificar los movimientos en categor\u00edas relacionadas con el grado de fiabilidad<\/li>\n<li>Diferenciar las se\u00f1ales de conversaci\u00f3n relativos con las emociones durante las conversaciones<\/li>\n<li>Adoptar estructuras explicativas de expresiones complejas<\/li>\n<li>Ejercicios con todo tipo de expresiones sutiles, ahogadas, micro expresiones que aplican esquemas de interpretaci\u00f3n en las t\u00e9cnicas<\/li>\n<li>Pruebas: an\u00e1lisis foto y video con el uso de t\u00e9cnicas ISFE.<\/li>\n<\/ul>\n<\/div>\n<div class=\"item item-gutter\">\n<h3>T\u00e9cnica Body Coding System<\/h3>\n<ul>\n<li>Identificar las unidades del comportamiento gestual.<\/li>\n<li>Analizar los canales gestuales<\/li>\n<li>Identificar los micro movimientos emocionales universales<\/li>\n<li>Identificar las direcciones de an\u00e1lisis pensamiento de los ilustradores<\/li>\n<li>Ejercicios para la identificaci\u00f3n e interpretaci\u00f3n de la conducta gestual y postural<\/li>\n<li>Pruebas: an\u00e1lisis de fotos y video con el uso de la t\u00e9cnica Body Coding System<\/li>\n<li>Integraci\u00f3n de canales no verbales y directrices para el procedimiento de an\u00e1lisis<\/li>\n<li>Integrar la informaci\u00f3n de varios canales no verbales<\/li>\n<li>Comparar el an\u00e1lisis verbal y no verbal<\/li>\n<li>Reconocer las incongruencias<\/li>\n<li>Establecer la estructura del an\u00e1lisis de v\u00eddeo para reconocer la fiabilidad de las declaraciones<\/li>\n<li>Adoptar medidas para la observaci\u00f3n directa<\/li>\n<\/ul>\n<\/div>\n<div class=\"item\">\n<h3>GARANT\u00cdA<\/h3>\n<p>Garantizamos el aprendizaje del individuo, por lo que se acepta un m\u00e1ximo de 15 personas por curso.<\/p>\n<h3>PROFESORES CUALIFICADOS<\/h3>\n<p>Analistas del comportamiento no verbal altamente cualificados, con una fuerte experiencia de campo y considerables t\u00edtulos acad\u00e9micos. Lee el CV\u00a0<a href=\"https:\/\/lab-ncs.com\/es\/el-equipo-de-ncs\/\">El equipo de NCS<\/a><\/p>\n<\/div>\n<\/div>\n","protected":false},"excerpt":{"rendered":"<p>En este curso avanzado vamos a tratar: la decodificaci\u00f3n facial avanzada, an\u00e1lisis del comportamiento gestual, los procedimientos de an\u00e1lisis de v\u00eddeo y la observaci\u00f3n directa. El curso es pr\u00e1ctico e intensivo, despu\u00e9s de lo cual los participantes ser\u00e1n capaces de: UTILIZAR esquemas de interpretaci\u00f3n altamente fiables para leer las emociones de la cara y el &hellip; <a href=\"https:\/\/lab-ncs.com\/es\/curso-de-expresiones-de-los-gestos\/\" class=\"more-link\">Continue reading<span class=\"screen-reader-text\"> &#8220;Curso de expresiones de los gestos&#8221;<\/span><\/a><\/p>\n","protected":false},"author":1,"featured_media":0,"parent":0,"menu_order":0,"comment_status":"closed","ping_status":"closed","template":"","meta":{"om_disable_all_campaigns":false},"aioseo_notices":[],"yoast_head":"<!-- This site is optimized with the Yoast SEO plugin v18.6 - https:\/\/yoast.com\/wordpress\/plugins\/seo\/ -->\n<title>Curso de expresiones de los gestos - NeuroComScience, Laboratorio di analisi comportamentale - Comunicazione non verbale.<\/title>\n<meta name=\"robots\" content=\"index, follow, max-snippet:-1, max-image-preview:large, max-video-preview:-1\" \/>\n<link rel=\"canonical\" href=\"https:\/\/lab-ncs.com\/es\/curso-de-expresiones-de-los-gestos\/\" \/>\n<meta property=\"og:locale\" content=\"es_ES\" \/>\n<meta property=\"og:type\" content=\"article\" \/>\n<meta property=\"og:title\" content=\"Curso de expresiones de los gestos - NeuroComScience, Laboratorio di analisi comportamentale - Comunicazione non verbale.\" \/>\n<meta property=\"og:description\" content=\"En este curso avanzado vamos a tratar: la decodificaci\u00f3n facial avanzada, an\u00e1lisis del comportamiento gestual, los procedimientos de an\u00e1lisis de v\u00eddeo y la observaci\u00f3n directa. El curso es pr\u00e1ctico e intensivo, despu\u00e9s de lo cual los participantes ser\u00e1n capaces de: UTILIZAR esquemas de interpretaci\u00f3n altamente fiables para leer las emociones de la cara y el &hellip; Continue reading &quot;Curso de expresiones de los gestos&quot;\" \/>\n<meta property=\"og:url\" content=\"https:\/\/lab-ncs.com\/es\/curso-de-expresiones-de-los-gestos\/\" \/>\n<meta property=\"og:site_name\" content=\"NeuroComScience, Laboratorio di analisi comportamentale - Comunicazione non verbale.\" \/>\n<meta property=\"og:image\" content=\"https:\/\/lab-ncs.com\/wp-content\/uploads\/2016\/10\/t2-01.png\" \/>\n<meta name=\"twitter:label1\" content=\"Tiempo de lectura\" \/>\n\t<meta name=\"twitter:data1\" content=\"2 minutos\" \/>\n<script type=\"application\/ld+json\" class=\"yoast-schema-graph\">{\"@context\":\"https:\/\/schema.org\",\"@graph\":[{\"@type\":\"WebSite\",\"@id\":\"https:\/\/lab-ncs.com\/#website\",\"url\":\"https:\/\/lab-ncs.com\/\",\"name\":\"NeuroComScience, Laboratorio di analisi comportamentale - Comunicazione non verbale.\",\"description\":\"Analisi delle espressioni facciali\",\"potentialAction\":[{\"@type\":\"SearchAction\",\"target\":{\"@type\":\"EntryPoint\",\"urlTemplate\":\"https:\/\/lab-ncs.com\/?s={search_term_string}\"},\"query-input\":\"required name=search_term_string\"}],\"inLanguage\":\"es\"},{\"@type\":\"ImageObject\",\"@id\":\"https:\/\/lab-ncs.com\/es\/curso-de-expresiones-de-los-gestos\/#primaryimage\",\"inLanguage\":\"es\",\"url\":\"https:\/\/lab-ncs.com\/wp-content\/uploads\/2016\/10\/t2-01.png\",\"contentUrl\":\"https:\/\/lab-ncs.com\/wp-content\/uploads\/2016\/10\/t2-01.png\",\"width\":188,\"height\":188},{\"@type\":\"WebPage\",\"@id\":\"https:\/\/lab-ncs.com\/es\/curso-de-expresiones-de-los-gestos\/#webpage\",\"url\":\"https:\/\/lab-ncs.com\/es\/curso-de-expresiones-de-los-gestos\/\",\"name\":\"Curso de expresiones de los gestos - NeuroComScience, Laboratorio di analisi comportamentale - Comunicazione non verbale.\",\"isPartOf\":{\"@id\":\"https:\/\/lab-ncs.com\/#website\"},\"primaryImageOfPage\":{\"@id\":\"https:\/\/lab-ncs.com\/es\/curso-de-expresiones-de-los-gestos\/#primaryimage\"},\"datePublished\":\"2018-02-22T11:05:07+00:00\",\"dateModified\":\"2018-02-22T11:05:07+00:00\",\"breadcrumb\":{\"@id\":\"https:\/\/lab-ncs.com\/es\/curso-de-expresiones-de-los-gestos\/#breadcrumb\"},\"inLanguage\":\"es\",\"potentialAction\":[{\"@type\":\"ReadAction\",\"target\":[\"https:\/\/lab-ncs.com\/es\/curso-de-expresiones-de-los-gestos\/\"]}]},{\"@type\":\"BreadcrumbList\",\"@id\":\"https:\/\/lab-ncs.com\/es\/curso-de-expresiones-de-los-gestos\/#breadcrumb\",\"itemListElement\":[{\"@type\":\"ListItem\",\"position\":1,\"name\":\"Home\",\"item\":\"https:\/\/lab-ncs.com\/es\/\"},{\"@type\":\"ListItem\",\"position\":2,\"name\":\"Curso de expresiones de los gestos\"}]}]}<\/script>\n<!-- \/ Yoast SEO plugin. -->","yoast_head_json":{"title":"Curso de expresiones de los gestos - NeuroComScience, Laboratorio di analisi comportamentale - Comunicazione non verbale.","robots":{"index":"index","follow":"follow","max-snippet":"max-snippet:-1","max-image-preview":"max-image-preview:large","max-video-preview":"max-video-preview:-1"},"canonical":"https:\/\/lab-ncs.com\/es\/curso-de-expresiones-de-los-gestos\/","og_locale":"es_ES","og_type":"article","og_title":"Curso de expresiones de los gestos - NeuroComScience, Laboratorio di analisi comportamentale - Comunicazione non verbale.","og_description":"En este curso avanzado vamos a tratar: la decodificaci\u00f3n facial avanzada, an\u00e1lisis del comportamiento gestual, los procedimientos de an\u00e1lisis de v\u00eddeo y la observaci\u00f3n directa. El curso es pr\u00e1ctico e intensivo, despu\u00e9s de lo cual los participantes ser\u00e1n capaces de: UTILIZAR esquemas de interpretaci\u00f3n altamente fiables para leer las emociones de la cara y el &hellip; Continue reading \"Curso de expresiones de los gestos\"","og_url":"https:\/\/lab-ncs.com\/es\/curso-de-expresiones-de-los-gestos\/","og_site_name":"NeuroComScience, Laboratorio di analisi comportamentale - Comunicazione non verbale.","og_image":[{"url":"https:\/\/lab-ncs.com\/wp-content\/uploads\/2016\/10\/t2-01.png"}],"twitter_misc":{"Tiempo de lectura":"2 minutos"},"schema":{"@context":"https:\/\/schema.org","@graph":[{"@type":"WebSite","@id":"https:\/\/lab-ncs.com\/#website","url":"https:\/\/lab-ncs.com\/","name":"NeuroComScience, Laboratorio di analisi comportamentale - Comunicazione non verbale.","description":"Analisi delle espressioni facciali","potentialAction":[{"@type":"SearchAction","target":{"@type":"EntryPoint","urlTemplate":"https:\/\/lab-ncs.com\/?s={search_term_string}"},"query-input":"required name=search_term_string"}],"inLanguage":"es"},{"@type":"ImageObject","@id":"https:\/\/lab-ncs.com\/es\/curso-de-expresiones-de-los-gestos\/#primaryimage","inLanguage":"es","url":"https:\/\/lab-ncs.com\/wp-content\/uploads\/2016\/10\/t2-01.png","contentUrl":"https:\/\/lab-ncs.com\/wp-content\/uploads\/2016\/10\/t2-01.png","width":188,"height":188},{"@type":"WebPage","@id":"https:\/\/lab-ncs.com\/es\/curso-de-expresiones-de-los-gestos\/#webpage","url":"https:\/\/lab-ncs.com\/es\/curso-de-expresiones-de-los-gestos\/","name":"Curso de expresiones de los gestos - NeuroComScience, Laboratorio di analisi comportamentale - Comunicazione non verbale.","isPartOf":{"@id":"https:\/\/lab-ncs.com\/#website"},"primaryImageOfPage":{"@id":"https:\/\/lab-ncs.com\/es\/curso-de-expresiones-de-los-gestos\/#primaryimage"},"datePublished":"2018-02-22T11:05:07+00:00","dateModified":"2018-02-22T11:05:07+00:00","breadcrumb":{"@id":"https:\/\/lab-ncs.com\/es\/curso-de-expresiones-de-los-gestos\/#breadcrumb"},"inLanguage":"es","potentialAction":[{"@type":"ReadAction","target":["https:\/\/lab-ncs.com\/es\/curso-de-expresiones-de-los-gestos\/"]}]},{"@type":"BreadcrumbList","@id":"https:\/\/lab-ncs.com\/es\/curso-de-expresiones-de-los-gestos\/#breadcrumb","itemListElement":[{"@type":"ListItem","position":1,"name":"Home","item":"https:\/\/lab-ncs.com\/es\/"},{"@type":"ListItem","position":2,"name":"Curso de expresiones de los gestos"}]}]}},"_links":{"self":[{"href":"https:\/\/lab-ncs.com\/es\/wp-json\/wp\/v2\/pages\/19037"}],"collection":[{"href":"https:\/\/lab-ncs.com\/es\/wp-json\/wp\/v2\/pages"}],"about":[{"href":"https:\/\/lab-ncs.com\/es\/wp-json\/wp\/v2\/types\/page"}],"author":[{"embeddable":true,"href":"https:\/\/lab-ncs.com\/es\/wp-json\/wp\/v2\/users\/1"}],"replies":[{"embeddable":true,"href":"https:\/\/lab-ncs.com\/es\/wp-json\/wp\/v2\/comments?post=19037"}],"version-history":[{"count":0,"href":"https:\/\/lab-ncs.com\/es\/wp-json\/wp\/v2\/pages\/19037\/revisions"}],"wp:attachment":[{"href":"https:\/\/lab-ncs.com\/es\/wp-json\/wp\/v2\/media?parent=19037"}],"curies":[{"name":"wp","href":"https:\/\/api.w.org\/{rel}","templated":true}]}}