{"id":18996,"date":"2018-02-21T14:32:50","date_gmt":"2018-02-21T14:32:50","guid":{"rendered":"https:\/\/lab-ncs.com\/investigacion-cientifica\/"},"modified":"2018-02-21T14:32:50","modified_gmt":"2018-02-21T14:32:50","slug":"investigacion-cientifica","status":"publish","type":"page","link":"https:\/\/lab-ncs.com\/es\/investigacion-cientifica\/","title":{"rendered":"Investigaci\u00f3n cient\u00edfica"},"content":{"rendered":"<header class=\"icon-heading\"><span class=\"section-header-icon icon icon-light-bulb\"><\/span><h2>Investigaci\u00f3n cient\u00edfica<span><\/span><\/h2><\/header>\n<p class=\"lead\">NeuroComScience lleva a cabo proyectos de <strong>investigaci\u00f3n experimental<\/strong> sobre la interpretaci\u00f3n del comportamiento humano <strong>\u00fatil<\/strong> para aplicaciones de campo, empresas, instituciones y profesionales. Colabora con varias <strong>Universidades<\/strong> italianas de <strong>proyectos experimentales<\/strong> y tiene un acuerdo con la Universidad de Trieste, con el Departamento de Ciencias de la Vida. Dentro del laboratorio se realizan tesis y se financian becas de investigaci\u00f3n y postgrado.<\/p>\n<p class=\"lead\">Hay un <strong>laboratorio<\/strong> de investigaci\u00f3n equipado con <strong>cabinas de observaci\u00f3n, microc\u00e1maras,<\/strong> videoc\u00e1maras e instrumentos de medici\u00f3n de los cambios fisiol\u00f3gicos. En 2013 gan\u00f3 el primer premio para el proyecto de investigaci\u00f3n llevado a cabo en technoAREA de Gorizia.<\/p>\n<header class=\"icon-heading\"><span class=\"section-header-icon icon icon-cog\"><\/span><h2>Proyectos actuales<span><\/span><\/h2><\/header>\n<div class=\"container container-narrow\">\n<div class=\"row\">\n<div class=\"item item-gutter\">\n<h3>Investigaci\u00f3n \u201cBODY AND FACIAL ANALYSIS IN RECRUITMENT\u201d<\/h3>\n<p>Herramientas innovadoras para la entrevista de selecci\u00f3n de personal con el fin de obtener una mayor precisi\u00f3n en la predicci\u00f3n del comportamiento del candidato en el lugar de trabajo.<\/p>\n<\/div>\n<div class=\"item\">\n<h3>Proyecto de investigaci\u00f3n &#8221; AN\u00c1LISIS DEL COMPORTAMIENTO DE NO VERBAL EN TESTIMONIO&#8221;<\/h3>\n<p>Investigaci\u00f3n sobre los indicadores de comportamiento de mentir a los investigadores. En este proyecto hay una beca de doctorado desde 2016 hasta 2019. Herramienta CUERPO sistema de codificaci\u00f3n Las t\u00e9cnicas avanzadas y m\u00e9todos para una descripci\u00f3n sistem\u00e1tica e interpretaci\u00f3n del lenguaje corporal.<\/p>\n<\/div>\n<\/div>\n<div class=\"row\">\n<div class=\"item item-gutter\">\n<h3>BODY CODING SYSTEM<\/h3>\n<p>T\u00e9cnicas avanzadas y m\u00e9todos para una descripci\u00f3n sistem\u00e1tica e interpretaci\u00f3n del lenguaje corporal.<\/p>\n<\/div>\n<div class=\"item\">\n<h3>Proyecto &#8220;Trastornos del espectro autista y comunicaci\u00f3n no verbal&#8221;<\/h3>\n<p>Desarrollo de nuevos m\u00e9todos de intervenci\u00f3n para mejorar el comportamiento y la esfera relacional de los ni\u00f1os y adolescentes con trastornos del espectro autista.<\/p>\n<\/div>\n<\/div>\n<\/div>\n","protected":false},"excerpt":{"rendered":"<p>NeuroComScience lleva a cabo proyectos de investigaci\u00f3n experimental sobre la interpretaci\u00f3n del comportamiento humano \u00fatil para aplicaciones de campo, empresas, instituciones y profesionales. Colabora con varias Universidades italianas de proyectos experimentales y tiene un acuerdo con la Universidad de Trieste, con el Departamento de Ciencias de la Vida. Dentro del laboratorio se realizan tesis y &hellip; <a href=\"https:\/\/lab-ncs.com\/es\/investigacion-cientifica\/\" class=\"more-link\">Continue reading<span class=\"screen-reader-text\"> &#8220;Investigaci\u00f3n cient\u00edfica&#8221;<\/span><\/a><\/p>\n","protected":false},"author":2,"featured_media":0,"parent":0,"menu_order":0,"comment_status":"closed","ping_status":"closed","template":"page-templates\/page-right-sidebar.php","meta":{"om_disable_all_campaigns":false,"_mi_skip_tracking":false},"aioseo_notices":[],"yoast_head":"<!-- This site is optimized with the Yoast SEO plugin v18.6 - https:\/\/yoast.com\/wordpress\/plugins\/seo\/ -->\n<title>Investigaci\u00f3n cient\u00edfica - NeuroComScience, Laboratorio di analisi comportamentale - Comunicazione non verbale.<\/title>\n<meta name=\"robots\" content=\"index, follow, max-snippet:-1, max-image-preview:large, max-video-preview:-1\" \/>\n<link rel=\"canonical\" href=\"https:\/\/lab-ncs.com\/es\/investigacion-cientifica\/\" \/>\n<meta property=\"og:locale\" content=\"es_ES\" \/>\n<meta property=\"og:type\" content=\"article\" \/>\n<meta property=\"og:title\" content=\"Investigaci\u00f3n cient\u00edfica - NeuroComScience, Laboratorio di analisi comportamentale - Comunicazione non verbale.\" \/>\n<meta property=\"og:description\" content=\"NeuroComScience lleva a cabo proyectos de investigaci\u00f3n experimental sobre la interpretaci\u00f3n del comportamiento humano \u00fatil para aplicaciones de campo, empresas, instituciones y profesionales. Colabora con varias Universidades italianas de proyectos experimentales y tiene un acuerdo con la Universidad de Trieste, con el Departamento de Ciencias de la Vida. Dentro del laboratorio se realizan tesis y &hellip; Continue reading &quot;Investigaci\u00f3n cient\u00edfica&quot;\" \/>\n<meta property=\"og:url\" content=\"https:\/\/lab-ncs.com\/es\/investigacion-cientifica\/\" \/>\n<meta property=\"og:site_name\" content=\"NeuroComScience, Laboratorio di analisi comportamentale - Comunicazione non verbale.\" \/>\n<meta name=\"twitter:label1\" content=\"Tiempo de lectura\" \/>\n\t<meta name=\"twitter:data1\" content=\"1 minuto\" \/>\n<script type=\"application\/ld+json\" class=\"yoast-schema-graph\">{\"@context\":\"https:\/\/schema.org\",\"@graph\":[{\"@type\":\"WebSite\",\"@id\":\"https:\/\/lab-ncs.com\/#website\",\"url\":\"https:\/\/lab-ncs.com\/\",\"name\":\"NeuroComScience, Laboratorio di analisi comportamentale - Comunicazione non verbale.\",\"description\":\"Analisi delle espressioni facciali\",\"potentialAction\":[{\"@type\":\"SearchAction\",\"target\":{\"@type\":\"EntryPoint\",\"urlTemplate\":\"https:\/\/lab-ncs.com\/?s={search_term_string}\"},\"query-input\":\"required name=search_term_string\"}],\"inLanguage\":\"es\"},{\"@type\":\"WebPage\",\"@id\":\"https:\/\/lab-ncs.com\/es\/investigacion-cientifica\/#webpage\",\"url\":\"https:\/\/lab-ncs.com\/es\/investigacion-cientifica\/\",\"name\":\"Investigaci\u00f3n cient\u00edfica - NeuroComScience, Laboratorio di analisi comportamentale - Comunicazione non verbale.\",\"isPartOf\":{\"@id\":\"https:\/\/lab-ncs.com\/#website\"},\"datePublished\":\"2018-02-21T14:32:50+00:00\",\"dateModified\":\"2018-02-21T14:32:50+00:00\",\"breadcrumb\":{\"@id\":\"https:\/\/lab-ncs.com\/es\/investigacion-cientifica\/#breadcrumb\"},\"inLanguage\":\"es\",\"potentialAction\":[{\"@type\":\"ReadAction\",\"target\":[\"https:\/\/lab-ncs.com\/es\/investigacion-cientifica\/\"]}]},{\"@type\":\"BreadcrumbList\",\"@id\":\"https:\/\/lab-ncs.com\/es\/investigacion-cientifica\/#breadcrumb\",\"itemListElement\":[{\"@type\":\"ListItem\",\"position\":1,\"name\":\"Home\",\"item\":\"https:\/\/lab-ncs.com\/es\/\"},{\"@type\":\"ListItem\",\"position\":2,\"name\":\"Investigaci\u00f3n cient\u00edfica\"}]}]}<\/script>\n<!-- \/ Yoast SEO plugin. -->","yoast_head_json":{"title":"Investigaci\u00f3n cient\u00edfica - NeuroComScience, Laboratorio di analisi comportamentale - Comunicazione non verbale.","robots":{"index":"index","follow":"follow","max-snippet":"max-snippet:-1","max-image-preview":"max-image-preview:large","max-video-preview":"max-video-preview:-1"},"canonical":"https:\/\/lab-ncs.com\/es\/investigacion-cientifica\/","og_locale":"es_ES","og_type":"article","og_title":"Investigaci\u00f3n cient\u00edfica - NeuroComScience, Laboratorio di analisi comportamentale - Comunicazione non verbale.","og_description":"NeuroComScience lleva a cabo proyectos de investigaci\u00f3n experimental sobre la interpretaci\u00f3n del comportamiento humano \u00fatil para aplicaciones de campo, empresas, instituciones y profesionales. Colabora con varias Universidades italianas de proyectos experimentales y tiene un acuerdo con la Universidad de Trieste, con el Departamento de Ciencias de la Vida. Dentro del laboratorio se realizan tesis y &hellip; Continue reading \"Investigaci\u00f3n cient\u00edfica\"","og_url":"https:\/\/lab-ncs.com\/es\/investigacion-cientifica\/","og_site_name":"NeuroComScience, Laboratorio di analisi comportamentale - Comunicazione non verbale.","twitter_misc":{"Tiempo de lectura":"1 minuto"},"schema":{"@context":"https:\/\/schema.org","@graph":[{"@type":"WebSite","@id":"https:\/\/lab-ncs.com\/#website","url":"https:\/\/lab-ncs.com\/","name":"NeuroComScience, Laboratorio di analisi comportamentale - Comunicazione non verbale.","description":"Analisi delle espressioni facciali","potentialAction":[{"@type":"SearchAction","target":{"@type":"EntryPoint","urlTemplate":"https:\/\/lab-ncs.com\/?s={search_term_string}"},"query-input":"required name=search_term_string"}],"inLanguage":"es"},{"@type":"WebPage","@id":"https:\/\/lab-ncs.com\/es\/investigacion-cientifica\/#webpage","url":"https:\/\/lab-ncs.com\/es\/investigacion-cientifica\/","name":"Investigaci\u00f3n cient\u00edfica - NeuroComScience, Laboratorio di analisi comportamentale - Comunicazione non verbale.","isPartOf":{"@id":"https:\/\/lab-ncs.com\/#website"},"datePublished":"2018-02-21T14:32:50+00:00","dateModified":"2018-02-21T14:32:50+00:00","breadcrumb":{"@id":"https:\/\/lab-ncs.com\/es\/investigacion-cientifica\/#breadcrumb"},"inLanguage":"es","potentialAction":[{"@type":"ReadAction","target":["https:\/\/lab-ncs.com\/es\/investigacion-cientifica\/"]}]},{"@type":"BreadcrumbList","@id":"https:\/\/lab-ncs.com\/es\/investigacion-cientifica\/#breadcrumb","itemListElement":[{"@type":"ListItem","position":1,"name":"Home","item":"https:\/\/lab-ncs.com\/es\/"},{"@type":"ListItem","position":2,"name":"Investigaci\u00f3n cient\u00edfica"}]}]}},"_links":{"self":[{"href":"https:\/\/lab-ncs.com\/es\/wp-json\/wp\/v2\/pages\/18996"}],"collection":[{"href":"https:\/\/lab-ncs.com\/es\/wp-json\/wp\/v2\/pages"}],"about":[{"href":"https:\/\/lab-ncs.com\/es\/wp-json\/wp\/v2\/types\/page"}],"author":[{"embeddable":true,"href":"https:\/\/lab-ncs.com\/es\/wp-json\/wp\/v2\/users\/2"}],"replies":[{"embeddable":true,"href":"https:\/\/lab-ncs.com\/es\/wp-json\/wp\/v2\/comments?post=18996"}],"version-history":[{"count":0,"href":"https:\/\/lab-ncs.com\/es\/wp-json\/wp\/v2\/pages\/18996\/revisions"}],"wp:attachment":[{"href":"https:\/\/lab-ncs.com\/es\/wp-json\/wp\/v2\/media?parent=18996"}],"curies":[{"name":"wp","href":"https:\/\/api.w.org\/{rel}","templated":true}]}}