{"id":18970,"date":"2018-02-21T13:06:25","date_gmt":"2018-02-21T13:06:25","guid":{"rendered":"https:\/\/lab-ncs.com\/inscripcion-para-cursos-basicos\/"},"modified":"2018-02-24T12:16:39","modified_gmt":"2018-02-24T12:16:39","slug":"inscripcion-para-cursos-basicos","status":"publish","type":"page","link":"https:\/\/lab-ncs.com\/es\/inscripcion-para-cursos-basicos\/","title":{"rendered":"Matr\u00edcula en los cursos b\u00e1sicos"},"content":{"rendered":"<header class=\"icon-heading\"><span class=\"section-header-icon icon icon-edit\"><\/span><h2>Matriculaci\u00f3n en el curso<span><\/span><\/h2><\/header>\n<div role=\"form\" class=\"wpcf7\" id=\"wpcf7-f19194-o1\" lang=\"it-IT\" dir=\"ltr\">\n<div class=\"screen-reader-response\"><p role=\"status\" aria-live=\"polite\" aria-atomic=\"true\"><\/p> <ul><\/ul><\/div>\n<form action=\"\/es\/wp-json\/wp\/v2\/pages\/18970#wpcf7-f19194-o1\" method=\"post\" class=\"wpcf7-form init\" novalidate=\"novalidate\" data-status=\"init\">\n<div style=\"display: none;\">\n<input type=\"hidden\" name=\"_wpcf7\" value=\"19194\" \/>\n<input type=\"hidden\" name=\"_wpcf7_version\" value=\"5.6\" \/>\n<input type=\"hidden\" name=\"_wpcf7_locale\" value=\"it_IT\" \/>\n<input type=\"hidden\" name=\"_wpcf7_unit_tag\" value=\"wpcf7-f19194-o1\" \/>\n<input type=\"hidden\" name=\"_wpcf7_container_post\" value=\"0\" \/>\n<input type=\"hidden\" name=\"_wpcf7_posted_data_hash\" value=\"\" \/>\n<\/div>\n<p class=\"half half_first\">Sede del corso*<br \/>\n    <span class=\"wpcf7-form-control-wrap\" data-name=\"text-635\"><input type=\"text\" name=\"text-635\" value=\"\" size=\"40\" class=\"wpcf7-form-control wpcf7-text wpcf7-validates-as-required\" aria-required=\"true\" aria-invalid=\"false\" placeholder=\"es. Roma, Milano, Napoli, Cagliari, Trento, Firenze ...\" \/><\/span> <\/p>\n<p class=\"half half_last\">Data del corso*<br \/>\n    <span class=\"wpcf7-form-control-wrap\" data-name=\"text-510\"><input type=\"text\" name=\"text-510\" value=\"\" size=\"40\" class=\"wpcf7-form-control wpcf7-text wpcf7-validates-as-required\" aria-required=\"true\" aria-invalid=\"false\" \/><\/span> <\/p>\n<p class=\"half half_first\">Luogo di nascita *<br \/>\n    <span class=\"wpcf7-form-control-wrap\" data-name=\"text-145\"><input type=\"text\" name=\"text-145\" value=\"\" size=\"40\" class=\"wpcf7-form-control wpcf7-text wpcf7-validates-as-required\" aria-required=\"true\" aria-invalid=\"false\" placeholder=\"Nato a\" \/><\/span> <\/p>\n<p class=\"half half_last\">Data di nascita *<br \/>\n   <span class=\"wpcf7-form-control-wrap\" data-name=\"text-611\"><input type=\"text\" name=\"text-611\" value=\"\" size=\"40\" class=\"wpcf7-form-control wpcf7-text wpcf7-validates-as-required\" aria-required=\"true\" aria-invalid=\"false\" placeholder=\"gg\/mm\/aaaa\" \/><\/span> <\/p>\n<p class=\"half half_first\">Nome Cognome - Ragione sociale (solo se necessario)*<br \/>\n    <span class=\"wpcf7-form-control-wrap\" data-name=\"your-name\"><input type=\"text\" name=\"your-name\" value=\"\" size=\"40\" class=\"wpcf7-form-control wpcf7-text wpcf7-validates-as-required\" aria-required=\"true\" aria-invalid=\"false\" placeholder=\"Nome Cognome\" \/><\/span> <\/p>\n<p class=\"half half_last\">Codice fiscale *<br \/>\n    <span class=\"wpcf7-form-control-wrap\" data-name=\"text-474\"><input type=\"text\" name=\"text-474\" value=\"\" size=\"40\" class=\"wpcf7-form-control wpcf7-text wpcf7-validates-as-required\" aria-required=\"true\" aria-invalid=\"false\" placeholder=\"CODICE FISCALE\" \/><\/span> <\/p>\n<p >Professione *<br \/>\n    <span class=\"wpcf7-form-control-wrap\" data-name=\"text-906\"><input type=\"text\" name=\"text-906\" value=\"\" size=\"40\" class=\"wpcf7-form-control wpcf7-text wpcf7-validates-as-required\" aria-required=\"true\" aria-invalid=\"false\" placeholder=\"Professione\" \/><\/span> <\/p>\n<p>Residenza*<\/p>\n<p class=\"half half_first\">\n      <span class=\"wpcf7-form-control-wrap\" data-name=\"text-534\"><input type=\"text\" name=\"text-534\" value=\"\" size=\"40\" class=\"wpcf7-form-control wpcf7-text wpcf7-validates-as-required\" aria-required=\"true\" aria-invalid=\"false\" placeholder=\"Comune\" \/><\/span> <span class=\"wpcf7-form-control-wrap\" data-name=\"text-32\"><input type=\"text\" name=\"text-32\" value=\"\" size=\"40\" class=\"wpcf7-form-control wpcf7-text wpcf7-validates-as-required\" aria-required=\"true\" aria-invalid=\"false\" placeholder=\"Indirizzo\" \/><\/span> <\/p>\n<p class=\"half half_last\">\n<span class=\"wpcf7-form-control-wrap\" data-name=\"text-286\"><input type=\"text\" name=\"text-286\" value=\"\" size=\"40\" class=\"wpcf7-form-control wpcf7-text wpcf7-validates-as-required cap\" aria-required=\"true\" aria-invalid=\"false\" placeholder=\"CAP\" \/><\/span> <span class=\"wpcf7-form-control-wrap\" data-name=\"text-278\"><input type=\"text\" name=\"text-278\" value=\"\" size=\"40\" class=\"wpcf7-form-control wpcf7-text wpcf7-validates-as-required provincia\" aria-required=\"true\" aria-invalid=\"false\" placeholder=\"Provincia\" \/><\/span><\/p>\n<p class=\"half half_first\">Telefono *<br \/>\n    <span class=\"wpcf7-form-control-wrap\" data-name=\"tel-983\"><input type=\"tel\" name=\"tel-983\" value=\"\" size=\"40\" class=\"wpcf7-form-control wpcf7-text wpcf7-tel wpcf7-validates-as-required wpcf7-validates-as-tel\" aria-required=\"true\" aria-invalid=\"false\" \/><\/span> <\/p>\n<p class=\"half half_last\">Email *<br \/>\n    <span class=\"wpcf7-form-control-wrap\" data-name=\"your-email\"><input type=\"email\" name=\"your-email\" value=\"\" size=\"40\" class=\"wpcf7-form-control wpcf7-text wpcf7-email wpcf7-validates-as-required wpcf7-validates-as-email\" aria-required=\"true\" aria-invalid=\"false\" \/><\/span> <\/p>\n<p>Dati per la fatturazione (solo se necessari)<br \/>\n   <span class=\"wpcf7-form-control-wrap\" data-name=\"textarea-320\"><textarea name=\"textarea-320\" cols=\"40\" rows=\"10\" class=\"wpcf7-form-control wpcf7-textarea\" aria-invalid=\"false\" placeholder=\"Ragione sociale - P.IVA\"><\/textarea><\/span><\/p>\n<p>[recaptcha]<\/p>\n<p>Compilando e inviando questa form si acconsente il trattamento dei dati personali (D.Lgs 196\/2003)<\/p>\n<p><span class=\"wpcf7-form-control-wrap\" data-name=\"Terms\"><span class=\"wpcf7-form-control wpcf7-checkbox wpcf7-validates-as-required\"><span class=\"wpcf7-list-item first last\"><input type=\"checkbox\" name=\"Terms[]\" value=\"Ho letto ed accetto i\" \/><span class=\"wpcf7-list-item-label\">Ho letto ed accetto i<\/span><\/span><\/span><\/span> <a href=\"https:\/\/lab-ncs.com\/termini\/\">Termini e le condizioni.<\/a><\/p>\n<p><input type=\"submit\" value=\"ISCRIVITI AL CORSO\" class=\"wpcf7-form-control has-spinner wpcf7-submit\" \/><\/p>\n<div class=\"wpcf7-response-output\" aria-hidden=\"true\"><\/div><\/form><\/div>\n<p>Per completare l&#8217;iscrizione occorre effettuare un bonifico bancario pari all&#8217;importo del corso alle seguenti coordinate:<\/p>\n<p><strong>IT70A0100512400000000001256<\/strong><\/p>\n<ul>\n<li>intestato a NeuroComScience<\/li>\n<li>BANCA NAZIONALE DEL LAVORO\u00a0&#8211; filiale\u00a0Gorizia<\/li>\n<li>Indicare come causale: cognome, nome dell&#8217;iscritto al corso \u00a0e \u00a0il corso scelto.<\/li>\n<\/ul>\n<p>Nel caso si abbia un impedimento nel seguire il corso dopo il versamento del pagamento, esso pu\u00f2 essere utilizzato per un successivo corso\u00a0 presso NeuroComScience nell&#8217;arco di 2\u00a0anni successivi.<br \/>\n<span><\/span><span>Il regolamento NCS prevede che nel caso non si raggiunga il numero di 10 iscritti, il corso venga effettuato in compresenza\u00a0con il docente attraverso apposita piattaforma. Questo rappresenta un&#8217;opportunit\u00e0, quella di essere seguito in maniera individuale personalizzata, one to one con il docente. Tale servizio ha un costo di 400 euro + iva (488 euro), ma per garantire la soddisfazione del cliente NCS non richieder\u00e0 nessun costo aggiuntivo<\/span><\/p>\n<p>&nbsp;<\/p>\n","protected":false},"excerpt":{"rendered":"<p>Per completare l&#8217;iscrizione occorre effettuare un bonifico bancario pari all&#8217;importo del corso alle seguenti coordinate: IT70A0100512400000000001256 intestato a NeuroComScience BANCA NAZIONALE DEL LAVORO\u00a0&#8211; filiale\u00a0Gorizia Indicare come causale: cognome, nome dell&#8217;iscritto al corso \u00a0e \u00a0il corso scelto. Nel caso si abbia un impedimento nel seguire il corso dopo il versamento del pagamento, esso pu\u00f2 essere utilizzato &hellip; <a href=\"https:\/\/lab-ncs.com\/es\/inscripcion-para-cursos-basicos\/\" class=\"more-link\">Continue reading<span class=\"screen-reader-text\"> &#8220;Matr\u00edcula en los cursos b\u00e1sicos&#8221;<\/span><\/a><\/p>\n","protected":false},"author":2,"featured_media":0,"parent":0,"menu_order":0,"comment_status":"closed","ping_status":"closed","template":"","meta":{"om_disable_all_campaigns":false,"_mi_skip_tracking":false},"aioseo_notices":[],"yoast_head":"<!-- This site is optimized with the Yoast SEO plugin v18.6 - https:\/\/yoast.com\/wordpress\/plugins\/seo\/ -->\n<title>Matr\u00edcula en los cursos b\u00e1sicos - NeuroComScience, Laboratorio di analisi comportamentale - Comunicazione non verbale.<\/title>\n<meta name=\"robots\" content=\"index, follow, max-snippet:-1, max-image-preview:large, max-video-preview:-1\" \/>\n<link rel=\"canonical\" href=\"https:\/\/lab-ncs.com\/es\/inscripcion-para-cursos-basicos\/\" \/>\n<meta property=\"og:locale\" content=\"es_ES\" \/>\n<meta property=\"og:type\" content=\"article\" \/>\n<meta property=\"og:title\" content=\"Matr\u00edcula en los cursos b\u00e1sicos - NeuroComScience, Laboratorio di analisi comportamentale - Comunicazione non verbale.\" \/>\n<meta property=\"og:description\" content=\"Per completare l&#8217;iscrizione occorre effettuare un bonifico bancario pari all&#8217;importo del corso alle seguenti coordinate: IT70A0100512400000000001256 intestato a NeuroComScience BANCA NAZIONALE DEL LAVORO\u00a0&#8211; filiale\u00a0Gorizia Indicare come causale: cognome, nome dell&#8217;iscritto al corso \u00a0e \u00a0il corso scelto. Nel caso si abbia un impedimento nel seguire il corso dopo il versamento del pagamento, esso pu\u00f2 essere utilizzato &hellip; Continue reading &quot;Matr\u00edcula en los cursos b\u00e1sicos&quot;\" \/>\n<meta property=\"og:url\" content=\"https:\/\/lab-ncs.com\/es\/inscripcion-para-cursos-basicos\/\" \/>\n<meta property=\"og:site_name\" content=\"NeuroComScience, Laboratorio di analisi comportamentale - Comunicazione non verbale.\" \/>\n<meta property=\"article:modified_time\" content=\"2018-02-24T12:16:39+00:00\" \/>\n<meta name=\"twitter:label1\" content=\"Tiempo de lectura\" \/>\n\t<meta name=\"twitter:data1\" content=\"1 minuto\" \/>\n<script type=\"application\/ld+json\" class=\"yoast-schema-graph\">{\"@context\":\"https:\/\/schema.org\",\"@graph\":[{\"@type\":\"WebSite\",\"@id\":\"https:\/\/lab-ncs.com\/#website\",\"url\":\"https:\/\/lab-ncs.com\/\",\"name\":\"NeuroComScience, Laboratorio di analisi comportamentale - Comunicazione non verbale.\",\"description\":\"Analisi delle espressioni facciali\",\"potentialAction\":[{\"@type\":\"SearchAction\",\"target\":{\"@type\":\"EntryPoint\",\"urlTemplate\":\"https:\/\/lab-ncs.com\/?s={search_term_string}\"},\"query-input\":\"required name=search_term_string\"}],\"inLanguage\":\"es\"},{\"@type\":\"WebPage\",\"@id\":\"https:\/\/lab-ncs.com\/es\/inscripcion-para-cursos-basicos\/#webpage\",\"url\":\"https:\/\/lab-ncs.com\/es\/inscripcion-para-cursos-basicos\/\",\"name\":\"Matr\u00edcula en los cursos b\u00e1sicos - NeuroComScience, Laboratorio di analisi comportamentale - Comunicazione non verbale.\",\"isPartOf\":{\"@id\":\"https:\/\/lab-ncs.com\/#website\"},\"datePublished\":\"2018-02-21T13:06:25+00:00\",\"dateModified\":\"2018-02-24T12:16:39+00:00\",\"breadcrumb\":{\"@id\":\"https:\/\/lab-ncs.com\/es\/inscripcion-para-cursos-basicos\/#breadcrumb\"},\"inLanguage\":\"es\",\"potentialAction\":[{\"@type\":\"ReadAction\",\"target\":[\"https:\/\/lab-ncs.com\/es\/inscripcion-para-cursos-basicos\/\"]}]},{\"@type\":\"BreadcrumbList\",\"@id\":\"https:\/\/lab-ncs.com\/es\/inscripcion-para-cursos-basicos\/#breadcrumb\",\"itemListElement\":[{\"@type\":\"ListItem\",\"position\":1,\"name\":\"Home\",\"item\":\"https:\/\/lab-ncs.com\/es\/\"},{\"@type\":\"ListItem\",\"position\":2,\"name\":\"Matr\u00edcula en los cursos b\u00e1sicos\"}]}]}<\/script>\n<!-- \/ Yoast SEO plugin. -->","yoast_head_json":{"title":"Matr\u00edcula en los cursos b\u00e1sicos - NeuroComScience, Laboratorio di analisi comportamentale - Comunicazione non verbale.","robots":{"index":"index","follow":"follow","max-snippet":"max-snippet:-1","max-image-preview":"max-image-preview:large","max-video-preview":"max-video-preview:-1"},"canonical":"https:\/\/lab-ncs.com\/es\/inscripcion-para-cursos-basicos\/","og_locale":"es_ES","og_type":"article","og_title":"Matr\u00edcula en los cursos b\u00e1sicos - NeuroComScience, Laboratorio di analisi comportamentale - Comunicazione non verbale.","og_description":"Per completare l&#8217;iscrizione occorre effettuare un bonifico bancario pari all&#8217;importo del corso alle seguenti coordinate: IT70A0100512400000000001256 intestato a NeuroComScience BANCA NAZIONALE DEL LAVORO\u00a0&#8211; filiale\u00a0Gorizia Indicare come causale: cognome, nome dell&#8217;iscritto al corso \u00a0e \u00a0il corso scelto. Nel caso si abbia un impedimento nel seguire il corso dopo il versamento del pagamento, esso pu\u00f2 essere utilizzato &hellip; Continue reading \"Matr\u00edcula en los cursos b\u00e1sicos\"","og_url":"https:\/\/lab-ncs.com\/es\/inscripcion-para-cursos-basicos\/","og_site_name":"NeuroComScience, Laboratorio di analisi comportamentale - Comunicazione non verbale.","article_modified_time":"2018-02-24T12:16:39+00:00","twitter_misc":{"Tiempo de lectura":"1 minuto"},"schema":{"@context":"https:\/\/schema.org","@graph":[{"@type":"WebSite","@id":"https:\/\/lab-ncs.com\/#website","url":"https:\/\/lab-ncs.com\/","name":"NeuroComScience, Laboratorio di analisi comportamentale - Comunicazione non verbale.","description":"Analisi delle espressioni facciali","potentialAction":[{"@type":"SearchAction","target":{"@type":"EntryPoint","urlTemplate":"https:\/\/lab-ncs.com\/?s={search_term_string}"},"query-input":"required name=search_term_string"}],"inLanguage":"es"},{"@type":"WebPage","@id":"https:\/\/lab-ncs.com\/es\/inscripcion-para-cursos-basicos\/#webpage","url":"https:\/\/lab-ncs.com\/es\/inscripcion-para-cursos-basicos\/","name":"Matr\u00edcula en los cursos b\u00e1sicos - NeuroComScience, Laboratorio di analisi comportamentale - Comunicazione non verbale.","isPartOf":{"@id":"https:\/\/lab-ncs.com\/#website"},"datePublished":"2018-02-21T13:06:25+00:00","dateModified":"2018-02-24T12:16:39+00:00","breadcrumb":{"@id":"https:\/\/lab-ncs.com\/es\/inscripcion-para-cursos-basicos\/#breadcrumb"},"inLanguage":"es","potentialAction":[{"@type":"ReadAction","target":["https:\/\/lab-ncs.com\/es\/inscripcion-para-cursos-basicos\/"]}]},{"@type":"BreadcrumbList","@id":"https:\/\/lab-ncs.com\/es\/inscripcion-para-cursos-basicos\/#breadcrumb","itemListElement":[{"@type":"ListItem","position":1,"name":"Home","item":"https:\/\/lab-ncs.com\/es\/"},{"@type":"ListItem","position":2,"name":"Matr\u00edcula en los cursos b\u00e1sicos"}]}]}},"_links":{"self":[{"href":"https:\/\/lab-ncs.com\/es\/wp-json\/wp\/v2\/pages\/18970"}],"collection":[{"href":"https:\/\/lab-ncs.com\/es\/wp-json\/wp\/v2\/pages"}],"about":[{"href":"https:\/\/lab-ncs.com\/es\/wp-json\/wp\/v2\/types\/page"}],"author":[{"embeddable":true,"href":"https:\/\/lab-ncs.com\/es\/wp-json\/wp\/v2\/users\/2"}],"replies":[{"embeddable":true,"href":"https:\/\/lab-ncs.com\/es\/wp-json\/wp\/v2\/comments?post=18970"}],"version-history":[{"count":3,"href":"https:\/\/lab-ncs.com\/es\/wp-json\/wp\/v2\/pages\/18970\/revisions"}],"predecessor-version":[{"id":19197,"href":"https:\/\/lab-ncs.com\/es\/wp-json\/wp\/v2\/pages\/18970\/revisions\/19197"}],"wp:attachment":[{"href":"https:\/\/lab-ncs.com\/es\/wp-json\/wp\/v2\/media?parent=18970"}],"curies":[{"name":"wp","href":"https:\/\/api.w.org\/{rel}","templated":true}]}}