{"id":18951,"date":"2018-02-21T11:01:40","date_gmt":"2018-02-21T11:01:40","guid":{"rendered":"https:\/\/lab-ncs.com\/convenciones\/"},"modified":"2018-03-12T09:07:51","modified_gmt":"2018-03-12T09:07:51","slug":"convenciones","status":"publish","type":"page","link":"https:\/\/lab-ncs.com\/es\/convenciones\/","title":{"rendered":"Convenciones"},"content":{"rendered":"<table>\n<tbody>\n<tr>\n<td width=\"326\">\u00a0<a href=\"https:\/\/lab-ncs.com\/wp-content\/uploads\/2015\/08\/universita-di-trieste.png\"><img loading=\"lazy\" class=\" wp-image-7738 alignleft\" src=\"https:\/\/lab-ncs.com\/wp-content\/uploads\/2015\/08\/universita-di-trieste.png\" alt=\"universita di trieste\" width=\"281\" height=\"234\" srcset=\"https:\/\/lab-ncs.com\/wp-content\/uploads\/2015\/08\/universita-di-trieste.png 246w, https:\/\/lab-ncs.com\/wp-content\/uploads\/2015\/08\/universita-di-trieste-150x125.png 150w\" sizes=\"(max-width: 281px) 85vw, 281px\" \/><\/a><\/td>\n<td width=\"326\"><span style=\"color: #4b5658;\"><span style=\"font-family: 'Source Sans Pro', sans-serif;\"><span style=\"font-size: large;\">NeuroComScience tiene un convenio con la Universidad de Trieste, en particular con el Departamento de Ciencias de la Vida. &#8220;Apoyo a los activos humanos en investigaci\u00f3n y movilidad&#8221;. El objetivo de <\/span><\/span><\/span><span style=\"color: #4b5658;\"><span style=\"font-family: 'Source Sans Pro', sans-serif;\"><span style=\"font-size: large;\">la colaboraci\u00f3n es el desarrollo conjunto de proyectos de investigaci\u00f3n experimental. <\/span><\/span><\/span><span style=\"color: #4b5658;\"><span style=\"font-family: 'Source Sans Pro', sans-serif;\"><span style=\"font-size: large;\">NeuroComScience proporciona a los estudiantes experiencias pr\u00e1cticas en el laboratorio y colaboraci\u00f3n en el desarrollo de tesis de graduaci\u00f3n.<\/span><\/span><\/span><span style=\"color: #4b5658;\"><span style=\"font-family: 'Source Sans Pro', sans-serif;\"><span style=\"font-size: large;\"> Algunos estudiantes merecedores fueron apoyados financieramente en el proyecto S.H.A.R.M. \u201cSupporting Human Assets in Research and Mobility\u201d.<\/span><\/span><\/span><\/td>\n<\/tr>\n<tr>\n<td width=\"326\">\u00a0<a href=\"https:\/\/lab-ncs.com\/wp-content\/uploads\/2015\/08\/area.jpg\"><img loading=\"lazy\" class=\" size-full wp-image-7749 alignleft\" src=\"https:\/\/lab-ncs.com\/wp-content\/uploads\/2015\/08\/area.jpg\" alt=\"area\" width=\"212\" height=\"79\" srcset=\"https:\/\/lab-ncs.com\/wp-content\/uploads\/2015\/08\/area.jpg 212w, https:\/\/lab-ncs.com\/wp-content\/uploads\/2015\/08\/area-150x56.jpg 150w\" sizes=\"(max-width: 212px) 85vw, 212px\" \/><\/a><\/td>\n<td width=\"326\">\n<table style=\"height: 170px;\" border=\"0\" width=\"336\" cellspacing=\"0\" cellpadding=\"2\">\n<colgroup>\n<col width=\"332\" \/> <\/colgroup>\n<tbody>\n<tr>\n<td width=\"332\">Area Science Park es Organismo P\u00fablico Nacional de investigaci\u00f3n de primer nivel, en que se encuentran casi doscientos laboratorios, tanto p\u00fablicos como privados.<br \/>\nNeuroComScience tiene un laboratorio en el Parco, en la sucursal de Gorizia.<\/td>\n<\/tr>\n<tr>\n<td width=\"332\"><\/td>\n<\/tr>\n<\/tbody>\n<\/table>\n<\/td>\n<\/tr>\n<tr>\n<td width=\"326\">NeuroComScience ha desarrollado la red de asociaciones con varias empresas y entidades p\u00fablicas<\/td>\n<td width=\"326\"><\/td>\n<\/tr>\n<tr>\n<td style=\"text-align: left;\" width=\"326\">\u00a0<img loading=\"lazy\" class=\" wp-image-7827 alignleft\" src=\"https:\/\/lab-ncs.com\/wp-content\/uploads\/2015\/08\/Marchio-group-300x244.jpg\" alt=\"Marchio group\" width=\"139\" height=\"114\" srcset=\"https:\/\/lab-ncs.com\/wp-content\/uploads\/2015\/08\/Marchio-group-300x244.jpg 300w, https:\/\/lab-ncs.com\/wp-content\/uploads\/2015\/08\/Marchio-group-150x122.jpg 150w, https:\/\/lab-ncs.com\/wp-content\/uploads\/2015\/08\/Marchio-group.jpg 441w\" sizes=\"(max-width: 139px) 85vw, 139px\" \/><\/td>\n<td style=\"text-align: left;\" width=\"326\"><span style=\"color: #4b5658;\"><span style=\"font-family: 'Source Sans Pro', sans-serif;\"><span style=\"font-size: large;\">La S.I.C.S. es una agencia de investigaci\u00f3n privada que opera a nivel nacional e internacional en el \u00e1rea de Seguridad Personal. <\/span><\/span><\/span><span style=\"color: #4b5658;\"><span style=\"font-family: 'Source Sans Pro', sans-serif;\"><span style=\"font-size: large;\">Los investigadores fueron entrenados en nuestro laboratorio. <\/span><\/span><\/span><span style=\"color: #4b5658;\"><span style=\"font-family: 'Source Sans Pro', sans-serif;\"><span style=\"font-size: large;\"> Posteriormente, se desarroll\u00f3 una colaboraci\u00f3n en el campo de la formaci\u00f3n.<\/span><\/span><\/span><\/td>\n<\/tr>\n<tr>\n<td width=\"326\">\u00a0<img loading=\"lazy\" class=\" wp-image-7831 alignleft\" src=\"https:\/\/lab-ncs.com\/wp-content\/uploads\/2015\/08\/psymind-300x86.jpg\" alt=\"psymind\" width=\"325\" height=\"93\" srcset=\"https:\/\/lab-ncs.com\/wp-content\/uploads\/2015\/08\/psymind-300x86.jpg 300w, https:\/\/lab-ncs.com\/wp-content\/uploads\/2015\/08\/psymind-615x177.jpg 615w, https:\/\/lab-ncs.com\/wp-content\/uploads\/2015\/08\/psymind-150x43.jpg 150w, https:\/\/lab-ncs.com\/wp-content\/uploads\/2015\/08\/psymind-600x172.jpg 600w, https:\/\/lab-ncs.com\/wp-content\/uploads\/2015\/08\/psymind.jpg 940w\" sizes=\"(max-width: 325px) 85vw, 325px\" \/><\/td>\n<td width=\"326\"><span style=\"color: #4b5658;\"><span style=\"font-family: 'Source Sans Pro', sans-serif;\"><span style=\"font-size: large;\">El estudio de la psicolog\u00eda, orientado a la hipnosis y a la atenci\u00f3n plena del dr. Alessandro Calderoni realiza interesantes actividades cerca de Mil\u00e1n. <\/span><\/span><\/span><span style=\"color: #4b5658;\"><span style=\"font-family: 'Source Sans Pro', sans-serif;\"><span style=\"font-size: large;\"> Con esta realidad, NeuroComScience ha establecido una relaci\u00f3n de amistad y colaboraci\u00f3n.<\/span><\/span><\/span><\/p>\n<p>http:\/\/www.psymind.it\/<\/td>\n<\/tr>\n<tr>\n<td width=\"326\">\u00a0<a href=\"https:\/\/lab-ncs.com\/wp-content\/uploads\/2015\/08\/cirri.jpg\"><img loading=\"lazy\" class=\" wp-image-8118 alignleft\" src=\"https:\/\/lab-ncs.com\/wp-content\/uploads\/2015\/08\/cirri-300x150.jpg\" alt=\"cirri\" width=\"332\" height=\"166\" srcset=\"https:\/\/lab-ncs.com\/wp-content\/uploads\/2015\/08\/cirri-300x150.jpg 300w, https:\/\/lab-ncs.com\/wp-content\/uploads\/2015\/08\/cirri-615x308.jpg 615w, https:\/\/lab-ncs.com\/wp-content\/uploads\/2015\/08\/cirri-150x75.jpg 150w, https:\/\/lab-ncs.com\/wp-content\/uploads\/2015\/08\/cirri-600x300.jpg 600w, https:\/\/lab-ncs.com\/wp-content\/uploads\/2015\/08\/cirri.jpg 945w\" sizes=\"(max-width: 332px) 85vw, 332px\" \/><\/a><\/td>\n<td width=\"326\"><span style=\"color: #4b5658;\"><span style=\"font-family: 'Source Sans Pro', sans-serif;\"><span style=\"font-size: large;\">La empresa de abogados Lorenzo Cirri ofrece un excelente servicio en materia de derecho de familia y derecho laboral en la ciudad de Florencia. <\/span><\/span><\/span><span style=\"color: #4b5658;\"><span style=\"font-family: 'Source Sans Pro', sans-serif;\"><span style=\"font-size: large;\">NeuroComScience ha desarrollado una colaboraci\u00f3n con la empresa donde tambi\u00e9n se lleva a cabo el entrenamiento avanzado de t\u00e9cnicas de an\u00e1lisis del comportamiento no verbal.<\/span><\/span><\/span><\/p>\n<p>www.avvocatofirenze.it<\/td>\n<\/tr>\n<tr>\n<td width=\"326\"><\/td>\n<td width=\"326\"><\/td>\n<\/tr>\n<\/tbody>\n<\/table>\n<p>&nbsp;<\/p>\n<p>LINK INTERESSANTI<\/p>\n<table>\n<tbody>\n<tr>\n<td width=\"326\"><a href=\"http:\/\/www.psicologi-psicoterapeuti.it\/\" target=\"_blank\" rel=\"noopener\">\u00a0http:\/\/www.psicologi-psicoterapeuti.it\/<\/a><\/td>\n<td width=\"326\"><span style=\"color: #4b5658;\"><span style=\"font-family: 'Source Sans Pro', sans-serif;\"><span style=\"font-size: large;\">Es un sitio con una extensa lista de psic\u00f3logos psicoterapeutas, m\u00e9dicos psicoterapeutas, psiquiatras y psicoanalistas, que tienen licencia para practicar la psicoterapia por Ordenes de pertenencia.<\/span><\/span><\/span><\/td>\n<\/tr>\n<tr>\n<td width=\"326\">\u00a0<a href=\"http:\/\/www.cenaf.it\/\">http:\/\/www.cenaf.it\/<\/a><a href=\"https:\/\/lab-ncs.com\/wp-content\/uploads\/2015\/08\/11.jpg\"><img loading=\"lazy\" class=\"alignnone wp-image-8212\" src=\"https:\/\/lab-ncs.com\/wp-content\/uploads\/2015\/08\/11-300x150.jpg\" alt=\"1\" width=\"206\" height=\"103\" srcset=\"https:\/\/lab-ncs.com\/wp-content\/uploads\/2015\/08\/11.jpg 300w, https:\/\/lab-ncs.com\/wp-content\/uploads\/2015\/08\/11-150x75.jpg 150w\" sizes=\"(max-width: 206px) 85vw, 206px\" \/><\/a><\/td>\n<td width=\"326\"><span style=\"color: #4b5658;\"><span style=\"font-family: 'Source Sans Pro', sans-serif;\"><span style=\"font-size: large;\">El CENAF, Centro Nacional de Educaci\u00f3n Superior, organiza cursos de formaci\u00f3n sobre temas relacionados con la mediaci\u00f3n familiar, la psicodin\u00e1mica de las relaciones familiares, la psicolog\u00eda social, psicolog\u00eda jur\u00eddica, <\/span><\/span><\/span><span style=\"color: #4b5658;\"><span style=\"font-family: 'Source Sans Pro', sans-serif;\"><span style=\"font-size: large;\"> psicolog\u00eda de la educaci\u00f3n, sociolog\u00eda de la familia, psicolog\u00eda de la educaci\u00f3n y psicolog\u00eda del desarrollo<\/span><\/span><\/span><\/td>\n<\/tr>\n<tr>\n<td width=\"326\">\u00a0<a href=\"http:\/\/www.psicologofeltre.it\">http:\/\/www.psicologofeltre.it<\/a><\/td>\n<td width=\"326\"><span style=\"color: #4b5658;\"><span style=\"font-family: 'Source Sans Pro', sans-serif;\"><span style=\"font-size: large;\">Empresa de la Psicolog\u00eda y Psicoterapia Dra Gilla Comiotto propone servicios de psicoterapia , asesor\u00eda y apoyo psicol\u00f3gico dirigido a la persona, la pareja, la familia, en diferentes tipos de malestar, problemas o dificultades.<\/span><\/span><\/span><\/td>\n<\/tr>\n<tr>\n<td width=\"326\">\u00a0<a class=\"\" href=\"http:\/\/www.psicologidelbenessere.it\/\" target=\"_blank\" rel=\"noopener noreferrer\">www.psicologidelbenessere.it<\/a><a href=\"https:\/\/lab-ncs.com\/wp-content\/uploads\/2015\/08\/1.png\"><img loading=\"lazy\" class=\"alignnone wp-image-8188\" src=\"https:\/\/lab-ncs.com\/wp-content\/uploads\/2015\/08\/1-300x69.png\" alt=\"1\" width=\"191\" height=\"44\" srcset=\"https:\/\/lab-ncs.com\/wp-content\/uploads\/2015\/08\/1.png 300w, https:\/\/lab-ncs.com\/wp-content\/uploads\/2015\/08\/1-150x35.png 150w\" sizes=\"(max-width: 191px) 85vw, 191px\" \/><\/a><\/td>\n<td width=\"326\"><span style=\"color: #4b5658;\"><span style=\"font-family: 'Source Sans Pro', sans-serif;\"><span style=\"font-size: large;\">PsicologiDelBenessere es un grupo de psic\u00f3logos ubicados en la regi\u00f3n de Lombard\u00eda, que opera principalmente en el campo cl\u00ednico y legal.<\/span><\/span><\/span><\/td>\n<\/tr>\n<tr>\n<td width=\"326\">\u00a0www.mentesport.net<br \/>\n<a href=\"https:\/\/lab-ncs.com\/wp-content\/uploads\/2015\/08\/mente-e-sport.png\"><img loading=\"lazy\" class=\"alignnone wp-image-8229\" src=\"https:\/\/lab-ncs.com\/wp-content\/uploads\/2015\/08\/mente-e-sport-300x118.png\" alt=\"mente e sport\" width=\"181\" height=\"71\" srcset=\"https:\/\/lab-ncs.com\/wp-content\/uploads\/2015\/08\/mente-e-sport-300x118.png 300w, https:\/\/lab-ncs.com\/wp-content\/uploads\/2015\/08\/mente-e-sport-615x242.png 615w, https:\/\/lab-ncs.com\/wp-content\/uploads\/2015\/08\/mente-e-sport-150x59.png 150w, https:\/\/lab-ncs.com\/wp-content\/uploads\/2015\/08\/mente-e-sport-600x236.png 600w, https:\/\/lab-ncs.com\/wp-content\/uploads\/2015\/08\/mente-e-sport.png 798w\" sizes=\"(max-width: 181px) 85vw, 181px\" \/><\/a><\/td>\n<td width=\"326\"><span style=\"color: #4b5658;\"><span style=\"font-family: 'Source Sans Pro', sans-serif;\"><span style=\"font-size: large;\">Mente &amp; Sport ofrece rutas para atletas, el equipo, entrenadores, gerentes, padres, dise\u00f1adas de acuerdo con los roles que desempe\u00f1an y la din\u00e1mica psicol\u00f3gica que las caracterizan.<\/span><\/span><\/span><\/td>\n<\/tr>\n<tr>\n<td width=\"326\"><\/td>\n<td width=\"326\"><\/td>\n<\/tr>\n<tr>\n<td width=\"326\"><\/td>\n<td width=\"326\"><\/td>\n<\/tr>\n<tr>\n<td width=\"326\"><\/td>\n<td width=\"326\"><\/td>\n<\/tr>\n<\/tbody>\n<\/table>\n","protected":false},"excerpt":{"rendered":"<p>\u00a0 NeuroComScience tiene un convenio con la Universidad de Trieste, en particular con el Departamento de Ciencias de la Vida. &#8220;Apoyo a los activos humanos en investigaci\u00f3n y movilidad&#8221;. El objetivo de la colaboraci\u00f3n es el desarrollo conjunto de proyectos de investigaci\u00f3n experimental. NeuroComScience proporciona a los estudiantes experiencias pr\u00e1cticas en el laboratorio y colaboraci\u00f3n &hellip; <a href=\"https:\/\/lab-ncs.com\/es\/convenciones\/\" class=\"more-link\">Continue reading<span class=\"screen-reader-text\"> &#8220;Convenciones&#8221;<\/span><\/a><\/p>\n","protected":false},"author":2,"featured_media":18961,"parent":0,"menu_order":0,"comment_status":"closed","ping_status":"closed","template":"","meta":{"om_disable_all_campaigns":false,"_mi_skip_tracking":false},"aioseo_notices":[],"yoast_head":"<!-- This site is optimized with the Yoast SEO plugin v18.6 - https:\/\/yoast.com\/wordpress\/plugins\/seo\/ -->\n<title>Convenciones - NeuroComScience, Laboratorio di analisi comportamentale - Comunicazione non verbale.<\/title>\n<meta name=\"robots\" content=\"index, follow, max-snippet:-1, max-image-preview:large, max-video-preview:-1\" \/>\n<link rel=\"canonical\" href=\"https:\/\/lab-ncs.com\/es\/convenciones\/\" \/>\n<meta property=\"og:locale\" content=\"es_ES\" \/>\n<meta property=\"og:type\" content=\"article\" \/>\n<meta property=\"og:title\" content=\"Convenciones - NeuroComScience, Laboratorio di analisi comportamentale - Comunicazione non verbale.\" \/>\n<meta property=\"og:description\" content=\"\u00a0 NeuroComScience tiene un convenio con la Universidad de Trieste, en particular con el Departamento de Ciencias de la Vida. &#8220;Apoyo a los activos humanos en investigaci\u00f3n y movilidad&#8221;. El objetivo de la colaboraci\u00f3n es el desarrollo conjunto de proyectos de investigaci\u00f3n experimental. NeuroComScience proporciona a los estudiantes experiencias pr\u00e1cticas en el laboratorio y colaboraci\u00f3n &hellip; Continue reading &quot;Convenciones&quot;\" \/>\n<meta property=\"og:url\" content=\"https:\/\/lab-ncs.com\/es\/convenciones\/\" \/>\n<meta property=\"og:site_name\" content=\"NeuroComScience, Laboratorio di analisi comportamentale - Comunicazione non verbale.\" \/>\n<meta property=\"article:modified_time\" content=\"2018-03-12T09:07:51+00:00\" \/>\n<meta property=\"og:image\" content=\"https:\/\/lab-ncs.com\/wp-content\/uploads\/2013\/11\/personale.png\" \/>\n\t<meta property=\"og:image:width\" content=\"300\" \/>\n\t<meta property=\"og:image:height\" content=\"100\" \/>\n\t<meta property=\"og:image:type\" content=\"image\/png\" \/>\n<meta name=\"twitter:label1\" content=\"Tiempo de lectura\" \/>\n\t<meta name=\"twitter:data1\" content=\"2 minutos\" \/>\n<script type=\"application\/ld+json\" class=\"yoast-schema-graph\">{\"@context\":\"https:\/\/schema.org\",\"@graph\":[{\"@type\":\"WebSite\",\"@id\":\"https:\/\/lab-ncs.com\/#website\",\"url\":\"https:\/\/lab-ncs.com\/\",\"name\":\"NeuroComScience, Laboratorio di analisi comportamentale - Comunicazione non verbale.\",\"description\":\"Analisi delle espressioni facciali\",\"potentialAction\":[{\"@type\":\"SearchAction\",\"target\":{\"@type\":\"EntryPoint\",\"urlTemplate\":\"https:\/\/lab-ncs.com\/?s={search_term_string}\"},\"query-input\":\"required name=search_term_string\"}],\"inLanguage\":\"es\"},{\"@type\":\"ImageObject\",\"@id\":\"https:\/\/lab-ncs.com\/es\/convenciones\/#primaryimage\",\"inLanguage\":\"es\",\"url\":\"https:\/\/lab-ncs.com\/wp-content\/uploads\/2013\/11\/personale.png\",\"contentUrl\":\"https:\/\/lab-ncs.com\/wp-content\/uploads\/2013\/11\/personale.png\",\"width\":300,\"height\":100},{\"@type\":\"WebPage\",\"@id\":\"https:\/\/lab-ncs.com\/es\/convenciones\/#webpage\",\"url\":\"https:\/\/lab-ncs.com\/es\/convenciones\/\",\"name\":\"Convenciones - NeuroComScience, Laboratorio di analisi comportamentale - Comunicazione non verbale.\",\"isPartOf\":{\"@id\":\"https:\/\/lab-ncs.com\/#website\"},\"primaryImageOfPage\":{\"@id\":\"https:\/\/lab-ncs.com\/es\/convenciones\/#primaryimage\"},\"datePublished\":\"2018-02-21T11:01:40+00:00\",\"dateModified\":\"2018-03-12T09:07:51+00:00\",\"breadcrumb\":{\"@id\":\"https:\/\/lab-ncs.com\/es\/convenciones\/#breadcrumb\"},\"inLanguage\":\"es\",\"potentialAction\":[{\"@type\":\"ReadAction\",\"target\":[\"https:\/\/lab-ncs.com\/es\/convenciones\/\"]}]},{\"@type\":\"BreadcrumbList\",\"@id\":\"https:\/\/lab-ncs.com\/es\/convenciones\/#breadcrumb\",\"itemListElement\":[{\"@type\":\"ListItem\",\"position\":1,\"name\":\"Home\",\"item\":\"https:\/\/lab-ncs.com\/es\/\"},{\"@type\":\"ListItem\",\"position\":2,\"name\":\"Convenciones\"}]}]}<\/script>\n<!-- \/ Yoast SEO plugin. -->","yoast_head_json":{"title":"Convenciones - NeuroComScience, Laboratorio di analisi comportamentale - Comunicazione non verbale.","robots":{"index":"index","follow":"follow","max-snippet":"max-snippet:-1","max-image-preview":"max-image-preview:large","max-video-preview":"max-video-preview:-1"},"canonical":"https:\/\/lab-ncs.com\/es\/convenciones\/","og_locale":"es_ES","og_type":"article","og_title":"Convenciones - NeuroComScience, Laboratorio di analisi comportamentale - Comunicazione non verbale.","og_description":"\u00a0 NeuroComScience tiene un convenio con la Universidad de Trieste, en particular con el Departamento de Ciencias de la Vida. &#8220;Apoyo a los activos humanos en investigaci\u00f3n y movilidad&#8221;. El objetivo de la colaboraci\u00f3n es el desarrollo conjunto de proyectos de investigaci\u00f3n experimental. NeuroComScience proporciona a los estudiantes experiencias pr\u00e1cticas en el laboratorio y colaboraci\u00f3n &hellip; Continue reading \"Convenciones\"","og_url":"https:\/\/lab-ncs.com\/es\/convenciones\/","og_site_name":"NeuroComScience, Laboratorio di analisi comportamentale - Comunicazione non verbale.","article_modified_time":"2018-03-12T09:07:51+00:00","og_image":[{"width":300,"height":100,"url":"https:\/\/lab-ncs.com\/wp-content\/uploads\/2013\/11\/personale.png","type":"image\/png"}],"twitter_misc":{"Tiempo de lectura":"2 minutos"},"schema":{"@context":"https:\/\/schema.org","@graph":[{"@type":"WebSite","@id":"https:\/\/lab-ncs.com\/#website","url":"https:\/\/lab-ncs.com\/","name":"NeuroComScience, Laboratorio di analisi comportamentale - Comunicazione non verbale.","description":"Analisi delle espressioni facciali","potentialAction":[{"@type":"SearchAction","target":{"@type":"EntryPoint","urlTemplate":"https:\/\/lab-ncs.com\/?s={search_term_string}"},"query-input":"required name=search_term_string"}],"inLanguage":"es"},{"@type":"ImageObject","@id":"https:\/\/lab-ncs.com\/es\/convenciones\/#primaryimage","inLanguage":"es","url":"https:\/\/lab-ncs.com\/wp-content\/uploads\/2013\/11\/personale.png","contentUrl":"https:\/\/lab-ncs.com\/wp-content\/uploads\/2013\/11\/personale.png","width":300,"height":100},{"@type":"WebPage","@id":"https:\/\/lab-ncs.com\/es\/convenciones\/#webpage","url":"https:\/\/lab-ncs.com\/es\/convenciones\/","name":"Convenciones - NeuroComScience, Laboratorio di analisi comportamentale - Comunicazione non verbale.","isPartOf":{"@id":"https:\/\/lab-ncs.com\/#website"},"primaryImageOfPage":{"@id":"https:\/\/lab-ncs.com\/es\/convenciones\/#primaryimage"},"datePublished":"2018-02-21T11:01:40+00:00","dateModified":"2018-03-12T09:07:51+00:00","breadcrumb":{"@id":"https:\/\/lab-ncs.com\/es\/convenciones\/#breadcrumb"},"inLanguage":"es","potentialAction":[{"@type":"ReadAction","target":["https:\/\/lab-ncs.com\/es\/convenciones\/"]}]},{"@type":"BreadcrumbList","@id":"https:\/\/lab-ncs.com\/es\/convenciones\/#breadcrumb","itemListElement":[{"@type":"ListItem","position":1,"name":"Home","item":"https:\/\/lab-ncs.com\/es\/"},{"@type":"ListItem","position":2,"name":"Convenciones"}]}]}},"_links":{"self":[{"href":"https:\/\/lab-ncs.com\/es\/wp-json\/wp\/v2\/pages\/18951"}],"collection":[{"href":"https:\/\/lab-ncs.com\/es\/wp-json\/wp\/v2\/pages"}],"about":[{"href":"https:\/\/lab-ncs.com\/es\/wp-json\/wp\/v2\/types\/page"}],"author":[{"embeddable":true,"href":"https:\/\/lab-ncs.com\/es\/wp-json\/wp\/v2\/users\/2"}],"replies":[{"embeddable":true,"href":"https:\/\/lab-ncs.com\/es\/wp-json\/wp\/v2\/comments?post=18951"}],"version-history":[{"count":2,"href":"https:\/\/lab-ncs.com\/es\/wp-json\/wp\/v2\/pages\/18951\/revisions"}],"predecessor-version":[{"id":19566,"href":"https:\/\/lab-ncs.com\/es\/wp-json\/wp\/v2\/pages\/18951\/revisions\/19566"}],"wp:featuredmedia":[{"embeddable":true,"href":"https:\/\/lab-ncs.com\/es\/wp-json\/wp\/v2\/media\/18961"}],"wp:attachment":[{"href":"https:\/\/lab-ncs.com\/es\/wp-json\/wp\/v2\/media?parent=18951"}],"curies":[{"name":"wp","href":"https:\/\/api.w.org\/{rel}","templated":true}]}}