{"id":18924,"date":"2018-02-20T15:07:32","date_gmt":"2018-02-20T15:07:32","guid":{"rendered":"https:\/\/lab-ncs.com\/master\/"},"modified":"2023-04-16T11:07:17","modified_gmt":"2023-04-16T09:07:17","slug":"master-2","status":"publish","type":"page","link":"https:\/\/lab-ncs.com\/es\/master-2\/","title":{"rendered":"M\u00e1ster"},"content":{"rendered":"<p>[vc_row][vc_column][vc_column_text]<header class=\"icon-heading\"><span class=\"section-header-icon icon icon-graduation-cap\"><\/span><h2>M\u00e1ster en an\u00e1lisis cient\u00edfico de la conducta no verbal<span><\/span><\/h2><\/header><\/p>\n<div class=\"col\">\n<p class=\"lead\">Un programa de formaci\u00f3n de postgrado que ofrece al participante herramientas profesionales para el an\u00e1lisis no verbal. El diplomado del M\u00e1ster es capaz de utilizar m\u00e9todos y t\u00e9cnicas cient\u00edficas para analizar el comportamiento no verbal en v\u00eddeos y en la observaci\u00f3n directa. Extrapola el significado de las expresiones faciales, el comportamiento gestual y de la voz. Es capaz de aplicar las t\u00e9cnicas en \u00e1reas espec\u00edficas, tales como el sector empresarial (recursos humanos, selecci\u00f3n de personal, evaluaci\u00f3n, coaching, neuromarketing), forense (de investigaci\u00f3n), problemas educativos y cl\u00ednicos (relacional y del comportamiento en adolescentes, ni\u00f1o, adultos, y en el autismo).<\/p>\n<h3>Articulaci\u00f3n de la formaci\u00f3n<\/h3>\n<ul>\n<li>5 m\u00f3dulos de ense\u00f1anza en el aula: 4 de formaci\u00f3n de 2 d\u00edas cada uno (64 horas) y una clase magistral con profesores de renombre mundial (8 horas)<\/li>\n<li>Pr\u00e1ctica, supervisi\u00f3n, formaci\u00f3n en l\u00ednea (40 horas)<\/li>\n<li>Preparaci\u00f3n del trabajo final, trabajo individual (20 horas)<\/li>\n<li>Ex\u00e1menes de certificaci\u00f3n para los m\u00e9todos t\u00e9cnicos y anal\u00edticos durante la formaci\u00f3n en aula<\/li>\n<\/ul>\n<div class=\"row\">\n<div class=\"item item-gutter\">\n<h3>M\u00f3dulo 1 (2 d\u00edas, 16 horas)<\/h3>\n<ul>\n<li>T\u00e9cnicas y m\u00e9todos de an\u00e1lisis de las expresiones faciales<\/li>\n<li>Objetivos: El participante ser\u00e1 capaz de aplicar las t\u00e9cnicas de codificaci\u00f3n facial.<\/li>\n<li>Examen de t\u00e9cnicas de an\u00e1lisis facial, que se llevar\u00e1 a cabo en las \u00faltimas horas del curso<\/li>\n<\/ul>\n<\/div>\n<\/div>\n<div class=\"row\">\n<div class=\"item item-gutter\">\n<h3>M\u00f3dulo 2 (2 d\u00edas, 16 horas)<\/h3>\n<ul>\n<li>An\u00e1lisis de sistemas de comportamiento gestual<\/li>\n<li>Objetivos: El participante ser\u00e1 capaz de integrar la lectura de la cara y el cuerpo. Ser\u00e1 capaz de analizar el comportamiento gestual con t\u00e9cnicas profesionales.<\/li>\n<li>EXAMEN\u00a0 uso de t\u00e9cnicas de an\u00e1lisis del aparato gestual<\/li>\n<\/ul>\n<h3>M\u00f3dulo 3 (2 d\u00edas, 16 horas)<\/h3>\n<ul>\n<li>Procedimientos de an\u00e1lisis de v\u00eddeo y observaci\u00f3n directa<\/li>\n<li>Objetivos: curso intensivo el participante aprender\u00e1 las herramientas de an\u00e1lisis de v\u00eddeo y las directrices para la observaci\u00f3n directa.<\/li>\n<\/ul>\n<h3>M\u00f3dulo 4 (2 d\u00edas, 16 horas)<\/h3>\n<ul>\n<li>Procedimientos de observaci\u00f3n directa y aplicaciones avanzadas en sectores espec\u00edficos<\/li>\n<li>Objetivos: El participante ser\u00e1 capaz de aplicar t\u00e9cnicas avanzadas aplicadas en un sector espec\u00edfico: investigaci\u00f3n, cl\u00ednica y educaci\u00f3n.<\/li>\n<li>EXAMEN sobre el uso de t\u00e9cnicas de observaci\u00f3n directa del comportamiento no verbal<\/li>\n<\/ul>\n<h3>M\u00f3dulo 5 (1 d\u00eda, 8 horas)<\/h3>\n<ul>\n<li>Conferencia con uno de los expertos mundiales<\/li>\n<li>Objetivos: permitir al participante conocer y relacionarse con expertos internacionales.<\/li>\n<\/ul>\n<h3><\/h3>\n<\/div>\n<\/div>\n<header class=\"icon-heading\"><span class=\"section-header-icon icon icon-list\"><\/span><h2>Caracter\u00edsticas<span><\/span><\/h2><\/header>\n<h3>Certificaciones<\/h3>\n<p>Durante los 4 entrenamientos en el aula se llevar\u00e1n a cabo pruebas para certificar la competencia de la utilizaci\u00f3n de t\u00e9cnicas cient\u00edficas de an\u00e1lisis no verbal.<\/p>\n<h3>Cursos de formaci\u00f3n en peque\u00f1os grupos<\/h3>\n<p>Cada participante ser\u00e1 seguido constantemente por la creaci\u00f3n de peque\u00f1os grupos de formaci\u00f3n de los m\u00f3dulos de ense\u00f1anza.<\/p>\n<h3>Ejercicios pr\u00e1cticos de an\u00e1lisis<\/h3>\n<p>Adem\u00e1s de numerosos ejercicios pr\u00e1cticos que tienen lugar durante los m\u00f3dulos de aprendizaje, los estudiantes pueden participar en ejercicios mensuales supervisados para mejorar y automatizar el an\u00e1lisis. Tambi\u00e9n tienen libre acceso a tutoriales en l\u00ednea, un gran n\u00famero de v\u00eddeos, fotos codificados y decodificados por analistas expertos.<\/p>\n<h3>Supervisi\u00f3n<\/h3>\n<p>El participante tendr\u00e1 unos tutores por los diferentes aspectos de ense\u00f1anza y las cuestiones relativas al estudio y a su experiencia en la pr\u00e1ctica de del anal\u00edsis.<\/p>\n<h3>Profesores<\/h3>\n<p>Analistas comportamentales altamente especializados en el an\u00e1lisis de las t\u00e9cnicas verbales y no verbales. Aplican diariamente las t\u00e9cnicas, m\u00e9todos y herramientas. Ellos han formado con \u00e9xito a miles de personas. Ve el curriculum de los profesores en la p\u00e1gina\u00a0<a href=\"https:\/\/lab-ncs.com\/es\/el-equipo-de-ncs\/\" target=\"_blank\" rel=\"noopener\">Sobre Nosotros<\/a><\/p>\n<h3><\/h3>\n<header class=\"icon-heading\"><span class=\"section-header-icon icon icon-price-ribbon\"><\/span><h2>Garant\u00eda<span><\/span><\/h2><\/header>\n<p class=\"lead\">Garantizamos el aprendizaje del individuo que al final del curso tendr\u00e1 una preparaci\u00f3n en t\u00e9cnicas y m\u00e9todos. El diplomado ser\u00e1 capaz de trabajar con el material v\u00eddeo y con la observaci\u00f3n directa y reconocer el significado de las expresiones faciales, del comportamiento gestual y de voz. Utilizar\u00e1 m\u00e9todos y herramientas cient\u00edficas y soportes inform\u00e1ticos para el an\u00e1lisis.<\/p>\n<h3>LUGAR<\/h3>\n<p>Los lugares:<\/p>\n<p>ITALIA<br \/>\nNORTE: Trieste, Udine, Padova, Trento, Milano, Torino, Bologna<br \/>\nCENTRO: Firenze, Roma, Perugia, Ancona<br \/>\nSUR: \u00a0Napoli, Bari, Enna (Palermo o Catania)<\/p>\n<p>B\u00c9LGICA: Bruselas<\/p>\n<p>FRANCIA: Par\u00eds<\/p>\n<p>SUIZA: Lugano<\/p>\n<\/div>\n<h3>FECHAS<\/h3>\n<p>Para el calendario de la formaci\u00f3n en aula en el lugar de inter\u00e9s para el a\u00f1o 2017, <a href=\"mailto:segreteria@lab-ncs.com\" target=\"_blank\" rel=\"noopener\">escr\u00edbenos<\/a>\u00a0. Vamos a responder de inmediato enviando la programaci\u00f3n de m\u00f3dulos y ayud\u00e1ndote para que puedes lograr tus objetivos. Deja tu n\u00famero de tel\u00e9fono para una asistencia a\u00fan m\u00e1s eficiente.[\/vc_column_text][\/vc_column][\/vc_row]<\/p>\n","protected":false},"excerpt":{"rendered":"<p>[vc_row][vc_column][vc_column_text] Un programa de formaci\u00f3n de postgrado que ofrece al participante herramientas profesionales para el an\u00e1lisis no verbal. El diplomado del M\u00e1ster es capaz de utilizar m\u00e9todos y t\u00e9cnicas cient\u00edficas para analizar el comportamiento no verbal en v\u00eddeos y en la observaci\u00f3n directa. Extrapola el significado de las expresiones faciales, el comportamiento gestual y de &hellip; <a href=\"https:\/\/lab-ncs.com\/es\/master-2\/\" class=\"more-link\">Continue reading<span class=\"screen-reader-text\"> &#8220;M\u00e1ster&#8221;<\/span><\/a><\/p>\n","protected":false},"author":2,"featured_media":0,"parent":0,"menu_order":0,"comment_status":"closed","ping_status":"closed","template":"page-templates\/page-right-sidebar.php","meta":{"om_disable_all_campaigns":false},"aioseo_notices":[],"yoast_head":"<!-- This site is optimized with the Yoast SEO plugin v18.6 - https:\/\/yoast.com\/wordpress\/plugins\/seo\/ -->\n<title>M\u00e1ster NeuroComScience<\/title>\n<meta name=\"robots\" content=\"index, follow, max-snippet:-1, max-image-preview:large, max-video-preview:-1\" \/>\n<link rel=\"canonical\" href=\"https:\/\/lab-ncs.com\/es\/master-2\/\" \/>\n<meta property=\"og:locale\" content=\"es_ES\" \/>\n<meta property=\"og:type\" content=\"article\" \/>\n<meta property=\"og:title\" content=\"M\u00e1ster NeuroComScience\" \/>\n<meta property=\"og:description\" content=\"[vc_row][vc_column][vc_column_text] Un programa de formaci\u00f3n de postgrado que ofrece al participante herramientas profesionales para el an\u00e1lisis no verbal. El diplomado del M\u00e1ster es capaz de utilizar m\u00e9todos y t\u00e9cnicas cient\u00edficas para analizar el comportamiento no verbal en v\u00eddeos y en la observaci\u00f3n directa. Extrapola el significado de las expresiones faciales, el comportamiento gestual y de &hellip; Continue reading &quot;M\u00e1ster&quot;\" \/>\n<meta property=\"og:url\" content=\"https:\/\/lab-ncs.com\/es\/master-2\/\" \/>\n<meta property=\"og:site_name\" content=\"NeuroComScience, Laboratorio di analisi comportamentale - Comunicazione non verbale.\" \/>\n<meta property=\"article:modified_time\" content=\"2023-04-16T09:07:17+00:00\" \/>\n<meta name=\"twitter:label1\" content=\"Tiempo de lectura\" \/>\n\t<meta name=\"twitter:data1\" content=\"4 minutos\" \/>\n<script type=\"application\/ld+json\" class=\"yoast-schema-graph\">{\"@context\":\"https:\/\/schema.org\",\"@graph\":[{\"@type\":\"WebSite\",\"@id\":\"https:\/\/lab-ncs.com\/#website\",\"url\":\"https:\/\/lab-ncs.com\/\",\"name\":\"NeuroComScience, Laboratorio di analisi comportamentale - Comunicazione non verbale.\",\"description\":\"Analisi delle espressioni facciali\",\"potentialAction\":[{\"@type\":\"SearchAction\",\"target\":{\"@type\":\"EntryPoint\",\"urlTemplate\":\"https:\/\/lab-ncs.com\/?s={search_term_string}\"},\"query-input\":\"required name=search_term_string\"}],\"inLanguage\":\"es\"},{\"@type\":\"WebPage\",\"@id\":\"https:\/\/lab-ncs.com\/es\/master-2\/#webpage\",\"url\":\"https:\/\/lab-ncs.com\/es\/master-2\/\",\"name\":\"M\u00e1ster NeuroComScience\",\"isPartOf\":{\"@id\":\"https:\/\/lab-ncs.com\/#website\"},\"datePublished\":\"2018-02-20T15:07:32+00:00\",\"dateModified\":\"2023-04-16T09:07:17+00:00\",\"breadcrumb\":{\"@id\":\"https:\/\/lab-ncs.com\/es\/master-2\/#breadcrumb\"},\"inLanguage\":\"es\",\"potentialAction\":[{\"@type\":\"ReadAction\",\"target\":[\"https:\/\/lab-ncs.com\/es\/master-2\/\"]}]},{\"@type\":\"BreadcrumbList\",\"@id\":\"https:\/\/lab-ncs.com\/es\/master-2\/#breadcrumb\",\"itemListElement\":[{\"@type\":\"ListItem\",\"position\":1,\"name\":\"Home\",\"item\":\"https:\/\/lab-ncs.com\/es\/\"},{\"@type\":\"ListItem\",\"position\":2,\"name\":\"M\u00e1ster\"}]}]}<\/script>\n<!-- \/ Yoast SEO plugin. -->","yoast_head_json":{"title":"M\u00e1ster NeuroComScience","robots":{"index":"index","follow":"follow","max-snippet":"max-snippet:-1","max-image-preview":"max-image-preview:large","max-video-preview":"max-video-preview:-1"},"canonical":"https:\/\/lab-ncs.com\/es\/master-2\/","og_locale":"es_ES","og_type":"article","og_title":"M\u00e1ster NeuroComScience","og_description":"[vc_row][vc_column][vc_column_text] Un programa de formaci\u00f3n de postgrado que ofrece al participante herramientas profesionales para el an\u00e1lisis no verbal. El diplomado del M\u00e1ster es capaz de utilizar m\u00e9todos y t\u00e9cnicas cient\u00edficas para analizar el comportamiento no verbal en v\u00eddeos y en la observaci\u00f3n directa. Extrapola el significado de las expresiones faciales, el comportamiento gestual y de &hellip; Continue reading \"M\u00e1ster\"","og_url":"https:\/\/lab-ncs.com\/es\/master-2\/","og_site_name":"NeuroComScience, Laboratorio di analisi comportamentale - Comunicazione non verbale.","article_modified_time":"2023-04-16T09:07:17+00:00","twitter_misc":{"Tiempo de lectura":"4 minutos"},"schema":{"@context":"https:\/\/schema.org","@graph":[{"@type":"WebSite","@id":"https:\/\/lab-ncs.com\/#website","url":"https:\/\/lab-ncs.com\/","name":"NeuroComScience, Laboratorio di analisi comportamentale - Comunicazione non verbale.","description":"Analisi delle espressioni facciali","potentialAction":[{"@type":"SearchAction","target":{"@type":"EntryPoint","urlTemplate":"https:\/\/lab-ncs.com\/?s={search_term_string}"},"query-input":"required name=search_term_string"}],"inLanguage":"es"},{"@type":"WebPage","@id":"https:\/\/lab-ncs.com\/es\/master-2\/#webpage","url":"https:\/\/lab-ncs.com\/es\/master-2\/","name":"M\u00e1ster NeuroComScience","isPartOf":{"@id":"https:\/\/lab-ncs.com\/#website"},"datePublished":"2018-02-20T15:07:32+00:00","dateModified":"2023-04-16T09:07:17+00:00","breadcrumb":{"@id":"https:\/\/lab-ncs.com\/es\/master-2\/#breadcrumb"},"inLanguage":"es","potentialAction":[{"@type":"ReadAction","target":["https:\/\/lab-ncs.com\/es\/master-2\/"]}]},{"@type":"BreadcrumbList","@id":"https:\/\/lab-ncs.com\/es\/master-2\/#breadcrumb","itemListElement":[{"@type":"ListItem","position":1,"name":"Home","item":"https:\/\/lab-ncs.com\/es\/"},{"@type":"ListItem","position":2,"name":"M\u00e1ster"}]}]}},"_links":{"self":[{"href":"https:\/\/lab-ncs.com\/es\/wp-json\/wp\/v2\/pages\/18924"}],"collection":[{"href":"https:\/\/lab-ncs.com\/es\/wp-json\/wp\/v2\/pages"}],"about":[{"href":"https:\/\/lab-ncs.com\/es\/wp-json\/wp\/v2\/types\/page"}],"author":[{"embeddable":true,"href":"https:\/\/lab-ncs.com\/es\/wp-json\/wp\/v2\/users\/2"}],"replies":[{"embeddable":true,"href":"https:\/\/lab-ncs.com\/es\/wp-json\/wp\/v2\/comments?post=18924"}],"version-history":[{"count":3,"href":"https:\/\/lab-ncs.com\/es\/wp-json\/wp\/v2\/pages\/18924\/revisions"}],"predecessor-version":[{"id":25186,"href":"https:\/\/lab-ncs.com\/es\/wp-json\/wp\/v2\/pages\/18924\/revisions\/25186"}],"wp:attachment":[{"href":"https:\/\/lab-ncs.com\/es\/wp-json\/wp\/v2\/media?parent=18924"}],"curies":[{"name":"wp","href":"https:\/\/api.w.org\/{rel}","templated":true}]}}