{"id":18890,"date":"2018-02-20T12:15:31","date_gmt":"2018-02-20T12:15:31","guid":{"rendered":"https:\/\/lab-ncs.com\/el-equipo-de-ncs\/"},"modified":"2019-06-03T05:30:05","modified_gmt":"2019-06-03T05:30:05","slug":"el-equipo-de-ncs","status":"publish","type":"page","link":"https:\/\/lab-ncs.com\/es\/el-equipo-de-ncs\/","title":{"rendered":"El equipo de NCS"},"content":{"rendered":"<p>[vc_row][vc_column][vc_column_text]<header class=\"icon-heading\"><span class=\"section-header-icon icon icon-users\"><\/span><h2>El equipo de NCS<span><\/span><\/h2><\/header><\/p>\n<p class=\"lead\">NuroComScience es el centro de experiencia en la formaci\u00f3n de an\u00e1lisis de comportamiento e investigaci\u00f3n, especializado en la comunicaci\u00f3n no verbal. Importantes <strong>realidades corporativas e institucionales<\/strong> est\u00e1n recurriendo a NeuroComScience para aplicar m\u00e9todos y t\u00e9cnicas cient\u00edficas de interpretaci\u00f3n de la conducta humana y obtener beneficios en t\u00e9rminos de <strong>precisi\u00f3n, ahorrando tiempo y recursos<\/strong>.<\/p>\n<p class=\"lead\">NeuroComScience lleva a cabo la mayor\u00eda de las aplicaciones en los campos:<\/p>\n<ol>\n<li class=\"lead\"><strong>de la empresa<\/strong>: reclutamiento, motivaci\u00f3n de los empleados, la evaluaci\u00f3n del clima personal y de negocios, el liderazgo, el neuromarketing. Ejemplo de algunos clientes que han recurrido a NCS: Grupo G &#8211; ExsItalia (reclutamiento), de la Academia BCC (sector bancario), Doxa (investigaci\u00f3n de mercado), ARU (reclutamiento), Trelleborg (multinacional en el sector industrial), Autamarocchi (transporte)<\/li>\n<li class=\"lead\"><strong>Seguridad<\/strong>: detecci\u00f3n de conductas de riesgo para la seguridad; recuperaci\u00f3n de la informaci\u00f3n del comportamiento en las entrevistas de investigaci\u00f3n. Algunos clientes: polic\u00eda-Ministerio del Interior, Ej\u00e9rcito &#8211; Ministerio de Defensa<\/li>\n<li class=\"lead\"><strong>Educativa y cl\u00ednica<\/strong>: entrenamiento mental para ni\u00f1os con dificultades de relaci\u00f3n, con trastornos del espectro autista, los ni\u00f1os sin trastornos del desarrollo con bajo rendimiento escolar; entrenamiento mental para los padres.<\/li>\n<\/ol>\n<header class=\"icon-heading\"><span class=\"section-header-icon icon icon-light-bulb\"><\/span><h2>Poder, Conocimiento, Fuerza<span><\/span><\/h2><\/header>\n<p class=\"lead\">En 2013 NeuroComScience gan\u00f3 el <strong>primer premio<\/strong> por un proyecto de investigaci\u00f3n que se est\u00e1 realizando en TechnoArea y est\u00e1 financiado por el \u00c1rea de Investigaci\u00f3n de Trieste y C\u00e1mara de Comercio de Gorizia.<\/p>\n<p class=\"lead\"><strong>NCS<\/strong> realiza experimentos de alto nivel e investiga sus aplicaciones en el laboratorio que est\u00e1 equipado con una cabina de observaci\u00f3n, c\u00e1maras de video y diversos instrumentos que miden los cambios fisiol\u00f3gicos. Organiza consultas y entrenamientos. La organizaci\u00f3n est\u00e1 de acuerdo con la Universita Degli Studi di Trieste, el departamento de Estudios de Vida de la Universidad de Trieste para la investigaci\u00f3n experimental y est\u00e0 financiado por la beca de investigaci\u00f3n.<\/p>\n<header class=\"icon-heading\"><span class=\"section-header-icon icon icon-user\"><\/span><h2>El Director Ejecutivo de NeuroComScience<span><\/span><\/h2><\/header>\n<div class=\"col-to-row grid-1of4\" style=\"flex-wrap: nowrap;\">\n<div class=\"item item-gutter\"><img loading=\"lazy\" class=\"size-full wp-image-9602\" src=\"https:\/\/lab-ncs.com\/wp-content\/uploads\/2013\/11\/jasna-legisa-1.jpg\" alt=\"Jasna Legi\u0161a\" width=\"244\" height=\"244\" srcset=\"https:\/\/lab-ncs.com\/wp-content\/uploads\/2013\/11\/jasna-legisa-1.jpg 244w, https:\/\/lab-ncs.com\/wp-content\/uploads\/2013\/11\/jasna-legisa-1-100x100.jpg 100w, https:\/\/lab-ncs.com\/wp-content\/uploads\/2013\/11\/jasna-legisa-1-150x150.jpg 150w\" sizes=\"(max-width: 244px) 85vw, 244px\" \/><\/div>\n<div>\n<h3>Jasna Legi\u0161a<\/h3>\n<p><strong>Analista conductual en el sector corporativo e institucional<\/strong>, introduce algunas aplicaciones de t\u00e9cnicas cient\u00edficas de an\u00e1lisis del comportamiento no verbal que son utilizadas hoy por numerosos profesionales, empresas e instituciones. Realiza consultas en selecci\u00f3n de personal, evaluaci\u00f3n de empleados y motivaci\u00f3n para grandes empresas y empresas multinacionales.<\/p>\n<p><strong>Investigador<\/strong>: Contin\u00faa con la investigaci\u00f3n experimental dise\u00f1ando nuevas t\u00e9cnicas y metodolog\u00edas. Es autora de &#8220;Ti leggo in volto&#8221;, una primera publicaci\u00f3n dedicada al an\u00e1lisis del comportamiento no verbal en Italia. De 2000 a 2012 ha colaborado con el Departamento de Neurociencias del Centro de Investigaci\u00f3n Cient\u00edfica Nacional de Estrasburgo (CRNS).<\/p>\n<p><strong>Profesor Adjunto de la Universidad<\/strong>: Universidad de Trieste (2010-2013) Departamento de Ciencias M\u00e9dicas, Universidad de Salento (2015) Proyecto maestro KHIRA.<\/p>\n<p><strong>Formaci\u00f3n<\/strong>: Doctorado en medicina, especialidad en Comunicaci\u00f3n de la Universidad de Trieste, M\u00e1ster en psicolog\u00eda de la Universidad de Ljubljana, M\u00e1ster en Comunicaci\u00f3n de la Universidad de Trieste, Postgrado en an\u00e1lisis conductual con las principales autoridades en comportamiento no verbal.<\/p>\n<\/div>\n<\/div>\n<div class=\"col-to-row\">\n<div class=\"item item-gutter\"><\/div>\n<\/div>\n<p>&nbsp;<\/p>\n","protected":false},"excerpt":{"rendered":"<p>[vc_row][vc_column][vc_column_text] NuroComScience es el centro de experiencia en la formaci\u00f3n de an\u00e1lisis de comportamiento e investigaci\u00f3n, especializado en la comunicaci\u00f3n no verbal. Importantes realidades corporativas e institucionales est\u00e1n recurriendo a NeuroComScience para aplicar m\u00e9todos y t\u00e9cnicas cient\u00edficas de interpretaci\u00f3n de la conducta humana y obtener beneficios en t\u00e9rminos de precisi\u00f3n, ahorrando tiempo y recursos. NeuroComScience &hellip; <a href=\"https:\/\/lab-ncs.com\/es\/el-equipo-de-ncs\/\" class=\"more-link\">Continue reading<span class=\"screen-reader-text\"> &#8220;El equipo de NCS&#8221;<\/span><\/a><\/p>\n","protected":false},"author":1,"featured_media":0,"parent":0,"menu_order":0,"comment_status":"closed","ping_status":"closed","template":"page-templates\/page-right-sidebar.php","meta":{"om_disable_all_campaigns":false,"_mi_skip_tracking":false},"aioseo_notices":[],"yoast_head":"<!-- This site is optimized with the Yoast SEO plugin v18.6 - https:\/\/yoast.com\/wordpress\/plugins\/seo\/ -->\n<title>El equipo de NCS - NeuroComScience, Laboratorio di analisi comportamentale - Comunicazione non verbale.<\/title>\n<meta name=\"robots\" content=\"index, follow, max-snippet:-1, max-image-preview:large, max-video-preview:-1\" \/>\n<link rel=\"canonical\" href=\"https:\/\/lab-ncs.com\/es\/el-equipo-de-ncs\/\" \/>\n<meta property=\"og:locale\" content=\"es_ES\" \/>\n<meta property=\"og:type\" content=\"article\" \/>\n<meta property=\"og:title\" content=\"El equipo de NCS - NeuroComScience, Laboratorio di analisi comportamentale - Comunicazione non verbale.\" \/>\n<meta property=\"og:description\" content=\"[vc_row][vc_column][vc_column_text] NuroComScience es el centro de experiencia en la formaci\u00f3n de an\u00e1lisis de comportamiento e investigaci\u00f3n, especializado en la comunicaci\u00f3n no verbal. Importantes realidades corporativas e institucionales est\u00e1n recurriendo a NeuroComScience para aplicar m\u00e9todos y t\u00e9cnicas cient\u00edficas de interpretaci\u00f3n de la conducta humana y obtener beneficios en t\u00e9rminos de precisi\u00f3n, ahorrando tiempo y recursos. NeuroComScience &hellip; Continue reading &quot;El equipo de NCS&quot;\" \/>\n<meta property=\"og:url\" content=\"https:\/\/lab-ncs.com\/es\/el-equipo-de-ncs\/\" \/>\n<meta property=\"og:site_name\" content=\"NeuroComScience, Laboratorio di analisi comportamentale - Comunicazione non verbale.\" \/>\n<meta property=\"article:modified_time\" content=\"2019-06-03T05:30:05+00:00\" \/>\n<meta property=\"og:image\" content=\"https:\/\/lab-ncs.com\/wp-content\/uploads\/2013\/11\/jasna-legisa-1.jpg\" \/>\n<meta name=\"twitter:label1\" content=\"Tiempo de lectura\" \/>\n\t<meta name=\"twitter:data1\" content=\"3 minutos\" \/>\n<script type=\"application\/ld+json\" class=\"yoast-schema-graph\">{\"@context\":\"https:\/\/schema.org\",\"@graph\":[{\"@type\":\"WebSite\",\"@id\":\"https:\/\/lab-ncs.com\/#website\",\"url\":\"https:\/\/lab-ncs.com\/\",\"name\":\"NeuroComScience, Laboratorio di analisi comportamentale - Comunicazione non verbale.\",\"description\":\"Analisi delle espressioni facciali\",\"potentialAction\":[{\"@type\":\"SearchAction\",\"target\":{\"@type\":\"EntryPoint\",\"urlTemplate\":\"https:\/\/lab-ncs.com\/?s={search_term_string}\"},\"query-input\":\"required name=search_term_string\"}],\"inLanguage\":\"es\"},{\"@type\":\"ImageObject\",\"@id\":\"https:\/\/lab-ncs.com\/es\/el-equipo-de-ncs\/#primaryimage\",\"inLanguage\":\"es\",\"url\":\"https:\/\/lab-ncs.com\/wp-content\/uploads\/2013\/11\/jasna-legisa-1.jpg\",\"contentUrl\":\"https:\/\/lab-ncs.com\/wp-content\/uploads\/2013\/11\/jasna-legisa-1.jpg\",\"width\":244,\"height\":244,\"caption\":\"Jasna Legi\u0161a\"},{\"@type\":\"WebPage\",\"@id\":\"https:\/\/lab-ncs.com\/es\/el-equipo-de-ncs\/#webpage\",\"url\":\"https:\/\/lab-ncs.com\/es\/el-equipo-de-ncs\/\",\"name\":\"El equipo de NCS - NeuroComScience, Laboratorio di analisi comportamentale - Comunicazione non verbale.\",\"isPartOf\":{\"@id\":\"https:\/\/lab-ncs.com\/#website\"},\"primaryImageOfPage\":{\"@id\":\"https:\/\/lab-ncs.com\/es\/el-equipo-de-ncs\/#primaryimage\"},\"datePublished\":\"2018-02-20T12:15:31+00:00\",\"dateModified\":\"2019-06-03T05:30:05+00:00\",\"breadcrumb\":{\"@id\":\"https:\/\/lab-ncs.com\/es\/el-equipo-de-ncs\/#breadcrumb\"},\"inLanguage\":\"es\",\"potentialAction\":[{\"@type\":\"ReadAction\",\"target\":[\"https:\/\/lab-ncs.com\/es\/el-equipo-de-ncs\/\"]}]},{\"@type\":\"BreadcrumbList\",\"@id\":\"https:\/\/lab-ncs.com\/es\/el-equipo-de-ncs\/#breadcrumb\",\"itemListElement\":[{\"@type\":\"ListItem\",\"position\":1,\"name\":\"Home\",\"item\":\"https:\/\/lab-ncs.com\/es\/\"},{\"@type\":\"ListItem\",\"position\":2,\"name\":\"El equipo de NCS\"}]}]}<\/script>\n<!-- \/ Yoast SEO plugin. -->","yoast_head_json":{"title":"El equipo de NCS - NeuroComScience, Laboratorio di analisi comportamentale - Comunicazione non verbale.","robots":{"index":"index","follow":"follow","max-snippet":"max-snippet:-1","max-image-preview":"max-image-preview:large","max-video-preview":"max-video-preview:-1"},"canonical":"https:\/\/lab-ncs.com\/es\/el-equipo-de-ncs\/","og_locale":"es_ES","og_type":"article","og_title":"El equipo de NCS - NeuroComScience, Laboratorio di analisi comportamentale - Comunicazione non verbale.","og_description":"[vc_row][vc_column][vc_column_text] NuroComScience es el centro de experiencia en la formaci\u00f3n de an\u00e1lisis de comportamiento e investigaci\u00f3n, especializado en la comunicaci\u00f3n no verbal. Importantes realidades corporativas e institucionales est\u00e1n recurriendo a NeuroComScience para aplicar m\u00e9todos y t\u00e9cnicas cient\u00edficas de interpretaci\u00f3n de la conducta humana y obtener beneficios en t\u00e9rminos de precisi\u00f3n, ahorrando tiempo y recursos. NeuroComScience &hellip; Continue reading \"El equipo de NCS\"","og_url":"https:\/\/lab-ncs.com\/es\/el-equipo-de-ncs\/","og_site_name":"NeuroComScience, Laboratorio di analisi comportamentale - Comunicazione non verbale.","article_modified_time":"2019-06-03T05:30:05+00:00","og_image":[{"url":"https:\/\/lab-ncs.com\/wp-content\/uploads\/2013\/11\/jasna-legisa-1.jpg"}],"twitter_misc":{"Tiempo de lectura":"3 minutos"},"schema":{"@context":"https:\/\/schema.org","@graph":[{"@type":"WebSite","@id":"https:\/\/lab-ncs.com\/#website","url":"https:\/\/lab-ncs.com\/","name":"NeuroComScience, Laboratorio di analisi comportamentale - Comunicazione non verbale.","description":"Analisi delle espressioni facciali","potentialAction":[{"@type":"SearchAction","target":{"@type":"EntryPoint","urlTemplate":"https:\/\/lab-ncs.com\/?s={search_term_string}"},"query-input":"required name=search_term_string"}],"inLanguage":"es"},{"@type":"ImageObject","@id":"https:\/\/lab-ncs.com\/es\/el-equipo-de-ncs\/#primaryimage","inLanguage":"es","url":"https:\/\/lab-ncs.com\/wp-content\/uploads\/2013\/11\/jasna-legisa-1.jpg","contentUrl":"https:\/\/lab-ncs.com\/wp-content\/uploads\/2013\/11\/jasna-legisa-1.jpg","width":244,"height":244,"caption":"Jasna Legi\u0161a"},{"@type":"WebPage","@id":"https:\/\/lab-ncs.com\/es\/el-equipo-de-ncs\/#webpage","url":"https:\/\/lab-ncs.com\/es\/el-equipo-de-ncs\/","name":"El equipo de NCS - NeuroComScience, Laboratorio di analisi comportamentale - Comunicazione non verbale.","isPartOf":{"@id":"https:\/\/lab-ncs.com\/#website"},"primaryImageOfPage":{"@id":"https:\/\/lab-ncs.com\/es\/el-equipo-de-ncs\/#primaryimage"},"datePublished":"2018-02-20T12:15:31+00:00","dateModified":"2019-06-03T05:30:05+00:00","breadcrumb":{"@id":"https:\/\/lab-ncs.com\/es\/el-equipo-de-ncs\/#breadcrumb"},"inLanguage":"es","potentialAction":[{"@type":"ReadAction","target":["https:\/\/lab-ncs.com\/es\/el-equipo-de-ncs\/"]}]},{"@type":"BreadcrumbList","@id":"https:\/\/lab-ncs.com\/es\/el-equipo-de-ncs\/#breadcrumb","itemListElement":[{"@type":"ListItem","position":1,"name":"Home","item":"https:\/\/lab-ncs.com\/es\/"},{"@type":"ListItem","position":2,"name":"El equipo de NCS"}]}]}},"_links":{"self":[{"href":"https:\/\/lab-ncs.com\/es\/wp-json\/wp\/v2\/pages\/18890"}],"collection":[{"href":"https:\/\/lab-ncs.com\/es\/wp-json\/wp\/v2\/pages"}],"about":[{"href":"https:\/\/lab-ncs.com\/es\/wp-json\/wp\/v2\/types\/page"}],"author":[{"embeddable":true,"href":"https:\/\/lab-ncs.com\/es\/wp-json\/wp\/v2\/users\/1"}],"replies":[{"embeddable":true,"href":"https:\/\/lab-ncs.com\/es\/wp-json\/wp\/v2\/comments?post=18890"}],"version-history":[{"count":2,"href":"https:\/\/lab-ncs.com\/es\/wp-json\/wp\/v2\/pages\/18890\/revisions"}],"predecessor-version":[{"id":23370,"href":"https:\/\/lab-ncs.com\/es\/wp-json\/wp\/v2\/pages\/18890\/revisions\/23370"}],"wp:attachment":[{"href":"https:\/\/lab-ncs.com\/es\/wp-json\/wp\/v2\/media?parent=18890"}],"curies":[{"name":"wp","href":"https:\/\/api.w.org\/{rel}","templated":true}]}}