{"id":18883,"date":"2018-02-20T11:13:31","date_gmt":"2018-02-20T11:13:31","guid":{"rendered":"https:\/\/lab-ncs.com\/aplicaciones\/"},"modified":"2018-03-13T09:40:22","modified_gmt":"2018-03-13T09:40:22","slug":"aplicaciones","status":"publish","type":"page","link":"https:\/\/lab-ncs.com\/es\/aplicaciones\/","title":{"rendered":"Aplicaciones"},"content":{"rendered":"<header class=\"icon-heading\"><span class=\"section-header-icon icon icon-eye\"><\/span><h2><span>\u00c1reas de aplicaci\u00f3n<\/span><span><\/span><\/h2><\/header>\n<p class=\"lead\">Actividades en importantes empresas e instituciones.\u00a0La misi\u00f3n de la estructura es la de<br \/>\nproponer t\u00e9cnicas innovadoras y m\u00e9todos de an\u00e1lisis de comunicaci\u00f3n no verbal, <strong>cient\u00edficamente validados.<\/strong> Traen ventajas en t\u00e9rminos de <strong>precisi\u00f3n<\/strong> y ahorro de <strong>recursos.<\/strong> Las solicitudes de consulta para an\u00e1lisis de video, observaci\u00f3n directa y capacitaci\u00f3n provienen de varios campos<\/p>\n<div class=\"page-feature col-to-row cross-axis-centered nowrap grid-1of3\">\n<div class=\"item item-gutter\"><img loading=\"lazy\" class=\"aligncenter wp-image-18884 size-thumbnail\" src=\"https:\/\/lab-ncs.com\/wp-content\/uploads\/2016\/10\/ncs-criminologia-150x150.jpg\" alt=\"NCS Criminologia\" width=\"150\" height=\"150\" \/><\/div>\n<div>\n<h3>Selecci\u00f3n de personal<\/h3>\n<p>La observaci\u00f3n sistem\u00e1tica de la conducta verbal y no verbal durante la entrevista de entrada ayuda a entender en el perfil del candidato y predecir su comportamiento futuro en el lugar de trabajo. Llevamos a cabo consultas en las principales empresas italianas y extranjeras y empresas de selecci\u00f3n.<\/p>\n<\/div>\n<\/div>\n<div class=\"page-feature col-to-row cross-axis-centered nowrap grid-1of3\">\n<div class=\"item item-gutter\"><img loading=\"lazy\" class=\"aligncenter wp-image-18886 size-thumbnail\" src=\"https:\/\/lab-ncs.com\/wp-content\/uploads\/2016\/10\/ncs-selezione-personale-150x150.jpg\" alt=\"NCS Selezione del personale\" width=\"150\" height=\"150\" \/><\/div>\n<div>\n<h3>Motivaci\u00f3n en la empresa<\/h3>\n<p>Cambiar la mentalidad por un mayor bienestar y la productividad con t\u00e9cnicas verbales, notas de voz, y las medidas de la conducta no verbal. A trav\u00e9s de la metodolog\u00eda NeuroComScience los resultados se obtienen en un corto per\u00edodo de tiempo y afectan a la productividad.<\/p>\n<\/div>\n<\/div>\n<div class=\"page-feature col-to-row cross-axis-centered nowrap grid-1of3\">\n<div class=\"item item-gutter\"><img loading=\"lazy\" class=\"aligncenter wp-image-18885 size-thumbnail\" src=\"https:\/\/lab-ncs.com\/wp-content\/uploads\/2016\/10\/ncs-leadership-150x150.jpg\" width=\"150\" height=\"150\" \/><\/div>\n<div>\n<h3>Criminolog\u00eda<\/h3>\n<p>Obtener m\u00e1s informaci\u00f3n de inter\u00e9s en la entrevista en el interrogatorio y en la detecci\u00f3n de la conducta incongruente.<\/p>\n<\/div>\n<\/div>\n<h3>Y tambi\u00e9n &#8230;<\/h3>\n<ul>\n<li>\u00a0<strong>Neuromarketing<\/strong>, para aumentar el impacto emocional del producto que se introduce en el mercado. Llevamos a cabo an\u00e1lisis para las compa\u00f1\u00edas l\u00edder en investigaci\u00f3n de mercado.<\/li>\n<li><strong>Liderazgo<\/strong>, herramientas que permiten aumentar el consenso. Con nosotros trabajan tambi\u00e9n los gestores pol\u00edticos que quieren optimizar la comunicaci\u00f3n persuasiva, el consenso y la negociaci\u00f3n.<\/li>\n<li><strong> Venta y negociaci\u00f3n<\/strong>, desarrollar habilidades sociales que permiten aumentar los resultados<\/li>\n<li><strong><strong>Campo cl\u00ednico y educativo<\/strong><\/strong><\/li>\n<li>\n<p id=\"tw-target-text\" class=\"tw-data-text tw-ta tw-text-medium\" dir=\"ltr\" data-placeholder=\"Traduzione\"><strong>Escuela de empoderamiento emocional<\/strong><\/p>\n<\/li>\n<li><strong>Entrenamiento mental<\/strong><\/li>\n<\/ul>\n","protected":false},"excerpt":{"rendered":"<p>Actividades en importantes empresas e instituciones.\u00a0La misi\u00f3n de la estructura es la de proponer t\u00e9cnicas innovadoras y m\u00e9todos de an\u00e1lisis de comunicaci\u00f3n no verbal, cient\u00edficamente validados. Traen ventajas en t\u00e9rminos de precisi\u00f3n y ahorro de recursos. Las solicitudes de consulta para an\u00e1lisis de video, observaci\u00f3n directa y capacitaci\u00f3n provienen de varios campos Selecci\u00f3n de personal &hellip; <a href=\"https:\/\/lab-ncs.com\/es\/aplicaciones\/\" class=\"more-link\">Continue reading<span class=\"screen-reader-text\"> &#8220;Aplicaciones&#8221;<\/span><\/a><\/p>\n","protected":false},"author":2,"featured_media":0,"parent":0,"menu_order":0,"comment_status":"closed","ping_status":"closed","template":"page-templates\/page-right-sidebar.php","meta":{"om_disable_all_campaigns":false},"aioseo_notices":[],"yoast_head":"<!-- This site is optimized with the Yoast SEO plugin v18.6 - https:\/\/yoast.com\/wordpress\/plugins\/seo\/ -->\n<title>Aplicaciones - NeuroComScience, Laboratorio di analisi comportamentale - Comunicazione non verbale.<\/title>\n<meta name=\"robots\" content=\"index, follow, max-snippet:-1, max-image-preview:large, max-video-preview:-1\" \/>\n<link rel=\"canonical\" href=\"https:\/\/lab-ncs.com\/es\/aplicaciones\/\" \/>\n<meta property=\"og:locale\" content=\"es_ES\" \/>\n<meta property=\"og:type\" content=\"article\" \/>\n<meta property=\"og:title\" content=\"Aplicaciones - NeuroComScience, Laboratorio di analisi comportamentale - Comunicazione non verbale.\" \/>\n<meta property=\"og:description\" content=\"Actividades en importantes empresas e instituciones.\u00a0La misi\u00f3n de la estructura es la de proponer t\u00e9cnicas innovadoras y m\u00e9todos de an\u00e1lisis de comunicaci\u00f3n no verbal, cient\u00edficamente validados. Traen ventajas en t\u00e9rminos de precisi\u00f3n y ahorro de recursos. Las solicitudes de consulta para an\u00e1lisis de video, observaci\u00f3n directa y capacitaci\u00f3n provienen de varios campos Selecci\u00f3n de personal &hellip; Continue reading &quot;Aplicaciones&quot;\" \/>\n<meta property=\"og:url\" content=\"https:\/\/lab-ncs.com\/es\/aplicaciones\/\" \/>\n<meta property=\"og:site_name\" content=\"NeuroComScience, Laboratorio di analisi comportamentale - Comunicazione non verbale.\" \/>\n<meta property=\"article:modified_time\" content=\"2018-03-13T09:40:22+00:00\" \/>\n<meta property=\"og:image\" content=\"https:\/\/lab-ncs.com\/wp-content\/uploads\/2016\/10\/ncs-criminologia-150x150.jpg\" \/>\n<meta name=\"twitter:label1\" content=\"Tiempo de lectura\" \/>\n\t<meta name=\"twitter:data1\" content=\"1 minuto\" \/>\n<script type=\"application\/ld+json\" class=\"yoast-schema-graph\">{\"@context\":\"https:\/\/schema.org\",\"@graph\":[{\"@type\":\"WebSite\",\"@id\":\"https:\/\/lab-ncs.com\/#website\",\"url\":\"https:\/\/lab-ncs.com\/\",\"name\":\"NeuroComScience, Laboratorio di analisi comportamentale - Comunicazione non verbale.\",\"description\":\"Analisi delle espressioni facciali\",\"potentialAction\":[{\"@type\":\"SearchAction\",\"target\":{\"@type\":\"EntryPoint\",\"urlTemplate\":\"https:\/\/lab-ncs.com\/?s={search_term_string}\"},\"query-input\":\"required name=search_term_string\"}],\"inLanguage\":\"es\"},{\"@type\":\"ImageObject\",\"@id\":\"https:\/\/lab-ncs.com\/es\/aplicaciones\/#primaryimage\",\"inLanguage\":\"es\",\"url\":\"https:\/\/lab-ncs.com\/wp-content\/uploads\/2016\/10\/ncs-criminologia.jpg\",\"contentUrl\":\"https:\/\/lab-ncs.com\/wp-content\/uploads\/2016\/10\/ncs-criminologia.jpg\",\"width\":244,\"height\":244,\"caption\":\"NCS Criminologia\"},{\"@type\":\"WebPage\",\"@id\":\"https:\/\/lab-ncs.com\/es\/aplicaciones\/#webpage\",\"url\":\"https:\/\/lab-ncs.com\/es\/aplicaciones\/\",\"name\":\"Aplicaciones - NeuroComScience, Laboratorio di analisi comportamentale - Comunicazione non verbale.\",\"isPartOf\":{\"@id\":\"https:\/\/lab-ncs.com\/#website\"},\"primaryImageOfPage\":{\"@id\":\"https:\/\/lab-ncs.com\/es\/aplicaciones\/#primaryimage\"},\"datePublished\":\"2018-02-20T11:13:31+00:00\",\"dateModified\":\"2018-03-13T09:40:22+00:00\",\"breadcrumb\":{\"@id\":\"https:\/\/lab-ncs.com\/es\/aplicaciones\/#breadcrumb\"},\"inLanguage\":\"es\",\"potentialAction\":[{\"@type\":\"ReadAction\",\"target\":[\"https:\/\/lab-ncs.com\/es\/aplicaciones\/\"]}]},{\"@type\":\"BreadcrumbList\",\"@id\":\"https:\/\/lab-ncs.com\/es\/aplicaciones\/#breadcrumb\",\"itemListElement\":[{\"@type\":\"ListItem\",\"position\":1,\"name\":\"Home\",\"item\":\"https:\/\/lab-ncs.com\/es\/\"},{\"@type\":\"ListItem\",\"position\":2,\"name\":\"Aplicaciones\"}]}]}<\/script>\n<!-- \/ Yoast SEO plugin. -->","yoast_head_json":{"title":"Aplicaciones - NeuroComScience, Laboratorio di analisi comportamentale - Comunicazione non verbale.","robots":{"index":"index","follow":"follow","max-snippet":"max-snippet:-1","max-image-preview":"max-image-preview:large","max-video-preview":"max-video-preview:-1"},"canonical":"https:\/\/lab-ncs.com\/es\/aplicaciones\/","og_locale":"es_ES","og_type":"article","og_title":"Aplicaciones - NeuroComScience, Laboratorio di analisi comportamentale - Comunicazione non verbale.","og_description":"Actividades en importantes empresas e instituciones.\u00a0La misi\u00f3n de la estructura es la de proponer t\u00e9cnicas innovadoras y m\u00e9todos de an\u00e1lisis de comunicaci\u00f3n no verbal, cient\u00edficamente validados. Traen ventajas en t\u00e9rminos de precisi\u00f3n y ahorro de recursos. Las solicitudes de consulta para an\u00e1lisis de video, observaci\u00f3n directa y capacitaci\u00f3n provienen de varios campos Selecci\u00f3n de personal &hellip; Continue reading \"Aplicaciones\"","og_url":"https:\/\/lab-ncs.com\/es\/aplicaciones\/","og_site_name":"NeuroComScience, Laboratorio di analisi comportamentale - Comunicazione non verbale.","article_modified_time":"2018-03-13T09:40:22+00:00","og_image":[{"url":"https:\/\/lab-ncs.com\/wp-content\/uploads\/2016\/10\/ncs-criminologia-150x150.jpg"}],"twitter_misc":{"Tiempo de lectura":"1 minuto"},"schema":{"@context":"https:\/\/schema.org","@graph":[{"@type":"WebSite","@id":"https:\/\/lab-ncs.com\/#website","url":"https:\/\/lab-ncs.com\/","name":"NeuroComScience, Laboratorio di analisi comportamentale - Comunicazione non verbale.","description":"Analisi delle espressioni facciali","potentialAction":[{"@type":"SearchAction","target":{"@type":"EntryPoint","urlTemplate":"https:\/\/lab-ncs.com\/?s={search_term_string}"},"query-input":"required name=search_term_string"}],"inLanguage":"es"},{"@type":"ImageObject","@id":"https:\/\/lab-ncs.com\/es\/aplicaciones\/#primaryimage","inLanguage":"es","url":"https:\/\/lab-ncs.com\/wp-content\/uploads\/2016\/10\/ncs-criminologia.jpg","contentUrl":"https:\/\/lab-ncs.com\/wp-content\/uploads\/2016\/10\/ncs-criminologia.jpg","width":244,"height":244,"caption":"NCS Criminologia"},{"@type":"WebPage","@id":"https:\/\/lab-ncs.com\/es\/aplicaciones\/#webpage","url":"https:\/\/lab-ncs.com\/es\/aplicaciones\/","name":"Aplicaciones - NeuroComScience, Laboratorio di analisi comportamentale - Comunicazione non verbale.","isPartOf":{"@id":"https:\/\/lab-ncs.com\/#website"},"primaryImageOfPage":{"@id":"https:\/\/lab-ncs.com\/es\/aplicaciones\/#primaryimage"},"datePublished":"2018-02-20T11:13:31+00:00","dateModified":"2018-03-13T09:40:22+00:00","breadcrumb":{"@id":"https:\/\/lab-ncs.com\/es\/aplicaciones\/#breadcrumb"},"inLanguage":"es","potentialAction":[{"@type":"ReadAction","target":["https:\/\/lab-ncs.com\/es\/aplicaciones\/"]}]},{"@type":"BreadcrumbList","@id":"https:\/\/lab-ncs.com\/es\/aplicaciones\/#breadcrumb","itemListElement":[{"@type":"ListItem","position":1,"name":"Home","item":"https:\/\/lab-ncs.com\/es\/"},{"@type":"ListItem","position":2,"name":"Aplicaciones"}]}]}},"_links":{"self":[{"href":"https:\/\/lab-ncs.com\/es\/wp-json\/wp\/v2\/pages\/18883"}],"collection":[{"href":"https:\/\/lab-ncs.com\/es\/wp-json\/wp\/v2\/pages"}],"about":[{"href":"https:\/\/lab-ncs.com\/es\/wp-json\/wp\/v2\/types\/page"}],"author":[{"embeddable":true,"href":"https:\/\/lab-ncs.com\/es\/wp-json\/wp\/v2\/users\/2"}],"replies":[{"embeddable":true,"href":"https:\/\/lab-ncs.com\/es\/wp-json\/wp\/v2\/comments?post=18883"}],"version-history":[{"count":3,"href":"https:\/\/lab-ncs.com\/es\/wp-json\/wp\/v2\/pages\/18883\/revisions"}],"predecessor-version":[{"id":19590,"href":"https:\/\/lab-ncs.com\/es\/wp-json\/wp\/v2\/pages\/18883\/revisions\/19590"}],"wp:attachment":[{"href":"https:\/\/lab-ncs.com\/es\/wp-json\/wp\/v2\/media?parent=18883"}],"curies":[{"name":"wp","href":"https:\/\/api.w.org\/{rel}","templated":true}]}}