{"id":34387,"date":"2024-03-09T18:29:38","date_gmt":"2024-03-09T17:29:38","guid":{"rendered":"https:\/\/lab-ncs.com\/?page_id=34387"},"modified":"2024-03-09T18:53:45","modified_gmt":"2024-03-09T17:53:45","slug":"zum-kurs-anmelden","status":"publish","type":"page","link":"https:\/\/lab-ncs.com\/de\/zum-kurs-anmelden\/","title":{"rendered":"Zum Kurs anmelden"},"content":{"rendered":"<header class=\"icon-heading\"><span class=\"section-header-icon icon icon-edit\"><\/span><h2>Zum Kurs anmelden<span><\/span><\/h2><\/header>\n<div role=\"form\" class=\"wpcf7\" id=\"wpcf7-f34385-o1\" lang=\"it-IT\" dir=\"ltr\">\n<div class=\"screen-reader-response\"><p role=\"status\" aria-live=\"polite\" aria-atomic=\"true\"><\/p> <ul><\/ul><\/div>\n<form action=\"\/de\/wp-json\/wp\/v2\/pages\/34387#wpcf7-f34385-o1\" method=\"post\" class=\"wpcf7-form init\" novalidate=\"novalidate\" data-status=\"init\">\n<div style=\"display: none;\">\n<input type=\"hidden\" name=\"_wpcf7\" value=\"34385\" \/>\n<input type=\"hidden\" name=\"_wpcf7_version\" value=\"5.6\" \/>\n<input type=\"hidden\" name=\"_wpcf7_locale\" value=\"it_IT\" \/>\n<input type=\"hidden\" name=\"_wpcf7_unit_tag\" value=\"wpcf7-f34385-o1\" \/>\n<input type=\"hidden\" name=\"_wpcf7_container_post\" value=\"0\" \/>\n<input type=\"hidden\" name=\"_wpcf7_posted_data_hash\" value=\"\" \/>\n<\/div>\n<p class=\"half half_first\">Ausbildung*<br \/>\n    <span class=\"wpcf7-form-control-wrap\" data-name=\"text-635\"><input type=\"text\" name=\"text-635\" value=\"\" size=\"40\" class=\"wpcf7-form-control wpcf7-text\" aria-invalid=\"false\" placeholder=\"z.B. Fernunterricht\" \/><\/span> <\/p>\n<p class=\"half half_last\">Datum des Kurses*<br \/>\n    <span class=\"wpcf7-form-control-wrap\" data-name=\"text-510\"><input type=\"text\" name=\"text-510\" value=\"\" size=\"40\" class=\"wpcf7-form-control wpcf7-text\" aria-invalid=\"false\" \/><\/span> <\/p>\n<p class=\"half half_first\">Geburtsort*<br \/>\n    <span class=\"wpcf7-form-control-wrap\" data-name=\"text-145\"><input type=\"text\" name=\"text-145\" value=\"\" size=\"40\" class=\"wpcf7-form-control wpcf7-text\" aria-invalid=\"false\" placeholder=\"Geboren in\" \/><\/span> <\/p>\n<p class=\"half half_last\">Geburtsdatum*<br \/>\n   <span class=\"wpcf7-form-control-wrap\" data-name=\"text-611\"><input type=\"text\" name=\"text-611\" value=\"\" size=\"40\" class=\"wpcf7-form-control wpcf7-text\" aria-invalid=\"false\" placeholder=\"gg\/mm\/aaaa\" \/><\/span> <\/p>\n<p class=\"half half_first\">Name Vorname - Firmenname (nur wenn n\u00f6tig)*<br \/>\n    <span class=\"wpcf7-form-control-wrap\" data-name=\"your-name\"><input type=\"text\" name=\"your-name\" value=\"\" size=\"40\" class=\"wpcf7-form-control wpcf7-text wpcf7-validates-as-required\" aria-required=\"true\" aria-invalid=\"false\" placeholder=\"Name Vorname\" \/><\/span> <\/p>\n<p class=\"half half_last\">Steuernummer*<br \/>\n    <span class=\"wpcf7-form-control-wrap\" data-name=\"text-474\"><input type=\"text\" name=\"text-474\" value=\"\" size=\"40\" class=\"wpcf7-form-control wpcf7-text wpcf7-validates-as-required\" aria-required=\"true\" aria-invalid=\"false\" placeholder=\"Steuernummer\" \/><\/span> <\/p>\n<p >Beruf*<br \/>\n    <span class=\"wpcf7-form-control-wrap\" data-name=\"text-906\"><input type=\"text\" name=\"text-906\" value=\"\" size=\"40\" class=\"wpcf7-form-control wpcf7-text wpcf7-validates-as-required\" aria-required=\"true\" aria-invalid=\"false\" placeholder=\"Beruf\" \/><\/span> <\/p>\n<p>Wohnsitz*<\/p>\n<p class=\"half half_first\">\n      <span class=\"wpcf7-form-control-wrap\" data-name=\"text-534\"><input type=\"text\" name=\"text-534\" value=\"\" size=\"40\" class=\"wpcf7-form-control wpcf7-text wpcf7-validates-as-required\" aria-required=\"true\" aria-invalid=\"false\" placeholder=\"Gemeinde\" \/><\/span> <span class=\"wpcf7-form-control-wrap\" data-name=\"text-32\"><input type=\"text\" name=\"text-32\" value=\"\" size=\"40\" class=\"wpcf7-form-control wpcf7-text wpcf7-validates-as-required\" aria-required=\"true\" aria-invalid=\"false\" placeholder=\"Adresse\" \/><\/span> <\/p>\n<p class=\"half half_last\">\n<span class=\"wpcf7-form-control-wrap\" data-name=\"text-286\"><input type=\"text\" name=\"text-286\" value=\"\" size=\"40\" class=\"wpcf7-form-control wpcf7-text wpcf7-validates-as-required cap\" aria-required=\"true\" aria-invalid=\"false\" placeholder=\"PLZ\" \/><\/span> <span class=\"wpcf7-form-control-wrap\" data-name=\"text-278\"><input type=\"text\" name=\"text-278\" value=\"\" size=\"40\" class=\"wpcf7-form-control wpcf7-text wpcf7-validates-as-required provincia\" aria-required=\"true\" aria-invalid=\"false\" placeholder=\"Provinz\" \/><\/span><\/p>\n<p class=\"half half_first\">Telefon *<br \/>\n    <span class=\"wpcf7-form-control-wrap\" data-name=\"tel-983\"><input type=\"tel\" name=\"tel-983\" value=\"\" size=\"40\" class=\"wpcf7-form-control wpcf7-text wpcf7-tel wpcf7-validates-as-required wpcf7-validates-as-tel\" aria-required=\"true\" aria-invalid=\"false\" \/><\/span> <\/p>\n<p class=\"half half_last\">Email *<br \/>\n    <span class=\"wpcf7-form-control-wrap\" data-name=\"your-email\"><input type=\"email\" name=\"your-email\" value=\"\" size=\"40\" class=\"wpcf7-form-control wpcf7-text wpcf7-email wpcf7-validates-as-required wpcf7-validates-as-email\" aria-required=\"true\" aria-invalid=\"false\" \/><\/span> <\/p>\n<p>Daten f\u00fcr die elektronische Rechnungsstellung: Firmenname - Mehrwertsteuernummer - Empf\u00e4ngercode - zertifizierte E-Mail<\/p>\n<p>\n   <span class=\"wpcf7-form-control-wrap\" data-name=\"textarea-320\"><textarea name=\"textarea-320\" cols=\"40\" rows=\"10\" class=\"wpcf7-form-control wpcf7-textarea\" aria-invalid=\"false\" placeholder=\"Daten f\u00fcr die elektronische Rechnungsstellung: Firmenname - Mehrwertsteuernummer - Empf\u00e4ngercode - zertifizierte E-Mail\"><\/textarea><\/span><\/p>\n<p>Mit dem Ausf\u00fcllen und Absenden dieses Formulars erkl\u00e4ren Sie sich mit der Verarbeitung Ihrer pers\u00f6nlichen Daten einverstanden (Gesetzesdekret 196\/2003) <\/p>\n<p><br>Innerhalb von 24 Stunden erhalten Sie eine Best\u00e4tigung Ihrer Anmeldung per E-Mail. Bitte \u00fcberpr\u00fcfen Sie auch Ihren SPAM-Ordner.<\/p>\n<p><span id=\"wpcf7-69d5f6a673518-wrapper\" class=\"wpcf7-form-control-wrap honeypot-228-wrap\" style=\"display:none !important; visibility:hidden !important;\"><label for=\"3434f34r34r34\" class=\"hp-message\">Please leave this field empty.<\/label><input id=\"3434f34r34r34\"  class=\"wpcf7-form-control wpcf7-text\" type=\"text\" name=\"honeypot-228\" value=\"\" size=\"40\" tabindex=\"-1\" autocomplete=\"new-password\" \/><\/span><\/p>\n<p><input type=\"submit\" value=\"Zum Kurs anmelden\" class=\"wpcf7-form-control has-spinner wpcf7-submit\" \/><\/p>\n<div class=\"wpcf7-response-output\" aria-hidden=\"true\"><\/div><\/form><\/div>\n","protected":false},"excerpt":{"rendered":"Zum Kurs anmelden Ausbildung* Datum des Kurses* Geburtsort* Geburtsdatum* Name Vorname - Firmenname (nur wenn n\u00f6tig)* Steuernummer* Beruf* Wohnsitz* Telefon * Email * Daten f\u00fcr die elektronische Rechnungsstellung: Firmenname - Mehrwertsteuernummer - Empf\u00e4ngercode - zertifizierte E-Mail Mit dem Ausf\u00fcllen und Absenden dieses Formulars erkl\u00e4ren Sie sich mit der Verarbeitung Ihrer pers\u00f6nlichen Daten einverstanden (Gesetzesdekret 196\/2003) &hellip; <a href=\"https:\/\/lab-ncs.com\/de\/zum-kurs-anmelden\/\" class=\"more-link\">Continue reading<span class=\"screen-reader-text\"> \"Zum Kurs anmelden\"<\/span><\/a>","protected":false},"author":1,"featured_media":0,"parent":0,"menu_order":0,"comment_status":"closed","ping_status":"closed","template":"","meta":{"om_disable_all_campaigns":false,"_mi_skip_tracking":false},"aioseo_notices":[],"yoast_head":"<!-- This site is optimized with the Yoast SEO plugin v18.6 - https:\/\/yoast.com\/wordpress\/plugins\/seo\/ -->\n<title>Iscrizione ai corsi - NeuroComScience, Laboratorio di analisi comportamentale<\/title>\n<meta name=\"description\" content=\"Corso di Analisi Scientifica delle Espressioni Facciali - Il corso in aula a distanza \u00e8 pratico, intensivo e completo sulle tecniche e sui metodi di analisi delle espressioni del volto.\" \/>\n<meta name=\"robots\" content=\"index, follow, max-snippet:-1, max-image-preview:large, max-video-preview:-1\" \/>\n<link rel=\"canonical\" href=\"https:\/\/lab-ncs.com\/de\/zum-kurs-anmelden\/\" \/>\n<meta property=\"og:locale\" content=\"de_DE\" \/>\n<meta property=\"og:type\" content=\"article\" \/>\n<meta property=\"og:title\" content=\"Iscrizione ai corsi - NeuroComScience, Laboratorio di analisi comportamentale\" \/>\n<meta property=\"og:description\" content=\"Corso di Analisi Scientifica delle Espressioni Facciali - Il corso in aula a distanza \u00e8 pratico, intensivo e completo sulle tecniche e sui metodi di analisi delle espressioni del volto.\" \/>\n<meta property=\"og:url\" content=\"https:\/\/lab-ncs.com\/de\/zum-kurs-anmelden\/\" \/>\n<meta property=\"og:site_name\" content=\"NeuroComScience, Laboratorio di analisi comportamentale - Comunicazione non verbale.\" \/>\n<meta property=\"article:modified_time\" content=\"2024-03-09T17:53:45+00:00\" \/>\n<meta property=\"og:image\" content=\"https:\/\/lab-ncs.com\/wp-content\/uploads\/2020\/05\/indici-menzogna-facebook2.jpg\" \/>\n<meta name=\"twitter:label1\" content=\"Gesch\u00e4tzte Lesezeit\" \/>\n\t<meta name=\"twitter:data1\" content=\"1 Minute\" \/>\n<script type=\"application\/ld+json\" class=\"yoast-schema-graph\">{\"@context\":\"https:\/\/schema.org\",\"@graph\":[{\"@type\":\"WebSite\",\"@id\":\"https:\/\/lab-ncs.com\/#website\",\"url\":\"https:\/\/lab-ncs.com\/\",\"name\":\"NeuroComScience, Laboratorio di analisi comportamentale - Comunicazione non verbale.\",\"description\":\"Analisi delle espressioni facciali\",\"potentialAction\":[{\"@type\":\"SearchAction\",\"target\":{\"@type\":\"EntryPoint\",\"urlTemplate\":\"https:\/\/lab-ncs.com\/?s={search_term_string}\"},\"query-input\":\"required name=search_term_string\"}],\"inLanguage\":\"de-DE\"},{\"@type\":\"ImageObject\",\"@id\":\"https:\/\/lab-ncs.com\/de\/zum-kurs-anmelden\/#primaryimage\",\"inLanguage\":\"de-DE\",\"url\":\"\",\"contentUrl\":\"\"},{\"@type\":\"WebPage\",\"@id\":\"https:\/\/lab-ncs.com\/de\/zum-kurs-anmelden\/#webpage\",\"url\":\"https:\/\/lab-ncs.com\/de\/zum-kurs-anmelden\/\",\"name\":\"Iscrizione ai corsi - NeuroComScience, Laboratorio di analisi comportamentale\",\"isPartOf\":{\"@id\":\"https:\/\/lab-ncs.com\/#website\"},\"datePublished\":\"2024-03-09T17:29:38+00:00\",\"dateModified\":\"2024-03-09T17:53:45+00:00\",\"description\":\"Corso di Analisi Scientifica delle Espressioni Facciali - Il corso in aula a distanza \u00e8 pratico, intensivo e completo sulle tecniche e sui metodi di analisi delle espressioni del volto.\",\"breadcrumb\":{\"@id\":\"https:\/\/lab-ncs.com\/de\/zum-kurs-anmelden\/#breadcrumb\"},\"inLanguage\":\"de-DE\",\"potentialAction\":[{\"@type\":\"ReadAction\",\"target\":[\"https:\/\/lab-ncs.com\/de\/zum-kurs-anmelden\/\"]}]},{\"@type\":\"BreadcrumbList\",\"@id\":\"https:\/\/lab-ncs.com\/de\/zum-kurs-anmelden\/#breadcrumb\",\"itemListElement\":[{\"@type\":\"ListItem\",\"position\":1,\"name\":\"Home\",\"item\":\"https:\/\/lab-ncs.com\/de\/\"},{\"@type\":\"ListItem\",\"position\":2,\"name\":\"Zum Kurs anmelden\"}]}]}<\/script>\n<!-- \/ Yoast SEO plugin. -->","yoast_head_json":{"title":"Iscrizione ai corsi - NeuroComScience, Laboratorio di analisi comportamentale","description":"Corso di Analisi Scientifica delle Espressioni Facciali - Il corso in aula a distanza \u00e8 pratico, intensivo e completo sulle tecniche e sui metodi di analisi delle espressioni del volto.","robots":{"index":"index","follow":"follow","max-snippet":"max-snippet:-1","max-image-preview":"max-image-preview:large","max-video-preview":"max-video-preview:-1"},"canonical":"https:\/\/lab-ncs.com\/de\/zum-kurs-anmelden\/","og_locale":"de_DE","og_type":"article","og_title":"Iscrizione ai corsi - NeuroComScience, Laboratorio di analisi comportamentale","og_description":"Corso di Analisi Scientifica delle Espressioni Facciali - Il corso in aula a distanza \u00e8 pratico, intensivo e completo sulle tecniche e sui metodi di analisi delle espressioni del volto.","og_url":"https:\/\/lab-ncs.com\/de\/zum-kurs-anmelden\/","og_site_name":"NeuroComScience, Laboratorio di analisi comportamentale - Comunicazione non verbale.","article_modified_time":"2024-03-09T17:53:45+00:00","og_image":[{"url":"https:\/\/lab-ncs.com\/wp-content\/uploads\/2020\/05\/indici-menzogna-facebook2.jpg"}],"twitter_misc":{"Gesch\u00e4tzte Lesezeit":"1 Minute"},"schema":{"@context":"https:\/\/schema.org","@graph":[{"@type":"WebSite","@id":"https:\/\/lab-ncs.com\/#website","url":"https:\/\/lab-ncs.com\/","name":"NeuroComScience, Laboratorio di analisi comportamentale - Comunicazione non verbale.","description":"Analisi delle espressioni facciali","potentialAction":[{"@type":"SearchAction","target":{"@type":"EntryPoint","urlTemplate":"https:\/\/lab-ncs.com\/?s={search_term_string}"},"query-input":"required name=search_term_string"}],"inLanguage":"de-DE"},{"@type":"ImageObject","@id":"https:\/\/lab-ncs.com\/de\/zum-kurs-anmelden\/#primaryimage","inLanguage":"de-DE","url":"","contentUrl":""},{"@type":"WebPage","@id":"https:\/\/lab-ncs.com\/de\/zum-kurs-anmelden\/#webpage","url":"https:\/\/lab-ncs.com\/de\/zum-kurs-anmelden\/","name":"Iscrizione ai corsi - NeuroComScience, Laboratorio di analisi comportamentale","isPartOf":{"@id":"https:\/\/lab-ncs.com\/#website"},"datePublished":"2024-03-09T17:29:38+00:00","dateModified":"2024-03-09T17:53:45+00:00","description":"Corso di Analisi Scientifica delle Espressioni Facciali - Il corso in aula a distanza \u00e8 pratico, intensivo e completo sulle tecniche e sui metodi di analisi delle espressioni del volto.","breadcrumb":{"@id":"https:\/\/lab-ncs.com\/de\/zum-kurs-anmelden\/#breadcrumb"},"inLanguage":"de-DE","potentialAction":[{"@type":"ReadAction","target":["https:\/\/lab-ncs.com\/de\/zum-kurs-anmelden\/"]}]},{"@type":"BreadcrumbList","@id":"https:\/\/lab-ncs.com\/de\/zum-kurs-anmelden\/#breadcrumb","itemListElement":[{"@type":"ListItem","position":1,"name":"Home","item":"https:\/\/lab-ncs.com\/de\/"},{"@type":"ListItem","position":2,"name":"Zum Kurs anmelden"}]}]}},"_links":{"self":[{"href":"https:\/\/lab-ncs.com\/de\/wp-json\/wp\/v2\/pages\/34387"}],"collection":[{"href":"https:\/\/lab-ncs.com\/de\/wp-json\/wp\/v2\/pages"}],"about":[{"href":"https:\/\/lab-ncs.com\/de\/wp-json\/wp\/v2\/types\/page"}],"author":[{"embeddable":true,"href":"https:\/\/lab-ncs.com\/de\/wp-json\/wp\/v2\/users\/1"}],"replies":[{"embeddable":true,"href":"https:\/\/lab-ncs.com\/de\/wp-json\/wp\/v2\/comments?post=34387"}],"version-history":[{"count":2,"href":"https:\/\/lab-ncs.com\/de\/wp-json\/wp\/v2\/pages\/34387\/revisions"}],"predecessor-version":[{"id":34401,"href":"https:\/\/lab-ncs.com\/de\/wp-json\/wp\/v2\/pages\/34387\/revisions\/34401"}],"wp:attachment":[{"href":"https:\/\/lab-ncs.com\/de\/wp-json\/wp\/v2\/media?parent=34387"}],"curies":[{"name":"wp","href":"https:\/\/api.w.org\/{rel}","templated":true}]}}