{"id":34150,"date":"2023-12-22T12:14:36","date_gmt":"2023-12-22T11:14:36","guid":{"rendered":"https:\/\/lab-ncs.com\/?page_id=34150"},"modified":"2024-01-20T15:27:00","modified_gmt":"2024-01-20T14:27:00","slug":"master-wissenschaftlicher-analyse-von-nonverbalem-verhalten-2","status":"publish","type":"page","link":"https:\/\/lab-ncs.com\/de\/master-wissenschaftlicher-analyse-von-nonverbalem-verhalten-2\/","title":{"rendered":"Master in Wissenschaftlicher Analyse von nonverbalem Verhalten"},"content":{"rendered":"<p>[vc_row][vc_column][vc_column_text]<header class=\"icon-heading\"><span class=\"section-header-icon icon icon-graduation-cap\"><\/span><h2>Master in Verhaltensanalyse.<\/p>\n<p style=\"text-align: center;\">Wissenschaftliche Techniken und Methoden der verbalen und nonverbalen Analyse<span><\/span><\/h2><\/header><\/p>\n<div class=\"col\">\n<p style=\"text-align: left;\">[\/vc_column_text][\/vc_column][\/vc_row][vc_row][vc_column]<div id=\"ultimate-heading-251869d5f7c08ba99\" class=\"uvc-heading ult-adjust-bottom-margin ultimate-heading-251869d5f7c08ba99 uvc-8167 \" data-hspacer=\"line_only\"  data-halign=\"center\" style=\"text-align:center\"><div class=\"uvc-main-heading ult-responsive\"  data-ultimate-target='.uvc-heading.ultimate-heading-251869d5f7c08ba99 h2'  data-responsive-json-new='{\"font-size\":\"\",\"line-height\":\"\"}' ><h2 style=\"font-weight:normal;\"><span>Am Ende wirst du in der Lage sein...<\/span><\/h2><\/div><div class=\"uvc-heading-spacer line_only\" style=\"margin-top:10px; margin-bottom:36px;height:5px;\"><span class=\"uvc-headings-line\" style=\"border-style:solid;border-bottom-width:5px;border-color:#f15a24;width:100px;\"><\/span><\/div><\/div>[\/vc_column][\/vc_row][vc_row][vc_column width=&#8221;1\/4&#8243;][vc_single_image image=&#8221;27627&#8243; alignment=&#8221;center&#8221;][vc_column_text]<\/p>\n<h3 style=\"text-align: left;\"><span>VERSTEHEN<\/span><\/h3>\n<p><span>mit mehr Pr\u00e4zision und Geschwindigkeit Menschen durch die wissenschaftliche Analyse von verbalem und nonverbalem Verhalten<\/span>[\/vc_column_text][\/vc_column][vc_column width=&#8221;1\/4&#8243;][vc_single_image image=&#8221;27630&#8243; alignment=&#8221;center&#8221;][vc_column_text]<\/p>\n<h3 style=\"text-align: left;\"><span>INTERPRETIEREN<\/span><\/h3>\n<p><span>das \u201eUngesagte\u201c angemessen durch die Verwendung von Techniken und Methoden der nonverbalen Analyse<\/span>[\/vc_column_text][\/vc_column][vc_column width=&#8221;1\/4&#8243;][vc_single_image image=&#8221;27633&#8243; alignment=&#8221;center&#8221;][vc_column_text]<\/p>\n<h3 style=\"text-align: left;\"><span>LESEN<\/span><\/h3>\n<p><span>mit wissenschaftlicher Objektivit\u00e4t die Bedeutungen aller Kan\u00e4le: Gesichtsausdr\u00fccke, Gesten, K\u00f6rperhaltungen, nonverbale Aspekte der Stimme, die Verwendung von Worten<\/span>[\/vc_column_text][\/vc_column][vc_column width=&#8221;1\/4&#8243;][vc_single_image image=&#8221;24191&#8243; alignment=&#8221;center&#8221;][vc_column_text]<\/p>\n<h3 style=\"text-align: left;\"><span>ANWENDEN<\/span><\/h3>\n<p><span>die Techniken und Methoden der Verhaltensanalyse in verschiedenen Anwendungsbereichen<\/span>[\/vc_column_text][\/vc_column][\/vc_row][vc_row][vc_column]<div class=\"ult-just-icon-wrapper   vc_custom_1508950946203\"><div class=\"align-icon\" style=\"text-align:center;\">\n<a class=\"aio-tooltip 69d5f7c08bae2\" href=\"#calendario\"  data-toggle=\"tooltip\" data-placement=\"\"><div class=\"aio-icon circle \" data-animation=\"fadeInDown\" data-animation-delay=\"03\" style=\"color:#f15d24;background:rgba(253,253,250,0.5);font-size:48px;display:inline-block;\">\n\t<i class=\"Defaults-chevron-down\"><\/i>\n<\/div><\/a><\/div><\/div>[\/vc_column][\/vc_row][vc_section el_id=&#8221;calendario&#8221;][vc_row][vc_column][vc_column_text]<\/p>\n<div class=\"cards\">\n<div class=\"esercizi-pratici\" style=\"display: flex; width: 100%; flex-direction: column; align-content: center; flex-wrap: wrap; padding: 20px; background-color: #fdf5e6; border-radius: 25px;\"><strong class=\"text\" style=\"font-size: 27px; font-weight: bold; font-family: Source Sans Pro,Helvetica,Arial,sans-serif; color: #f15a24;\"><span>Gezielte und erprobte praktische \u00dcbungen<\/span><\/strong><br \/>\n<span style=\"font-size: 18px; font-family: Source Sans Pro,Helvetica,Arial,sans-serif;\"><span>W\u00e4hrend des Trainings werden zahlreiche \u00dcbungen zur Analyse und Interpretation des Verhaltens durchgef\u00fchrt.\u00a0<\/span><\/span><\/div>\n<div class=\"applicazioni-pratiche\" style=\"display: flex; width: 100%; flex-direction: column; align-content: center; flex-wrap: wrap; padding: 20px; background-color: #fdf5e6; border-radius: 25px;\"><strong class=\"text\" style=\"font-size: 23px; font-weight: bold; font-family: Source Sans Pro,Helvetica,Arial,sans-serif; color: #f15a24;\"><span>Praktische Anwendungen in spezifischen Bereichen<\/span><\/strong><br \/>\n<span style=\"font-size: 18px; margin-top: -30px; font-family: Source Sans Pro,Helvetica,Arial,sans-serif;\"><br \/>\n<span>Nach Abschluss des Kurses und Bestehen der Pr\u00fcfungen ist der Absolvent des Masterstudiengangs in der Lage, die Techniken und Methoden der Verhaltensanalyse in einem speziell gew\u00e4hlten Bereich anzuwenden, wie zum Beispiel im Unternehmensbereich (Personalwesen, Personalauswahl, Bewertung, F\u00fchrung, Coaching, Neuromarketing), im Bildungsbereich (pers\u00f6nliches Wachstum, Soft Skills), im forensischen Bereich (Ermittlung), im Bildungs- und klinischen Bereich (Beziehungs- und Verhaltensprobleme bei Kindern, Jugendlichen und Erwachsenen, Autismus).<\/span><br \/>\n<\/span><\/div>\n<div class=\"certificazione\" style=\"display: flex; width: 100%; flex-direction: column; align-content: center; flex-wrap: wrap; padding: 20px; background-color: #fdf5e6; border-radius: 25px;\"><strong class=\"text\" style=\"font-size: 27px; font-weight: bold; font-family: Source Sans Pro,Helvetica,Arial,sans-serif; color: #f15a24;\"><span>Zertifizierung &#8211; Bescheinigung<\/span><\/strong><br \/>\n<span style=\"font-size: 18px; font-family: Source Sans Pro,Helvetica,Arial,sans-serif;\"><span>W\u00e4hrend der Kurse werden Pr\u00fcfungen zur \u00dcberpr\u00fcfung der Anwendung verschiedener Techniken und Methodologien durchgef\u00fchrt (sie sind in den Kurskosten enthalten).<\/span><\/span><\/div>\n<div class=\"parte-teorica\" style=\"display: flex; width: 100%; flex-direction: column; align-content: center; flex-wrap: wrap; padding: 20px; background-color: #fdf5e6; border-radius: 25px;\"><strong class=\"text\" style=\"font-size: 27px; font-weight: bold; line-height: 27px; font-family: Source Sans Pro,Helvetica,Arial,sans-serif; color: #f15a24;\"><span>Theoretisch-wissenschaftlicher Teil<\/span><\/strong><br \/>\n<span style=\"font-size: 18px; font-family: Source Sans Pro,Helvetica,Arial,sans-serif;\"><span>Vollst\u00e4ndige theoretisch-technische Erkl\u00e4rung zur Funktionsweise der Techniken und Methoden.<\/span><\/span><\/div>\n<\/div>\n<p>&nbsp;<\/p>\n<h3 class=\"underline-text-animation\" style=\"text-align: center;\"><em>&#8220;<span>Wenn du eine Person verstehen willst, beobachte ihr Verhalten<\/span>&#8220;<\/em><\/h3>\n<p>&nbsp;<\/p>\n<\/div>\n<div class=\"col\">\n<ul>\n<li><span>4 Trainingseinheiten \u00e0 8 Stunden<\/span><\/li>\n<li><span>1 Meisterklasse <\/span><\/li>\n<li><span>\u00dcbungen auf einer speziellen Plattform, Fotos und Videos zur Verhaltensanalyse<\/span><\/li>\n<li><span>Online-Praxis: 1 Mal pro Monat f\u00fcr 2 Stunden mit dem Dozenten \u00fcber 10 Monate<\/span><\/li>\n<li><span>Pr\u00fcfungen zur \u00dcberpr\u00fcfung der Techniken und Analysemethoden w\u00e4hrend der Trainings<\/span><\/li>\n<\/ul>\n<div class=\"row\">\n<div class=\"item item-gutter\">\n<h3>Modul 1<\/h3>\n<ul>\n<li><span>Techniken und Methoden zur Analyse von Gesichtsausdr\u00fccken<\/span><\/li>\n<li><span>Ziele: Der Teilnehmer wird in der Lage sein, Gesichtskodierungstechniken anzuwenden.<\/span><\/li>\n<li><span>PR\u00dcFUNG zur \u00dcberpr\u00fcfung der Anwendung der Gesichtsanalysetechniken, die in den letzten Stunden des Kurses stattfindet<\/span><\/li>\n<\/ul>\n<\/div>\n<div><img loading=\"lazy\" class=\"alignnone wp-image-27627 size-full\" style=\"margin-top: 10%; padding: 5%;\" src=\"https:\/\/lab-ncs.com\/wp-content\/uploads\/2016\/10\/t1-01.png\" alt=\"\" width=\"184\" height=\"184\" srcset=\"https:\/\/lab-ncs.com\/wp-content\/uploads\/2016\/10\/t1-01.png 184w, https:\/\/lab-ncs.com\/wp-content\/uploads\/2016\/10\/t1-01-100x100.png 100w, https:\/\/lab-ncs.com\/wp-content\/uploads\/2016\/10\/t1-01-150x150.png 150w\" sizes=\"(max-width: 184px) 85vw, 184px\" \/><\/div>\n<\/div>\n<div class=\"row\">\n<div class=\"item item-gutter\">\n<h3>Modul 2<\/h3>\n<ul>\n<li><span>Systeme zur Analyse des gestischen motorischen Verhaltens<\/span><\/li>\n<li><span>Ziele: Der Teilnehmer wird in der Lage sein, die Lesung des Gesichts und des K\u00f6rpers zu integrieren. Er wird in der Lage sein, das gestische motorische Verhalten mit professionellen Techniken zu analysieren.<\/span><\/li>\n<li><span>PR\u00dcFUNG zur \u00dcberpr\u00fcfung der Anwendung der Techniken der gestischen motorischen Analyse<\/span><\/li>\n<\/ul>\n<\/div>\n<div><img loading=\"lazy\" class=\"alignnone wp-image-27630 size-full\" style=\"margin-top: 30%; padding: 5%;\" src=\"https:\/\/lab-ncs.com\/wp-content\/uploads\/2016\/10\/t1-02.png\" alt=\"\" width=\"184\" height=\"184\" srcset=\"https:\/\/lab-ncs.com\/wp-content\/uploads\/2016\/10\/t1-02.png 184w, https:\/\/lab-ncs.com\/wp-content\/uploads\/2016\/10\/t1-02-100x100.png 100w, https:\/\/lab-ncs.com\/wp-content\/uploads\/2016\/10\/t1-02-150x150.png 150w\" sizes=\"(max-width: 184px) 85vw, 184px\" \/><\/div>\n<\/div>\n<div class=\"row\">\n<div class=\"item item-gutter\">\n<h3>Modul 3<\/h3>\n<ul>\n<li><span>Verfahren der Videoanalyse und direkten Verhaltensbeobachtung.<\/span><\/li>\n<li><span>Ziele: Intensives Training, in dem der Teilnehmer die Werkzeuge der Videoanalyse und die Leitlinien f\u00fcr die direkte Beobachtung erlernen wird.<\/span><\/li>\n<\/ul>\n<\/div>\n<div><img loading=\"lazy\" class=\"alignnone wp-image-27633 size-full\" style=\"margin-top: 10%; padding: 5%;\" src=\"https:\/\/lab-ncs.com\/wp-content\/uploads\/2016\/10\/t1-03.png\" alt=\"\" width=\"184\" height=\"184\" srcset=\"https:\/\/lab-ncs.com\/wp-content\/uploads\/2016\/10\/t1-03.png 184w, https:\/\/lab-ncs.com\/wp-content\/uploads\/2016\/10\/t1-03-100x100.png 100w, https:\/\/lab-ncs.com\/wp-content\/uploads\/2016\/10\/t1-03-150x150.png 150w\" sizes=\"(max-width: 184px) 85vw, 184px\" \/><\/div>\n<\/div>\n<div class=\"row\">\n<div class=\"item item-gutter\">\n<h3>Modul 4<\/h3>\n<ul>\n<li><span>Verfahren der fortgeschrittenen direkten Verhaltensbeobachtung und Anwendungen in spezifischen Bereichen<\/span><\/li>\n<li><span>Ziele: Der Teilnehmer wird in der Lage sein, fortgeschrittene Techniken in einem spezifischen Bereich anzuwenden: Ermittlung, Unternehmensbereich, klinischer Bereich und Bildung.<\/span><\/li>\n<li><span>PR\u00dcFUNG zur \u00dcberpr\u00fcfung der Anwendung der Techniken der direkten Beobachtung des nonverbalen Verhaltens.<\/span><\/li>\n<\/ul>\n<\/div>\n<div><img loading=\"lazy\" class=\"alignnone  wp-image-25447\" style=\"margin-top: 25%; padding: 5%;\" src=\"https:\/\/lab-ncs.com\/wp-content\/uploads\/2023\/07\/t2-04-150x150-1.png\" alt=\"\" width=\"184\" height=\"184\" srcset=\"https:\/\/lab-ncs.com\/wp-content\/uploads\/2023\/07\/t2-04-150x150-1.png 150w, https:\/\/lab-ncs.com\/wp-content\/uploads\/2023\/07\/t2-04-150x150-1-100x100.png 100w\" sizes=\"(max-width: 184px) 85vw, 184px\" \/><\/div>\n<\/div>\n<div class=\"row\">\n<div class=\"item item-gutter\">\n<h3>Modul 5<\/h3>\n<ul>\n<li><span>Techniken und Methoden der verbalen Analyse.<\/span><\/li>\n<li><span>Meisterklasse mit einem der weltweit f\u00fchrenden Experten auf diesem Gebiet.<\/span><\/li>\n<li><span>Ziele: Dem Teilnehmer erm\u00f6glichen, internationale Experten kennenzulernen und sich mit ihnen auszutauschen.<\/span><\/li>\n<\/ul>\n<\/div>\n<div><\/div>\n<\/div>\n<\/div>\n<header class=\"icon-heading\"><span class=\"section-header-icon icon icon-list\"><\/span><h2>Merkmale<span><\/span><\/h2><\/header>\n<h3><span>Zertifizierungen &#8211; Bescheinigungen<\/span><\/h3>\n<p><span>W\u00e4hrend der 4 Trainingseinheiten werden Pr\u00fcfungen durchgef\u00fchrt, um die Kompetenz in verschiedenen Techniken und Methoden der nonverbalen Analyse zu \u00fcberpr\u00fcfen.<\/span><\/p>\n<h3><span>Praktische Analyse\u00fcbungen<\/span><\/h3>\n<p><span>Neben den zahlreichen praktischen \u00dcbungen, die w\u00e4hrend der Lehrmodule stattfinden, haben die Teilnehmer die M\u00f6glichkeit, an vom Dozenten \u00fcberwachten \u00dcbungen teilzunehmen, um die Analyse zu perfektionieren und zu automatisieren. Dar\u00fcber hinaus haben die Masterstudenten kostenlosen Zugang zu \u00dcbungen auf der Plattform, wo sie eine Vielzahl von Videos, Fotos finden, die von erfahrenen Analysten kodiert und dekodiert wurden.<\/span><\/p>\n<h3><span>Betreuung<\/span><\/h3>\n<p><span>Der Teilnehmer hat einen didaktischen Tutor als Ansprechpartner f\u00fcr Fragen und Probleme im Zusammenhang mit dem Kurs und seiner Erfahrung in der Analysepraxis.<\/span><\/p>\n<h3><span>Dozenten<\/span><\/h3>\n<p><span>NeuroComScience ist in Italien f\u00fchrend auf diesem Gebiet. Die Dozenten sind hochspezialisierte Verhaltensanalytiker mit bedeutenden akademischen Titeln und viel Felderfahrung. Siehe die Lebensl\u00e4ufe auf der Seite <\/span><a style=\"margin-left: 2px;\" href=\"https:\/\/lab-ncs.com\/de\/wer-wir-sind\/\" target=\"_blank\" rel=\"noopener\">Wer wir sind<br \/>\n<\/a><\/p>\n<header class=\"icon-heading\"><span class=\"section-header-icon icon icon-price-ribbon\"><\/span><h2>Garantie<span><\/span><\/h2><\/header>\n<p style=\"font-size: 18px;\"><span>Jeder Teilnehmer wird individuell betreut, und am Ende des Masters hat er eine hervorragende Ausbildung in Techniken und Methoden. Der Master-Absolvent ist in der Lage, zuverl\u00e4ssige Interpretationen des Verhaltens vorzunehmen, die Bedeutung von Gesichts-, gestischen motorischen und paraverbalen Ausdr\u00fccken zu erkennen.<\/span><\/p>\n<p style=\"text-align: center;\"><a style=\"font-size: 18px;\" href=\"https:\/\/lab-ncs.com\/testimonianze\/\" target=\"_blank\" rel=\"noopener\">Lesen Sie die Testimonials der Teilnehmer<\/a><\/p>\n<p style=\"font-size: 18px;\"><span>Wichtige Unternehmen und Organisationen w\u00e4hlen NeuroComScience, darunter BMW, Cameo, Trelleborg, Gi group, Exs Italia<\/span><\/p>\n<h3><span>ORT<\/span><\/h3>\n<p><span>&#x1f449; DER MASTER WIRD FERNUNTERST\u00dcTZT. Der Dozent verbindet sich mit den Teilnehmern.<\/span><\/p>\n<p><span style=\"color: #f15a24; font-size: 2.7rem; font-style: inherit; font-weight: 600;\"><br \/>\n<span>TERMINE<\/span><br \/>\n<\/span><\/p>\n<p style=\"text-align: left;\"><span>F\u00fcr den Trainingskalender, schreiben<a href=\"mailto:segreteria@lab-ncs.com\">Sie uns<\/a>. Wir werden Ihnen sofort antworten und Ihnen den Modulkalender zusenden und Sie unterst\u00fctzen, damit Sie Ihre Ziele bestm\u00f6glich erreichen.<\/span>[\/vc_column_text][\/vc_column][\/vc_row]<\/p>\n","protected":false},"excerpt":{"rendered":"<p>[vc_row][vc_column][vc_column_text] [\/vc_column_text][\/vc_column][\/vc_row][vc_row][vc_column][\/vc_column][\/vc_row][vc_row][vc_column width=&#8221;1\/4&#8243;][vc_single_image image=&#8221;27627&#8243; alignment=&#8221;center&#8221;][vc_column_text] VERSTEHEN mit mehr Pr\u00e4zision und Geschwindigkeit Menschen durch die wissenschaftliche Analyse von verbalem und nonverbalem Verhalten[\/vc_column_text][\/vc_column][vc_column width=&#8221;1\/4&#8243;][vc_single_image image=&#8221;27630&#8243; alignment=&#8221;center&#8221;][vc_column_text] INTERPRETIEREN das \u201eUngesagte\u201c angemessen durch die Verwendung von Techniken und Methoden der nonverbalen Analyse[\/vc_column_text][\/vc_column][vc_column width=&#8221;1\/4&#8243;][vc_single_image image=&#8221;27633&#8243; alignment=&#8221;center&#8221;][vc_column_text] LESEN mit wissenschaftlicher Objektivit\u00e4t die Bedeutungen aller Kan\u00e4le: Gesichtsausdr\u00fccke, Gesten, K\u00f6rperhaltungen, nonverbale Aspekte der &hellip; <a href=\"https:\/\/lab-ncs.com\/de\/master-wissenschaftlicher-analyse-von-nonverbalem-verhalten-2\/\" class=\"more-link\">Continue reading<span class=\"screen-reader-text\"> &#8220;Master in Wissenschaftlicher Analyse von nonverbalem Verhalten&#8221;<\/span><\/a><\/p>\n","protected":false},"author":1,"featured_media":0,"parent":0,"menu_order":0,"comment_status":"closed","ping_status":"closed","template":"page-templates\/page-right-sidebar.php","meta":{"om_disable_all_campaigns":false,"_mi_skip_tracking":false},"aioseo_notices":[],"yoast_head":"<!-- This site is optimized with the Yoast SEO plugin v18.6 - https:\/\/yoast.com\/wordpress\/plugins\/seo\/ -->\n<title>Master in Wissenschaftlicher Analyse von nonverbalem Verhalten - NeuroComScience, Laboratorio di analisi comportamentale - Comunicazione non verbale.<\/title>\n<meta name=\"robots\" content=\"index, follow, max-snippet:-1, max-image-preview:large, max-video-preview:-1\" \/>\n<link rel=\"canonical\" href=\"https:\/\/lab-ncs.com\/de\/master-wissenschaftlicher-analyse-von-nonverbalem-verhalten-2\/\" \/>\n<meta property=\"og:locale\" content=\"de_DE\" \/>\n<meta property=\"og:type\" content=\"article\" \/>\n<meta property=\"og:title\" content=\"Master in Wissenschaftlicher Analyse von nonverbalem Verhalten - NeuroComScience, Laboratorio di analisi comportamentale - Comunicazione non verbale.\" \/>\n<meta property=\"og:description\" content=\"[vc_row][vc_column][vc_column_text] [\/vc_column_text][\/vc_column][\/vc_row][vc_row][vc_column][\/vc_column][\/vc_row][vc_row][vc_column width=&#8221;1\/4&#8243;][vc_single_image image=&#8221;27627&#8243; alignment=&#8221;center&#8221;][vc_column_text] VERSTEHEN mit mehr Pr\u00e4zision und Geschwindigkeit Menschen durch die wissenschaftliche Analyse von verbalem und nonverbalem Verhalten[\/vc_column_text][\/vc_column][vc_column width=&#8221;1\/4&#8243;][vc_single_image image=&#8221;27630&#8243; alignment=&#8221;center&#8221;][vc_column_text] INTERPRETIEREN das \u201eUngesagte\u201c angemessen durch die Verwendung von Techniken und Methoden der nonverbalen Analyse[\/vc_column_text][\/vc_column][vc_column width=&#8221;1\/4&#8243;][vc_single_image image=&#8221;27633&#8243; alignment=&#8221;center&#8221;][vc_column_text] LESEN mit wissenschaftlicher Objektivit\u00e4t die Bedeutungen aller Kan\u00e4le: Gesichtsausdr\u00fccke, Gesten, K\u00f6rperhaltungen, nonverbale Aspekte der &hellip; Continue reading &quot;Master in Wissenschaftlicher Analyse von nonverbalem Verhalten&quot;\" \/>\n<meta property=\"og:url\" content=\"https:\/\/lab-ncs.com\/de\/master-wissenschaftlicher-analyse-von-nonverbalem-verhalten-2\/\" \/>\n<meta property=\"og:site_name\" content=\"NeuroComScience, Laboratorio di analisi comportamentale - Comunicazione non verbale.\" \/>\n<meta property=\"article:modified_time\" content=\"2024-01-20T14:27:00+00:00\" \/>\n<meta property=\"og:image\" content=\"https:\/\/lab-ncs.com\/wp-content\/uploads\/2018\/05\/master.jpg\" \/>\n<meta name=\"twitter:label1\" content=\"Gesch\u00e4tzte Lesezeit\" \/>\n\t<meta name=\"twitter:data1\" content=\"3 Minuten\" \/>\n<script type=\"application\/ld+json\" class=\"yoast-schema-graph\">{\"@context\":\"https:\/\/schema.org\",\"@graph\":[{\"@type\":\"WebSite\",\"@id\":\"https:\/\/lab-ncs.com\/#website\",\"url\":\"https:\/\/lab-ncs.com\/\",\"name\":\"NeuroComScience, Laboratorio di analisi comportamentale - Comunicazione non verbale.\",\"description\":\"Analisi delle espressioni facciali\",\"potentialAction\":[{\"@type\":\"SearchAction\",\"target\":{\"@type\":\"EntryPoint\",\"urlTemplate\":\"https:\/\/lab-ncs.com\/?s={search_term_string}\"},\"query-input\":\"required name=search_term_string\"}],\"inLanguage\":\"de-DE\"},{\"@type\":\"ImageObject\",\"@id\":\"https:\/\/lab-ncs.com\/de\/master-wissenschaftlicher-analyse-von-nonverbalem-verhalten-2\/#primaryimage\",\"inLanguage\":\"de-DE\",\"url\":\"\",\"contentUrl\":\"\"},{\"@type\":\"WebPage\",\"@id\":\"https:\/\/lab-ncs.com\/de\/master-wissenschaftlicher-analyse-von-nonverbalem-verhalten-2\/#webpage\",\"url\":\"https:\/\/lab-ncs.com\/de\/master-wissenschaftlicher-analyse-von-nonverbalem-verhalten-2\/\",\"name\":\"Master in Wissenschaftlicher Analyse von nonverbalem Verhalten - NeuroComScience, Laboratorio di analisi comportamentale - Comunicazione non verbale.\",\"isPartOf\":{\"@id\":\"https:\/\/lab-ncs.com\/#website\"},\"primaryImageOfPage\":{\"@id\":\"https:\/\/lab-ncs.com\/de\/master-wissenschaftlicher-analyse-von-nonverbalem-verhalten-2\/#primaryimage\"},\"datePublished\":\"2023-12-22T11:14:36+00:00\",\"dateModified\":\"2024-01-20T14:27:00+00:00\",\"breadcrumb\":{\"@id\":\"https:\/\/lab-ncs.com\/de\/master-wissenschaftlicher-analyse-von-nonverbalem-verhalten-2\/#breadcrumb\"},\"inLanguage\":\"de-DE\",\"potentialAction\":[{\"@type\":\"ReadAction\",\"target\":[\"https:\/\/lab-ncs.com\/de\/master-wissenschaftlicher-analyse-von-nonverbalem-verhalten-2\/\"]}]},{\"@type\":\"BreadcrumbList\",\"@id\":\"https:\/\/lab-ncs.com\/de\/master-wissenschaftlicher-analyse-von-nonverbalem-verhalten-2\/#breadcrumb\",\"itemListElement\":[{\"@type\":\"ListItem\",\"position\":1,\"name\":\"Home\",\"item\":\"https:\/\/lab-ncs.com\/de\/\"},{\"@type\":\"ListItem\",\"position\":2,\"name\":\"Master in Wissenschaftlicher Analyse von nonverbalem Verhalten\"}]}]}<\/script>\n<!-- \/ Yoast SEO plugin. -->","yoast_head_json":{"title":"Master in Wissenschaftlicher Analyse von nonverbalem Verhalten - NeuroComScience, Laboratorio di analisi comportamentale - Comunicazione non verbale.","robots":{"index":"index","follow":"follow","max-snippet":"max-snippet:-1","max-image-preview":"max-image-preview:large","max-video-preview":"max-video-preview:-1"},"canonical":"https:\/\/lab-ncs.com\/de\/master-wissenschaftlicher-analyse-von-nonverbalem-verhalten-2\/","og_locale":"de_DE","og_type":"article","og_title":"Master in Wissenschaftlicher Analyse von nonverbalem Verhalten - NeuroComScience, Laboratorio di analisi comportamentale - Comunicazione non verbale.","og_description":"[vc_row][vc_column][vc_column_text] [\/vc_column_text][\/vc_column][\/vc_row][vc_row][vc_column][\/vc_column][\/vc_row][vc_row][vc_column width=&#8221;1\/4&#8243;][vc_single_image image=&#8221;27627&#8243; alignment=&#8221;center&#8221;][vc_column_text] VERSTEHEN mit mehr Pr\u00e4zision und Geschwindigkeit Menschen durch die wissenschaftliche Analyse von verbalem und nonverbalem Verhalten[\/vc_column_text][\/vc_column][vc_column width=&#8221;1\/4&#8243;][vc_single_image image=&#8221;27630&#8243; alignment=&#8221;center&#8221;][vc_column_text] INTERPRETIEREN das \u201eUngesagte\u201c angemessen durch die Verwendung von Techniken und Methoden der nonverbalen Analyse[\/vc_column_text][\/vc_column][vc_column width=&#8221;1\/4&#8243;][vc_single_image image=&#8221;27633&#8243; alignment=&#8221;center&#8221;][vc_column_text] LESEN mit wissenschaftlicher Objektivit\u00e4t die Bedeutungen aller Kan\u00e4le: Gesichtsausdr\u00fccke, Gesten, K\u00f6rperhaltungen, nonverbale Aspekte der &hellip; Continue reading \"Master in Wissenschaftlicher Analyse von nonverbalem Verhalten\"","og_url":"https:\/\/lab-ncs.com\/de\/master-wissenschaftlicher-analyse-von-nonverbalem-verhalten-2\/","og_site_name":"NeuroComScience, Laboratorio di analisi comportamentale - Comunicazione non verbale.","article_modified_time":"2024-01-20T14:27:00+00:00","og_image":[{"url":"https:\/\/lab-ncs.com\/wp-content\/uploads\/2018\/05\/master.jpg"}],"twitter_misc":{"Gesch\u00e4tzte Lesezeit":"3 Minuten"},"schema":{"@context":"https:\/\/schema.org","@graph":[{"@type":"WebSite","@id":"https:\/\/lab-ncs.com\/#website","url":"https:\/\/lab-ncs.com\/","name":"NeuroComScience, Laboratorio di analisi comportamentale - Comunicazione non verbale.","description":"Analisi delle espressioni facciali","potentialAction":[{"@type":"SearchAction","target":{"@type":"EntryPoint","urlTemplate":"https:\/\/lab-ncs.com\/?s={search_term_string}"},"query-input":"required name=search_term_string"}],"inLanguage":"de-DE"},{"@type":"ImageObject","@id":"https:\/\/lab-ncs.com\/de\/master-wissenschaftlicher-analyse-von-nonverbalem-verhalten-2\/#primaryimage","inLanguage":"de-DE","url":"","contentUrl":""},{"@type":"WebPage","@id":"https:\/\/lab-ncs.com\/de\/master-wissenschaftlicher-analyse-von-nonverbalem-verhalten-2\/#webpage","url":"https:\/\/lab-ncs.com\/de\/master-wissenschaftlicher-analyse-von-nonverbalem-verhalten-2\/","name":"Master in Wissenschaftlicher Analyse von nonverbalem Verhalten - NeuroComScience, Laboratorio di analisi comportamentale - Comunicazione non verbale.","isPartOf":{"@id":"https:\/\/lab-ncs.com\/#website"},"primaryImageOfPage":{"@id":"https:\/\/lab-ncs.com\/de\/master-wissenschaftlicher-analyse-von-nonverbalem-verhalten-2\/#primaryimage"},"datePublished":"2023-12-22T11:14:36+00:00","dateModified":"2024-01-20T14:27:00+00:00","breadcrumb":{"@id":"https:\/\/lab-ncs.com\/de\/master-wissenschaftlicher-analyse-von-nonverbalem-verhalten-2\/#breadcrumb"},"inLanguage":"de-DE","potentialAction":[{"@type":"ReadAction","target":["https:\/\/lab-ncs.com\/de\/master-wissenschaftlicher-analyse-von-nonverbalem-verhalten-2\/"]}]},{"@type":"BreadcrumbList","@id":"https:\/\/lab-ncs.com\/de\/master-wissenschaftlicher-analyse-von-nonverbalem-verhalten-2\/#breadcrumb","itemListElement":[{"@type":"ListItem","position":1,"name":"Home","item":"https:\/\/lab-ncs.com\/de\/"},{"@type":"ListItem","position":2,"name":"Master in Wissenschaftlicher Analyse von nonverbalem Verhalten"}]}]}},"_links":{"self":[{"href":"https:\/\/lab-ncs.com\/de\/wp-json\/wp\/v2\/pages\/34150"}],"collection":[{"href":"https:\/\/lab-ncs.com\/de\/wp-json\/wp\/v2\/pages"}],"about":[{"href":"https:\/\/lab-ncs.com\/de\/wp-json\/wp\/v2\/types\/page"}],"author":[{"embeddable":true,"href":"https:\/\/lab-ncs.com\/de\/wp-json\/wp\/v2\/users\/1"}],"replies":[{"embeddable":true,"href":"https:\/\/lab-ncs.com\/de\/wp-json\/wp\/v2\/comments?post=34150"}],"version-history":[{"count":3,"href":"https:\/\/lab-ncs.com\/de\/wp-json\/wp\/v2\/pages\/34150\/revisions"}],"predecessor-version":[{"id":34339,"href":"https:\/\/lab-ncs.com\/de\/wp-json\/wp\/v2\/pages\/34150\/revisions\/34339"}],"wp:attachment":[{"href":"https:\/\/lab-ncs.com\/de\/wp-json\/wp\/v2\/media?parent=34150"}],"curies":[{"name":"wp","href":"https:\/\/api.w.org\/{rel}","templated":true}]}}