{"id":33987,"date":"2017-01-28T07:43:01","date_gmt":"2017-01-28T07:43:01","guid":{"rendered":"https:\/\/lab-ncs.com\/convenzioni-comunicazione-non-verbale\/"},"modified":"2023-12-13T02:01:32","modified_gmt":"2023-12-13T01:01:32","slug":"konventionen","status":"publish","type":"page","link":"https:\/\/lab-ncs.com\/de\/konventionen\/","title":{"rendered":"Konventionen"},"content":{"rendered":"<table>\n<tbody>\n<tr>\n<td width=\"326\">&nbsp;<a href=\"https:\/\/lab-ncs.com\/wp-content\/uploads\/2015\/08\/universita-di-trieste.png\"><img loading=\"lazy\" class=\" wp-image-27173 alignleft\" src=\"https:\/\/lab-ncs.com\/wp-content\/uploads\/2015\/08\/universita-di-trieste.png\" alt=\"universita di trieste\" width=\"281\" height=\"234\" srcset=\"https:\/\/lab-ncs.com\/wp-content\/uploads\/2015\/08\/universita-di-trieste.png 246w, https:\/\/lab-ncs.com\/wp-content\/uploads\/2015\/08\/universita-di-trieste-150x125.png 150w\" sizes=\"(max-width: 281px) 85vw, 281px\" \/><\/a><\/td>\n<td width=\"326\">NeuroComScience \u00e8 convenzionato con l&#8217;Universit\u00e0 di Trieste, in particolare con il Dipartimento di Scienze della Vita. L&#8217;oggetto della collaborazione \u00e8 lo sviluppo congiunto di&nbsp;progetti di ricerca sperimentale. NeuroComScience fornisce agli studenti esperienze pratiche nel laboratorio e collaborazione nell&#8217;elaborazione&nbsp;delle tesi di laurea. Alcuni studenti meritevoli &nbsp;sono stati sostenuti economicamente nell&#8217;ambito del progetto&nbsp;S.H.A.R.M. \u201cSupporting Human Assets in Research and Mobility\u201d.<\/td>\n<\/tr>\n<tr>\n<td width=\"326\">&nbsp;<a href=\"https:\/\/lab-ncs.com\/wp-content\/uploads\/2015\/08\/area.jpg\"><img loading=\"lazy\" class=\" size-full wp-image-27176 alignleft\" src=\"https:\/\/lab-ncs.com\/wp-content\/uploads\/2015\/08\/area.jpg\" alt=\"area\" width=\"212\" height=\"79\" srcset=\"https:\/\/lab-ncs.com\/wp-content\/uploads\/2015\/08\/area.jpg 212w, https:\/\/lab-ncs.com\/wp-content\/uploads\/2015\/08\/area-150x56.jpg 150w\" sizes=\"(max-width: 212px) 85vw, 212px\" \/><\/a><\/td>\n<td width=\"326\">Area Science Park \u00e8 un&nbsp;Ente Pubblico Nazionale di Ricerca di primo livello, in cui sono insediati quasi duecento laboratori, sia pubblici sia privati. NeuroComScience ha &nbsp;un laboratorio presso il Parco, nella succursale di&nbsp;Gorizia.<\/td>\n<\/tr>\n<tr>\n<td width=\"326\">NeuroComScience ha sviluppato la&nbsp;rete di partnership&nbsp;con &nbsp;varie realt\u00e0 aziendali e pubbliche<\/td>\n<td width=\"326\"><\/td>\n<\/tr>\n<tr>\n<td style=\"text-align: left;\" width=\"326\">&nbsp;<img loading=\"lazy\" class=\" wp-image-27195 alignleft\" src=\"https:\/\/lab-ncs.com\/wp-content\/uploads\/2015\/08\/Marchio-group-300x244.jpg\" alt=\"Marchio group\" width=\"139\" height=\"114\" srcset=\"https:\/\/lab-ncs.com\/wp-content\/uploads\/2015\/08\/Marchio-group-300x244.jpg 300w, https:\/\/lab-ncs.com\/wp-content\/uploads\/2015\/08\/Marchio-group-150x122.jpg 150w, https:\/\/lab-ncs.com\/wp-content\/uploads\/2015\/08\/Marchio-group.jpg 441w\" sizes=\"(max-width: 139px) 85vw, 139px\" \/><\/td>\n<td style=\"text-align: left;\" width=\"326\">La S.I.C.S. \u00e8 un&#8217;Agenzia di Investigazioni Private che opera sul territorio nazionale e internazionale nell&#8217;ambito della Sicurezza Personale. Gli investigatori si sono formati presso il nostro laboratorio. Successivamente si \u00e8 sviluppata una collaborazione nell&#8217;ambito della formazione.&nbsp;http:\/\/www.sics6.com\/sics6\/<\/td>\n<\/tr>\n<tr>\n<td width=\"326\">&nbsp;<img loading=\"lazy\" class=\" wp-image-27198 alignleft\" src=\"https:\/\/lab-ncs.com\/wp-content\/uploads\/2015\/08\/psymind-300x86.jpg\" alt=\"psymind\" width=\"325\" height=\"93\" srcset=\"https:\/\/lab-ncs.com\/wp-content\/uploads\/2015\/08\/psymind-300x86.jpg 300w, https:\/\/lab-ncs.com\/wp-content\/uploads\/2015\/08\/psymind-615x177.jpg 615w, https:\/\/lab-ncs.com\/wp-content\/uploads\/2015\/08\/psymind-150x43.jpg 150w, https:\/\/lab-ncs.com\/wp-content\/uploads\/2015\/08\/psymind-600x172.jpg 600w, https:\/\/lab-ncs.com\/wp-content\/uploads\/2015\/08\/psymind.jpg 940w\" sizes=\"(max-width: 325px) 85vw, 325px\" \/><\/td>\n<td width=\"326\">&nbsp;Lo studio di psicologia, orientato all&#8217;Ipnosi e alla Mindfulness del&nbsp;dott. Alessandro Calderoni svolge interessanti&nbsp;attivit\u00e0 nei pressi di Milano. Con tale realt\u00e0 NeuroComScience ha&nbsp;instaurato un rapporto di amicizia e collaborazione.&nbsp;http:\/\/www.psymind.it\/<\/td>\n<\/tr>\n<tr>\n<td width=\"326\">&nbsp;<a href=\"https:\/\/lab-ncs.com\/wp-content\/uploads\/2015\/08\/cirri.jpg\"><img loading=\"lazy\" class=\" wp-image-27296 alignleft\" src=\"https:\/\/lab-ncs.com\/wp-content\/uploads\/2015\/08\/cirri-300x150.jpg\" alt=\"cirri\" width=\"332\" height=\"166\" srcset=\"https:\/\/lab-ncs.com\/wp-content\/uploads\/2015\/08\/cirri-300x150.jpg 300w, https:\/\/lab-ncs.com\/wp-content\/uploads\/2015\/08\/cirri-615x308.jpg 615w, https:\/\/lab-ncs.com\/wp-content\/uploads\/2015\/08\/cirri-150x75.jpg 150w, https:\/\/lab-ncs.com\/wp-content\/uploads\/2015\/08\/cirri-600x300.jpg 600w, https:\/\/lab-ncs.com\/wp-content\/uploads\/2015\/08\/cirri.jpg 945w\" sizes=\"(max-width: 332px) 85vw, 332px\" \/><\/a><\/td>\n<td width=\"326\">&nbsp;Lo studio Avv. Lorenzo Cirri offre&nbsp;un eccellente servizio in materia di diritto di famiglia e del lavoro nella citt\u00e0 di Firenze. NeuroComScience ha sviluppato una collaborazione con lo studio presso cui si tengono anche i training avanzati di applicazione delle tecniche di analisi del comportamento non verbale.<br \/>\nwww.avvocatofirenze.it<\/td>\n<\/tr>\n<tr>\n<td width=\"326\"><\/td>\n<td width=\"326\"><\/td>\n<\/tr>\n<\/tbody>\n<\/table>\n<p>&nbsp;<\/p>\n<p>LINK INTERESSANTI<\/p>\n<table>\n<tbody>\n<tr>\n<td width=\"326\"><a href=\"http:\/\/www.psicologi-psicoterapeuti.it\/\" target=\"_blank\" rel=\"noopener\">&nbsp;http:\/\/www.psicologi-psicoterapeuti.it\/<\/a><\/td>\n<td width=\"326\">&nbsp;E&#8217; un sito con un ampio elenco di psicologi psicoterapeuti, medici psicoterapeuti, psichiatri e psicoanalisti, che sono autorizzati all&#8217;esercizio della psicoterapia dai rispettivi Ordini di appartenenza.<\/td>\n<\/tr>\n<tr>\n<td width=\"326\">&nbsp;<a href=\"http:\/\/www.cenaf.it\/\">http:\/\/www.cenaf.it\/<\/a><a href=\"https:\/\/lab-ncs.com\/wp-content\/uploads\/2015\/08\/11.jpg\"><img loading=\"lazy\" class=\"alignnone wp-image-27335\" src=\"https:\/\/lab-ncs.com\/wp-content\/uploads\/2015\/08\/11-300x150.jpg\" alt=\"1\" width=\"206\" height=\"103\" srcset=\"https:\/\/lab-ncs.com\/wp-content\/uploads\/2015\/08\/11.jpg 300w, https:\/\/lab-ncs.com\/wp-content\/uploads\/2015\/08\/11-150x75.jpg 150w\" sizes=\"(max-width: 206px) 85vw, 206px\" \/><\/a><\/td>\n<td width=\"326\">&nbsp;Il CENAF<strong>, <\/strong>Centro Nazionale Alta Formazione, organizza Master formativi su tematiche inerenti la mediazione familiare, la psicodinamica delle relazioni familiari, la psicologia sociale, la psicologia giuridica, la psicologia dell\u2019educazione, la sociologia della famiglia, la psicologia dell\u2019educazione e la psicologia dello sviluppo.<\/td>\n<\/tr>\n<tr>\n<td width=\"326\">&nbsp;<a href=\"http:\/\/www.psicologofeltre.it\">http:\/\/www.psicologofeltre.it<\/a><\/td>\n<td width=\"326\">&nbsp;Studio di Psicologia e Psicoterapia la&nbsp;<span style=\"color: #000000;\">Dott.ssa Gilla Comiotto<\/span> propone servizi dipsicoterapia, consulenza e sostegno psicologico rivolti al singolo, alla coppia, alla famiglia, su diverse tipologie di disagio, problematiche o difficolt\u00e0.<\/td>\n<\/tr>\n<tr>\n<td width=\"326\">&nbsp;<a class=\"\" href=\"http:\/\/www.psicologidelbenessere.it\/\" target=\"_blank\" rel=\"noreferrer noopener\">www.psicologidelbenessere.it<\/a><a href=\"https:\/\/lab-ncs.com\/wp-content\/uploads\/2015\/08\/1.png\"><img loading=\"lazy\" class=\"alignnone wp-image-27324\" src=\"https:\/\/lab-ncs.com\/wp-content\/uploads\/2015\/08\/1-300x69.png\" alt=\"1\" width=\"191\" height=\"44\" srcset=\"https:\/\/lab-ncs.com\/wp-content\/uploads\/2015\/08\/1.png 300w, https:\/\/lab-ncs.com\/wp-content\/uploads\/2015\/08\/1-150x35.png 150w\" sizes=\"(max-width: 191px) 85vw, 191px\" \/><\/a><\/td>\n<td width=\"326\">&nbsp;PsicologiDelBenessere \u00e8 un gruppo di psicologi dislocati sul territorio lombardo, che opera primariamente in ambito clinico e giuridico.<\/td>\n<\/tr>\n<tr>\n<td width=\"326\">&nbsp;www.mentesport.net<br \/>\n<a href=\"https:\/\/lab-ncs.com\/wp-content\/uploads\/2015\/08\/mente-e-sport.png\"><img loading=\"lazy\" class=\"alignnone wp-image-27355\" src=\"https:\/\/lab-ncs.com\/wp-content\/uploads\/2015\/08\/mente-e-sport-300x118.png\" alt=\"mente e sport\" width=\"181\" height=\"71\" srcset=\"https:\/\/lab-ncs.com\/wp-content\/uploads\/2015\/08\/mente-e-sport-300x118.png 300w, https:\/\/lab-ncs.com\/wp-content\/uploads\/2015\/08\/mente-e-sport-615x242.png 615w, https:\/\/lab-ncs.com\/wp-content\/uploads\/2015\/08\/mente-e-sport-150x59.png 150w, https:\/\/lab-ncs.com\/wp-content\/uploads\/2015\/08\/mente-e-sport-600x236.png 600w, https:\/\/lab-ncs.com\/wp-content\/uploads\/2015\/08\/mente-e-sport.png 798w\" sizes=\"(max-width: 181px) 85vw, 181px\" \/><\/a><\/td>\n<td width=\"326\">Mente &amp; Sport propone percorsi per gli&nbsp;atleti, la squadra, gli allenatori, i dirigenti, i genitori,&nbsp;pensati in funzione dei ruoli che rivestono e delle dinamiche psicologiche che le caratterizzano.<\/td>\n<\/tr>\n<tr>\n<td width=\"326\"><\/td>\n<td width=\"326\"><\/td>\n<\/tr>\n<tr>\n<td width=\"326\"><\/td>\n<td width=\"326\"><\/td>\n<\/tr>\n<tr>\n<td width=\"326\"><\/td>\n<td width=\"326\"><\/td>\n<\/tr>\n<\/tbody>\n<\/table>\n","protected":false},"excerpt":{"rendered":"<p>&nbsp; NeuroComScience \u00e8 convenzionato con l&#8217;Universit\u00e0 di Trieste, in particolare con il Dipartimento di Scienze della Vita. L&#8217;oggetto della collaborazione \u00e8 lo sviluppo congiunto di&nbsp;progetti di ricerca sperimentale. NeuroComScience fornisce agli studenti esperienze pratiche nel laboratorio e collaborazione nell&#8217;elaborazione&nbsp;delle tesi di laurea. Alcuni studenti meritevoli &nbsp;sono stati sostenuti economicamente nell&#8217;ambito del progetto&nbsp;S.H.A.R.M. \u201cSupporting Human Assets &hellip; <a href=\"https:\/\/lab-ncs.com\/de\/konventionen\/\" class=\"more-link\">Continue reading<span class=\"screen-reader-text\"> &#8220;Konventionen&#8221;<\/span><\/a><\/p>\n","protected":false},"author":2,"featured_media":26241,"parent":0,"menu_order":0,"comment_status":"closed","ping_status":"closed","template":"","meta":{"om_disable_all_campaigns":false},"aioseo_notices":[],"yoast_head":"<!-- This site is optimized with the Yoast SEO plugin v18.6 - https:\/\/yoast.com\/wordpress\/plugins\/seo\/ -->\n<title>Konventionen - NeuroComScience, Laboratorio di analisi comportamentale - Comunicazione non verbale.<\/title>\n<meta name=\"robots\" content=\"index, follow, max-snippet:-1, max-image-preview:large, max-video-preview:-1\" \/>\n<link rel=\"canonical\" href=\"https:\/\/lab-ncs.com\/de\/konventionen\/\" \/>\n<meta property=\"og:locale\" content=\"de_DE\" \/>\n<meta property=\"og:type\" content=\"article\" \/>\n<meta property=\"og:title\" content=\"Konventionen - NeuroComScience, Laboratorio di analisi comportamentale - Comunicazione non verbale.\" \/>\n<meta property=\"og:description\" content=\"&nbsp; NeuroComScience \u00e8 convenzionato con l&#8217;Universit\u00e0 di Trieste, in particolare con il Dipartimento di Scienze della Vita. L&#8217;oggetto della collaborazione \u00e8 lo sviluppo congiunto di&nbsp;progetti di ricerca sperimentale. NeuroComScience fornisce agli studenti esperienze pratiche nel laboratorio e collaborazione nell&#8217;elaborazione&nbsp;delle tesi di laurea. Alcuni studenti meritevoli &nbsp;sono stati sostenuti economicamente nell&#8217;ambito del progetto&nbsp;S.H.A.R.M. \u201cSupporting Human Assets &hellip; Continue reading &quot;Konventionen&quot;\" \/>\n<meta property=\"og:url\" content=\"https:\/\/lab-ncs.com\/de\/konventionen\/\" \/>\n<meta property=\"og:site_name\" content=\"NeuroComScience, Laboratorio di analisi comportamentale - Comunicazione non verbale.\" \/>\n<meta property=\"article:modified_time\" content=\"2023-12-13T01:01:32+00:00\" \/>\n<meta property=\"og:image\" content=\"https:\/\/lab-ncs.com\/wp-content\/uploads\/2013\/11\/personale.png\" \/>\n\t<meta property=\"og:image:width\" content=\"300\" \/>\n\t<meta property=\"og:image:height\" content=\"100\" \/>\n\t<meta property=\"og:image:type\" content=\"image\/png\" \/>\n<meta name=\"twitter:label1\" content=\"Gesch\u00e4tzte Lesezeit\" \/>\n\t<meta name=\"twitter:data1\" content=\"4 Minuten\" \/>\n<script type=\"application\/ld+json\" class=\"yoast-schema-graph\">{\"@context\":\"https:\/\/schema.org\",\"@graph\":[{\"@type\":\"WebSite\",\"@id\":\"https:\/\/lab-ncs.com\/#website\",\"url\":\"https:\/\/lab-ncs.com\/\",\"name\":\"NeuroComScience, Laboratorio di analisi comportamentale - Comunicazione non verbale.\",\"description\":\"Analisi delle espressioni facciali\",\"potentialAction\":[{\"@type\":\"SearchAction\",\"target\":{\"@type\":\"EntryPoint\",\"urlTemplate\":\"https:\/\/lab-ncs.com\/?s={search_term_string}\"},\"query-input\":\"required name=search_term_string\"}],\"inLanguage\":\"de-DE\"},{\"@type\":\"ImageObject\",\"@id\":\"https:\/\/lab-ncs.com\/de\/konventionen\/#primaryimage\",\"inLanguage\":\"de-DE\",\"url\":\"https:\/\/lab-ncs.com\/wp-content\/uploads\/2013\/11\/personale.png\",\"contentUrl\":\"https:\/\/lab-ncs.com\/wp-content\/uploads\/2013\/11\/personale.png\",\"width\":300,\"height\":100},{\"@type\":\"WebPage\",\"@id\":\"https:\/\/lab-ncs.com\/de\/konventionen\/#webpage\",\"url\":\"https:\/\/lab-ncs.com\/de\/konventionen\/\",\"name\":\"Konventionen - NeuroComScience, Laboratorio di analisi comportamentale - Comunicazione non verbale.\",\"isPartOf\":{\"@id\":\"https:\/\/lab-ncs.com\/#website\"},\"primaryImageOfPage\":{\"@id\":\"https:\/\/lab-ncs.com\/de\/konventionen\/#primaryimage\"},\"datePublished\":\"2017-01-28T07:43:01+00:00\",\"dateModified\":\"2023-12-13T01:01:32+00:00\",\"breadcrumb\":{\"@id\":\"https:\/\/lab-ncs.com\/de\/konventionen\/#breadcrumb\"},\"inLanguage\":\"de-DE\",\"potentialAction\":[{\"@type\":\"ReadAction\",\"target\":[\"https:\/\/lab-ncs.com\/de\/konventionen\/\"]}]},{\"@type\":\"BreadcrumbList\",\"@id\":\"https:\/\/lab-ncs.com\/de\/konventionen\/#breadcrumb\",\"itemListElement\":[{\"@type\":\"ListItem\",\"position\":1,\"name\":\"Home\",\"item\":\"https:\/\/lab-ncs.com\/de\/\"},{\"@type\":\"ListItem\",\"position\":2,\"name\":\"Konventionen\"}]}]}<\/script>\n<!-- \/ Yoast SEO plugin. -->","yoast_head_json":{"title":"Konventionen - NeuroComScience, Laboratorio di analisi comportamentale - Comunicazione non verbale.","robots":{"index":"index","follow":"follow","max-snippet":"max-snippet:-1","max-image-preview":"max-image-preview:large","max-video-preview":"max-video-preview:-1"},"canonical":"https:\/\/lab-ncs.com\/de\/konventionen\/","og_locale":"de_DE","og_type":"article","og_title":"Konventionen - NeuroComScience, Laboratorio di analisi comportamentale - Comunicazione non verbale.","og_description":"&nbsp; NeuroComScience \u00e8 convenzionato con l&#8217;Universit\u00e0 di Trieste, in particolare con il Dipartimento di Scienze della Vita. L&#8217;oggetto della collaborazione \u00e8 lo sviluppo congiunto di&nbsp;progetti di ricerca sperimentale. NeuroComScience fornisce agli studenti esperienze pratiche nel laboratorio e collaborazione nell&#8217;elaborazione&nbsp;delle tesi di laurea. Alcuni studenti meritevoli &nbsp;sono stati sostenuti economicamente nell&#8217;ambito del progetto&nbsp;S.H.A.R.M. \u201cSupporting Human Assets &hellip; Continue reading \"Konventionen\"","og_url":"https:\/\/lab-ncs.com\/de\/konventionen\/","og_site_name":"NeuroComScience, Laboratorio di analisi comportamentale - Comunicazione non verbale.","article_modified_time":"2023-12-13T01:01:32+00:00","og_image":[{"width":300,"height":100,"url":"https:\/\/lab-ncs.com\/wp-content\/uploads\/2013\/11\/personale.png","type":"image\/png"}],"twitter_misc":{"Gesch\u00e4tzte Lesezeit":"4 Minuten"},"schema":{"@context":"https:\/\/schema.org","@graph":[{"@type":"WebSite","@id":"https:\/\/lab-ncs.com\/#website","url":"https:\/\/lab-ncs.com\/","name":"NeuroComScience, Laboratorio di analisi comportamentale - Comunicazione non verbale.","description":"Analisi delle espressioni facciali","potentialAction":[{"@type":"SearchAction","target":{"@type":"EntryPoint","urlTemplate":"https:\/\/lab-ncs.com\/?s={search_term_string}"},"query-input":"required name=search_term_string"}],"inLanguage":"de-DE"},{"@type":"ImageObject","@id":"https:\/\/lab-ncs.com\/de\/konventionen\/#primaryimage","inLanguage":"de-DE","url":"https:\/\/lab-ncs.com\/wp-content\/uploads\/2013\/11\/personale.png","contentUrl":"https:\/\/lab-ncs.com\/wp-content\/uploads\/2013\/11\/personale.png","width":300,"height":100},{"@type":"WebPage","@id":"https:\/\/lab-ncs.com\/de\/konventionen\/#webpage","url":"https:\/\/lab-ncs.com\/de\/konventionen\/","name":"Konventionen - NeuroComScience, Laboratorio di analisi comportamentale - Comunicazione non verbale.","isPartOf":{"@id":"https:\/\/lab-ncs.com\/#website"},"primaryImageOfPage":{"@id":"https:\/\/lab-ncs.com\/de\/konventionen\/#primaryimage"},"datePublished":"2017-01-28T07:43:01+00:00","dateModified":"2023-12-13T01:01:32+00:00","breadcrumb":{"@id":"https:\/\/lab-ncs.com\/de\/konventionen\/#breadcrumb"},"inLanguage":"de-DE","potentialAction":[{"@type":"ReadAction","target":["https:\/\/lab-ncs.com\/de\/konventionen\/"]}]},{"@type":"BreadcrumbList","@id":"https:\/\/lab-ncs.com\/de\/konventionen\/#breadcrumb","itemListElement":[{"@type":"ListItem","position":1,"name":"Home","item":"https:\/\/lab-ncs.com\/de\/"},{"@type":"ListItem","position":2,"name":"Konventionen"}]}]}},"_links":{"self":[{"href":"https:\/\/lab-ncs.com\/de\/wp-json\/wp\/v2\/pages\/33987"}],"collection":[{"href":"https:\/\/lab-ncs.com\/de\/wp-json\/wp\/v2\/pages"}],"about":[{"href":"https:\/\/lab-ncs.com\/de\/wp-json\/wp\/v2\/types\/page"}],"author":[{"embeddable":true,"href":"https:\/\/lab-ncs.com\/de\/wp-json\/wp\/v2\/users\/2"}],"replies":[{"embeddable":true,"href":"https:\/\/lab-ncs.com\/de\/wp-json\/wp\/v2\/comments?post=33987"}],"version-history":[{"count":1,"href":"https:\/\/lab-ncs.com\/de\/wp-json\/wp\/v2\/pages\/33987\/revisions"}],"predecessor-version":[{"id":33988,"href":"https:\/\/lab-ncs.com\/de\/wp-json\/wp\/v2\/pages\/33987\/revisions\/33988"}],"wp:featuredmedia":[{"embeddable":true,"href":"https:\/\/lab-ncs.com\/de\/wp-json\/wp\/v2\/media\/26241"}],"wp:attachment":[{"href":"https:\/\/lab-ncs.com\/de\/wp-json\/wp\/v2\/media?parent=33987"}],"curies":[{"name":"wp","href":"https:\/\/api.w.org\/{rel}","templated":true}]}}