{"id":33950,"date":"2019-01-30T15:52:50","date_gmt":"2019-01-30T15:52:50","guid":{"rendered":"https:\/\/lab-ncs.com\/corso-comunicazione-non-verbale\/"},"modified":"2023-12-18T11:10:41","modified_gmt":"2023-12-18T10:10:41","slug":"kurs-zur-verhaltensanalyse-auf-plattform","status":"publish","type":"page","link":"https:\/\/lab-ncs.com\/de\/kurs-zur-verhaltensanalyse-auf-plattform\/","title":{"rendered":"Kurs zur Verhaltensanalyse auf Plattform"},"content":{"rendered":"<p>[vc_row][vc_column][vc_column_text]<header class=\"icon-heading\"><span class=\"section-header-icon icon icon-graduation-cap\"><\/span><h2>Personalisierter Kurs auf einer Plattform f\u00fcr Techniken und Methoden der Verhaltensanalyse<span><\/span><\/h2><\/header><\/p>\n<div class=\"col\">\n<p class=\"lead\"><span>Ein personalisierter, exzellenter Kurs, bei dem der Teilnehmer individuell begleitet wird, um wissenschaftliche Techniken und Methoden der Verhaltensanalyse, sowohl verbal als auch nonverbal, zu erlernen. Man erwirbt eine Reihe von professionellen Kenntnissen, um Verhaltensweisen zu klassifizieren und zuverl\u00e4ssig die Interpretation menschlichen Verhaltens zu extrapolieren.<\/span><\/p>\n<h3><span>Struktur des Ausbildungsprogramms<\/span><\/h3>\n<ul>\n<li><span>Der Dozent und die Teilnehmer legen die Ziele des individuellen Trainings fest<\/span><\/li>\n<li><span>Es werden theoretische Lektionen und praktische \u00dcbungen durchgef\u00fchrt<\/span><\/li>\n<li><span>Der Dozent bereitet den Teilnehmer auf die Zertifizierungspr\u00fcfungen f\u00fcr die Anwendung der Techniken und Methoden vor<\/span><\/li>\n<\/ul>\n<div class=\"row\">\n<div><\/div>\n<div class=\"row\">\n<div><\/div>\n<div><\/div>\n<div><\/div>\n<h3><span>Dozenten<\/span><\/h3>\n<h3><\/h3>\n<\/div>\n<p><span>Hochspezialisierte Verhaltensanalytiker in Techniken der Verhaltensanalyse, sowohl verbal als auch nonverbal. Sie verf\u00fcgen \u00fcber bemerkenswerte akademische Titel und viel Erfahrung im Feld, wobei sie t\u00e4glich Techniken, Methoden und Werkzeuge anwenden. Sie haben erfolgreich Tausende von Menschen ausgebildet. Sehen Sie die Lebensl\u00e4ufe auf der Seite <\/span><a href=\"https:\/\/lab-ncs.com\/chi-siamo-3\/\" target=\"_blank\" rel=\"noopener\">Wer wir sind<\/a><\/p>\n<h3><span>Ort<\/span><\/h3>\n<\/div>\n<p><span>Sie treffen den Dozenten bei Ihnen zu Hause \u00fcber die Lehrplattform oder\/e und Skype zu den vereinbarten Zeiten.<\/span><\/p>\n<p>&nbsp;<\/p>\n<p><a href=\"https:\/\/lab-ncs.com\/testimonianze\/\" target=\"_blank\" rel=\"noopener\">Lesen Sie die Testimonials von Kursteilnehmern<\/a> <span>die die NeuroComScience-Kurse besucht haben<\/span><\/p>\n<\/div>\n","protected":false},"excerpt":{"rendered":"<p>[vc_row][vc_column][vc_column_text] Ein personalisierter, exzellenter Kurs, bei dem der Teilnehmer individuell begleitet wird, um wissenschaftliche Techniken und Methoden der Verhaltensanalyse, sowohl verbal als auch nonverbal, zu erlernen. Man erwirbt eine Reihe von professionellen Kenntnissen, um Verhaltensweisen zu klassifizieren und zuverl\u00e4ssig die Interpretation menschlichen Verhaltens zu extrapolieren. Struktur des Ausbildungsprogramms Der Dozent und die Teilnehmer legen die &hellip; <a href=\"https:\/\/lab-ncs.com\/de\/kurs-zur-verhaltensanalyse-auf-plattform\/\" class=\"more-link\">Continue reading<span class=\"screen-reader-text\"> &#8220;Kurs zur Verhaltensanalyse auf Plattform&#8221;<\/span><\/a><\/p>\n","protected":false},"author":1,"featured_media":0,"parent":0,"menu_order":0,"comment_status":"closed","ping_status":"closed","template":"page-templates\/page-right-sidebar.php","meta":{"om_disable_all_campaigns":false},"aioseo_notices":[],"yoast_head":"<!-- This site is optimized with the Yoast SEO plugin v18.6 - https:\/\/yoast.com\/wordpress\/plugins\/seo\/ -->\n<title>analisi comportamentale<\/title>\n<meta name=\"description\" content=\"analisi comportamentale, corso per la lettura delle espressioni facciali e motorio gestuali, comunicazione non verbale\" \/>\n<meta name=\"robots\" content=\"index, follow, max-snippet:-1, max-image-preview:large, max-video-preview:-1\" \/>\n<link rel=\"canonical\" href=\"https:\/\/lab-ncs.com\/de\/kurs-zur-verhaltensanalyse-auf-plattform\/\" \/>\n<meta property=\"og:locale\" content=\"de_DE\" \/>\n<meta property=\"og:type\" content=\"article\" \/>\n<meta property=\"og:title\" content=\"analisi comportamentale\" \/>\n<meta property=\"og:description\" content=\"analisi comportamentale, corso per la lettura delle espressioni facciali e motorio gestuali, comunicazione non verbale\" \/>\n<meta property=\"og:url\" content=\"https:\/\/lab-ncs.com\/de\/kurs-zur-verhaltensanalyse-auf-plattform\/\" \/>\n<meta property=\"og:site_name\" content=\"NeuroComScience, Laboratorio di analisi comportamentale - Comunicazione non verbale.\" \/>\n<meta property=\"article:modified_time\" content=\"2023-12-18T10:10:41+00:00\" \/>\n<meta property=\"og:image\" content=\"https:\/\/lab-ncs.com\/wp-content\/uploads\/2018\/05\/master.jpg\" \/>\n<meta name=\"twitter:label1\" content=\"Gesch\u00e4tzte Lesezeit\" \/>\n\t<meta name=\"twitter:data1\" content=\"1 Minute\" \/>\n<script type=\"application\/ld+json\" class=\"yoast-schema-graph\">{\"@context\":\"https:\/\/schema.org\",\"@graph\":[{\"@type\":\"WebSite\",\"@id\":\"https:\/\/lab-ncs.com\/#website\",\"url\":\"https:\/\/lab-ncs.com\/\",\"name\":\"NeuroComScience, Laboratorio di analisi comportamentale - Comunicazione non verbale.\",\"description\":\"Analisi delle espressioni facciali\",\"potentialAction\":[{\"@type\":\"SearchAction\",\"target\":{\"@type\":\"EntryPoint\",\"urlTemplate\":\"https:\/\/lab-ncs.com\/?s={search_term_string}\"},\"query-input\":\"required name=search_term_string\"}],\"inLanguage\":\"de-DE\"},{\"@type\":\"ImageObject\",\"@id\":\"https:\/\/lab-ncs.com\/de\/kurs-zur-verhaltensanalyse-auf-plattform\/#primaryimage\",\"inLanguage\":\"de-DE\",\"url\":\"\",\"contentUrl\":\"\"},{\"@type\":\"WebPage\",\"@id\":\"https:\/\/lab-ncs.com\/de\/kurs-zur-verhaltensanalyse-auf-plattform\/#webpage\",\"url\":\"https:\/\/lab-ncs.com\/de\/kurs-zur-verhaltensanalyse-auf-plattform\/\",\"name\":\"analisi comportamentale\",\"isPartOf\":{\"@id\":\"https:\/\/lab-ncs.com\/#website\"},\"datePublished\":\"2019-01-30T15:52:50+00:00\",\"dateModified\":\"2023-12-18T10:10:41+00:00\",\"description\":\"analisi comportamentale, corso per la lettura delle espressioni facciali e motorio gestuali, comunicazione non verbale\",\"breadcrumb\":{\"@id\":\"https:\/\/lab-ncs.com\/de\/kurs-zur-verhaltensanalyse-auf-plattform\/#breadcrumb\"},\"inLanguage\":\"de-DE\",\"potentialAction\":[{\"@type\":\"ReadAction\",\"target\":[\"https:\/\/lab-ncs.com\/de\/kurs-zur-verhaltensanalyse-auf-plattform\/\"]}]},{\"@type\":\"BreadcrumbList\",\"@id\":\"https:\/\/lab-ncs.com\/de\/kurs-zur-verhaltensanalyse-auf-plattform\/#breadcrumb\",\"itemListElement\":[{\"@type\":\"ListItem\",\"position\":1,\"name\":\"Home\",\"item\":\"https:\/\/lab-ncs.com\/de\/\"},{\"@type\":\"ListItem\",\"position\":2,\"name\":\"Kurs zur Verhaltensanalyse auf Plattform\"}]}]}<\/script>\n<!-- \/ Yoast SEO plugin. -->","yoast_head_json":{"title":"analisi comportamentale","description":"analisi comportamentale, corso per la lettura delle espressioni facciali e motorio gestuali, comunicazione non verbale","robots":{"index":"index","follow":"follow","max-snippet":"max-snippet:-1","max-image-preview":"max-image-preview:large","max-video-preview":"max-video-preview:-1"},"canonical":"https:\/\/lab-ncs.com\/de\/kurs-zur-verhaltensanalyse-auf-plattform\/","og_locale":"de_DE","og_type":"article","og_title":"analisi comportamentale","og_description":"analisi comportamentale, corso per la lettura delle espressioni facciali e motorio gestuali, comunicazione non verbale","og_url":"https:\/\/lab-ncs.com\/de\/kurs-zur-verhaltensanalyse-auf-plattform\/","og_site_name":"NeuroComScience, Laboratorio di analisi comportamentale - Comunicazione non verbale.","article_modified_time":"2023-12-18T10:10:41+00:00","og_image":[{"url":"https:\/\/lab-ncs.com\/wp-content\/uploads\/2018\/05\/master.jpg"}],"twitter_misc":{"Gesch\u00e4tzte Lesezeit":"1 Minute"},"schema":{"@context":"https:\/\/schema.org","@graph":[{"@type":"WebSite","@id":"https:\/\/lab-ncs.com\/#website","url":"https:\/\/lab-ncs.com\/","name":"NeuroComScience, Laboratorio di analisi comportamentale - Comunicazione non verbale.","description":"Analisi delle espressioni facciali","potentialAction":[{"@type":"SearchAction","target":{"@type":"EntryPoint","urlTemplate":"https:\/\/lab-ncs.com\/?s={search_term_string}"},"query-input":"required name=search_term_string"}],"inLanguage":"de-DE"},{"@type":"ImageObject","@id":"https:\/\/lab-ncs.com\/de\/kurs-zur-verhaltensanalyse-auf-plattform\/#primaryimage","inLanguage":"de-DE","url":"","contentUrl":""},{"@type":"WebPage","@id":"https:\/\/lab-ncs.com\/de\/kurs-zur-verhaltensanalyse-auf-plattform\/#webpage","url":"https:\/\/lab-ncs.com\/de\/kurs-zur-verhaltensanalyse-auf-plattform\/","name":"analisi comportamentale","isPartOf":{"@id":"https:\/\/lab-ncs.com\/#website"},"datePublished":"2019-01-30T15:52:50+00:00","dateModified":"2023-12-18T10:10:41+00:00","description":"analisi comportamentale, corso per la lettura delle espressioni facciali e motorio gestuali, comunicazione non verbale","breadcrumb":{"@id":"https:\/\/lab-ncs.com\/de\/kurs-zur-verhaltensanalyse-auf-plattform\/#breadcrumb"},"inLanguage":"de-DE","potentialAction":[{"@type":"ReadAction","target":["https:\/\/lab-ncs.com\/de\/kurs-zur-verhaltensanalyse-auf-plattform\/"]}]},{"@type":"BreadcrumbList","@id":"https:\/\/lab-ncs.com\/de\/kurs-zur-verhaltensanalyse-auf-plattform\/#breadcrumb","itemListElement":[{"@type":"ListItem","position":1,"name":"Home","item":"https:\/\/lab-ncs.com\/de\/"},{"@type":"ListItem","position":2,"name":"Kurs zur Verhaltensanalyse auf Plattform"}]}]}},"_links":{"self":[{"href":"https:\/\/lab-ncs.com\/de\/wp-json\/wp\/v2\/pages\/33950"}],"collection":[{"href":"https:\/\/lab-ncs.com\/de\/wp-json\/wp\/v2\/pages"}],"about":[{"href":"https:\/\/lab-ncs.com\/de\/wp-json\/wp\/v2\/types\/page"}],"author":[{"embeddable":true,"href":"https:\/\/lab-ncs.com\/de\/wp-json\/wp\/v2\/users\/1"}],"replies":[{"embeddable":true,"href":"https:\/\/lab-ncs.com\/de\/wp-json\/wp\/v2\/comments?post=33950"}],"version-history":[{"count":3,"href":"https:\/\/lab-ncs.com\/de\/wp-json\/wp\/v2\/pages\/33950\/revisions"}],"predecessor-version":[{"id":34044,"href":"https:\/\/lab-ncs.com\/de\/wp-json\/wp\/v2\/pages\/33950\/revisions\/34044"}],"wp:attachment":[{"href":"https:\/\/lab-ncs.com\/de\/wp-json\/wp\/v2\/media?parent=33950"}],"curies":[{"name":"wp","href":"https:\/\/api.w.org\/{rel}","templated":true}]}}