{"id":24225,"date":"2020-05-16T02:34:09","date_gmt":"2020-05-16T02:34:09","guid":{"rendered":"https:\/\/lab-ncs.com\/?page_id=24225"},"modified":"2023-12-12T23:18:31","modified_gmt":"2023-12-12T22:18:31","slug":"spitzenleistung","status":"publish","type":"page","link":"https:\/\/lab-ncs.com\/de\/","title":{"rendered":"Spitzenleistung"},"content":{"rendered":"<p>Das NeuroComScience Laboratory gewann den ersten Preis f\u00fcr seine Forschungs-, Innovations- und Verhaltensanalyse-Beratungst\u00e4tigkeiten im Rahmen des laufenden Projekts im Polo scientifico AREA Science Park.<\/p>\n<p>NeuroComScience ist der italienische Ma\u00dfstab f\u00fcr Techniken der nonverbalen Verhaltensanalyse mit einer starken Spezialisierung im professionellen Bereich. Es f\u00fchrt Beratungen im ganzen Land und im Ausland durch.<\/p>\n","protected":false},"excerpt":{"rendered":"<p>Das NeuroComScience Laboratory gewann den ersten Preis f\u00fcr seine Forschungs-, Innovations- und Verhaltensanalyse-Beratungst\u00e4tigkeiten im Rahmen des laufenden Projekts im Polo scientifico AREA Science Park. NeuroComScience ist der italienische Ma\u00dfstab f\u00fcr Techniken der nonverbalen Verhaltensanalyse mit einer starken Spezialisierung im professionellen Bereich. Es f\u00fchrt Beratungen im ganzen Land und im Ausland durch.<\/p>\n","protected":false},"author":1,"featured_media":0,"parent":0,"menu_order":0,"comment_status":"closed","ping_status":"closed","template":"","meta":{"om_disable_all_campaigns":false},"aioseo_notices":[],"yoast_head":"<!-- This site is optimized with the Yoast SEO plugin v18.6 - https:\/\/yoast.com\/wordpress\/plugins\/seo\/ -->\n<title>Spitzenleistung - NeuroComScience, Laboratorio di analisi comportamentale - Comunicazione non verbale.<\/title>\n<meta name=\"robots\" content=\"index, follow, max-snippet:-1, max-image-preview:large, max-video-preview:-1\" \/>\n<link rel=\"canonical\" href=\"https:\/\/lab-ncs.com\/de\/\" \/>\n<meta property=\"og:locale\" content=\"de_DE\" \/>\n<meta property=\"og:type\" content=\"article\" \/>\n<meta property=\"og:title\" content=\"Spitzenleistung - NeuroComScience, Laboratorio di analisi comportamentale - Comunicazione non verbale.\" \/>\n<meta property=\"og:description\" content=\"Das NeuroComScience Laboratory gewann den ersten Preis f\u00fcr seine Forschungs-, Innovations- und Verhaltensanalyse-Beratungst\u00e4tigkeiten im Rahmen des laufenden Projekts im Polo scientifico AREA Science Park. NeuroComScience ist der italienische Ma\u00dfstab f\u00fcr Techniken der nonverbalen Verhaltensanalyse mit einer starken Spezialisierung im professionellen Bereich. Es f\u00fchrt Beratungen im ganzen Land und im Ausland durch.\" \/>\n<meta property=\"og:url\" content=\"https:\/\/lab-ncs.com\/de\/\" \/>\n<meta property=\"og:site_name\" content=\"NeuroComScience, Laboratorio di analisi comportamentale - Comunicazione non verbale.\" \/>\n<meta property=\"article:modified_time\" content=\"2023-12-12T22:18:31+00:00\" \/>\n<meta name=\"twitter:label1\" content=\"Gesch\u00e4tzte Lesezeit\" \/>\n\t<meta name=\"twitter:data1\" content=\"1 Minute\" \/>\n<script type=\"application\/ld+json\" class=\"yoast-schema-graph\">{\"@context\":\"https:\/\/schema.org\",\"@graph\":[{\"@type\":\"WebSite\",\"@id\":\"https:\/\/lab-ncs.com\/#website\",\"url\":\"https:\/\/lab-ncs.com\/\",\"name\":\"NeuroComScience, Laboratorio di analisi comportamentale - Comunicazione non verbale.\",\"description\":\"Analisi delle espressioni facciali\",\"potentialAction\":[{\"@type\":\"SearchAction\",\"target\":{\"@type\":\"EntryPoint\",\"urlTemplate\":\"https:\/\/lab-ncs.com\/?s={search_term_string}\"},\"query-input\":\"required name=search_term_string\"}],\"inLanguage\":\"de-DE\"},{\"@type\":\"WebPage\",\"@id\":\"https:\/\/lab-ncs.com\/de\/#webpage\",\"url\":\"https:\/\/lab-ncs.com\/de\/\",\"name\":\"Spitzenleistung - NeuroComScience, Laboratorio di analisi comportamentale - Comunicazione non verbale.\",\"isPartOf\":{\"@id\":\"https:\/\/lab-ncs.com\/#website\"},\"datePublished\":\"2020-05-16T02:34:09+00:00\",\"dateModified\":\"2023-12-12T22:18:31+00:00\",\"breadcrumb\":{\"@id\":\"https:\/\/lab-ncs.com\/de\/#breadcrumb\"},\"inLanguage\":\"de-DE\",\"potentialAction\":[{\"@type\":\"ReadAction\",\"target\":[\"https:\/\/lab-ncs.com\/de\/\"]}]},{\"@type\":\"BreadcrumbList\",\"@id\":\"https:\/\/lab-ncs.com\/de\/#breadcrumb\",\"itemListElement\":[{\"@type\":\"ListItem\",\"position\":1,\"name\":\"Home\",\"item\":\"https:\/\/lab-ncs.com\/de\/\"},{\"@type\":\"ListItem\",\"position\":2,\"name\":\"Spitzenleistung\"}]}]}<\/script>\n<!-- \/ Yoast SEO plugin. -->","yoast_head_json":{"title":"Spitzenleistung - NeuroComScience, Laboratorio di analisi comportamentale - Comunicazione non verbale.","robots":{"index":"index","follow":"follow","max-snippet":"max-snippet:-1","max-image-preview":"max-image-preview:large","max-video-preview":"max-video-preview:-1"},"canonical":"https:\/\/lab-ncs.com\/de\/","og_locale":"de_DE","og_type":"article","og_title":"Spitzenleistung - NeuroComScience, Laboratorio di analisi comportamentale - Comunicazione non verbale.","og_description":"Das NeuroComScience Laboratory gewann den ersten Preis f\u00fcr seine Forschungs-, Innovations- und Verhaltensanalyse-Beratungst\u00e4tigkeiten im Rahmen des laufenden Projekts im Polo scientifico AREA Science Park. NeuroComScience ist der italienische Ma\u00dfstab f\u00fcr Techniken der nonverbalen Verhaltensanalyse mit einer starken Spezialisierung im professionellen Bereich. Es f\u00fchrt Beratungen im ganzen Land und im Ausland durch.","og_url":"https:\/\/lab-ncs.com\/de\/","og_site_name":"NeuroComScience, Laboratorio di analisi comportamentale - Comunicazione non verbale.","article_modified_time":"2023-12-12T22:18:31+00:00","twitter_misc":{"Gesch\u00e4tzte Lesezeit":"1 Minute"},"schema":{"@context":"https:\/\/schema.org","@graph":[{"@type":"WebSite","@id":"https:\/\/lab-ncs.com\/#website","url":"https:\/\/lab-ncs.com\/","name":"NeuroComScience, Laboratorio di analisi comportamentale - Comunicazione non verbale.","description":"Analisi delle espressioni facciali","potentialAction":[{"@type":"SearchAction","target":{"@type":"EntryPoint","urlTemplate":"https:\/\/lab-ncs.com\/?s={search_term_string}"},"query-input":"required name=search_term_string"}],"inLanguage":"de-DE"},{"@type":"WebPage","@id":"https:\/\/lab-ncs.com\/de\/#webpage","url":"https:\/\/lab-ncs.com\/de\/","name":"Spitzenleistung - NeuroComScience, Laboratorio di analisi comportamentale - Comunicazione non verbale.","isPartOf":{"@id":"https:\/\/lab-ncs.com\/#website"},"datePublished":"2020-05-16T02:34:09+00:00","dateModified":"2023-12-12T22:18:31+00:00","breadcrumb":{"@id":"https:\/\/lab-ncs.com\/de\/#breadcrumb"},"inLanguage":"de-DE","potentialAction":[{"@type":"ReadAction","target":["https:\/\/lab-ncs.com\/de\/"]}]},{"@type":"BreadcrumbList","@id":"https:\/\/lab-ncs.com\/de\/#breadcrumb","itemListElement":[{"@type":"ListItem","position":1,"name":"Home","item":"https:\/\/lab-ncs.com\/de\/"},{"@type":"ListItem","position":2,"name":"Spitzenleistung"}]}]}},"_links":{"self":[{"href":"https:\/\/lab-ncs.com\/de\/wp-json\/wp\/v2\/pages\/24225"}],"collection":[{"href":"https:\/\/lab-ncs.com\/de\/wp-json\/wp\/v2\/pages"}],"about":[{"href":"https:\/\/lab-ncs.com\/de\/wp-json\/wp\/v2\/types\/page"}],"author":[{"embeddable":true,"href":"https:\/\/lab-ncs.com\/de\/wp-json\/wp\/v2\/users\/1"}],"replies":[{"embeddable":true,"href":"https:\/\/lab-ncs.com\/de\/wp-json\/wp\/v2\/comments?post=24225"}],"version-history":[{"count":1,"href":"https:\/\/lab-ncs.com\/de\/wp-json\/wp\/v2\/pages\/24225\/revisions"}],"predecessor-version":[{"id":24226,"href":"https:\/\/lab-ncs.com\/de\/wp-json\/wp\/v2\/pages\/24225\/revisions\/24226"}],"wp:attachment":[{"href":"https:\/\/lab-ncs.com\/de\/wp-json\/wp\/v2\/media?parent=24225"}],"curies":[{"name":"wp","href":"https:\/\/api.w.org\/{rel}","templated":true}]}}