{"id":24222,"date":"2020-05-16T01:38:46","date_gmt":"2020-05-16T01:38:46","guid":{"rendered":"https:\/\/lab-ncs.com\/?page_id=24222"},"modified":"2020-05-16T01:38:46","modified_gmt":"2020-05-16T01:38:46","slug":"wissenschaftliche-forschung","status":"publish","type":"page","link":"https:\/\/lab-ncs.com\/de\/wissenschaftliche-forschung\/","title":{"rendered":"Wissenschaftliche Forschung"},"content":{"rendered":"<header class=\"icon-heading\"><span class=\"section-header-icon icon icon-light-bulb\"><\/span><h2>Wissenschaftliche Forschung<span><\/span><\/h2><\/header>\n<p>NeuroComScience entwickelt <strong>experimentelle Studien<\/strong> zur Interpretation menschlichen Verhaltens, die f\u00fcr Unternehmen, Institutionen, Fachleute und f\u00fcr die Anwendung in der Praxis sehr wertvoll sind. NCS arbeitet mit verschiedenen italienischen Universit\u00e4ten zusammen und hat eine Vereinbarung mit der Abteilung f\u00fcr Biowissenschaften der Universit\u00e4t Triest. Unser Labor unterst\u00fctzt Universit\u00e4tsarbeiten und Forschungsstipendien f\u00fcr Postgraduierte.<\/p>\n<p>Im Jahr 2013 hat unser Labor den ersten Preis f\u00fcr industrielle Forschung, experimentelle Entwicklung und Innovation der TechnoArea in Gorizia gewonnen. Das Forschungslabor ist mit einem Laborkontrollraum, Mikrokameras, Videokameras und Instrumenten zur Messung der physiologischen Variationen ausgestattet.<\/p>\n<header class=\"icon-heading\"><span class=\"section-header-icon icon icon-cog\"><\/span><h2>Laufende Projekte<span><\/span><\/h2><\/header>\n<div class=\"container container-narrow\">\n<div class=\"row\">\n<div class=\"item item-gutter\">\n<h3>Forschungsstudie &#8220;K\u00d6RPER- UND GESICHTSANALYSE IN DER PERSONALBESCHAFFUNG&#8221;<\/h3>\n<p>Innovative Instrumente, die von Personalvermittlern bei Einstellungsgespr\u00e4chen verwendet werden, um das Verhalten des Kandidaten in der zuk\u00fcnftigen Arbeitsumgebung mit gr\u00f6\u00dfter Genauigkeit vorherzusagen.<\/p>\n<\/div>\n<div class=\"item\">\n<h3>Forschungsstudie &#8220;ANALYSE VON NONVERBALEM VERHALTEN IN ZEUGENAUSSAGEN&#8221;<\/h3>\n<p>Forschung zu Verhaltensindikatoren des L\u00fcgens f\u00fcr Ermittler. F\u00fcr diese Forschung wurde uns ein Drei-Jahres-Stipendium gew\u00e4hrt, von 2016 bis 2019.<\/p>\n<\/div>\n<\/div>\n<div class=\"row\">\n<div class=\"item item-gutter\">\n<h3>BODY CODING SYSTEM Technik<\/h3>\n<p>Fortgeschrittene Methoden und Techniken f\u00fcr eine systematische Beschreibung und Interpretation der K\u00f6rpersprache.<\/p>\n<\/div>\n<div class=\"item\">\n<h3>Projekt &#8220;AUTISMUS-SPEKTRUM-ST\u00d6RUNGEN UND NONVERBALE KOMMUNIKATION&#8221;<\/h3>\n<p>Entwicklung neuer Interventionsmethoden zur Verbesserung der Verhaltens- und Beziehungsbereiche von Kindern und Jugendlichen, die von St\u00f6rungen des autistischen Spektrums betroffen sind.<\/p>\n<\/div>\n<\/div>\n<\/div>\n","protected":false},"excerpt":{"rendered":"<p>NeuroComScience entwickelt experimentelle Studien zur Interpretation menschlichen Verhaltens, die f\u00fcr Unternehmen, Institutionen, Fachleute und f\u00fcr die Anwendung in der Praxis sehr wertvoll sind. NCS arbeitet mit verschiedenen italienischen Universit\u00e4ten zusammen und hat eine Vereinbarung mit der Abteilung f\u00fcr Biowissenschaften der Universit\u00e4t Triest. Unser Labor unterst\u00fctzt Universit\u00e4tsarbeiten und Forschungsstipendien f\u00fcr Postgraduierte. Im Jahr 2013 hat unser &hellip; <a href=\"https:\/\/lab-ncs.com\/de\/wissenschaftliche-forschung\/\" class=\"more-link\">Continue reading<span class=\"screen-reader-text\"> &#8220;Wissenschaftliche Forschung&#8221;<\/span><\/a><\/p>\n","protected":false},"author":1,"featured_media":0,"parent":0,"menu_order":0,"comment_status":"closed","ping_status":"closed","template":"page-templates\/page-right-sidebar.php","meta":{"om_disable_all_campaigns":false,"_mi_skip_tracking":false},"aioseo_notices":[],"yoast_head":"<!-- This site is optimized with the Yoast SEO plugin v18.6 - https:\/\/yoast.com\/wordpress\/plugins\/seo\/ -->\n<title>Wissenschaftliche Forschung - NeuroComScience, Laboratorio di analisi comportamentale - Comunicazione non verbale.<\/title>\n<meta name=\"robots\" content=\"index, follow, max-snippet:-1, max-image-preview:large, max-video-preview:-1\" \/>\n<link rel=\"canonical\" href=\"https:\/\/lab-ncs.com\/de\/wissenschaftliche-forschung\/\" \/>\n<meta property=\"og:locale\" content=\"de_DE\" \/>\n<meta property=\"og:type\" content=\"article\" \/>\n<meta property=\"og:title\" content=\"Wissenschaftliche Forschung - NeuroComScience, Laboratorio di analisi comportamentale - Comunicazione non verbale.\" \/>\n<meta property=\"og:description\" content=\"NeuroComScience entwickelt experimentelle Studien zur Interpretation menschlichen Verhaltens, die f\u00fcr Unternehmen, Institutionen, Fachleute und f\u00fcr die Anwendung in der Praxis sehr wertvoll sind. NCS arbeitet mit verschiedenen italienischen Universit\u00e4ten zusammen und hat eine Vereinbarung mit der Abteilung f\u00fcr Biowissenschaften der Universit\u00e4t Triest. Unser Labor unterst\u00fctzt Universit\u00e4tsarbeiten und Forschungsstipendien f\u00fcr Postgraduierte. Im Jahr 2013 hat unser &hellip; Continue reading &quot;Wissenschaftliche Forschung&quot;\" \/>\n<meta property=\"og:url\" content=\"https:\/\/lab-ncs.com\/de\/wissenschaftliche-forschung\/\" \/>\n<meta property=\"og:site_name\" content=\"NeuroComScience, Laboratorio di analisi comportamentale - Comunicazione non verbale.\" \/>\n<meta name=\"twitter:label1\" content=\"Gesch\u00e4tzte Lesezeit\" \/>\n\t<meta name=\"twitter:data1\" content=\"1 Minute\" \/>\n<script type=\"application\/ld+json\" class=\"yoast-schema-graph\">{\"@context\":\"https:\/\/schema.org\",\"@graph\":[{\"@type\":\"WebSite\",\"@id\":\"https:\/\/lab-ncs.com\/#website\",\"url\":\"https:\/\/lab-ncs.com\/\",\"name\":\"NeuroComScience, Laboratorio di analisi comportamentale - Comunicazione non verbale.\",\"description\":\"Analisi delle espressioni facciali\",\"potentialAction\":[{\"@type\":\"SearchAction\",\"target\":{\"@type\":\"EntryPoint\",\"urlTemplate\":\"https:\/\/lab-ncs.com\/?s={search_term_string}\"},\"query-input\":\"required name=search_term_string\"}],\"inLanguage\":\"de-DE\"},{\"@type\":\"WebPage\",\"@id\":\"https:\/\/lab-ncs.com\/de\/wissenschaftliche-forschung\/#webpage\",\"url\":\"https:\/\/lab-ncs.com\/de\/wissenschaftliche-forschung\/\",\"name\":\"Wissenschaftliche Forschung - NeuroComScience, Laboratorio di analisi comportamentale - Comunicazione non verbale.\",\"isPartOf\":{\"@id\":\"https:\/\/lab-ncs.com\/#website\"},\"datePublished\":\"2020-05-16T01:38:46+00:00\",\"dateModified\":\"2020-05-16T01:38:46+00:00\",\"breadcrumb\":{\"@id\":\"https:\/\/lab-ncs.com\/de\/wissenschaftliche-forschung\/#breadcrumb\"},\"inLanguage\":\"de-DE\",\"potentialAction\":[{\"@type\":\"ReadAction\",\"target\":[\"https:\/\/lab-ncs.com\/de\/wissenschaftliche-forschung\/\"]}]},{\"@type\":\"BreadcrumbList\",\"@id\":\"https:\/\/lab-ncs.com\/de\/wissenschaftliche-forschung\/#breadcrumb\",\"itemListElement\":[{\"@type\":\"ListItem\",\"position\":1,\"name\":\"Home\",\"item\":\"https:\/\/lab-ncs.com\/de\/\"},{\"@type\":\"ListItem\",\"position\":2,\"name\":\"Wissenschaftliche Forschung\"}]}]}<\/script>\n<!-- \/ Yoast SEO plugin. -->","yoast_head_json":{"title":"Wissenschaftliche Forschung - NeuroComScience, Laboratorio di analisi comportamentale - Comunicazione non verbale.","robots":{"index":"index","follow":"follow","max-snippet":"max-snippet:-1","max-image-preview":"max-image-preview:large","max-video-preview":"max-video-preview:-1"},"canonical":"https:\/\/lab-ncs.com\/de\/wissenschaftliche-forschung\/","og_locale":"de_DE","og_type":"article","og_title":"Wissenschaftliche Forschung - NeuroComScience, Laboratorio di analisi comportamentale - Comunicazione non verbale.","og_description":"NeuroComScience entwickelt experimentelle Studien zur Interpretation menschlichen Verhaltens, die f\u00fcr Unternehmen, Institutionen, Fachleute und f\u00fcr die Anwendung in der Praxis sehr wertvoll sind. NCS arbeitet mit verschiedenen italienischen Universit\u00e4ten zusammen und hat eine Vereinbarung mit der Abteilung f\u00fcr Biowissenschaften der Universit\u00e4t Triest. Unser Labor unterst\u00fctzt Universit\u00e4tsarbeiten und Forschungsstipendien f\u00fcr Postgraduierte. Im Jahr 2013 hat unser &hellip; Continue reading \"Wissenschaftliche Forschung\"","og_url":"https:\/\/lab-ncs.com\/de\/wissenschaftliche-forschung\/","og_site_name":"NeuroComScience, Laboratorio di analisi comportamentale - Comunicazione non verbale.","twitter_misc":{"Gesch\u00e4tzte Lesezeit":"1 Minute"},"schema":{"@context":"https:\/\/schema.org","@graph":[{"@type":"WebSite","@id":"https:\/\/lab-ncs.com\/#website","url":"https:\/\/lab-ncs.com\/","name":"NeuroComScience, Laboratorio di analisi comportamentale - Comunicazione non verbale.","description":"Analisi delle espressioni facciali","potentialAction":[{"@type":"SearchAction","target":{"@type":"EntryPoint","urlTemplate":"https:\/\/lab-ncs.com\/?s={search_term_string}"},"query-input":"required name=search_term_string"}],"inLanguage":"de-DE"},{"@type":"WebPage","@id":"https:\/\/lab-ncs.com\/de\/wissenschaftliche-forschung\/#webpage","url":"https:\/\/lab-ncs.com\/de\/wissenschaftliche-forschung\/","name":"Wissenschaftliche Forschung - NeuroComScience, Laboratorio di analisi comportamentale - Comunicazione non verbale.","isPartOf":{"@id":"https:\/\/lab-ncs.com\/#website"},"datePublished":"2020-05-16T01:38:46+00:00","dateModified":"2020-05-16T01:38:46+00:00","breadcrumb":{"@id":"https:\/\/lab-ncs.com\/de\/wissenschaftliche-forschung\/#breadcrumb"},"inLanguage":"de-DE","potentialAction":[{"@type":"ReadAction","target":["https:\/\/lab-ncs.com\/de\/wissenschaftliche-forschung\/"]}]},{"@type":"BreadcrumbList","@id":"https:\/\/lab-ncs.com\/de\/wissenschaftliche-forschung\/#breadcrumb","itemListElement":[{"@type":"ListItem","position":1,"name":"Home","item":"https:\/\/lab-ncs.com\/de\/"},{"@type":"ListItem","position":2,"name":"Wissenschaftliche Forschung"}]}]}},"_links":{"self":[{"href":"https:\/\/lab-ncs.com\/de\/wp-json\/wp\/v2\/pages\/24222"}],"collection":[{"href":"https:\/\/lab-ncs.com\/de\/wp-json\/wp\/v2\/pages"}],"about":[{"href":"https:\/\/lab-ncs.com\/de\/wp-json\/wp\/v2\/types\/page"}],"author":[{"embeddable":true,"href":"https:\/\/lab-ncs.com\/de\/wp-json\/wp\/v2\/users\/1"}],"replies":[{"embeddable":true,"href":"https:\/\/lab-ncs.com\/de\/wp-json\/wp\/v2\/comments?post=24222"}],"version-history":[{"count":1,"href":"https:\/\/lab-ncs.com\/de\/wp-json\/wp\/v2\/pages\/24222\/revisions"}],"predecessor-version":[{"id":24224,"href":"https:\/\/lab-ncs.com\/de\/wp-json\/wp\/v2\/pages\/24222\/revisions\/24224"}],"wp:attachment":[{"href":"https:\/\/lab-ncs.com\/de\/wp-json\/wp\/v2\/media?parent=24222"}],"curies":[{"name":"wp","href":"https:\/\/api.w.org\/{rel}","templated":true}]}}