{"id":24194,"date":"2020-05-15T02:14:47","date_gmt":"2020-05-15T02:14:47","guid":{"rendered":"https:\/\/lab-ncs.com\/?page_id=24194"},"modified":"2024-03-11T12:25:52","modified_gmt":"2024-03-11T11:25:52","slug":"kurs-ueber-die-wissenschaftliche-analyse-von-gesichtsausdruecken-2-2","status":"publish","type":"page","link":"https:\/\/lab-ncs.com\/de\/kurs-ueber-die-wissenschaftliche-analyse-von-gesichtsausdruecken-2-2\/","title":{"rendered":"Kurs \u00fcber die wissenschaftliche Analyse von Gesichtsausdr\u00fccken"},"content":{"rendered":"<p>[vc_section el_id=&#8221;principale&#8221;][vc_row][vc_column][vc_column_text]<br \/>\n<header class=\"icon-heading\"><span class=\"section-header-icon icon icon-user\"><\/span><h2>Kurs \u00fcber die wissenschaftliche Analyse von Gesichtsausdr\u00fccken<span><\/span><\/h2><\/header><br \/>\n[\/vc_column_text][vc_column_text]<\/p>\n<p class=\"lead\">Ein vollst\u00e4ndiger, intensiver und praktischer Kurs \u00fcber die <span style=\"color: #f15a24;\"><strong>TECHNIKEN<\/strong> <\/span>und <span style=\"color: #f15a24;\"><strong>METHODEN<\/strong> <\/span>der Gesichtsanalyse.<\/p>\n<p>[\/vc_column_text][\/vc_column][\/vc_row][vc_row][vc_column]<div id=\"ultimate-heading-599769d5dc0b088f4\" class=\"uvc-heading ult-adjust-bottom-margin ultimate-heading-599769d5dc0b088f4 uvc-9055 \" data-hspacer=\"line_only\"  data-halign=\"center\" style=\"text-align:center\"><div class=\"uvc-main-heading ult-responsive\"  data-ultimate-target='.uvc-heading.ultimate-heading-599769d5dc0b088f4 h2'  data-responsive-json-new='{\"font-size\":\"\",\"line-height\":\"\"}' ><h2 style=\"font-weight:normal;\">Am Ende des Kurses werden Sie in der Lage sein...<\/h2><\/div><div class=\"uvc-heading-spacer line_only\" style=\"margin-top:10px;margin-bottom:36px;height:5px;\"><span class=\"uvc-headings-line\" style=\"border-style:solid;border-bottom-width:5px;border-color:#f15a24;width:100px;\"><\/span><\/div><\/div>[\/vc_column][\/vc_row][vc_row][vc_column width=&#8221;1\/4&#8243;][vc_single_image image=&#8221;27627&#8243; alignment=&#8221;center&#8221;][vc_column_text]<\/p>\n<h3 style=\"text-align: left;\">BENUTZEN<\/h3>\n<p>die genaue Interpretation der emotionalen Gesichtsausdr\u00fccke zu beherrschen[\/vc_column_text][\/vc_column][vc_column width=&#8221;1\/4&#8243;][vc_single_image image=&#8221;27630&#8243; alignment=&#8221;center&#8221;][vc_column_text]<\/p>\n<h3 style=\"text-align: left;\">ANWENDEN<\/h3>\n<p>die objektive Beschreibung von Gesichtsver\u00e4nderungen zu beherrschen[\/vc_column_text][\/vc_column][vc_column width=&#8221;1\/4&#8243;][vc_single_image image=&#8221;27633&#8243; alignment=&#8221;center&#8221;][vc_column_text]<\/p>\n<h3 style=\"text-align: left;\">LESEN<\/h3>\n<p>verschiedene Arten von Ausdr\u00fccken, von Mikroausdr\u00fccken bis zu sehr subtilen Ausdr\u00fccken zu unterscheiden[\/vc_column_text][\/vc_column][vc_column width=&#8221;1\/4&#8243;][vc_single_image image=&#8221;24191&#8243; alignment=&#8221;center&#8221;][vc_column_text]<\/p>\n<h3 style=\"text-align: left;\">ANPASSUNG<\/h3>\n<p>Gesichtsausdr\u00fccke zu Ihrem Interessengebiet zu lesen[\/vc_column_text][\/vc_column][\/vc_row][vc_row][vc_column]<div class=\"ult-just-icon-wrapper   vc_custom_1508950946203\"><div class=\"align-icon\" style=\"text-align:center;\">\n<a class=\"aio-tooltip 69d5dc0b08954\" href=\"#calendario\"  data-toggle=\"tooltip\" data-placement=\"\"><div class=\"aio-icon circle \" data-animation=\"fadeInDown\" data-animation-delay=\"03\" style=\"color:#f15d24;background:rgba(253,253,250,0.5);font-size:48px;display:inline-block;\">\n\t<i class=\"Defaults-chevron-down\"><\/i>\n<\/div><\/a><\/div><\/div>[\/vc_column][\/vc_row][\/vc_section][vc_section el_id=&#8221;calendario&#8221;][vc_row][vc_column][vc_column_text]<\/p>\n<p class=\"lead\"><header class=\"icon-heading\"><span class=\"section-header-icon icon icon-calendar\"><\/span><h2>Kursprogramm<span><\/span><\/h2><\/header><\/p>\n<p>[\/vc_column_text][vc_column_text]<\/p>\n<p><span><strong>23. &#8211; 24. Mai<br \/>\n<\/strong>von 17.30 bis 21 Uhr<br \/>\nDer Kurs wird von unseren Lehrern aus der Ferne durchgef\u00fchrt.<\/span><\/p>\n<p>Die Themen des Programms zielen darauf ab, den Teilnehmer mit theoretischen und praktischen F\u00e4higkeiten auszustatten.<\/p>\n<p>&nbsp;<\/p>\n<div class=\"cards-analisi-espress-facciali\" style=\"margin-top: 20px;\">\n<div class=\"parte-teorica-2\" style=\"display: flex; width: 100%; flex-direction: column; align-content: center; flex-wrap: wrap; padding: 20px; background-color: #fdf5e6; border: 2px solid #F15A24; border-radius: 25px;\"><strong class=\"text\" style=\"font-size: 27px; font-weight: bold; font-family: Source Sans Pro,Helvetica,Arial,sans-serif; color: #f15a24;\"><strong>Theoretischer Teil<\/strong><\/strong><br \/>\n<span style=\"font-size: 18px; font-family: Source Sans Pro,Helvetica,Arial,sans-serif;\"><br \/>\n<span>Komplette theoretisch-technische Erkl\u00e4rung \u00fcber die Funktionsweise der Techniken und Methoden, die es erm\u00f6glichen, Gesichtsausdr\u00fccke zuverl\u00e4ssig zu lesen und zu interpretieren.<\/span><br \/>\n<\/span><\/div>\n<div class=\"esercizi-pratici-mirati\" style=\"display: flex; width: 100%; flex-direction: column; align-content: center; flex-wrap: wrap; padding: 20px; background-color: #fdf5e6; border: 2px solid #F15A24; border-radius: 25px;\"><strong class=\"text\" style=\"font-size: 27px; font-weight: bold; font-family: Source Sans Pro,Helvetica,Arial,sans-serif; color: #f15a24;\"><strong>Gezielte und getestete praktische \u00dcbungen<\/strong><\/strong><br \/>\n<span style=\"font-size: 18px; font-family: Source Sans Pro,Helvetica,Arial,sans-serif;\"><br \/>\n<span>W\u00e4hrend des Kurses werden zahlreiche \u00dcbungen zur Analyse und Interpretation von Gesichtsausdr\u00fccken durchgef\u00fchrt, um die Techniken der Kodierung und Dekodierung zu erlernen.<\/span><br \/>\n<\/span><\/div>\n<div class=\"certificazione-2\" style=\"display: flex; width: 100%; flex-direction: column; align-content: center; flex-wrap: wrap; padding: 20px; background-color: #fdf5e6; border: 2px solid #F15A24; border-radius: 25px;\"><strong class=\"text\" style=\"font-size: 27px; font-weight: bold; font-family: Source Sans Pro,Helvetica,Arial,sans-serif; color: #f15a24;\"><strong>Zertifizierung<\/strong><\/strong><br \/>\n<span style=\"font-size: 18px; font-family: Source Sans Pro,Helvetica,Arial,sans-serif;\"><br \/>\n<span>In den letzten Stunden des Kurses findet eine Pr\u00fcfung statt, um die Anwendung der Methodik zu \u00fcberpr\u00fcfen. Dies ist in den Kurskosten enthalten.<\/span><br \/>\n<\/span><\/div>\n<div class=\"docenti-qualificati\" style=\"display: flex; width: 100%; flex-direction: column; align-content: center; flex-wrap: wrap; padding: 20px; background-color: #fdf5e6; border: 2px solid #F15A24; border-radius: 25px;\"><strong class=\"text\" style=\"font-size: 27px; font-weight: bold; font-family: Source Sans Pro,Helvetica,Arial,sans-serif; color: #f15a24;\"><strong>Qualifizierte Dozenten<\/strong><\/strong><br \/>\n<span style=\"font-size: 18px; font-family: Source Sans Pro,Helvetica,Arial,sans-serif;\"><br \/>\n<span>Hochqualifizierte Verhaltensanalytiker in der nonverbalen Analyse, mit starker Erfahrung im Unternehmens-, institutionellen und privaten Bereich und beachtlichen akademischen Titeln. Lesen Sie ihre Lebensl\u00e4ufe im Abschnitt<\/span><a style=\"margin-left: 2px; color: #f15a24;\" href=\"https:\/\/lab-ncs.com\/de\/wer-wir-sind\/\">Wer wir sind<\/a><br \/>\n<\/span><\/div>\n<\/div>\n<p>[\/vc_column_text][\/vc_column][\/vc_row][vc_row][vc_column][vc_tta_accordion style=&#8221;flat&#8221; active_section=&#8221;1&#8243;][vc_tta_section title=&#8221;EINF\u00dcHRUNG IN DIE WISSENSCHAFTLICHE ANALYSE VON GESICHTSAUSDR\u00dcCKEN&#8221; tab_id=&#8221;1508775272701-7b628d8a-480e&#8221;][vc_column_text]<\/p>\n<ul>\n<li><span>Wie man wissenschaftliche Analysetechniken f\u00fcr Gesichtsausdr\u00fccke anwendet<\/span><\/li>\n<li><span>Grundlegende Hinweise zur objektiven Interpretation von Verhaltensweisen<\/span><\/li>\n<li><span>Wie man die Analyse verschiedener Kan\u00e4le des nonverbalen Verhaltens durchf\u00fchrt<\/span><\/li>\n<li><span>Was die Wissenschaft \u00fcber L\u00fcgen sagt<\/span><\/li>\n<\/ul>\n<p>[\/vc_column_text][\/vc_tta_section][vc_tta_section title=&#8221;WISSENSCHAFTLICHE GESICHTSKODIERUNGSSYSTEME&#8221; tab_id=&#8221;1508775272702-69ca63d0-d24a&#8221;][vc_column_text]<\/p>\n<ul>\n<li><span>Methoden des wissenschaftlichen Vergleichs von Gesichtsausdr\u00fccken<\/span><\/li>\n<li><span>Welche Informationen k\u00f6nnen aus der Lesung von Gesichtsausdr\u00fccken gezogen werden<\/span><\/li>\n<li><span>\u00dcbungen<\/span><\/li>\n<\/ul>\n<p>[\/vc_column_text][\/vc_tta_section][vc_tta_section title=&#8221;<span>TECHNIKEN ZUR KLASSIFIZIERUNG UND INTERPRETATION EINZELNER GESICHTSBEWEGUNGEN<\/span>&#8221; tab_id=&#8221;1508775440197-a0a98121-f99a&#8221;][vc_column_text]<\/p>\n<ul>\n<li><span>Wie man die wissenschaftliche Analyse von Gesichtsausdr\u00fccken des oberen Gesichtsteils durchf\u00fchrt<\/span><\/li>\n<li><span>Stirn, Augenbrauen, Augen. Kodierung von unabh\u00e4ngigen Bewegungen und in Kombination. Wie man die Liste der oberen Gesichtsausdr\u00fccke und ihre Bedeutung zusammenstellt.<\/span><\/li>\n<li><span>Heben und Senken der Augenbrauen \u2013 4, Heben der inneren Stirn \u2013 1, Heben der \u00e4u\u00dferen Stirn \u2013 2, Heben der oberen Augenlider \u2013 5, Zusammenpressen der Augenlider \u2013 7, Heben der Wangen \u2013 6, Geschlossene Augen \u2013 43, Blinzeln \u2013 45, Schlie\u00dfen eines Auges \u2013 46.<\/span><\/li>\n<li><span>\u00dcbungen an Fotos und Videos<\/span><\/li>\n<\/ul>\n<p>[\/vc_column_text][\/vc_tta_section][vc_tta_section title=&#8221;<span>DER UNTERE GESICHTSBEREICH: NASE, MUND UND KINN<\/span>&#8221; tab_id=&#8221;1508775506551-51d89801-646f&#8221;][vc_column_text]<\/p>\n<ul>\n<li><span>Wie man systematisch den unteren Teil des Gesichts beobachtet<\/span><\/li>\n<li><span>Die Nase runzeln \u2013 9, die Oberlippe heben \u2013 10, das Kinn heben -17, die Mundwinkel senken \u2013 15, die Lippen trennen \u2013 25, das Kiefer senken \u2013 26, G\u00e4hnen \u2013 27, die Unterlippe senken \u2013 16, die Lippen spannen \u2013 20, Gr\u00fcbchen \u2013 14. Interpretation einzelner Bewegungen und Kombinationen.<\/span><\/li>\n<li><span>\u00dcbungen an Fotos und Videos<\/span><\/li>\n<\/ul>\n<h4 style=\"text-align: center;\"><span>WANGEN UND LIPPEN<\/span><\/h4>\n<ul>\n<li><span>Bedeutungen der Lippenausdr\u00fccke<\/span><\/li>\n<li><span>Nasolabialfalte betonen \u2013 11, Mundwinkel heben \u2013 12<\/span><\/li>\n<li><span>Prominente Wangen \u2013 13. Kombinationen.<\/span><\/li>\n<li><span>Lippen runzeln -18, Lippen vorstrecken \u2013 22, Spannung und Verschluss der Lippen \u2013 23, Druck auf die Lippen \u2013 24, Lippen saugen \u2013 28<\/span><\/li>\n<li><span>Die Nuancen emotionaler Bedeutung.<\/span><\/li>\n<li><span>\u00dcbungen an Fotos, Videos und direkter Beobachtung<\/span><\/li>\n<\/ul>\n<p>[\/vc_column_text][\/vc_tta_section][vc_tta_section title=&#8221;<span>INTERPRETATION KOMPLEXER GESICHTSAUSDR\u00dcCKE<\/span>&#8221; tab_id=&#8221;1508775594381-a2eae5e9-1c3a&#8221;][vc_column_text]<\/p>\n<ul>\n<li><span>Von sechs bis acht grundlegende emotionale Ausdr\u00fccke<\/span><\/li>\n<li><span>Sekund\u00e4re oder soziale Emotionen<\/span><\/li>\n<li><span>Gespr\u00e4chssignale<\/span><\/li>\n<li><span>Anwendungen der wissenschaftlichen Analyse von Gesichtsausdr\u00fccken in spezifischen Bereichen<\/span><\/li>\n<li><span>\u00dcbungen an Fotos, Videos und direkter Beobachtung<\/span><\/li>\n<\/ul>\n<p>[\/vc_column_text][\/vc_tta_section][vc_tta_section title=&#8221;ABSCHLUSSPR\u00dcFUNG&#8221; tab_id=&#8221;1508775718186-b89a37a6-0359&#8243;][vc_column_text]<span>Besteht aus einem praktischen Analysetest zur \u00dcberpr\u00fcfung der Anwendung der Methodik<\/span>.[\/vc_column_text][\/vc_tta_section][\/vc_tta_accordion]<\/p>\n<p>[\/vc_column][vc_column width=&#8221;1\/2&#8243;][vc_column_text]<\/p>\n<h3><strong>GARANTIE<\/strong><\/h3>\n<p><span>Wir garantieren individuelles Lernen durch die begrenzte Anzahl von Teilnehmern pro Kurs<\/span>[\/vc_column_text][\/vc_column][vc_column width=&#8221;1\/2&#8243;][vc_column_text]<\/p>\n<h3><strong>VERF\u00dcGBARE PL\u00c4TZE<\/strong><\/h3>\n<p><span>Es stehen 10 Pl\u00e4tze pro Ausgabe zur Verf\u00fcgung, um h\u00f6chste Qualit\u00e4t zu gew\u00e4hrleisten. <a href=\"mailto:segreteria@lab-ncs.com\">Schreiben Sie uns<\/a>, wir werden Ihnen innerhalb von 24 Stunden antworten.<\/span><\/p>\n<p>[\/vc_column_text][\/vc_column][\/vc_row]<\/p>\n<p style=\"text-align: center;\"><a class=\"btn btn-primary\" style=\"margin-left: 2px;\" title=\"Melde dich zum Kurs an\" href=\"https:\/\/lab-ncs.com\/de\/zum-kurs-anmelden\/\">ANMELDEN<\/a><\/p>\n<p>[vc_row][vc_column]<div class=\"ult-just-icon-wrapper   vc_custom_1508950998030\"><div class=\"align-icon\" style=\"text-align:center;\">\n<a class=\"aio-tooltip 69d5dc0b0898f\" href=\"#principale\"  data-toggle=\"tooltip\" data-placement=\"top\"><div class=\"aio-icon none \" data-animation=\"fadeInUp\" data-animation-delay=\"03\" style=\"color:#f15d24;font-size:36px;display:inline-block;\">\n\t<i class=\"Defaults-chevron-up\"><\/i>\n<\/div><\/a><script>\r\n\t\t\t\t\tjQuery(function () {\r\n\t\t\t\t\t\tjQuery(\".69d5dc0b0898f\").bsf_tooltip(\"hide\");\r\n\t\t\t\t\t})\r\n\t\t\t\t<\/script><\/div><\/div>[\/vc_column][\/vc_row][\/vc_section]<\/p>\n","protected":false},"excerpt":{"rendered":"<p>[vc_section el_id=&#8221;principale&#8221;][vc_row][vc_column][vc_column_text] [\/vc_column_text][vc_column_text] Ein vollst\u00e4ndiger, intensiver und praktischer Kurs \u00fcber die TECHNIKEN und METHODEN der Gesichtsanalyse. [\/vc_column_text][\/vc_column][\/vc_row][vc_row][vc_column][\/vc_column][\/vc_row][vc_row][vc_column width=&#8221;1\/4&#8243;][vc_single_image image=&#8221;27627&#8243; alignment=&#8221;center&#8221;][vc_column_text] BENUTZEN die genaue Interpretation der emotionalen Gesichtsausdr\u00fccke zu beherrschen[\/vc_column_text][\/vc_column][vc_column width=&#8221;1\/4&#8243;][vc_single_image image=&#8221;27630&#8243; alignment=&#8221;center&#8221;][vc_column_text] ANWENDEN die objektive Beschreibung von Gesichtsver\u00e4nderungen zu beherrschen[\/vc_column_text][\/vc_column][vc_column width=&#8221;1\/4&#8243;][vc_single_image image=&#8221;27633&#8243; alignment=&#8221;center&#8221;][vc_column_text] LESEN verschiedene Arten von Ausdr\u00fccken, von Mikroausdr\u00fccken bis zu sehr subtilen Ausdr\u00fccken &hellip; <a href=\"https:\/\/lab-ncs.com\/de\/kurs-ueber-die-wissenschaftliche-analyse-von-gesichtsausdruecken-2-2\/\" class=\"more-link\">Continue reading<span class=\"screen-reader-text\"> &#8220;Kurs \u00fcber die wissenschaftliche Analyse von Gesichtsausdr\u00fccken&#8221;<\/span><\/a><\/p>\n","protected":false},"author":1,"featured_media":0,"parent":0,"menu_order":0,"comment_status":"closed","ping_status":"closed","template":"","meta":{"om_disable_all_campaigns":false,"_mi_skip_tracking":false},"aioseo_notices":[],"yoast_head":"<!-- This site is optimized with the Yoast SEO plugin v18.6 - https:\/\/yoast.com\/wordpress\/plugins\/seo\/ -->\n<title>Kurs \u00fcber die wissenschaftliche Analyse von Gesichtsausdr\u00fccken - NeuroComScience, Laboratorio di analisi comportamentale - Comunicazione non verbale.<\/title>\n<meta name=\"robots\" content=\"index, follow, max-snippet:-1, max-image-preview:large, max-video-preview:-1\" \/>\n<link rel=\"canonical\" href=\"https:\/\/lab-ncs.com\/de\/kurs-ueber-die-wissenschaftliche-analyse-von-gesichtsausdruecken-2-2\/\" \/>\n<meta property=\"og:locale\" content=\"de_DE\" \/>\n<meta property=\"og:type\" content=\"article\" \/>\n<meta property=\"og:title\" content=\"Kurs \u00fcber die wissenschaftliche Analyse von Gesichtsausdr\u00fccken - NeuroComScience, Laboratorio di analisi comportamentale - Comunicazione non verbale.\" \/>\n<meta property=\"og:description\" content=\"[vc_section el_id=&#8221;principale&#8221;][vc_row][vc_column][vc_column_text] [\/vc_column_text][vc_column_text] Ein vollst\u00e4ndiger, intensiver und praktischer Kurs \u00fcber die TECHNIKEN und METHODEN der Gesichtsanalyse. [\/vc_column_text][\/vc_column][\/vc_row][vc_row][vc_column][\/vc_column][\/vc_row][vc_row][vc_column width=&#8221;1\/4&#8243;][vc_single_image image=&#8221;27627&#8243; alignment=&#8221;center&#8221;][vc_column_text] BENUTZEN die genaue Interpretation der emotionalen Gesichtsausdr\u00fccke zu beherrschen[\/vc_column_text][\/vc_column][vc_column width=&#8221;1\/4&#8243;][vc_single_image image=&#8221;27630&#8243; alignment=&#8221;center&#8221;][vc_column_text] ANWENDEN die objektive Beschreibung von Gesichtsver\u00e4nderungen zu beherrschen[\/vc_column_text][\/vc_column][vc_column width=&#8221;1\/4&#8243;][vc_single_image image=&#8221;27633&#8243; alignment=&#8221;center&#8221;][vc_column_text] LESEN verschiedene Arten von Ausdr\u00fccken, von Mikroausdr\u00fccken bis zu sehr subtilen Ausdr\u00fccken &hellip; Continue reading &quot;Kurs \u00fcber die wissenschaftliche Analyse von Gesichtsausdr\u00fccken&quot;\" \/>\n<meta property=\"og:url\" content=\"https:\/\/lab-ncs.com\/de\/kurs-ueber-die-wissenschaftliche-analyse-von-gesichtsausdruecken-2-2\/\" \/>\n<meta property=\"og:site_name\" content=\"NeuroComScience, Laboratorio di analisi comportamentale - Comunicazione non verbale.\" \/>\n<meta property=\"article:modified_time\" content=\"2024-03-11T11:25:52+00:00\" \/>\n<meta name=\"twitter:label1\" content=\"Gesch\u00e4tzte Lesezeit\" \/>\n\t<meta name=\"twitter:data1\" content=\"4 Minuten\" \/>\n<script type=\"application\/ld+json\" class=\"yoast-schema-graph\">{\"@context\":\"https:\/\/schema.org\",\"@graph\":[{\"@type\":\"WebSite\",\"@id\":\"https:\/\/lab-ncs.com\/#website\",\"url\":\"https:\/\/lab-ncs.com\/\",\"name\":\"NeuroComScience, Laboratorio di analisi comportamentale - Comunicazione non verbale.\",\"description\":\"Analisi delle espressioni facciali\",\"potentialAction\":[{\"@type\":\"SearchAction\",\"target\":{\"@type\":\"EntryPoint\",\"urlTemplate\":\"https:\/\/lab-ncs.com\/?s={search_term_string}\"},\"query-input\":\"required name=search_term_string\"}],\"inLanguage\":\"de-DE\"},{\"@type\":\"WebPage\",\"@id\":\"https:\/\/lab-ncs.com\/de\/kurs-ueber-die-wissenschaftliche-analyse-von-gesichtsausdruecken-2-2\/#webpage\",\"url\":\"https:\/\/lab-ncs.com\/de\/kurs-ueber-die-wissenschaftliche-analyse-von-gesichtsausdruecken-2-2\/\",\"name\":\"Kurs \u00fcber die wissenschaftliche Analyse von Gesichtsausdr\u00fccken - NeuroComScience, Laboratorio di analisi comportamentale - Comunicazione non verbale.\",\"isPartOf\":{\"@id\":\"https:\/\/lab-ncs.com\/#website\"},\"datePublished\":\"2020-05-15T02:14:47+00:00\",\"dateModified\":\"2024-03-11T11:25:52+00:00\",\"breadcrumb\":{\"@id\":\"https:\/\/lab-ncs.com\/de\/kurs-ueber-die-wissenschaftliche-analyse-von-gesichtsausdruecken-2-2\/#breadcrumb\"},\"inLanguage\":\"de-DE\",\"potentialAction\":[{\"@type\":\"ReadAction\",\"target\":[\"https:\/\/lab-ncs.com\/de\/kurs-ueber-die-wissenschaftliche-analyse-von-gesichtsausdruecken-2-2\/\"]}]},{\"@type\":\"BreadcrumbList\",\"@id\":\"https:\/\/lab-ncs.com\/de\/kurs-ueber-die-wissenschaftliche-analyse-von-gesichtsausdruecken-2-2\/#breadcrumb\",\"itemListElement\":[{\"@type\":\"ListItem\",\"position\":1,\"name\":\"Home\",\"item\":\"https:\/\/lab-ncs.com\/de\/\"},{\"@type\":\"ListItem\",\"position\":2,\"name\":\"Kurs \u00fcber die wissenschaftliche Analyse von Gesichtsausdr\u00fccken\"}]}]}<\/script>\n<!-- \/ Yoast SEO plugin. -->","yoast_head_json":{"title":"Kurs \u00fcber die wissenschaftliche Analyse von Gesichtsausdr\u00fccken - NeuroComScience, Laboratorio di analisi comportamentale - Comunicazione non verbale.","robots":{"index":"index","follow":"follow","max-snippet":"max-snippet:-1","max-image-preview":"max-image-preview:large","max-video-preview":"max-video-preview:-1"},"canonical":"https:\/\/lab-ncs.com\/de\/kurs-ueber-die-wissenschaftliche-analyse-von-gesichtsausdruecken-2-2\/","og_locale":"de_DE","og_type":"article","og_title":"Kurs \u00fcber die wissenschaftliche Analyse von Gesichtsausdr\u00fccken - NeuroComScience, Laboratorio di analisi comportamentale - Comunicazione non verbale.","og_description":"[vc_section el_id=&#8221;principale&#8221;][vc_row][vc_column][vc_column_text] [\/vc_column_text][vc_column_text] Ein vollst\u00e4ndiger, intensiver und praktischer Kurs \u00fcber die TECHNIKEN und METHODEN der Gesichtsanalyse. [\/vc_column_text][\/vc_column][\/vc_row][vc_row][vc_column][\/vc_column][\/vc_row][vc_row][vc_column width=&#8221;1\/4&#8243;][vc_single_image image=&#8221;27627&#8243; alignment=&#8221;center&#8221;][vc_column_text] BENUTZEN die genaue Interpretation der emotionalen Gesichtsausdr\u00fccke zu beherrschen[\/vc_column_text][\/vc_column][vc_column width=&#8221;1\/4&#8243;][vc_single_image image=&#8221;27630&#8243; alignment=&#8221;center&#8221;][vc_column_text] ANWENDEN die objektive Beschreibung von Gesichtsver\u00e4nderungen zu beherrschen[\/vc_column_text][\/vc_column][vc_column width=&#8221;1\/4&#8243;][vc_single_image image=&#8221;27633&#8243; alignment=&#8221;center&#8221;][vc_column_text] LESEN verschiedene Arten von Ausdr\u00fccken, von Mikroausdr\u00fccken bis zu sehr subtilen Ausdr\u00fccken &hellip; Continue reading \"Kurs \u00fcber die wissenschaftliche Analyse von Gesichtsausdr\u00fccken\"","og_url":"https:\/\/lab-ncs.com\/de\/kurs-ueber-die-wissenschaftliche-analyse-von-gesichtsausdruecken-2-2\/","og_site_name":"NeuroComScience, Laboratorio di analisi comportamentale - Comunicazione non verbale.","article_modified_time":"2024-03-11T11:25:52+00:00","twitter_misc":{"Gesch\u00e4tzte Lesezeit":"4 Minuten"},"schema":{"@context":"https:\/\/schema.org","@graph":[{"@type":"WebSite","@id":"https:\/\/lab-ncs.com\/#website","url":"https:\/\/lab-ncs.com\/","name":"NeuroComScience, Laboratorio di analisi comportamentale - Comunicazione non verbale.","description":"Analisi delle espressioni facciali","potentialAction":[{"@type":"SearchAction","target":{"@type":"EntryPoint","urlTemplate":"https:\/\/lab-ncs.com\/?s={search_term_string}"},"query-input":"required name=search_term_string"}],"inLanguage":"de-DE"},{"@type":"WebPage","@id":"https:\/\/lab-ncs.com\/de\/kurs-ueber-die-wissenschaftliche-analyse-von-gesichtsausdruecken-2-2\/#webpage","url":"https:\/\/lab-ncs.com\/de\/kurs-ueber-die-wissenschaftliche-analyse-von-gesichtsausdruecken-2-2\/","name":"Kurs \u00fcber die wissenschaftliche Analyse von Gesichtsausdr\u00fccken - NeuroComScience, Laboratorio di analisi comportamentale - Comunicazione non verbale.","isPartOf":{"@id":"https:\/\/lab-ncs.com\/#website"},"datePublished":"2020-05-15T02:14:47+00:00","dateModified":"2024-03-11T11:25:52+00:00","breadcrumb":{"@id":"https:\/\/lab-ncs.com\/de\/kurs-ueber-die-wissenschaftliche-analyse-von-gesichtsausdruecken-2-2\/#breadcrumb"},"inLanguage":"de-DE","potentialAction":[{"@type":"ReadAction","target":["https:\/\/lab-ncs.com\/de\/kurs-ueber-die-wissenschaftliche-analyse-von-gesichtsausdruecken-2-2\/"]}]},{"@type":"BreadcrumbList","@id":"https:\/\/lab-ncs.com\/de\/kurs-ueber-die-wissenschaftliche-analyse-von-gesichtsausdruecken-2-2\/#breadcrumb","itemListElement":[{"@type":"ListItem","position":1,"name":"Home","item":"https:\/\/lab-ncs.com\/de\/"},{"@type":"ListItem","position":2,"name":"Kurs \u00fcber die wissenschaftliche Analyse von Gesichtsausdr\u00fccken"}]}]}},"_links":{"self":[{"href":"https:\/\/lab-ncs.com\/de\/wp-json\/wp\/v2\/pages\/24194"}],"collection":[{"href":"https:\/\/lab-ncs.com\/de\/wp-json\/wp\/v2\/pages"}],"about":[{"href":"https:\/\/lab-ncs.com\/de\/wp-json\/wp\/v2\/types\/page"}],"author":[{"embeddable":true,"href":"https:\/\/lab-ncs.com\/de\/wp-json\/wp\/v2\/users\/1"}],"replies":[{"embeddable":true,"href":"https:\/\/lab-ncs.com\/de\/wp-json\/wp\/v2\/comments?post=24194"}],"version-history":[{"count":3,"href":"https:\/\/lab-ncs.com\/de\/wp-json\/wp\/v2\/pages\/24194\/revisions"}],"predecessor-version":[{"id":34408,"href":"https:\/\/lab-ncs.com\/de\/wp-json\/wp\/v2\/pages\/24194\/revisions\/34408"}],"wp:attachment":[{"href":"https:\/\/lab-ncs.com\/de\/wp-json\/wp\/v2\/media?parent=24194"}],"curies":[{"name":"wp","href":"https:\/\/api.w.org\/{rel}","templated":true}]}}