{"id":24189,"date":"2020-05-15T01:46:50","date_gmt":"2020-05-15T01:46:50","guid":{"rendered":"https:\/\/lab-ncs.com\/?page_id=24189"},"modified":"2023-12-14T18:38:39","modified_gmt":"2023-12-14T17:38:39","slug":"kurs-ueber-die-wissenschaftliche-analyse-von-gesten-und-haltungen-2","status":"publish","type":"page","link":"https:\/\/lab-ncs.com\/de\/kurs-ueber-die-wissenschaftliche-analyse-von-gesten-und-haltungen-2\/","title":{"rendered":"Kurs \u00fcber die wissenschaftliche Analyse von Gesten und Haltungen"},"content":{"rendered":"<header class=\"icon-heading\"><span class=\"section-header-icon icon icon-hand\"><\/span><h2>Kurs \u00fcber die wissenschaftliche Analyse von Gesten und Haltungen<span><\/span><\/h2><\/header>\n<p>In diesem Kurs f\u00fcr Fortgeschrittene lernen Sie: fortgeschrittene Gesichtsdekodierung und die Analyse des gestisch-motorischen Verhaltens sowie Videoanalyse und direkte Beobachtungsverfahren. Dies ist ein praktischer und intensiver Kurs, nach dem die Teilnehmer in der Lage sein werden:<\/p>\n<div class=\"row\" style=\"margin-top: 9rem;\">\n<div class=\"item item-gutter col cross-axis-centered\">\n<div><img loading=\"lazy\" class=\"alignnone wp-image-9191\" src=\"https:\/\/lab-ncs.com\/wp-content\/uploads\/2016\/10\/t2-01.png\" alt=\"t1-01\" width=\"155\" height=\"155\" \/><\/div>\n<div>\n<h3 style=\"text-align: center;\">BENUTZEN<\/h3>\n<p>die zuverl\u00e4ssigen Interpretationsschemata zum Lesen von Gesichts- und K\u00f6rpersprache zu benutzen,<\/p>\n<\/div>\n<\/div>\n<div class=\"item item-gutter col cross-axis-centered\">\n<div><img loading=\"lazy\" class=\"alignnone wp-image-9192\" src=\"https:\/\/lab-ncs.com\/wp-content\/uploads\/2016\/10\/t2-02.png\" alt=\"t1-02\" width=\"153\" height=\"153\" \/><\/div>\n<div>\n<h3 style=\"text-align: center;\">ANWENDEN<\/h3>\n<p style=\"text-align: center;\">das Body Coding System anzuwenden, eine Technik zur Analyse der K\u00f6rpersprache, die aus der Klassifizierung und Interpretation von Bewegungen besteht,<\/p>\n<\/div>\n<\/div>\n<div class=\"item item-gutter col cross-axis-centered\">\n<div><img loading=\"lazy\" class=\"alignnone wp-image-9193\" src=\"https:\/\/lab-ncs.com\/wp-content\/uploads\/2016\/10\/t2-03.png\" alt=\"t1-03\" width=\"165\" height=\"165\" \/><\/div>\n<div>\n<h3 style=\"text-align: center;\">INTEGRIEREN<\/h3>\n<p>die Interpretationsschemata von Gesichts-, Gesten- und paraverbalen Aspekten zu integrieren,<img loading=\"lazy\" class=\"alignnone wp-image-9346 \" style=\"font-size: 1.8rem;\" src=\"https:\/\/lab-ncs.com\/wp-content\/uploads\/2016\/10\/t2-04-1.png\" width=\"146\" height=\"146\" \/><\/p>\n<p><span style=\"color: #f15a24; font-size: 2.7rem; font-style: inherit; font-weight: 600; text-align: center;\">ANWENDEN\u00a0<\/span><\/p>\n<p><span style=\"font-size: 1.8rem;\">Richtlinien und Protokolle f\u00fcr die Anwendung der Analysetechniken zur L\u00fcgendetektion anzuwenden.<\/span><\/p>\n<\/div>\n<\/div>\n<\/div>\n<header class=\"icon-heading\"><span class=\"section-header-icon icon icon-book\"><\/span><h2>Zeitplan der Kurse<span><\/span><\/h2><\/header>\n<div class=\"col-to-row\">\n<div class=\"item item-gutter\">\n<h3>ISFE-Technik<\/h3>\n<h3>(Interpretation System of Facial Expressions)<\/h3>\n<ul>\n<li>Strukturierung von zuverl\u00e4ssigen Interpretationsschemata f\u00fcr die Gesichtsanalyse<\/li>\n<li>Einteilung der Bewegungen in relevante Kategorien nach dem Grad ihrer emotionalen Zuverl\u00e4ssigkeit<\/li>\n<li>Unterscheidung von Gespr\u00e4chszeichen von emotionalen Zeichen<\/li>\n<li>Implementierung von Interpretationsstrukturen f\u00fcr komplexe Ausdr\u00fccke<\/li>\n<li>\u00dcbungen mit allen Arten von weichen, ged\u00e4mpften Mikroausdr\u00fccken durch die Verwendung von Deutungsschemata<\/li>\n<li>Abschlusspr\u00fcfung: Bild- und Videoanalyse mit der ISFE-Technik<\/li>\n<\/ul>\n<\/div>\n<div class=\"item item-gutter\">\n<h3>Technik des K\u00f6rperkodierungssystems<\/h3>\n<ul>\n<li>Identifizierung der gestisch-motorischen Verhaltenseinheiten<\/li>\n<li>Analyse der gestisch-motorischen Verhaltenskan\u00e4le<\/li>\n<li>Identifizierung der universellen emotionalen Mikrobewegungen<\/li>\n<li>Identifizierung der Richtung der Gedanken mit der Analyse von Illustratoren<\/li>\n<li>\u00dcbungen zur Erkennung und Interpretation von posturalem und gestisch-motorischem Verhalten<\/li>\n<li>Abschlusspr\u00fcfung: Bild- und Videoanalyse mit der Technik des Body Coding Systems<\/li>\n<li>Lernen der verschiedenen nonverbalen Kan\u00e4le und Richtlinien f\u00fcr das Analyseverfahren<\/li>\n<li>Integration aller aus den nonverbalen Kan\u00e4len abgeleiteten Informationen<\/li>\n<li>Vergleich von verbaler und nonverbaler Verhaltensanalyse<\/li>\n<li>Identifizierung von Unstimmigkeiten zwischen den verschiedenen verbalen und nonverbalen Kan\u00e4len<\/li>\n<li>Vorbereitung der Struktur der Videoanalyse, um die Zuverl\u00e4ssigkeit von Aussagen zu erkennen<\/li>\n<li>Auswahl der geeigneten Ger\u00e4te zur direkten Beobachtung<\/li>\n<\/ul>\n<\/div>\n<div class=\"item\">\n<h3>GARANTIERT<\/h3>\n<p>Wir akzeptieren maximal 15 Personen pro Kurs, um die Qualit\u00e4t des individuellen Lernens zu gew\u00e4hrleisten.<\/p>\n<h3>QUALIFIZIERTE LEHRER<\/h3>\n<p>Die Lehrer sind Verhaltensanalytiker, die in der Analyse von nonverbalem Verhalten hoch qualifiziert sind und \u00fcber eine gro\u00dfe Erfahrung in der Anwendung der Analysetechniken sowohl in der institutionellen wie auch in der privaten Wirtschaft verf\u00fcgen<span>.\u00a0<\/span>Lesen Sie ihre CV&#8217;s<span> <\/span><a href=\"https:\/\/lab-ncs.com\/chi-siamo-3\/\">Wer wir sind<\/a><\/p>\n<\/div>\n<\/div>\n","protected":false},"excerpt":{"rendered":"<p>In diesem Kurs f\u00fcr Fortgeschrittene lernen Sie: fortgeschrittene Gesichtsdekodierung und die Analyse des gestisch-motorischen Verhaltens sowie Videoanalyse und direkte Beobachtungsverfahren. Dies ist ein praktischer und intensiver Kurs, nach dem die Teilnehmer in der Lage sein werden: BENUTZEN die zuverl\u00e4ssigen Interpretationsschemata zum Lesen von Gesichts- und K\u00f6rpersprache zu benutzen, ANWENDEN das Body Coding System anzuwenden, eine &hellip; <a href=\"https:\/\/lab-ncs.com\/de\/kurs-ueber-die-wissenschaftliche-analyse-von-gesten-und-haltungen-2\/\" class=\"more-link\">Continue reading<span class=\"screen-reader-text\"> &#8220;Kurs \u00fcber die wissenschaftliche Analyse von Gesten und Haltungen&#8221;<\/span><\/a><\/p>\n","protected":false},"author":1,"featured_media":0,"parent":0,"menu_order":0,"comment_status":"closed","ping_status":"closed","template":"","meta":{"om_disable_all_campaigns":false},"aioseo_notices":[],"yoast_head":"<!-- This site is optimized with the Yoast SEO plugin v18.6 - https:\/\/yoast.com\/wordpress\/plugins\/seo\/ -->\n<title>Kurs \u00fcber die wissenschaftliche Analyse von Gesten und Haltungen - NeuroComScience, Laboratorio di analisi comportamentale - Comunicazione non verbale.<\/title>\n<meta name=\"robots\" content=\"index, follow, max-snippet:-1, max-image-preview:large, max-video-preview:-1\" \/>\n<link rel=\"canonical\" href=\"https:\/\/lab-ncs.com\/de\/kurs-ueber-die-wissenschaftliche-analyse-von-gesten-und-haltungen-2\/\" \/>\n<meta property=\"og:locale\" content=\"de_DE\" \/>\n<meta property=\"og:type\" content=\"article\" \/>\n<meta property=\"og:title\" content=\"Kurs \u00fcber die wissenschaftliche Analyse von Gesten und Haltungen - NeuroComScience, Laboratorio di analisi comportamentale - Comunicazione non verbale.\" \/>\n<meta property=\"og:description\" content=\"In diesem Kurs f\u00fcr Fortgeschrittene lernen Sie: fortgeschrittene Gesichtsdekodierung und die Analyse des gestisch-motorischen Verhaltens sowie Videoanalyse und direkte Beobachtungsverfahren. Dies ist ein praktischer und intensiver Kurs, nach dem die Teilnehmer in der Lage sein werden: BENUTZEN die zuverl\u00e4ssigen Interpretationsschemata zum Lesen von Gesichts- und K\u00f6rpersprache zu benutzen, ANWENDEN das Body Coding System anzuwenden, eine &hellip; Continue reading &quot;Kurs \u00fcber die wissenschaftliche Analyse von Gesten und Haltungen&quot;\" \/>\n<meta property=\"og:url\" content=\"https:\/\/lab-ncs.com\/de\/kurs-ueber-die-wissenschaftliche-analyse-von-gesten-und-haltungen-2\/\" \/>\n<meta property=\"og:site_name\" content=\"NeuroComScience, Laboratorio di analisi comportamentale - Comunicazione non verbale.\" \/>\n<meta property=\"article:modified_time\" content=\"2023-12-14T17:38:39+00:00\" \/>\n<meta property=\"og:image\" content=\"https:\/\/lab-ncs.com\/wp-content\/uploads\/2016\/10\/t2-01.png\" \/>\n<meta name=\"twitter:label1\" content=\"Gesch\u00e4tzte Lesezeit\" \/>\n\t<meta name=\"twitter:data1\" content=\"3 Minuten\" \/>\n<script type=\"application\/ld+json\" class=\"yoast-schema-graph\">{\"@context\":\"https:\/\/schema.org\",\"@graph\":[{\"@type\":\"WebSite\",\"@id\":\"https:\/\/lab-ncs.com\/#website\",\"url\":\"https:\/\/lab-ncs.com\/\",\"name\":\"NeuroComScience, Laboratorio di analisi comportamentale - Comunicazione non verbale.\",\"description\":\"Analisi delle espressioni facciali\",\"potentialAction\":[{\"@type\":\"SearchAction\",\"target\":{\"@type\":\"EntryPoint\",\"urlTemplate\":\"https:\/\/lab-ncs.com\/?s={search_term_string}\"},\"query-input\":\"required name=search_term_string\"}],\"inLanguage\":\"de-DE\"},{\"@type\":\"ImageObject\",\"@id\":\"https:\/\/lab-ncs.com\/de\/kurs-ueber-die-wissenschaftliche-analyse-von-gesten-und-haltungen-2\/#primaryimage\",\"inLanguage\":\"de-DE\",\"url\":\"https:\/\/lab-ncs.com\/wp-content\/uploads\/2016\/10\/t2-01.png\",\"contentUrl\":\"https:\/\/lab-ncs.com\/wp-content\/uploads\/2016\/10\/t2-01.png\",\"width\":188,\"height\":188},{\"@type\":\"WebPage\",\"@id\":\"https:\/\/lab-ncs.com\/de\/kurs-ueber-die-wissenschaftliche-analyse-von-gesten-und-haltungen-2\/#webpage\",\"url\":\"https:\/\/lab-ncs.com\/de\/kurs-ueber-die-wissenschaftliche-analyse-von-gesten-und-haltungen-2\/\",\"name\":\"Kurs \u00fcber die wissenschaftliche Analyse von Gesten und Haltungen - NeuroComScience, Laboratorio di analisi comportamentale - Comunicazione non verbale.\",\"isPartOf\":{\"@id\":\"https:\/\/lab-ncs.com\/#website\"},\"primaryImageOfPage\":{\"@id\":\"https:\/\/lab-ncs.com\/de\/kurs-ueber-die-wissenschaftliche-analyse-von-gesten-und-haltungen-2\/#primaryimage\"},\"datePublished\":\"2020-05-15T01:46:50+00:00\",\"dateModified\":\"2023-12-14T17:38:39+00:00\",\"breadcrumb\":{\"@id\":\"https:\/\/lab-ncs.com\/de\/kurs-ueber-die-wissenschaftliche-analyse-von-gesten-und-haltungen-2\/#breadcrumb\"},\"inLanguage\":\"de-DE\",\"potentialAction\":[{\"@type\":\"ReadAction\",\"target\":[\"https:\/\/lab-ncs.com\/de\/kurs-ueber-die-wissenschaftliche-analyse-von-gesten-und-haltungen-2\/\"]}]},{\"@type\":\"BreadcrumbList\",\"@id\":\"https:\/\/lab-ncs.com\/de\/kurs-ueber-die-wissenschaftliche-analyse-von-gesten-und-haltungen-2\/#breadcrumb\",\"itemListElement\":[{\"@type\":\"ListItem\",\"position\":1,\"name\":\"Home\",\"item\":\"https:\/\/lab-ncs.com\/de\/\"},{\"@type\":\"ListItem\",\"position\":2,\"name\":\"Kurs \u00fcber die wissenschaftliche Analyse von Gesten und Haltungen\"}]}]}<\/script>\n<!-- \/ Yoast SEO plugin. -->","yoast_head_json":{"title":"Kurs \u00fcber die wissenschaftliche Analyse von Gesten und Haltungen - NeuroComScience, Laboratorio di analisi comportamentale - Comunicazione non verbale.","robots":{"index":"index","follow":"follow","max-snippet":"max-snippet:-1","max-image-preview":"max-image-preview:large","max-video-preview":"max-video-preview:-1"},"canonical":"https:\/\/lab-ncs.com\/de\/kurs-ueber-die-wissenschaftliche-analyse-von-gesten-und-haltungen-2\/","og_locale":"de_DE","og_type":"article","og_title":"Kurs \u00fcber die wissenschaftliche Analyse von Gesten und Haltungen - NeuroComScience, Laboratorio di analisi comportamentale - Comunicazione non verbale.","og_description":"In diesem Kurs f\u00fcr Fortgeschrittene lernen Sie: fortgeschrittene Gesichtsdekodierung und die Analyse des gestisch-motorischen Verhaltens sowie Videoanalyse und direkte Beobachtungsverfahren. Dies ist ein praktischer und intensiver Kurs, nach dem die Teilnehmer in der Lage sein werden: BENUTZEN die zuverl\u00e4ssigen Interpretationsschemata zum Lesen von Gesichts- und K\u00f6rpersprache zu benutzen, ANWENDEN das Body Coding System anzuwenden, eine &hellip; Continue reading \"Kurs \u00fcber die wissenschaftliche Analyse von Gesten und Haltungen\"","og_url":"https:\/\/lab-ncs.com\/de\/kurs-ueber-die-wissenschaftliche-analyse-von-gesten-und-haltungen-2\/","og_site_name":"NeuroComScience, Laboratorio di analisi comportamentale - Comunicazione non verbale.","article_modified_time":"2023-12-14T17:38:39+00:00","og_image":[{"url":"https:\/\/lab-ncs.com\/wp-content\/uploads\/2016\/10\/t2-01.png"}],"twitter_misc":{"Gesch\u00e4tzte Lesezeit":"3 Minuten"},"schema":{"@context":"https:\/\/schema.org","@graph":[{"@type":"WebSite","@id":"https:\/\/lab-ncs.com\/#website","url":"https:\/\/lab-ncs.com\/","name":"NeuroComScience, Laboratorio di analisi comportamentale - Comunicazione non verbale.","description":"Analisi delle espressioni facciali","potentialAction":[{"@type":"SearchAction","target":{"@type":"EntryPoint","urlTemplate":"https:\/\/lab-ncs.com\/?s={search_term_string}"},"query-input":"required name=search_term_string"}],"inLanguage":"de-DE"},{"@type":"ImageObject","@id":"https:\/\/lab-ncs.com\/de\/kurs-ueber-die-wissenschaftliche-analyse-von-gesten-und-haltungen-2\/#primaryimage","inLanguage":"de-DE","url":"https:\/\/lab-ncs.com\/wp-content\/uploads\/2016\/10\/t2-01.png","contentUrl":"https:\/\/lab-ncs.com\/wp-content\/uploads\/2016\/10\/t2-01.png","width":188,"height":188},{"@type":"WebPage","@id":"https:\/\/lab-ncs.com\/de\/kurs-ueber-die-wissenschaftliche-analyse-von-gesten-und-haltungen-2\/#webpage","url":"https:\/\/lab-ncs.com\/de\/kurs-ueber-die-wissenschaftliche-analyse-von-gesten-und-haltungen-2\/","name":"Kurs \u00fcber die wissenschaftliche Analyse von Gesten und Haltungen - NeuroComScience, Laboratorio di analisi comportamentale - Comunicazione non verbale.","isPartOf":{"@id":"https:\/\/lab-ncs.com\/#website"},"primaryImageOfPage":{"@id":"https:\/\/lab-ncs.com\/de\/kurs-ueber-die-wissenschaftliche-analyse-von-gesten-und-haltungen-2\/#primaryimage"},"datePublished":"2020-05-15T01:46:50+00:00","dateModified":"2023-12-14T17:38:39+00:00","breadcrumb":{"@id":"https:\/\/lab-ncs.com\/de\/kurs-ueber-die-wissenschaftliche-analyse-von-gesten-und-haltungen-2\/#breadcrumb"},"inLanguage":"de-DE","potentialAction":[{"@type":"ReadAction","target":["https:\/\/lab-ncs.com\/de\/kurs-ueber-die-wissenschaftliche-analyse-von-gesten-und-haltungen-2\/"]}]},{"@type":"BreadcrumbList","@id":"https:\/\/lab-ncs.com\/de\/kurs-ueber-die-wissenschaftliche-analyse-von-gesten-und-haltungen-2\/#breadcrumb","itemListElement":[{"@type":"ListItem","position":1,"name":"Home","item":"https:\/\/lab-ncs.com\/de\/"},{"@type":"ListItem","position":2,"name":"Kurs \u00fcber die wissenschaftliche Analyse von Gesten und Haltungen"}]}]}},"_links":{"self":[{"href":"https:\/\/lab-ncs.com\/de\/wp-json\/wp\/v2\/pages\/24189"}],"collection":[{"href":"https:\/\/lab-ncs.com\/de\/wp-json\/wp\/v2\/pages"}],"about":[{"href":"https:\/\/lab-ncs.com\/de\/wp-json\/wp\/v2\/types\/page"}],"author":[{"embeddable":true,"href":"https:\/\/lab-ncs.com\/de\/wp-json\/wp\/v2\/users\/1"}],"replies":[{"embeddable":true,"href":"https:\/\/lab-ncs.com\/de\/wp-json\/wp\/v2\/comments?post=24189"}],"version-history":[{"count":3,"href":"https:\/\/lab-ncs.com\/de\/wp-json\/wp\/v2\/pages\/24189\/revisions"}],"predecessor-version":[{"id":34034,"href":"https:\/\/lab-ncs.com\/de\/wp-json\/wp\/v2\/pages\/24189\/revisions\/34034"}],"wp:attachment":[{"href":"https:\/\/lab-ncs.com\/de\/wp-json\/wp\/v2\/media?parent=24189"}],"curies":[{"name":"wp","href":"https:\/\/api.w.org\/{rel}","templated":true}]}}