{"id":24187,"date":"2023-12-12T16:15:47","date_gmt":"2023-12-12T15:15:47","guid":{"rendered":"https:\/\/lab-ncs.com\/?page_id=24187"},"modified":"2023-12-18T10:58:59","modified_gmt":"2023-12-18T09:58:59","slug":"buecher-und-artikel","status":"publish","type":"page","link":"https:\/\/lab-ncs.com\/de\/buecher-und-artikel\/","title":{"rendered":"B\u00fccher und Artikel"},"content":{"rendered":"<p>[vc_row][vc_column][vc_column_text]<header class=\"icon-heading\"><span class=\"section-header-icon icon icon-book\"><\/span><h2>B\u00fccher und Artikel<span><\/span><\/h2><\/header><\/p>\n<div class=\"col-to-row grid-1of4\" style=\"flex-wrap: nowrap;\">\n<div class=\"item item-gutter\">\n<p><img loading=\"lazy\" class=\"aligncenter wp-image-9570\" src=\"https:\/\/lab-ncs.com\/wp-content\/uploads\/2016\/10\/ncs-copertina-ti-leggo-in-volto.jpg\" alt=\"Copertina del libro &quot;Ti leggo in volto&quot;.\" width=\"300\" height=\"429\" srcset=\"https:\/\/lab-ncs.com\/wp-content\/uploads\/2016\/10\/ncs-copertina-ti-leggo-in-volto.jpg 403w, https:\/\/lab-ncs.com\/wp-content\/uploads\/2016\/10\/ncs-copertina-ti-leggo-in-volto-210x300.jpg 210w, https:\/\/lab-ncs.com\/wp-content\/uploads\/2016\/10\/ncs-copertina-ti-leggo-in-volto-768x1099.jpg 768w, https:\/\/lab-ncs.com\/wp-content\/uploads\/2016\/10\/ncs-copertina-ti-leggo-in-volto-716x1024.jpg 716w, https:\/\/lab-ncs.com\/wp-content\/uploads\/2016\/10\/ncs-copertina-ti-leggo-in-volto-1200x1717.jpg 1200w\" sizes=\"(max-width: 300px) 85vw, 300px\" \/><\/p>\n<\/div>\n<div>\n<h3 class=\"western\" align=\"JUSTIFY\"><span>Ich lese dir ins Gesicht<\/span><\/h3>\n<p align=\"JUSTIFY\"><span>Jasna Legi\u0161a (2015).<strong> Ich lese dir ins Gesicht<\/strong>, Armando Editore.<\/span><\/p>\n<p align=\"JUSTIFY\"><span>Dies ist das Handbuch, geschrieben in italienischer Sprache, das die Techniken der wissenschaftlichen Analyse beschreibt, die die Gesichtsausdr\u00fccke untersuchen.<\/span><\/p>\n<p align=\"JUSTIFY\"><span>Was kommunizieren wir, wenn wir die Nase r\u00fcmpfen? Warum runzeln wir die Stirn? Es ist ein sehr leicht zu lesendes Handbuch, sehr angenehm f\u00fcr diejenigen, die ihr wissenschaftliches Wissen \u00fcber mit Emotionen verbundene Gesichtsausdr\u00fccke, die allen Menschen gemeinsam sind, vertiefen m\u00f6chten. Die Praxis, die auf die zweite H\u00e4lfte des 19. Jahrhunderts zur\u00fcckgeht, ist voll von verschiedenen Theorien und Methoden, die im Laufe der Jahre von zahlreichen Gelehrten und Forschern entwickelt wurden. Das Buch wird von einer Reihe unterst\u00fctzender Fotografien begleitet, die uns helfen, den Gesichtsausdruck zu verstehen und wie sie von Zeit zu Zeit entschl\u00fcsselt werden k\u00f6nnen.<\/span><\/p>\n<p align=\"JUSTIFY\"><strong><span>Jasna Legi\u0161a<\/span><\/strong><span> \u2013 die Direktorin des NeuroComScience-Labors f\u00fcr Verhaltensanalyse \u2013 f\u00fchrt in Italien einige Anwendungen wissenschaftlicher Techniken der nonverbalen Analyse ein, einschlie\u00dflich ihrer Einbeziehung in den Ermittlungsbereich und in die Personalauswahl. Das Buch kann online, auf Amazon, in allen Bibliotheken, die Armando Editore f\u00fchren, oder in unserem Labor gekauft werden.\u00a0<\/span><\/p>\n<h3 class=\"western\" align=\"JUSTIFY\"><span>Analyse der emotionalen Gesichtsausdr\u00fccke<\/span><\/h3>\n<p align=\"JUSTIFY\"><span>Jasna Legi\u0161a &amp; Jessica Vascotto (2015). Der Text \u00fcber das Lesen von Gesichtsausdr\u00fccken prim\u00e4rer Emotionen, enthalten im Handbuch der vergleichenden medizinischen Semiotik, um die nonverbale Erkennung von Angst, Freude, Wut, Ekel, \u00dcberraschung, Traurigkeit zu illustrieren.<\/span><\/p>\n<h3 class=\"western\" align=\"JUSTIFY\"><span>Emotionale Reaktionen auf Ger\u00fcche bei Kindern mit hochfunktionalem Autismus: autonomische Erregung, Gesichtsverhalten und Selbstberichtma\u00dfnahmen<\/span><\/h3>\n<p align=\"JUSTIFY\"><span>Jasna Legi\u0161a, Luc Marlier, Enzo Kermol &amp; Daniel Messinger (2012). Emotionale Reaktionen auf Ger\u00fcche bei Kindern mit hochfunktionalem Autismus: autonomische Erregung, Gesichtsverhalten und Selbstberichtma\u00dfnahmen, Journal of Autism and Developmental Disorders.<\/span><\/p>\n<p align=\"JUSTIFY\"><span>Es ist die \u00f6ffentliche Forschung, die die internationale wissenschaftliche Zeitschrift f\u00fcr Autismus anf\u00fchrt. Das Ziel dieser Studie ist es, ein besseres Verst\u00e4ndnis der nonverbalen Kommunikation bei Autismus zu bieten. Verglichen wurden die physiologischen und verhaltensbezogenen Reaktionen bei Kindern mit hochfunktionalem Autismus und bei Kindern ohne Entwicklungsst\u00f6rungen auf verschiedene Arten von Ger\u00fcchen. Die Ergebnisse zeigen, dass die physiologischen Reaktionen (Ver\u00e4nderungen in Herzfrequenz, Atmung, Handfl\u00e4chenleitf\u00e4higkeit) und die Gesichtsverhaltensreaktionen zwischen den beiden Gruppen \u00fcbereinstimmen, w\u00e4hrend die explizite subjektive Wahrnehmung in verbalen Antworten unterschiedlich ist.<\/span><\/p>\n<h3 class=\"western\" align=\"JUSTIFY\"><span>Differenzielle Gesichtsausdr\u00fccke auf hedonisch kontrastierende Ger\u00fcche bei fr\u00fchgeborenen Neugeborenen<\/span><\/h3>\n<p align=\"JUSTIFY\"><span>Luc Marlier, Christophe Gaugler, Jasna Leghissa, Thierry Pebayle, Nationales Zentrum f\u00fcr wissenschaftliche Forschung und Universit\u00e4t Stra\u00dfburg, Frankreich.<\/span><\/p>\n<p align=\"JUSTIFY\"><span>Die nonverbale Kommunikation bei <strong>Fr\u00fchgeborenen<\/strong> zwischen 22 und 26 Schwangerschaftswochen wurde wenig erforscht. Zusammen mit dem Nationalen Forschungszentrum Stra\u00dfburg wurden Experimente untersucht, die die Gesichtsausdr\u00fccke w\u00e4hrend verschiedener Arten von Geruchsreizen analysierten. Die gleichen Gesichtskontraktionen von Ekel und Schmerz wurden bei Kindern und Erwachsenen festgestellt. L\u00e4cheln kann auch beobachtet werden, aber sie erscheinen weniger systematisch als Reaktion auf die Reize.<\/span><\/p>\n<h3 class=\"western\" align=\"JUSTIFY\"><span>Variation, was darauf hindeutet, dass die Muster der Gesichtsreaktionen in diesem fr\u00fchen Alter nicht stereotyp sind<\/span><\/h3>\n<p lang=\"en-US\" align=\"JUSTIFY\"><span>Luc Marlier, Christophe Gaugler, Jasna Leghissa, Thierry Pebayle Nationales Zentrum f\u00fcr wissenschaftliche Forschung und Universit\u00e4t Stra\u00dfburg, Frankreich.<\/span><\/p>\n<p align=\"JUSTIFY\"><span>Eine weitere Forschung \u00fcber nonverbale Kommunikation bei Fr\u00fchgeborenen. <\/span><\/p>\n<p align=\"JUSTIFY\"><span>Mit der Beurteilungsmethode wurden erwachsenen Beobachtern Videob\u00e4nder der geruchsausgel\u00f6sten Gesichtsreaktionen der Neugeborenen gezeigt und sie wurden gebeten, die Valenz der ausl\u00f6senden Reize zu identifizieren. Die Ergebnisse zeigten, dass die Erwachsenen in der Lage waren, die Unterschiede im hedonischen Ton der Gesichtsreaktionen der fr\u00fchgeborenen Neugeborenen als Funktion der Reizvalenz zu erkennen. Insgesamt zeigen diese Ergebnisse, dass die Gesichtsreaktivit\u00e4t des Neugeborenen soziale Signale tr\u00e4gt, die deutlich genug sind, um die Erwachsenen \u00fcber den hedonischen Ton der eingeatmeten Ger\u00fcche zu informieren und somit die emotionale und kommunikative Funktion des menschlichen Gesichtsverhaltens von den ersten Entwicklungsstadien an zu demonstrieren.<\/span><\/p>\n<h3 class=\"western\" align=\"JUSTIFY\"><span>\u00dcberpr\u00fcfung der emotionalen Wahrnehmung von audiovisuellen Reizen durch das Facial Action Coding System und physiologische Messungen<\/span><\/h3>\n<p align=\"JUSTIFY\"><span>Jasna Legi\u0161a &amp; Enzo Kermol (2009). \u00dcberpr\u00fcfung der emotionalen Wahrnehmung durch Anwendung des Facial Action Coding Systems und physiologischer Messungen als Reaktion auf audiovisuelle Reize. Metis, 16, 1, 135 \u2013 151.<\/span><\/p>\n<p align=\"JUSTIFY\"><span>Das Hauptziel dieser Forschung ist die Analyse von Gesichtsausdr\u00fccken, physiologischen Reaktionen und subjektiver Bewertung der Emotion als Reaktion auf stark emotionale audiovisuelle Reize. 11 M\u00e4nner und 10 Frauen im Alter von 22 bis 32 Jahren sahen sich individuell drei Filmszenen an, bequem in St\u00fchlen sitzend, etwa anderthalb Meter vom Bildschirm entfernt.<\/span><\/p>\n<p align=\"JUSTIFY\"><span>Im schalldichten Raum, der durch ein Separ\u00e9 halbiert war, befand sich neben dem Bildschirm eine Videokamera, die das Gesicht des Probanden frontal aufnahm, w\u00e4hrend Herzschlag und elektrischer Widerstand \u00fcber Elektroden \u00fcberwacht wurden, die mit dem hinter dem Separ\u00e9 platzierten Ger\u00e4t verbunden waren. Die Analyse der Gesichtsausdr\u00fccke wurde durch Anwendung der <strong>Facial Action Coding System<\/strong>-Methode durchgef\u00fchrt, wobei alle Action Units (AU), ihre Dauer und Intensit\u00e4t ber\u00fccksichtigt wurden.<\/span><\/p>\n<p align=\"JUSTIFY\"><span>Die Ergebnisse des Experiments zeigten, dass bestimmte Action Units auf den Gesichtern der Probanden erschienen, der Verlauf der physiologischen Reaktionen und die Antworten der subjektiven Bewertung charakterisieren jede der drei Szenen, was auf die Existenz gemeinsamer Emotionen w\u00e4hrend der Filmvision schlie\u00dfen l\u00e4sst. Es gab signifikante Unterschiede zwischen M\u00e4nnern und Frauen in Bezug auf Gesichtsbewegungen und physiologische Reaktionen.<\/span><\/p>\n<h3 class=\"western\" lang=\"en-US\" align=\"JUSTIFY\"><span>Emotionale Wahrnehmung und Ausdruck bei Autismus-Spektrum-St\u00f6rungen<\/span><\/h3>\n<p align=\"JUSTIFY\"><span>Thema: <strong>nonverbale Kommunikation bei Autismus<\/strong><\/span><\/p>\n<p align=\"JUSTIFY\">\n<p lang=\"en-US\" align=\"JUSTIFY\"><span>Jasna Legi\u0161a<\/span><\/p>\n<p lang=\"en-US\" align=\"JUSTIFY\">\n<p align=\"JUSTIFY\"><span>Ziel der Studie war es, die Art der Wahrnehmung und des emotionalen Ausdrucks zu definieren. Sie wurden in zwei Studien analysiert. Die physiologischen, verhaltensbezogenen und verbalen Reaktionen werden bei verschiedenen Arten von sensorischen Reizen analysiert. Zwei Studien wurden durchgef\u00fchrt, in denen visuelle Reize verwendet wurden.<\/span><\/p>\n<p align=\"JUSTIFY\"><span>Die Analyse zeigt, dass autistische Kinder Bildern, die mit Ton begleitet werden, <strong>mehr Aufmerksamkeit schenken<\/strong> als der Kontrolle. Daher wird darauf hingewiesen, dass diese Unterschiede die Folge von Schwierigkeiten bei Personen mit Autismus-St\u00f6rungen sein k\u00f6nnten, auditive und visuelle Informationen zu integrieren und zu verarbeiten. Es wird auch festgestellt, dass <strong>die emotionalen Gesichtsausdr\u00fccke von Kindern mit Autismus<\/strong> weniger deutlich sein k\u00f6nnen aufgrund der niedrigeren Frequenz von Muskelbewegungen, geringerer Intensit\u00e4t und Dauer dieser in bestimmten Gesichtsbereichen. Dar\u00fcber hinaus gibt es eine h\u00f6here Frequenz individueller Unterschiede im Gesichtsverhalten, wie beispielsweise halbseitige Gesichtskr\u00e4mpfe, die Asymmetrie des Gesichtsverhaltens.<\/span><\/p>\n<\/div>\n<\/div>\n<p>[\/vc_column_text][\/vc_column][\/vc_row]<\/p>\n","protected":false},"excerpt":{"rendered":"<p>[vc_row][vc_column][vc_column_text] Ich lese dir ins Gesicht Jasna Legi\u0161a (2015). Ich lese dir ins Gesicht, Armando Editore. Dies ist das Handbuch, geschrieben in italienischer Sprache, das die Techniken der wissenschaftlichen Analyse beschreibt, die die Gesichtsausdr\u00fccke untersuchen. Was kommunizieren wir, wenn wir die Nase r\u00fcmpfen? Warum runzeln wir die Stirn? Es ist ein sehr leicht zu lesendes &hellip; <a href=\"https:\/\/lab-ncs.com\/de\/buecher-und-artikel\/\" class=\"more-link\">Continue reading<span class=\"screen-reader-text\"> &#8220;B\u00fccher und Artikel&#8221;<\/span><\/a><\/p>\n","protected":false},"author":1,"featured_media":0,"parent":0,"menu_order":0,"comment_status":"closed","ping_status":"closed","template":"page-templates\/page-right-sidebar.php","meta":{"om_disable_all_campaigns":false,"_mi_skip_tracking":false},"aioseo_notices":[],"yoast_head":"<!-- This site is optimized with the Yoast SEO plugin v18.6 - https:\/\/yoast.com\/wordpress\/plugins\/seo\/ -->\n<title>B\u00fccher und Artikel - NeuroComScience, Laboratorio di analisi comportamentale - Comunicazione non verbale.<\/title>\n<meta name=\"robots\" content=\"index, follow, max-snippet:-1, max-image-preview:large, max-video-preview:-1\" \/>\n<link rel=\"canonical\" href=\"https:\/\/lab-ncs.com\/de\/buecher-und-artikel\/\" \/>\n<meta property=\"og:locale\" content=\"de_DE\" \/>\n<meta property=\"og:type\" content=\"article\" \/>\n<meta property=\"og:title\" content=\"B\u00fccher und Artikel - NeuroComScience, Laboratorio di analisi comportamentale - Comunicazione non verbale.\" \/>\n<meta property=\"og:description\" content=\"[vc_row][vc_column][vc_column_text] Ich lese dir ins Gesicht Jasna Legi\u0161a (2015). Ich lese dir ins Gesicht, Armando Editore. Dies ist das Handbuch, geschrieben in italienischer Sprache, das die Techniken der wissenschaftlichen Analyse beschreibt, die die Gesichtsausdr\u00fccke untersuchen. Was kommunizieren wir, wenn wir die Nase r\u00fcmpfen? Warum runzeln wir die Stirn? Es ist ein sehr leicht zu lesendes &hellip; Continue reading &quot;B\u00fccher und Artikel&quot;\" \/>\n<meta property=\"og:url\" content=\"https:\/\/lab-ncs.com\/de\/buecher-und-artikel\/\" \/>\n<meta property=\"og:site_name\" content=\"NeuroComScience, Laboratorio di analisi comportamentale - Comunicazione non verbale.\" \/>\n<meta property=\"article:modified_time\" content=\"2023-12-18T09:58:59+00:00\" \/>\n<meta property=\"og:image\" content=\"https:\/\/lab-ncs.com\/wp-content\/uploads\/2016\/10\/ncs-copertina-ti-leggo-in-volto.jpg\" \/>\n<meta name=\"twitter:label1\" content=\"Gesch\u00e4tzte Lesezeit\" \/>\n\t<meta name=\"twitter:data1\" content=\"6 Minuten\" \/>\n<script type=\"application\/ld+json\" class=\"yoast-schema-graph\">{\"@context\":\"https:\/\/schema.org\",\"@graph\":[{\"@type\":\"WebSite\",\"@id\":\"https:\/\/lab-ncs.com\/#website\",\"url\":\"https:\/\/lab-ncs.com\/\",\"name\":\"NeuroComScience, Laboratorio di analisi comportamentale - Comunicazione non verbale.\",\"description\":\"Analisi delle espressioni facciali\",\"potentialAction\":[{\"@type\":\"SearchAction\",\"target\":{\"@type\":\"EntryPoint\",\"urlTemplate\":\"https:\/\/lab-ncs.com\/?s={search_term_string}\"},\"query-input\":\"required name=search_term_string\"}],\"inLanguage\":\"de-DE\"},{\"@type\":\"ImageObject\",\"@id\":\"https:\/\/lab-ncs.com\/de\/buecher-und-artikel\/#primaryimage\",\"inLanguage\":\"de-DE\",\"url\":\"https:\/\/lab-ncs.com\/wp-content\/uploads\/2016\/10\/ncs-copertina-ti-leggo-in-volto.jpg\",\"contentUrl\":\"https:\/\/lab-ncs.com\/wp-content\/uploads\/2016\/10\/ncs-copertina-ti-leggo-in-volto.jpg\",\"width\":403,\"height\":576,\"caption\":\"Tecniche e metodi di analisi scientifica delle espressioni facciali.\"},{\"@type\":\"WebPage\",\"@id\":\"https:\/\/lab-ncs.com\/de\/buecher-und-artikel\/#webpage\",\"url\":\"https:\/\/lab-ncs.com\/de\/buecher-und-artikel\/\",\"name\":\"B\u00fccher und Artikel - NeuroComScience, Laboratorio di analisi comportamentale - Comunicazione non verbale.\",\"isPartOf\":{\"@id\":\"https:\/\/lab-ncs.com\/#website\"},\"primaryImageOfPage\":{\"@id\":\"https:\/\/lab-ncs.com\/de\/buecher-und-artikel\/#primaryimage\"},\"datePublished\":\"2023-12-12T15:15:47+00:00\",\"dateModified\":\"2023-12-18T09:58:59+00:00\",\"breadcrumb\":{\"@id\":\"https:\/\/lab-ncs.com\/de\/buecher-und-artikel\/#breadcrumb\"},\"inLanguage\":\"de-DE\",\"potentialAction\":[{\"@type\":\"ReadAction\",\"target\":[\"https:\/\/lab-ncs.com\/de\/buecher-und-artikel\/\"]}]},{\"@type\":\"BreadcrumbList\",\"@id\":\"https:\/\/lab-ncs.com\/de\/buecher-und-artikel\/#breadcrumb\",\"itemListElement\":[{\"@type\":\"ListItem\",\"position\":1,\"name\":\"Home\",\"item\":\"https:\/\/lab-ncs.com\/de\/\"},{\"@type\":\"ListItem\",\"position\":2,\"name\":\"B\u00fccher und Artikel\"}]}]}<\/script>\n<!-- \/ Yoast SEO plugin. -->","yoast_head_json":{"title":"B\u00fccher und Artikel - NeuroComScience, Laboratorio di analisi comportamentale - Comunicazione non verbale.","robots":{"index":"index","follow":"follow","max-snippet":"max-snippet:-1","max-image-preview":"max-image-preview:large","max-video-preview":"max-video-preview:-1"},"canonical":"https:\/\/lab-ncs.com\/de\/buecher-und-artikel\/","og_locale":"de_DE","og_type":"article","og_title":"B\u00fccher und Artikel - NeuroComScience, Laboratorio di analisi comportamentale - Comunicazione non verbale.","og_description":"[vc_row][vc_column][vc_column_text] Ich lese dir ins Gesicht Jasna Legi\u0161a (2015). Ich lese dir ins Gesicht, Armando Editore. Dies ist das Handbuch, geschrieben in italienischer Sprache, das die Techniken der wissenschaftlichen Analyse beschreibt, die die Gesichtsausdr\u00fccke untersuchen. Was kommunizieren wir, wenn wir die Nase r\u00fcmpfen? Warum runzeln wir die Stirn? Es ist ein sehr leicht zu lesendes &hellip; Continue reading \"B\u00fccher und Artikel\"","og_url":"https:\/\/lab-ncs.com\/de\/buecher-und-artikel\/","og_site_name":"NeuroComScience, Laboratorio di analisi comportamentale - Comunicazione non verbale.","article_modified_time":"2023-12-18T09:58:59+00:00","og_image":[{"url":"https:\/\/lab-ncs.com\/wp-content\/uploads\/2016\/10\/ncs-copertina-ti-leggo-in-volto.jpg"}],"twitter_misc":{"Gesch\u00e4tzte Lesezeit":"6 Minuten"},"schema":{"@context":"https:\/\/schema.org","@graph":[{"@type":"WebSite","@id":"https:\/\/lab-ncs.com\/#website","url":"https:\/\/lab-ncs.com\/","name":"NeuroComScience, Laboratorio di analisi comportamentale - Comunicazione non verbale.","description":"Analisi delle espressioni facciali","potentialAction":[{"@type":"SearchAction","target":{"@type":"EntryPoint","urlTemplate":"https:\/\/lab-ncs.com\/?s={search_term_string}"},"query-input":"required name=search_term_string"}],"inLanguage":"de-DE"},{"@type":"ImageObject","@id":"https:\/\/lab-ncs.com\/de\/buecher-und-artikel\/#primaryimage","inLanguage":"de-DE","url":"https:\/\/lab-ncs.com\/wp-content\/uploads\/2016\/10\/ncs-copertina-ti-leggo-in-volto.jpg","contentUrl":"https:\/\/lab-ncs.com\/wp-content\/uploads\/2016\/10\/ncs-copertina-ti-leggo-in-volto.jpg","width":403,"height":576,"caption":"Tecniche e metodi di analisi scientifica delle espressioni facciali."},{"@type":"WebPage","@id":"https:\/\/lab-ncs.com\/de\/buecher-und-artikel\/#webpage","url":"https:\/\/lab-ncs.com\/de\/buecher-und-artikel\/","name":"B\u00fccher und Artikel - NeuroComScience, Laboratorio di analisi comportamentale - Comunicazione non verbale.","isPartOf":{"@id":"https:\/\/lab-ncs.com\/#website"},"primaryImageOfPage":{"@id":"https:\/\/lab-ncs.com\/de\/buecher-und-artikel\/#primaryimage"},"datePublished":"2023-12-12T15:15:47+00:00","dateModified":"2023-12-18T09:58:59+00:00","breadcrumb":{"@id":"https:\/\/lab-ncs.com\/de\/buecher-und-artikel\/#breadcrumb"},"inLanguage":"de-DE","potentialAction":[{"@type":"ReadAction","target":["https:\/\/lab-ncs.com\/de\/buecher-und-artikel\/"]}]},{"@type":"BreadcrumbList","@id":"https:\/\/lab-ncs.com\/de\/buecher-und-artikel\/#breadcrumb","itemListElement":[{"@type":"ListItem","position":1,"name":"Home","item":"https:\/\/lab-ncs.com\/de\/"},{"@type":"ListItem","position":2,"name":"B\u00fccher und Artikel"}]}]}},"_links":{"self":[{"href":"https:\/\/lab-ncs.com\/de\/wp-json\/wp\/v2\/pages\/24187"}],"collection":[{"href":"https:\/\/lab-ncs.com\/de\/wp-json\/wp\/v2\/pages"}],"about":[{"href":"https:\/\/lab-ncs.com\/de\/wp-json\/wp\/v2\/types\/page"}],"author":[{"embeddable":true,"href":"https:\/\/lab-ncs.com\/de\/wp-json\/wp\/v2\/users\/1"}],"replies":[{"embeddable":true,"href":"https:\/\/lab-ncs.com\/de\/wp-json\/wp\/v2\/comments?post=24187"}],"version-history":[{"count":3,"href":"https:\/\/lab-ncs.com\/de\/wp-json\/wp\/v2\/pages\/24187\/revisions"}],"predecessor-version":[{"id":34041,"href":"https:\/\/lab-ncs.com\/de\/wp-json\/wp\/v2\/pages\/24187\/revisions\/34041"}],"wp:attachment":[{"href":"https:\/\/lab-ncs.com\/de\/wp-json\/wp\/v2\/media?parent=24187"}],"curies":[{"name":"wp","href":"https:\/\/api.w.org\/{rel}","templated":true}]}}