{"id":24179,"date":"2020-05-15T01:04:57","date_gmt":"2020-05-15T01:04:57","guid":{"rendered":"https:\/\/lab-ncs.com\/?page_id=24179"},"modified":"2024-01-17T20:07:27","modified_gmt":"2024-01-17T19:07:27","slug":"anwendungsbereiche","status":"publish","type":"page","link":"https:\/\/lab-ncs.com\/de\/anwendungsbereiche\/","title":{"rendered":"Anwendungsbereiche"},"content":{"rendered":"<header class=\"icon-heading\"><span class=\"section-header-icon icon icon-eye\"><\/span><h2>Anwendungsbereiche<span><\/span><\/h2><\/header>\n<p>Die Analysetechniken und -methoden bringen Vorteile in verschiedenen Bereichen:<\/p>\n<div class=\"page-feature col-to-row cross-axis-centered nowrap grid-1of3\">\n<div class=\"item item-gutter\"><img loading=\"lazy\" class=\"aligncenter wp-image-24183 size-thumbnail\" src=\"https:\/\/lab-ncs.com\/wp-content\/uploads\/2016\/10\/ncs-criminologia-150x150.jpg\" alt=\"NCS Criminologia\" width=\"150\" height=\"150\" srcset=\"https:\/\/lab-ncs.com\/wp-content\/uploads\/2016\/10\/ncs-criminologia-150x150.jpg 150w, https:\/\/lab-ncs.com\/wp-content\/uploads\/2016\/10\/ncs-criminologia-100x100.jpg 100w, https:\/\/lab-ncs.com\/wp-content\/uploads\/2016\/10\/ncs-criminologia.jpg 244w\" sizes=\"(max-width: 150px) 85vw, 150px\" \/><\/div>\n<div>\n<h3>Personalbeschaffung<\/h3>\n<p>Die systematische Beobachtung des verbalen und nonverbalen Verhaltens eines Kandidaten w\u00e4hrend eines Vorstellungsgespr\u00e4chs erm\u00f6glicht es, das Profil des Kandidaten zu verstehen und sein Verhalten in seinem zuk\u00fcnftigen Arbeitsumfeld vorherzusagen. NeuroComScience ber\u00e4t wichtige italienische und ausl\u00e4ndische Unternehmen und Personalberatungsfirmen.<\/p>\n<\/div>\n<\/div>\n<div class=\"page-feature col-to-row cross-axis-centered nowrap grid-1of3\">\n<div class=\"item item-gutter\"><img loading=\"lazy\" class=\"aligncenter wp-image-24185 size-thumbnail\" src=\"https:\/\/lab-ncs.com\/wp-content\/uploads\/2016\/10\/ncs-selezione-personale-150x150.jpg\" alt=\"NCS Selezione del personale\" width=\"150\" height=\"150\" srcset=\"https:\/\/lab-ncs.com\/wp-content\/uploads\/2016\/10\/ncs-selezione-personale-150x150.jpg 150w, https:\/\/lab-ncs.com\/wp-content\/uploads\/2016\/10\/ncs-selezione-personale-100x100.jpg 100w, https:\/\/lab-ncs.com\/wp-content\/uploads\/2016\/10\/ncs-selezione-personale.jpg 244w\" sizes=\"(max-width: 150px) 85vw, 150px\" \/><\/div>\n<div>\n<h3>Motivation in der Arbeitsumgebung<\/h3>\n<p>Die NeuroComScience-Methode erm\u00f6glicht es Arbeitgebern, die mentale Einstellung ihrer Mitarbeiter zu beeinflussen, um ihr Wohlbefinden am Arbeitsplatz zu steigern und dadurch ihre Produktivit\u00e4t, Motivation und Zufriedenheit positiv zu \u00e4ndern.<\/p>\n<h3>Teambildung<\/h3>\n<p>Die NeuroComScience-Methode kann helfen, friedliche und kooperative Arbeitsgruppen zu strukturieren, in denen die Mitglieder f\u00fcr die gleichen Unternehmensziele k\u00e4mpfen.<\/p>\n<\/div>\n<\/div>\n<div class=\"page-feature col-to-row cross-axis-centered nowrap grid-1of3\">\n<div class=\"item item-gutter\"><img loading=\"lazy\" class=\"aligncenter wp-image-24184 size-thumbnail\" src=\"https:\/\/lab-ncs.com\/wp-content\/uploads\/2016\/10\/ncs-leadership-150x150.jpg\" width=\"150\" height=\"150\" srcset=\"https:\/\/lab-ncs.com\/wp-content\/uploads\/2016\/10\/ncs-leadership-150x150.jpg 150w, https:\/\/lab-ncs.com\/wp-content\/uploads\/2016\/10\/ncs-leadership-100x100.jpg 100w, https:\/\/lab-ncs.com\/wp-content\/uploads\/2016\/10\/ncs-leadership.jpg 244w\" sizes=\"(max-width: 150px) 85vw, 150px\" \/><\/div>\n<div>\n<h3>Kriminologie<\/h3>\n<p>Die Methode der systematischen Beobachtung von verbalem und nonverbalem Verhalten kann helfen, Aussageninkonsistenzen bei Verh\u00f6ren zu \u00fcberpr\u00fcfen.<\/p>\n<p>Diese Methoden sind besonders n\u00fctzlich f\u00fcr:<\/p>\n<p>Rechtsanw\u00e4lte;<\/p>\n<p>Strafverfolgungsbeh\u00f6rden;<\/p>\n<p>Kriminologen.<\/p>\n<\/div>\n<\/div>\n<h3>Aber auch&#8230;<\/h3>\n<ul>\n<li><strong>F\u00fchrung:&nbsp;<\/strong>Erlernen von Instrumenten, die helfen k\u00f6nnen, Meinungen zu beeinflussen oder zu \u00e4ndern. Manager und Politiker wenden sich an uns, um zu lernen, wie Kommunikation, Zustimmung und Verhandlung optimiert werden k\u00f6nnen.<\/li>\n<li><strong>Neuromarketing: <\/strong>Erlernen von Techniken zur Steigerung der emotionalen Wirkung von marktf\u00e4higen Produkten. Wir f\u00fchren Marktforschung f\u00fcr f\u00fchrende Unternehmen durch.<\/li>\n<li><strong>Verkauf und Verhandlungen: <\/strong>Lernen, wie man Beziehungsf\u00e4higkeiten entwickelt<\/li>\n<li><strong>Klinischer und p\u00e4dagogischer Bereich<\/strong>.<\/li>\n<li><strong>Sportbereich.<\/strong><\/li>\n<li><strong>Schule f\u00fcr emotionale St\u00e4rkung.<\/strong><\/li>\n<li><strong>Mentales Training.<\/strong><\/li>\n<\/ul>\n","protected":false},"excerpt":{"rendered":"<p>Die Analysetechniken und -methoden bringen Vorteile in verschiedenen Bereichen: Personalbeschaffung Die systematische Beobachtung des verbalen und nonverbalen Verhaltens eines Kandidaten w\u00e4hrend eines Vorstellungsgespr\u00e4chs erm\u00f6glicht es, das Profil des Kandidaten zu verstehen und sein Verhalten in seinem zuk\u00fcnftigen Arbeitsumfeld vorherzusagen. NeuroComScience ber\u00e4t wichtige italienische und ausl\u00e4ndische Unternehmen und Personalberatungsfirmen. Motivation in der Arbeitsumgebung Die NeuroComScience-Methode erm\u00f6glicht &hellip; <a href=\"https:\/\/lab-ncs.com\/de\/anwendungsbereiche\/\" class=\"more-link\">Continue reading<span class=\"screen-reader-text\"> &#8220;Anwendungsbereiche&#8221;<\/span><\/a><\/p>\n","protected":false},"author":1,"featured_media":0,"parent":0,"menu_order":0,"comment_status":"closed","ping_status":"closed","template":"page-templates\/page-right-sidebar.php","meta":{"om_disable_all_campaigns":false},"aioseo_notices":[],"yoast_head":"<!-- This site is optimized with the Yoast SEO plugin v18.6 - https:\/\/yoast.com\/wordpress\/plugins\/seo\/ -->\n<title>Anwendungsbereiche - NeuroComScience, Laboratorio di analisi comportamentale - Comunicazione non verbale. kurs analyse nonverbale Kommunikation,<\/title>\n<meta name=\"robots\" content=\"index, follow, max-snippet:-1, max-image-preview:large, max-video-preview:-1\" \/>\n<link rel=\"canonical\" href=\"https:\/\/lab-ncs.com\/de\/anwendungsbereiche\/\" \/>\n<meta property=\"og:locale\" content=\"de_DE\" \/>\n<meta property=\"og:type\" content=\"article\" \/>\n<meta property=\"og:title\" content=\"Anwendungsbereiche - NeuroComScience, Laboratorio di analisi comportamentale - Comunicazione non verbale. kurs analyse nonverbale Kommunikation,\" \/>\n<meta property=\"og:description\" content=\"Die Analysetechniken und -methoden bringen Vorteile in verschiedenen Bereichen: Personalbeschaffung Die systematische Beobachtung des verbalen und nonverbalen Verhaltens eines Kandidaten w\u00e4hrend eines Vorstellungsgespr\u00e4chs erm\u00f6glicht es, das Profil des Kandidaten zu verstehen und sein Verhalten in seinem zuk\u00fcnftigen Arbeitsumfeld vorherzusagen. NeuroComScience ber\u00e4t wichtige italienische und ausl\u00e4ndische Unternehmen und Personalberatungsfirmen. Motivation in der Arbeitsumgebung Die NeuroComScience-Methode erm\u00f6glicht &hellip; Continue reading &quot;Anwendungsbereiche&quot;\" \/>\n<meta property=\"og:url\" content=\"https:\/\/lab-ncs.com\/de\/anwendungsbereiche\/\" \/>\n<meta property=\"og:site_name\" content=\"NeuroComScience, Laboratorio di analisi comportamentale - Comunicazione non verbale.\" \/>\n<meta property=\"article:modified_time\" content=\"2024-01-17T19:07:27+00:00\" \/>\n<meta property=\"og:image\" content=\"https:\/\/lab-ncs.com\/wp-content\/uploads\/2016\/10\/ncs-criminologia-150x150.jpg\" \/>\n<meta name=\"twitter:label1\" content=\"Gesch\u00e4tzte Lesezeit\" \/>\n\t<meta name=\"twitter:data1\" content=\"2 Minuten\" \/>\n<script type=\"application\/ld+json\" class=\"yoast-schema-graph\">{\"@context\":\"https:\/\/schema.org\",\"@graph\":[{\"@type\":\"WebSite\",\"@id\":\"https:\/\/lab-ncs.com\/#website\",\"url\":\"https:\/\/lab-ncs.com\/\",\"name\":\"NeuroComScience, Laboratorio di analisi comportamentale - Comunicazione non verbale.\",\"description\":\"Analisi delle espressioni facciali\",\"potentialAction\":[{\"@type\":\"SearchAction\",\"target\":{\"@type\":\"EntryPoint\",\"urlTemplate\":\"https:\/\/lab-ncs.com\/?s={search_term_string}\"},\"query-input\":\"required name=search_term_string\"}],\"inLanguage\":\"de-DE\"},{\"@type\":\"ImageObject\",\"@id\":\"https:\/\/lab-ncs.com\/de\/anwendungsbereiche\/#primaryimage\",\"inLanguage\":\"de-DE\",\"url\":\"https:\/\/lab-ncs.com\/wp-content\/uploads\/2016\/10\/ncs-criminologia.jpg\",\"contentUrl\":\"https:\/\/lab-ncs.com\/wp-content\/uploads\/2016\/10\/ncs-criminologia.jpg\",\"width\":244,\"height\":244,\"caption\":\"NCS Criminologia\"},{\"@type\":\"WebPage\",\"@id\":\"https:\/\/lab-ncs.com\/de\/anwendungsbereiche\/#webpage\",\"url\":\"https:\/\/lab-ncs.com\/de\/anwendungsbereiche\/\",\"name\":\"Anwendungsbereiche - NeuroComScience, Laboratorio di analisi comportamentale - Comunicazione non verbale. kurs analyse nonverbale Kommunikation,\",\"isPartOf\":{\"@id\":\"https:\/\/lab-ncs.com\/#website\"},\"primaryImageOfPage\":{\"@id\":\"https:\/\/lab-ncs.com\/de\/anwendungsbereiche\/#primaryimage\"},\"datePublished\":\"2020-05-15T01:04:57+00:00\",\"dateModified\":\"2024-01-17T19:07:27+00:00\",\"breadcrumb\":{\"@id\":\"https:\/\/lab-ncs.com\/de\/anwendungsbereiche\/#breadcrumb\"},\"inLanguage\":\"de-DE\",\"potentialAction\":[{\"@type\":\"ReadAction\",\"target\":[\"https:\/\/lab-ncs.com\/de\/anwendungsbereiche\/\"]}]},{\"@type\":\"BreadcrumbList\",\"@id\":\"https:\/\/lab-ncs.com\/de\/anwendungsbereiche\/#breadcrumb\",\"itemListElement\":[{\"@type\":\"ListItem\",\"position\":1,\"name\":\"Home\",\"item\":\"https:\/\/lab-ncs.com\/de\/\"},{\"@type\":\"ListItem\",\"position\":2,\"name\":\"Anwendungsbereiche\"}]}]}<\/script>\n<!-- \/ Yoast SEO plugin. -->","yoast_head_json":{"title":"Anwendungsbereiche - NeuroComScience, Laboratorio di analisi comportamentale - Comunicazione non verbale. kurs analyse nonverbale Kommunikation,","robots":{"index":"index","follow":"follow","max-snippet":"max-snippet:-1","max-image-preview":"max-image-preview:large","max-video-preview":"max-video-preview:-1"},"canonical":"https:\/\/lab-ncs.com\/de\/anwendungsbereiche\/","og_locale":"de_DE","og_type":"article","og_title":"Anwendungsbereiche - NeuroComScience, Laboratorio di analisi comportamentale - Comunicazione non verbale. kurs analyse nonverbale Kommunikation,","og_description":"Die Analysetechniken und -methoden bringen Vorteile in verschiedenen Bereichen: Personalbeschaffung Die systematische Beobachtung des verbalen und nonverbalen Verhaltens eines Kandidaten w\u00e4hrend eines Vorstellungsgespr\u00e4chs erm\u00f6glicht es, das Profil des Kandidaten zu verstehen und sein Verhalten in seinem zuk\u00fcnftigen Arbeitsumfeld vorherzusagen. NeuroComScience ber\u00e4t wichtige italienische und ausl\u00e4ndische Unternehmen und Personalberatungsfirmen. Motivation in der Arbeitsumgebung Die NeuroComScience-Methode erm\u00f6glicht &hellip; Continue reading \"Anwendungsbereiche\"","og_url":"https:\/\/lab-ncs.com\/de\/anwendungsbereiche\/","og_site_name":"NeuroComScience, Laboratorio di analisi comportamentale - Comunicazione non verbale.","article_modified_time":"2024-01-17T19:07:27+00:00","og_image":[{"url":"https:\/\/lab-ncs.com\/wp-content\/uploads\/2016\/10\/ncs-criminologia-150x150.jpg"}],"twitter_misc":{"Gesch\u00e4tzte Lesezeit":"2 Minuten"},"schema":{"@context":"https:\/\/schema.org","@graph":[{"@type":"WebSite","@id":"https:\/\/lab-ncs.com\/#website","url":"https:\/\/lab-ncs.com\/","name":"NeuroComScience, Laboratorio di analisi comportamentale - Comunicazione non verbale.","description":"Analisi delle espressioni facciali","potentialAction":[{"@type":"SearchAction","target":{"@type":"EntryPoint","urlTemplate":"https:\/\/lab-ncs.com\/?s={search_term_string}"},"query-input":"required name=search_term_string"}],"inLanguage":"de-DE"},{"@type":"ImageObject","@id":"https:\/\/lab-ncs.com\/de\/anwendungsbereiche\/#primaryimage","inLanguage":"de-DE","url":"https:\/\/lab-ncs.com\/wp-content\/uploads\/2016\/10\/ncs-criminologia.jpg","contentUrl":"https:\/\/lab-ncs.com\/wp-content\/uploads\/2016\/10\/ncs-criminologia.jpg","width":244,"height":244,"caption":"NCS Criminologia"},{"@type":"WebPage","@id":"https:\/\/lab-ncs.com\/de\/anwendungsbereiche\/#webpage","url":"https:\/\/lab-ncs.com\/de\/anwendungsbereiche\/","name":"Anwendungsbereiche - NeuroComScience, Laboratorio di analisi comportamentale - Comunicazione non verbale. kurs analyse nonverbale Kommunikation,","isPartOf":{"@id":"https:\/\/lab-ncs.com\/#website"},"primaryImageOfPage":{"@id":"https:\/\/lab-ncs.com\/de\/anwendungsbereiche\/#primaryimage"},"datePublished":"2020-05-15T01:04:57+00:00","dateModified":"2024-01-17T19:07:27+00:00","breadcrumb":{"@id":"https:\/\/lab-ncs.com\/de\/anwendungsbereiche\/#breadcrumb"},"inLanguage":"de-DE","potentialAction":[{"@type":"ReadAction","target":["https:\/\/lab-ncs.com\/de\/anwendungsbereiche\/"]}]},{"@type":"BreadcrumbList","@id":"https:\/\/lab-ncs.com\/de\/anwendungsbereiche\/#breadcrumb","itemListElement":[{"@type":"ListItem","position":1,"name":"Home","item":"https:\/\/lab-ncs.com\/de\/"},{"@type":"ListItem","position":2,"name":"Anwendungsbereiche"}]}]}},"_links":{"self":[{"href":"https:\/\/lab-ncs.com\/de\/wp-json\/wp\/v2\/pages\/24179"}],"collection":[{"href":"https:\/\/lab-ncs.com\/de\/wp-json\/wp\/v2\/pages"}],"about":[{"href":"https:\/\/lab-ncs.com\/de\/wp-json\/wp\/v2\/types\/page"}],"author":[{"embeddable":true,"href":"https:\/\/lab-ncs.com\/de\/wp-json\/wp\/v2\/users\/1"}],"replies":[{"embeddable":true,"href":"https:\/\/lab-ncs.com\/de\/wp-json\/wp\/v2\/comments?post=24179"}],"version-history":[{"count":3,"href":"https:\/\/lab-ncs.com\/de\/wp-json\/wp\/v2\/pages\/24179\/revisions"}],"predecessor-version":[{"id":34317,"href":"https:\/\/lab-ncs.com\/de\/wp-json\/wp\/v2\/pages\/24179\/revisions\/34317"}],"wp:attachment":[{"href":"https:\/\/lab-ncs.com\/de\/wp-json\/wp\/v2\/media?parent=24179"}],"curies":[{"name":"wp","href":"https:\/\/api.w.org\/{rel}","templated":true}]}}